{"id":1225,"date":"2025-08-06T03:58:38","date_gmt":"2025-08-06T03:58:38","guid":{"rendered":"https:\/\/24smartcharge.com\/?post_type=product&#038;p=1225"},"modified":"2025-08-06T09:20:22","modified_gmt":"2025-08-06T09:20:22","slug":"24-outlet-switched-high-power-power-distribution-unit","status":"publish","type":"product","link":"https:\/\/24smartcharge.com\/fr\/24-outlet-switched-high-power-power-distribution-unit\/","title":{"rendered":"Unit\u00e9 de distribution d'\u00e9nergie haute puissance commut\u00e9e \u00e0 24 prises"},"content":{"rendered":"<p>Changez le cadre de votre r\u00e9seau : The Supreme 24-Outlet Intelligent High-Capacity Power Circulation Remedy L'administration de l'alimentation est essentielle dans les centres de donn\u00e9es, les sites commerciaux et les installations informatiques \u00e0 haute performance d'aujourd'hui. Elle sert de base pour garantir l'int\u00e9grit\u00e9, l'efficacit\u00e9 et l'uniformit\u00e9 op\u00e9rationnelle. Satisfaire la pointe de la technologie\u00a0<strong>Syst\u00e8me de distribution d'\u00e9nergie de haute puissance \u00e0 24 prises, modifi\u00e9\u00a0<\/strong>un service innovant adapt\u00e9 aux environnements critiques. Contrairement \u00e0 une multiprise classique, cet outil est un syst\u00e8me intelligent, robuste et hautement adaptable qui permet un contr\u00f4le complet et une surveillance d\u00e9taill\u00e9e de votre configuration \u00e9lectrique. Con\u00e7u avec des produits de premi\u00e8re qualit\u00e9 et des fonctionnalit\u00e9s innovantes, ce dispositif assure une alimentation \u00e9lectrique constante et ininterrompue \u00e0 vos appareils importants.<\/p>\n<p>Une robustesse in\u00e9gal\u00e9e et une fiabilit\u00e9 in\u00e9branlable Ce dispositif de circulation d'\u00e9nergie avanc\u00e9 a \u00e9t\u00e9 d\u00e9velopp\u00e9 en mettant l'accent sur sa capacit\u00e9 \u00e0 g\u00e9rer et \u00e0 fournir des niveaux de puissance \u00e9lev\u00e9s. Sp\u00e9cialement con\u00e7ue pour les \u00e9tag\u00e8res \u00e0 forte densit\u00e9 et les outils gourmands en \u00e9nergie, cette unit\u00e9 PDU haute puissance est con\u00e7ue pour exceller m\u00eame lorsqu'elle est soumise \u00e0 des travaux lourds.<\/p>\n<ul>\n<li><strong>Grande capacit\u00e9 d'alimentation :\u00a0<\/strong>Avec un courant de r\u00e9sultat optimal de\u00a0<strong>125A\u00a0<\/strong>et la compatibilit\u00e9 avec les syst\u00e8mes \u00e9lectriques triphas\u00e9s (<strong>\u00a0220\/250V\/380\/ 433V\u00a0<\/strong>), cette PDU est capable d'alimenter des \u00e9tag\u00e8res charg\u00e9es de serveurs lames, de s\u00e9lections d'espace de stockage, de boutons de r\u00e9seau et d'autres mat\u00e9riels vitaux qui submergeraient certainement les solutions minimales. Cette conception \u00e0 haute capacit\u00e9 \u00e9limine la demande de nombreuses PDU \u00e0 faible amp\u00e9rage, rationalisant ainsi l'architecture du rack et minimisant les facteurs potentiels de d\u00e9faillance.<\/li>\n<li><strong>Protection durable contre les surintensit\u00e9s :\u00a0<\/strong>La s\u00e9curit\u00e9 et le temps de fonctionnement sont essentiels. L'unit\u00e9 comprend un syst\u00e8me d'alimentation en eau int\u00e9gr\u00e9 et de haute qualit\u00e9.\u00a0<strong>Disjoncteur hydraulique-magn\u00e9tique \u00e0 3 p\u00f4les\u00a0<\/strong>. Il offre une protection n\u00e9cessaire contre les surcharges et les courts-circuits pour chaque \u00e9tage de puissance (L1, L2, L3). Contrairement aux disjoncteurs thermiques classiques, ce dispositif de s\u00e9curit\u00e9 innovant assure un d\u00e9clenchement fiable en cas de besoin, sans \u00eatre sujet \u00e0 des d\u00e9clenchements intempestifs dus \u00e0 des ajustements de la temp\u00e9rature ambiante, garantissant ainsi la s\u00e9curit\u00e9 des outils et du personnel qui y sont reli\u00e9s.<\/li>\n<li><strong>Construction de qualit\u00e9 industrielle :\u00a0<\/strong>Log\u00e9 dans un bo\u00eetier de longue dur\u00e9e\u00a0<strong>ossature en t\u00f4le\u00a0<\/strong>Cette unit\u00e9 PDU est con\u00e7ue pour r\u00e9sister aux rigueurs d'un environnement industriel ou d'un centre de donn\u00e9es. Le bo\u00eetier noir robuste offre non seulement une s\u00e9curit\u00e9 sup\u00e9rieure pour les pi\u00e8ces int\u00e9rieures, mais facilite \u00e9galement une dissipation efficace de la chaleur, contribuant ainsi \u00e0 une dur\u00e9e de vie plus longue.<\/li>\n<\/ul>\n<p>Automatisation avanc\u00e9e et contr\u00f4le total du syst\u00e8me Ce syst\u00e8me de distribution d'\u00e9nergie avanc\u00e9 fait passer la gestion de l'\u00e9nergie au niveau sup\u00e9rieur en incorporant des fonctions intelligentes qui vous donnent un contr\u00f4le total sur votre infrastructure \u00e9lectrique.<\/p>\n<p><strong>Surveillance compl\u00e8te de la puissance :\u00a0<\/strong>L'\u00e9cran LCD int\u00e9gr\u00e9, appel\u00e9 \"Smart Meter\", offre une vue claire et instantan\u00e9e des informations cruciales sur l'alimentation directement au niveau du rack. L'\u00e9cran \u00e0 haute visibilit\u00e9 affiche :.<\/p>\n<ul>\n<li><strong>Courant en temps r\u00e9el :\u00a0<\/strong>Suivez la charge existante pour \u00e9viter les surcharges et optimiser la planification de la capacit\u00e9.<\/li>\n<li><strong>Tension S\u00e9curit\u00e9 :\u00a0<\/strong>V\u00e9rifier que l'alimentation \u00e9lectrique entrante est stable et conforme \u00e0 la vari\u00e9t\u00e9 recommand\u00e9e.<\/li>\n<li><strong>Consommation d'\u00e9nergie :\u00a0<\/strong>Surveillez la consommation totale d'\u00e9nergie de votre tablette en temps r\u00e9el.<\/li>\n<li><strong>Utilisation de la puissance accumul\u00e9e :\u00a0<\/strong>Documenter la consommation d'\u00e9nergie en fonction de l'heure pour une facturation pr\u00e9cise, une \u00e9valuation des performances et une r\u00e9partition des d\u00e9penses.<\/li>\n<li><strong>Affichage de l'adresse IP :\u00a0<\/strong>L'adresse IP du syst\u00e8me est facilement pr\u00e9sent\u00e9e, ce qui simplifie la premi\u00e8re mise en place et l'organisation du r\u00e9seau.<\/li>\n<\/ul>\n<p><strong>Contr\u00f4le avanc\u00e9 des sorties gr\u00e2ce \u00e0 la surveillance \u00e0 distance :\u00a0<\/strong>Cette PDU intelligente permet un contr\u00f4le sp\u00e9cifique de l'alimentation, permettant aux administrateurs de g\u00e9rer chacune des 24 prises de mani\u00e8re ind\u00e9pendante ou en groupe via une liaison r\u00e9seau. Les caract\u00e9ristiques astucieuses comprennent :.<\/p>\n<ul>\n<li><strong>Contr\u00f4le flexible de la puissance :\u00a0<\/strong>Donner ou refuser le pouvoir de d\u00e9tailler les outils \u00e0 distance, en se d\u00e9barrassant de la n\u00e9cessit\u00e9 d'un acc\u00e8s physique aux outils.<\/li>\n<li><strong>Red\u00e9marrage \u00e0 distance pratique :\u00a0<\/strong>Red\u00e9marrer facilement les gadgets moins comp\u00e9tents, tels que les serveurs web ou les commutateurs, \u00e0 l'aide d'une commande de base, ce qui r\u00e9duit consid\u00e9rablement les temps d'arr\u00eat et \u00e9limine la n\u00e9cessit\u00e9 d'une assistance technologique sur site.<\/li>\n<li><strong>S\u00e9quencement de puissance personnalisable :\u00a0<\/strong>Configurez les prises \u00e9lectriques pour qu'elles s'allument selon une s\u00e9quence d\u00e9taill\u00e9e avec des d\u00e9lais r\u00e9glables, afin de vous prot\u00e9ger contre les hausses de puissance inattendues qui peuvent activer le disjoncteur lorsque plusieurs appareils de grande puissance d\u00e9marrent en m\u00eame temps.<\/li>\n<li><strong>Effacer les indicateurs d'\u00e9tat visuels :\u00a0<\/strong>Chacune des 24 prises \u00e9lectriques est associ\u00e9e \u00e0 sa propre indication LED \u00e9cologique. Cela permet de v\u00e9rifier instantan\u00e9ment quelles prises sont actives, ce qui simplifie le d\u00e9pannage et les travaux d'entretien directement dans l'armoire. Les prises sont \u00e9galement clairement class\u00e9es par niveau et par num\u00e9ro (par exemple, L2-1, L2-2), ce qui permet de relier les appareils sans erreur.<\/li>\n<\/ul>\n<h2 id=\"groundbreaking-hot-swap-modularity\">Modularit\u00e9 \u00e0 chaud r\u00e9volutionnaire<\/h2>\n<p>L'une des principales caract\u00e9ristiques de ce syst\u00e8me de distribution d'\u00e9nergie avanc\u00e9 est sa conception modulaire, qui int\u00e8gre des pi\u00e8ces compatibles pouvant \u00eatre rapidement remplac\u00e9es sans interrompre le service. Cette m\u00e9thode r\u00e9volutionnaire modifie le mode d'entretien et de mise \u00e0 niveau, ce qui r\u00e9duit les temps d'arr\u00eat et prot\u00e8ge la valeur \u00e0 long terme de votre investissement.<\/p>\n<p>Un \u00e9l\u00e9ment de r\u00e9seau rempla\u00e7able \u00e0 chaud vous permet d'effectuer des op\u00e9rations de maintenance ou d'am\u00e9liorer les performances de l'unit\u00e9 PDU sans affecter l'\u00e9tat de l'alimentation des autres prises \u00e9lectriques. Si un relais ou un composant connect\u00e9 \u00e0 une certaine banque de prises \u00e9lectriques tombe en panne, il n'est plus n\u00e9cessaire d'organiser une fen\u00eatre d'entretien compl\u00e8te qui met hors tension toute une \u00e9tag\u00e8re d'\u00e9quipements essentiels. Au lieu de cela, un conducteur peut simplement et en toute s\u00e9curit\u00e9 se d\u00e9barrasser du module d\u00e9fectueux et le remplacer par un tout nouveau, tandis que le reste de l'unit\u00e9 PDU continue de fonctionner normalement. Cette fonction r\u00e9duit consid\u00e9rablement le temps moyen de r\u00e9paration (MTTR) et change la donne en mati\u00e8re de pr\u00e9servation des accords de niveau de service (SLA).<\/p>\n<p>En outre, cette modularit\u00e9 offre une voie de mise \u00e0 niveau in\u00e9gal\u00e9e. Vous pouvez initialement d\u00e9ployer l'appareil avec des modules \"mesur\u00e9s\" et passer ensuite \u00e0 des modules \"commut\u00e9s\" en fonction de votre budget et de vos besoins op\u00e9rationnels. Cette polyvalence garantit que l'unit\u00e9 PDU \u00e9volue avec votre organisation, offrant une plate-forme d'administration de l'\u00e9nergie durable et abordable.<\/p>\n<h2 id=\"licensed-high-quality-for-global-implementation\">Haute qualit\u00e9 sous licence pour une mise en \u0153uvre \u00e0 l'\u00e9chelle mondiale<\/h2>\n<p>Cette unit\u00e9 PDU est con\u00e7ue pour r\u00e9pondre aux crit\u00e8res mondiaux les plus stricts en mati\u00e8re de s\u00e9curit\u00e9, de qualit\u00e9 et de respect de l'environnement. Avec une collection d'accr\u00e9ditations comprenant\u00a0<strong>CE, RoHS, SAA et ETL\u00a0<\/strong>vous pouvez avoir confiance en ses performances et le d\u00e9ployer \u00e0 l'\u00e9chelle mondiale. Ces qualifications attestent que l'unit\u00e9 a fait l'objet d'une s\u00e9lection rigoureuse et qu'elle respecte des lois strictes en Europe, en Am\u00e9rique du Nord, en Australie et ailleurs. Soutenu par un\u00a0<strong>Garantie de service de 1 an\u00a0<\/strong>Il s'agit d'un article sur lequel vous pouvez compter pour s\u00e9curiser vos propri\u00e9t\u00e9s les plus utiles.<\/p>\n<p>En substance, le\u00a0<strong>Unit\u00e9 de distribution d'\u00e9nergie haute puissance \u00e0 commutation 24 prises\u00a0<\/strong>constitue une option d\u00e9taill\u00e9e pour les organisations qui souhaitent d\u00e9velopper un syst\u00e8me d'alimentation r\u00e9put\u00e9, intelligent et polyvalent. Avec sa distribution d'\u00e9nergie fiable, sa surveillance \u00e0 distance pr\u00e9cise, son contr\u00f4le complet et sa conception modulaire de pointe, il offre une efficacit\u00e9 et une flexibilit\u00e9 exceptionnelles, ce qui en fait le premier choix pour les installations op\u00e9rationnelles vitales d'aujourd'hui.<\/p>","protected":false},"excerpt":{"rendered":"<div class=\"model-prompt-container\" data-turn-role=\"Model\">\n<div class=\"turn-content\">\n<p class=\"ng-star-inserted\"><span class=\"ng-star-inserted\">Cette unit\u00e9 de distribution d'\u00e9nergie haute puissance commut\u00e9e \u00e0 24 prises offre des performances robustes pour les applications industrielles. Elle est \u00e9quip\u00e9e d'un compteur intelligent pour la surveillance en temps r\u00e9el du courant, de la tension et de la puissance. Les modules de prise innovants rempla\u00e7ables \u00e0 chaud facilitent la maintenance et les mises \u00e0 niveau.<\/span><\/p>\n<div class=\"turn-information ng-star-inserted\"><\/div>\n<\/div>\n<\/div>\n<div class=\"turn-footer ng-star-inserted\"><\/div>","protected":false},"featured_media":1227,"template":"","meta":{"_kad_post_transparent":"default","_kad_post_title":"","_kad_post_layout":"default","_kad_post_sidebar_id":"","_kad_post_content_style":"default","_kad_post_vertical_padding":"default","_kad_post_feature":"","_kad_post_feature_position":"","_kad_post_header":false,"_kad_post_footer":false},"product_brand":[],"product_cat":[80],"product_tag":[173,104,179],"class_list":{"0":"post-1225","1":"product","2":"type-product","3":"status-publish","4":"has-post-thumbnail","6":"product_cat-high-power-power-distribution-units","7":"product_tag-rackmount-pdu","8":"product_tag-smart-pdu","9":"product_tag-switched-pdu","11":"first","12":"instock","13":"shipping-taxable","14":"product-type-simple","15":"entry","16":"content-bg","17":"loop-entry"},"_links":{"self":[{"href":"https:\/\/24smartcharge.com\/fr\/wp-json\/wp\/v2\/product\/1225","targetHints":{"allow":["GET"]}}],"collection":[{"href":"https:\/\/24smartcharge.com\/fr\/wp-json\/wp\/v2\/product"}],"about":[{"href":"https:\/\/24smartcharge.com\/fr\/wp-json\/wp\/v2\/types\/product"}],"wp:featuredmedia":[{"embeddable":true,"href":"https:\/\/24smartcharge.com\/fr\/wp-json\/wp\/v2\/media\/1227"}],"wp:attachment":[{"href":"https:\/\/24smartcharge.com\/fr\/wp-json\/wp\/v2\/media?parent=1225"}],"wp:term":[{"taxonomy":"product_brand","embeddable":true,"href":"https:\/\/24smartcharge.com\/fr\/wp-json\/wp\/v2\/product_brand?post=1225"},{"taxonomy":"product_cat","embeddable":true,"href":"https:\/\/24smartcharge.com\/fr\/wp-json\/wp\/v2\/product_cat?post=1225"},{"taxonomy":"product_tag","embeddable":true,"href":"https:\/\/24smartcharge.com\/fr\/wp-json\/wp\/v2\/product_tag?post=1225"}],"curies":[{"name":"wp","href":"https:\/\/api.w.org\/{rel}","templated":true}]}}