{"id":1217,"date":"2025-08-06T03:30:26","date_gmt":"2025-08-06T03:30:26","guid":{"rendered":"https:\/\/24smartcharge.com\/?post_type=product&#038;p=1217"},"modified":"2025-08-07T07:26:48","modified_gmt":"2025-08-07T07:26:48","slug":"3-phase-160a-24-outlet-high-power-power-distribution-unit","status":"publish","type":"product","link":"https:\/\/24smartcharge.com\/fr\/3-phase-160a-24-outlet-high-power-power-distribution-unit\/","title":{"rendered":"Unit\u00e9 de distribution de puissance haute puissance triphas\u00e9e 160A 24 prises"},"content":{"rendered":"<h2 id=\"unleash-unprecedented-power-thickness-in-your-shelf\">Une \u00e9paisseur de puissance sans pr\u00e9c\u00e9dent dans votre \u00e9tag\u00e8re<\/h2>\n<p>Dans le paysage exigeant des centres d'information modernes, des grappes de calcul \u00e0 haute performance (HPC) et de l'automatisation commerciale, l'alimentation est la structure non n\u00e9gociable sur laquelle tout est construit. Avec l'augmentation de la densit\u00e9 des serveurs et des demandes de calcul, la n\u00e9cessit\u00e9 d'une base d'alimentation fiable, durable et intelligente n'a jamais \u00e9t\u00e9 aussi cruciale. Nous vous pr\u00e9sentons le service le plus performant pour les environnements \u00e0 haute densit\u00e9 : le\u00a0<strong>Syst\u00e8me de distribution d'\u00e9nergie haute puissance triphas\u00e9 160A 24 prises\u00a0<\/strong>. Con\u00e7ue pour des performances maximales et une int\u00e9grit\u00e9 in\u00e9branlable, cette unit\u00e9 PDU a \u00e9t\u00e9 d\u00e9velopp\u00e9e pour r\u00e9pondre et d\u00e9passer les exigences en mati\u00e8re d'alimentation de vos installations les plus essentielles.<\/p>\n<p>&nbsp;<\/p>\n<h3 id=\"massive-power-ability-for-elite-equipment\">Capacit\u00e9 de puissance massive pour l'\u00e9quipement d'\u00e9lite<\/h3>\n<p>Le c\u0153ur de cet appareil est son immense capacit\u00e9 \u00e0 g\u00e9rer la puissance. Avec une incroyable\u00a0<strong>160A courant class\u00e9\u00a0<\/strong>livr\u00e9s sur une base stable\u00a0<strong>3-Phase 380\/415V\u00a0<\/strong>Cette PDU est con\u00e7ue pour stimuler les \u00e9tag\u00e8res remplies d'appareils \u00e0 forte consommation. Elle supporte sans effort des charges de serveurs lames, des gammes de stockage, des boutons de r\u00e9seau et d'autres \u00e9quipements d'entreprise qui submergeraient des barrettes d'alimentation de moindre qualit\u00e9. Le syst\u00e8me comprend\u00a0<strong>24 prises IEC C19\u00a0<\/strong>Le syst\u00e8me d'alimentation \u00e9lectrique de l'entreprise permet de r\u00e9pondre aux besoins des serveurs et des \u00e9quipements de r\u00e9seau modernes et gourmands en \u00e9nergie, tout en garantissant une compatibilit\u00e9 directe avec vos actifs les plus importants. Il ne s'agit pas d'une simple multiprise, mais d'une alimentation centralis\u00e9e pour l'ensemble d'une communaut\u00e9 d'\u00e9tag\u00e8res.<\/p>\n<p>Une pr\u00e9paration intelligente pour une efficacit\u00e9 et une s\u00e9curit\u00e9 maximales La fiabilit\u00e9 authentique d\u00e9passe la force. Cette\u00a0<strong>Unit\u00e9 de distribution d'\u00e9nergie avanc\u00e9e\u00a0<\/strong>comprend une architecture avanc\u00e9e et modulaire qui donne la priorit\u00e9 \u00e0 la s\u00fbret\u00e9 et \u00e0 la s\u00e9curit\u00e9, ainsi qu'\u00e0 une proc\u00e9dure constante.<\/p>\n<ul>\n<li><strong>S\u00e9curit\u00e9 des circuits de d\u00e9rivation :\u00a0<\/strong>Les 24 prises sont judicieusement organis\u00e9es en circuits distincts, prot\u00e9g\u00e9s de mani\u00e8re ind\u00e9pendante. Comme le montre l'\u00e9tiquetage, les prises de courant sont pr\u00e9par\u00e9es en banques (par exemple, des banques de 4), chacune \u00e9tant prot\u00e9g\u00e9e par son propre disjoncteur de 20A. Ce compartimentage est essentiel. En cas de surcharge ou de court-circuit d'un seul appareil, seule sa banque de donn\u00e9es est affect\u00e9e. Les autres prises \u00e9lectriques de l'unit\u00e9 PDU continuent \u00e0 fournir une alimentation r\u00e9guli\u00e8re, \u00e9vitant ainsi qu'un seul appareil d\u00e9fectueux ne provoque une panne de courant d\u00e9sastreuse \u00e0 l'\u00e9chelle du rack.<\/li>\n<\/ul>\n<p><strong>Circulation optimis\u00e9e de l'\u00e9nergie :\u00a0<\/strong>Les prises \u00e9lectriques sont r\u00e9parties tactiquement sur les trois phases \u00e9lectriques (L1, L2, L3) afin d'obtenir une charge bien \u00e9quilibr\u00e9e. Cette conception r\u00e9fl\u00e9chie permet d'\u00e9viter la surcharge de phases sp\u00e9cifiques, ce qui se traduit par des performances \u00e9lectriques et thermiques accrues et un syst\u00e8me global plus fiable.<\/p>\n<p><strong>Syst\u00e8me de refroidissement int\u00e9gr\u00e9 :\u00a0<\/strong>Le syst\u00e8me est dot\u00e9 d'un syst\u00e8me de climatisation int\u00e9gr\u00e9 pour g\u00e9rer la chaleur g\u00e9n\u00e9r\u00e9e par le traitement de 160 A d'\u00e9lectricit\u00e9. Ces r\u00e9gulateurs permettent de contr\u00f4ler le niveau de temp\u00e9rature interne et de prot\u00e9ger les \u00e9l\u00e9ments de la prime contre les probl\u00e8mes li\u00e9s \u00e0 la chaleur, en particulier pendant le fonctionnement \u00e0 pleine capacit\u00e9, afin de maintenir des performances optimales et une longue dur\u00e9e de vie.<\/p>\n<h3 id=\"durable-building-and-construction-for-demanding-atmospheres\">B\u00e2timent et construction durables pour les atmosph\u00e8res exigeantes<\/h3>\n<p>Con\u00e7ue pour fonctionner 24 heures sur 24 et 7 jours sur 7 dans les centres critiques, cette unit\u00e9 PDU est con\u00e7ue pour durer.<\/p>\n<ul>\n<li><strong>Cadre de qualit\u00e9 industrielle :\u00a0<\/strong>L'immeuble est construit \u00e0 partir d'une structure robuste et inflexible.\u00a0<strong>t\u00f4le d'acier\u00a0<\/strong>Les pi\u00e8ces int\u00e9rieures sont ainsi mieux prot\u00e9g\u00e9es contre les chocs physiques et les asp\u00e9rit\u00e9s de l'atmosph\u00e8re du centre d'information.<\/li>\n<\/ul>\n<p><strong>L'installation verticale :\u00a0<\/strong>L'unit\u00e9 de circulation d'\u00e9nergie (PDU) est cr\u00e9\u00e9e de mani\u00e8re \u00e0 \u00e9conomiser de l'espace, avec un aspect de type qui n'occupe absolument aucun syst\u00e8me de rack (0U) vers le haut et vers le bas. Il mesure 1 800 mm de long et peut \u00eatre install\u00e9 sur le c\u00f4t\u00e9 ou \u00e0 l'arri\u00e8re d'une \u00e9tag\u00e8re de serveur web courante. Ce format innovant garantit qu'il n'occupe aucun type d'espace de rack droit crucial, ce qui permet d'utiliser pleinement le \"U\" disponible pour les serveurs web, les boutons et les p\u00e9riph\u00e9riques de stockage.<\/p>\n<h3 id=\"streamline-your-information-facility-procedures-with-visual-company\">Rationalisez vos proc\u00e9dures de facilit\u00e9 d'information avec Visual Company<\/h3>\n<p>Une facette remarquable de cette\u00a0<strong>Unit\u00e9 de distribution d'\u00e9nergie de haute puissance\u00a0<\/strong>est la possibilit\u00e9 de choisir parmi de nombreuses teintes de ch\u00e2ssis. \u00c9loignez-vous du noir conventionnel et am\u00e9liorez votre \u00e9tag\u00e8re avec des chemins d'alimentation brillants et coordonn\u00e9s en termes de couleurs.<\/p>\n<p>Pour r\u00e9duire le nombre d'erreurs et renforcer la s\u00e9curit\u00e9, attribuez des couleurs uniques (rouge, bleu, \u00e9cologique, jaune, orange et violet) aux diff\u00e9rentes alimentations (comme les alimentations A\/B pour les fonctions de secours). Ce syst\u00e8me simple de codage par couleur r\u00e9duit consid\u00e9rablement le risque d'erreur humaine lors de la configuration, des r\u00e9parations ou des situations d'urgence. En identifiant imm\u00e9diatement les sources d'alimentation principales et secondaires, les sp\u00e9cialistes peuvent \u00e9viter de d\u00e9connecter par inadvertance l'alimentation inexacte, ce qui am\u00e9liore l'efficacit\u00e9 du flux de travail, simplifie le diagnostic m\u00e9dical erron\u00e9 et introduit un degr\u00e9 essentiel de s\u00e9curit\u00e9 et d'organisation dans le centre d'information.<\/p>\n<h3 id=\"certified-for-global-deployment\">Certifi\u00e9 pour un d\u00e9ploiement mondial<\/h3>\n<p>Cette unit\u00e9 de circulation d'\u00e9nergie (PDU) est con\u00e7ue pour r\u00e9pondre aux crit\u00e8res de qualit\u00e9 les plus \u00e9lev\u00e9s dans le monde entier. Il a obtenu les certifications CE, RoHS, SAA, ETL et U&amp;L, ce qui lui permet de r\u00e9pondre aux exigences rigoureuses en mati\u00e8re de s\u00fbret\u00e9 et de s\u00e9curit\u00e9, d'environnement et de qualit\u00e9 aux \u00c9tats-Unis et au Canada, en Europe, en Australie et dans d'autres r\u00e9gions. Son adh\u00e9sion mondiale en fait l'option pr\u00e9f\u00e9r\u00e9e et fiable pour les entreprises et les installations multinationales \u00e0 la recherche d'\u00e9quipements certifi\u00e9s et de qualit\u00e9 sup\u00e9rieure.<\/p>\n<p>Les meilleures utilisations :<\/p>\n<ul>\n<li>Centres d'information \u00e0 haute densit\u00e9.<\/li>\n<li>Espaces de serveurs Web d'entreprise.<\/li>\n<li>Grappes de calcul \u00e0 haute performance (HPC).<\/li>\n<li>Op\u00e9rations d'extraction de crypto-monnaies.<\/li>\n<li>Installations de colocation \u00e0 grande \u00e9chelle.<\/li>\n<li>Automatisation industrielle et baies de contr\u00f4le<\/li>\n<\/ul>\n<p>Am\u00e9liorez l'efficacit\u00e9 de vos installations gr\u00e2ce \u00e0 une option d'alimentation durable qui excelle dans tous les domaines. Offrant une \u00e9volutivit\u00e9 exceptionnelle, une protection avanc\u00e9e et une administration rationalis\u00e9e, la solution\u00a0<strong>Syst\u00e8me de circulation d'\u00e9nergie haute puissance 3-Phase 160A 24-Outlet\u00a0<\/strong>attire l'attention en tant que premi\u00e8re alternative.<\/p>","protected":false},"excerpt":{"rendered":"<div class=\"chat-container\">\n<div class=\"chat-view-container ng-star-inserted\">\n<div>\n<div class=\"chat-turn-container model render cdk-focused cdk-mouse-focused\" tabindex=\"-1\">\n<div class=\"model-prompt-container\" data-turn-role=\"Model\">\n<div class=\"turn-content\">\n<p class=\"ng-star-inserted\"><span class=\"ng-star-inserted\">Cette unit\u00e9 de distribution d'alimentation industrielle triphas\u00e9e \u00e0 haute puissance d\u00e9livre un courant massif de 160 A \u00e0 24 prises C19. Log\u00e9 dans un ch\u00e2ssis m\u00e9tallique durable avec des couleurs personnalisables, il est id\u00e9al pour organiser l'alimentation dans les centres de donn\u00e9es. Il est dot\u00e9 d'une protection des circuits de d\u00e9rivation pour une s\u00e9curit\u00e9 et une disponibilit\u00e9 maximales.<\/span><\/p>\n<div class=\"turn-information ng-star-inserted\"><\/div>\n<\/div>\n<\/div>\n<div class=\"turn-footer ng-star-inserted\"><\/div>\n<\/div>\n<\/div>\n<\/div>\n<\/div>\n<footer class=\"not-zero-state ng-star-inserted\">\n<div class=\"mat-mdc-tooltip-trigger prompt-input-wrapper\">\n<div>\n<div class=\"prompt-input-wrapper-container\">\n<div class=\"text-wrapper\">\n<section class=\"text-and-attachments-wrapper\">\n<div class=\"text-input-wrapper\"><\/div>\n<\/section>\n<\/div>\n<\/div>\n<\/div>\n<\/div>\n<\/footer>","protected":false},"featured_media":1218,"template":"","meta":{"_kad_post_transparent":"default","_kad_post_title":"","_kad_post_layout":"default","_kad_post_sidebar_id":"","_kad_post_content_style":"default","_kad_post_vertical_padding":"default","_kad_post_feature":"","_kad_post_feature_position":"","_kad_post_header":false,"_kad_post_footer":false},"product_brand":[],"product_cat":[80,82],"product_tag":[171,176,175],"class_list":{"0":"post-1217","1":"product","2":"type-product","3":"status-publish","4":"has-post-thumbnail","6":"product_cat-high-power-power-distribution-units","7":"product_cat-basic-power-distribution-units","8":"product_tag-3-phase-pdu","9":"product_tag-data-center","10":"product_tag-pdu","12":"first","13":"instock","14":"shipping-taxable","15":"product-type-simple","16":"entry","17":"content-bg","18":"loop-entry"},"_links":{"self":[{"href":"https:\/\/24smartcharge.com\/fr\/wp-json\/wp\/v2\/product\/1217","targetHints":{"allow":["GET"]}}],"collection":[{"href":"https:\/\/24smartcharge.com\/fr\/wp-json\/wp\/v2\/product"}],"about":[{"href":"https:\/\/24smartcharge.com\/fr\/wp-json\/wp\/v2\/types\/product"}],"wp:featuredmedia":[{"embeddable":true,"href":"https:\/\/24smartcharge.com\/fr\/wp-json\/wp\/v2\/media\/1218"}],"wp:attachment":[{"href":"https:\/\/24smartcharge.com\/fr\/wp-json\/wp\/v2\/media?parent=1217"}],"wp:term":[{"taxonomy":"product_brand","embeddable":true,"href":"https:\/\/24smartcharge.com\/fr\/wp-json\/wp\/v2\/product_brand?post=1217"},{"taxonomy":"product_cat","embeddable":true,"href":"https:\/\/24smartcharge.com\/fr\/wp-json\/wp\/v2\/product_cat?post=1217"},{"taxonomy":"product_tag","embeddable":true,"href":"https:\/\/24smartcharge.com\/fr\/wp-json\/wp\/v2\/product_tag?post=1217"}],"curies":[{"name":"wp","href":"https:\/\/api.w.org\/{rel}","templated":true}]}}