{"id":1170,"date":"2025-08-06T02:05:58","date_gmt":"2025-08-06T02:05:58","guid":{"rendered":"https:\/\/24smartcharge.com\/?post_type=product&#038;p=1170"},"modified":"2025-08-15T10:05:40","modified_gmt":"2025-08-15T10:05:40","slug":"secure-mobile-charging-cart-for-10-laptops-tablets-usb-c","status":"publish","type":"product","link":"https:\/\/24smartcharge.com\/fr\/secure-mobile-charging-cart-for-10-laptops-tablets-usb-c\/","title":{"rendered":"Armoire de recharge mobile s\u00e9curis\u00e9e pour 10 ordinateurs portables et tablettes USB-C"},"content":{"rendered":"<h1 id=\"secure-mobile-charging-cabinet-for-10-laptops-tablets-with-usb-c\">Armoire de recharge mobile s\u00e9curis\u00e9e pour 10 ordinateurs portables et tablettes avec USB-C<\/h1>\n<p>\u00c0 l'\u00e8re de la technologie, la gestion, l'organisation et l'alimentation d'une flotte d'appareils \u00e9lectroniques sont devenues des t\u00e2ches essentielles pour les \u00e9coles, les entreprises et d'autres organisations. S'assurer que plusieurs tablettes, ordinateurs portables et Chromebooks restent charg\u00e9s, s\u00e9curis\u00e9s et pr\u00eats \u00e0 l'emploi est un d\u00e9fi qui peut s'av\u00e9rer d\u00e9courageant. Cette armoire de chargement innovante offre une solution d\u00e9finitive, con\u00e7ue de mani\u00e8re experte pour rationaliser ce processus. Elle combine des mesures de s\u00e9curit\u00e9 robustes, des capacit\u00e9s de charge efficaces et une portabilit\u00e9 pratique en une seule unit\u00e9 essentielle, ce qui en fait une ressource id\u00e9ale pour tout environnement moderne.<\/p>\n<h2 id=\"centralized-power-and-superior-efficiency\">Puissance centralis\u00e9e et efficacit\u00e9 sup\u00e9rieure<\/h2>\n<p>Au c\u0153ur de la conception de cette armoire de chargement se trouve sa capacit\u00e9 de chargement puissante et efficace. Oubliez l'encombrement et les risques li\u00e9s aux multiples multiprises et adaptateurs individuels. Cette armoire constitue un centre propre et centralis\u00e9 pour recharger jusqu'\u00e0\u00a0<strong>10 appareils simultan\u00e9ment<\/strong>.<\/p>\n<p>Cet appareil comporte 10 fonctions avanc\u00e9es\u00a0<strong>Ports USB-C<\/strong>La prise USB-C est parfaitement adapt\u00e9e aux derniers ordinateurs portables, tablettes et appareils \u00e9lectroniques mobiles. La conception USB-C garantit une connectivit\u00e9 sans effort gr\u00e2ce \u00e0 sa prise r\u00e9versible, \u00e9liminant la frustration d'un alignement correct. Les 10 emplacements clairement \u00e9tiquet\u00e9s et les ports correspondants simplifient l'organisation et la gestion des appareils.<\/p>\n<ul>\n<li><strong>Une alimentation fiable :<\/strong>\u00a0Fournit un service coh\u00e9rent de\u00a0<strong>5V\/2.1A<\/strong>\u00a0par port pour une charge s\u00fbre et fiable.<\/li>\n<li><strong>Grande capacit\u00e9 :<\/strong>\u00a0G\u00e8re une charge compl\u00e8te de 10 appareils avec un maximum de\u00a0<strong>150W<\/strong>\u00a0de la production.<\/li>\n<li><strong>Compatibilit\u00e9 mondiale :<\/strong>\u00a0La plage de tension flexible de\u00a0<strong>100-250VAC<\/strong>\u00a0en fait un choix polyvalent pour un d\u00e9ploiement international.\n<p><figure id=\"attachment_2503\" aria-describedby=\"caption-attachment-2503\" style=\"width: 1000px\" class=\"wp-caption alignnone\"><img fetchpriority=\"high\" decoding=\"async\" class=\"size-full wp-image-2503\" src=\"https:\/\/24smartcharge.com\/wp-content\/uploads\/2025\/08\/Secure-Mobile-Charging-Cabinet-for-10-Laptops-Tablets-USB-C2.jpg\" alt=\"Armoire de recharge mobile s\u00e9curis\u00e9e pour 10 ordinateurs portables et tablettes USB-C\" width=\"1000\" height=\"1000\" srcset=\"https:\/\/24smartcharge.com\/wp-content\/uploads\/2025\/08\/Secure-Mobile-Charging-Cabinet-for-10-Laptops-Tablets-USB-C2.jpg 1000w, https:\/\/24smartcharge.com\/wp-content\/uploads\/2025\/08\/Secure-Mobile-Charging-Cabinet-for-10-Laptops-Tablets-USB-C2-300x300.jpg 300w, https:\/\/24smartcharge.com\/wp-content\/uploads\/2025\/08\/Secure-Mobile-Charging-Cabinet-for-10-Laptops-Tablets-USB-C2-150x150.jpg 150w, https:\/\/24smartcharge.com\/wp-content\/uploads\/2025\/08\/Secure-Mobile-Charging-Cabinet-for-10-Laptops-Tablets-USB-C2-768x768.jpg 768w, https:\/\/24smartcharge.com\/wp-content\/uploads\/2025\/08\/Secure-Mobile-Charging-Cabinet-for-10-Laptops-Tablets-USB-C2-12x12.jpg 12w, https:\/\/24smartcharge.com\/wp-content\/uploads\/2025\/08\/Secure-Mobile-Charging-Cabinet-for-10-Laptops-Tablets-USB-C2-600x600.jpg 600w, https:\/\/24smartcharge.com\/wp-content\/uploads\/2025\/08\/Secure-Mobile-Charging-Cabinet-for-10-Laptops-Tablets-USB-C2-100x100.jpg 100w\" sizes=\"(max-width: 1000px) 100vw, 1000px\" \/><figcaption id=\"caption-attachment-2503\" class=\"wp-caption-text\">Armoire de recharge mobile s\u00e9curis\u00e9e pour 10 ordinateurs portables et tablettes USB-C<\/figcaption><\/figure><\/li>\n<\/ul>\n<h2 id=\"comprehensive-protection-for-unwavering-confidence\">Une protection compl\u00e8te pour une confiance in\u00e9branlable<\/h2>\n<p>La protection de votre investissement est primordiale. Cette armoire de chargement est con\u00e7ue pour servir de coffre-fort \u00e0 vos ressources num\u00e9riques, les prot\u00e9geant contre le vol, les dommages et les acc\u00e8s non autoris\u00e9s.<\/p>\n<ul>\n<li><strong>Verrouillage par clavier num\u00e9rique :<\/strong>\u00a0Un dispositif de s\u00e9curit\u00e9 remarquable qui offre des avantages significatifs par rapport aux serrures traditionnelles \u00e0 cl\u00e9. Il vous permet de d\u00e9finir des codes d'acc\u00e8s uniques, minimisant ainsi le risque de perte ou de duplication des cl\u00e9s. Ce syst\u00e8me permet une autorisation facile et des changements d'acc\u00e8s rapides, offrant un contr\u00f4le sup\u00e9rieur dans des environnements tels que les \u00e9coles ou les bureaux tr\u00e8s fr\u00e9quent\u00e9s.<\/li>\n<li><strong>Construction en acier durable :<\/strong>\u00a0Le corps de l'armoire est fabriqu\u00e9 \u00e0 partir de plaques d'acier lamin\u00e9es \u00e0 froid (SPCC), ce qui garantit une r\u00e9silience et une r\u00e9sistance exceptionnelles \u00e0 l'effraction. Ce mat\u00e9riau robuste prot\u00e8ge les appareils stock\u00e9s \u00e0 l'int\u00e9rieur, en compl\u00e9ment de la s\u00e9curit\u00e9 offerte par la serrure.<\/li>\n<li><strong>Porte transparente verrouillable :<\/strong>\u00a0L'armoire est dot\u00e9e d'une porte solide et transparente qui permet un contr\u00f4le visuel rapide de l'inventaire. Les utilisateurs peuvent contr\u00f4ler la pr\u00e9sence des appareils et leur \u00e9tat de charge sans avoir \u00e0 d\u00e9verrouiller et ouvrir l'unit\u00e9, ce qui permet de gagner du temps tout en maintenant la s\u00e9curit\u00e9.<\/li>\n<\/ul>\n<h2 id=\"designed-for-mobility-and-convenient-arrangement\">Con\u00e7u pour la mobilit\u00e9 et la commodit\u00e9 d'agencement<\/h2>\n<p>Cette armoire de chargement n'est pas un simple bo\u00eetier fixe, c'est un chariot de chargement enti\u00e8rement mobile con\u00e7u pour apporter de l'\u00e9nergie l\u00e0 o\u00f9 vous en avez le plus besoin.<\/p>\n<ul>\n<li><strong>Roulettes \u00e0 roulement doux :<\/strong>\u00a0L'unit\u00e9 est \u00e9quip\u00e9e de quatre roues durables qui lui permettent d'\u00eatre d\u00e9plac\u00e9e sans effort sur diff\u00e9rentes surfaces. Il permet de transporter facilement l'ensemble des appareils d'une salle de stockage \u00e0 une salle de classe ou d'une salle de conf\u00e9rence \u00e0 une autre.<\/li>\n<li><strong>Poign\u00e9e sup\u00e9rieure ergonomique :<\/strong>\u00a0Une poign\u00e9e robuste et int\u00e9gr\u00e9e sur le dessus de l'armoire offre une prise confortable pour pousser, tirer et diriger le chariot avec pr\u00e9cision et facilit\u00e9.<\/li>\n<li><strong>Organisation interne intelligente :<\/strong>\u00a0\u00c0 l'int\u00e9rieur, l'armoire comporte 10 emplacements individuels dot\u00e9s de cloisons vertes protectrices. Ces s\u00e9parateurs maintiennent chaque appareil debout et s\u00e9par\u00e9, \u00e9vitant les collisions et r\u00e9duisant le risque de rayures et d'autres dommages physiques. Ce syst\u00e8me ordonn\u00e9 garantit \u00e9galement un flux d'air ad\u00e9quat pour le refroidissement.<\/li>\n<\/ul>\n<h2 id=\"intelligent-design-for-durability-and-safety\">Conception intelligente pour la durabilit\u00e9 et la s\u00e9curit\u00e9<\/h2>\n<p>Chaque d\u00e9tail de cette armoire de chargement a \u00e9t\u00e9 soigneusement \u00e9tudi\u00e9 pour assurer la protection de vos appareils et la long\u00e9vit\u00e9 de l'unit\u00e9 elle-m\u00eame.<\/p>\n<ul>\n<li><strong>Syst\u00e8me de refroidissement efficace :<\/strong>\u00a0Pour prot\u00e9ger les appareils \u00e9lectroniques des dommages caus\u00e9s par la chaleur, l'armoire comprend des trous de ventilation bien plac\u00e9s avec un design en nid d'abeille sur ses panneaux lat\u00e9raux et arri\u00e8re. Ce syst\u00e8me de refroidissement passif dissipe efficacement la chaleur g\u00e9n\u00e9r\u00e9e par les appareils en charge, \u00e9vitant ainsi la surchauffe et pr\u00e9servant les composants internes d\u00e9licats des ordinateurs portables et des tablettes.<\/li>\n<li><strong>Protection contre les surtensions :<\/strong>\u00a0Avec l'inclusion d'un fusible dans l'entr\u00e9e d'alimentation principale, le syst\u00e8me ajoute une protection cruciale contre les pics de puissance et les situations de surintensit\u00e9. Le panneau arri\u00e8re offre une exp\u00e9rience conviviale avec un simple interrupteur marche\/arr\u00eat et un voyant lumineux pour une surveillance et un contr\u00f4le ais\u00e9s.<\/li>\n<\/ul>\n<h2 id=\"ideal-applications\">Applications id\u00e9ales<\/h2>\n<p>Cette armoire de chargement multifonctionnelle est parfaite pour une vari\u00e9t\u00e9 d'utilisations :<\/p>\n<ul>\n<li><strong>\u00c9tablissements d'enseignement :<\/strong>\u00a0Id\u00e9al pour les classes de la maternelle \u00e0 la terminale, les universit\u00e9s et les biblioth\u00e8ques qui g\u00e8rent des ensembles de Chromebooks, d'iPads ou d'autres tablettes. Il prend en charge les programmes 1:1 et BYOD (Bring Your Own Device) en offrant aux \u00e9tudiants un endroit s\u00e9curis\u00e9 pour stocker et charger leurs appareils.<\/li>\n<li><strong>Param\u00e8tres de l'entreprise :<\/strong>\u00a0Excellent pour les bureaux, les centres de conf\u00e9rence et les salles de formation. Utilisez-le pour g\u00e9rer les ordinateurs portables appartenant \u00e0 l'entreprise ou comme station de charge de courtoisie pour les employ\u00e9s et les invit\u00e9s.<\/li>\n<li><strong>\u00c9tablissements de sant\u00e9 :<\/strong>\u00a0Chargez et g\u00e9rez en toute s\u00e9curit\u00e9 les tablettes utilis\u00e9es par les m\u00e9decins, les infirmi\u00e8res et le personnel pour les dossiers des patients et d'autres t\u00e2ches essentielles.<\/li>\n<li><strong>Commerce de d\u00e9tail et h\u00f4tellerie :<\/strong>\u00a0G\u00e9rer les tablettes utilis\u00e9es pour les syst\u00e8mes de point de vente (POS), la gestion des stocks ou par le personnel sur le terrain.<\/li>\n<\/ul>","protected":false},"excerpt":{"rendered":"<div class=\"chat-container\">\n<div class=\"chat-view-container ng-star-inserted\">\n<div>\n<div class=\"chat-turn-container model render cdk-focused cdk-mouse-focused\" tabindex=\"-1\">\n<div class=\"model-prompt-container\" data-turn-role=\"Model\">\n<div class=\"turn-content\">\n<p class=\"ng-star-inserted\"><span class=\"ng-star-inserted\">Cette armoire de recharge s\u00e9curis\u00e9e et mobile est parfaite pour les \u00e9coles et les bureaux. Elle charge simultan\u00e9ment jusqu'\u00e0 10 ordinateurs portables, tablettes ou autres appareils USB-C. Le verrouillage par clavier assure la s\u00e9curit\u00e9 des appareils, tandis que les roulettes offrent un transport facile. Sa baie organis\u00e9e permet de tout garder en ordre.<\/span><\/p>\n<div class=\"turn-information ng-star-inserted\"><\/div>\n<\/div>\n<\/div>\n<div class=\"turn-footer ng-star-inserted\"><\/div>\n<\/div>\n<\/div>\n<\/div>\n<\/div>\n<footer class=\"not-zero-state ng-star-inserted\">\n<div class=\"mat-mdc-tooltip-trigger prompt-input-wrapper\">\n<div>\n<div class=\"prompt-input-wrapper-container\">\n<div class=\"text-wrapper\">\n<section class=\"text-and-attachments-wrapper\">\n<div class=\"text-input-wrapper\"><\/div>\n<\/section>\n<\/div>\n<\/div>\n<\/div>\n<\/div>\n<\/footer>","protected":false},"featured_media":2502,"template":"","meta":{"_kad_post_transparent":"default","_kad_post_title":"","_kad_post_layout":"default","_kad_post_sidebar_id":"","_kad_post_content_style":"default","_kad_post_vertical_padding":"default","_kad_post_feature":"","_kad_post_feature_position":"","_kad_post_header":false,"_kad_post_footer":false},"product_brand":[],"product_cat":[91],"product_tag":[122,158,160],"class_list":{"0":"post-1170","1":"product","2":"type-product","3":"status-publish","4":"has-post-thumbnail","6":"product_cat-charging-cabinets","7":"product_tag-charging-cabinet","8":"product_tag-laptop-charging-station","9":"product_tag-mobile-charging-cart","11":"first","12":"instock","13":"shipping-taxable","14":"product-type-simple","15":"entry","16":"content-bg","17":"loop-entry"},"_links":{"self":[{"href":"https:\/\/24smartcharge.com\/fr\/wp-json\/wp\/v2\/product\/1170","targetHints":{"allow":["GET"]}}],"collection":[{"href":"https:\/\/24smartcharge.com\/fr\/wp-json\/wp\/v2\/product"}],"about":[{"href":"https:\/\/24smartcharge.com\/fr\/wp-json\/wp\/v2\/types\/product"}],"wp:featuredmedia":[{"embeddable":true,"href":"https:\/\/24smartcharge.com\/fr\/wp-json\/wp\/v2\/media\/2502"}],"wp:attachment":[{"href":"https:\/\/24smartcharge.com\/fr\/wp-json\/wp\/v2\/media?parent=1170"}],"wp:term":[{"taxonomy":"product_brand","embeddable":true,"href":"https:\/\/24smartcharge.com\/fr\/wp-json\/wp\/v2\/product_brand?post=1170"},{"taxonomy":"product_cat","embeddable":true,"href":"https:\/\/24smartcharge.com\/fr\/wp-json\/wp\/v2\/product_cat?post=1170"},{"taxonomy":"product_tag","embeddable":true,"href":"https:\/\/24smartcharge.com\/fr\/wp-json\/wp\/v2\/product_tag?post=1170"}],"curies":[{"name":"wp","href":"https:\/\/api.w.org\/{rel}","templated":true}]}}