{"id":1137,"date":"2025-08-05T10:20:57","date_gmt":"2025-08-05T10:20:57","guid":{"rendered":"https:\/\/24smartcharge.com\/?post_type=product&#038;p=1137"},"modified":"2025-08-15T09:06:49","modified_gmt":"2025-08-15T09:06:49","slug":"36-port-usb-c-fast-charging-cart-for-laptops-tablets","status":"publish","type":"product","link":"https:\/\/24smartcharge.com\/fr\/36-port-usb-c-fast-charging-cart-for-laptops-tablets\/","title":{"rendered":"Armoire de recharge rapide USB-C \u00e0 36 ports pour ordinateurs portables et tablettes"},"content":{"rendered":"<h3>R\u00e9volutionnez la gestion des p\u00e9riph\u00e9riques : L'armoire ultime de charge rapide USB-C \u00e0 36 ports<\/h3>\n<p>Dans les environnements \u00e9ducatifs et professionnels actuels, qui \u00e9voluent rapidement, la gestion d'une flotte d'appareils num\u00e9riques est une t\u00e2che essentielle, mais souvent difficile. Garder des dizaines d'ordinateurs portables, de tablettes et de Chromebooks charg\u00e9s, s\u00e9curis\u00e9s et pr\u00eats \u00e0 \u00eatre utilis\u00e9s imm\u00e9diatement n\u00e9cessite une solution efficace, robuste et fiable. Voici l'armoire de charge rapide USB-C \u00e0 36 ports, une solution compl\u00e8te con\u00e7ue pour rationaliser la gestion des appareils, renforcer la s\u00e9curit\u00e9 et acc\u00e9l\u00e9rer la charge pour toute organisation. Cette armoire de charge mobile est plus qu'une simple source d'alimentation ; c'est un \u00e9l\u00e9ment d'infrastructure essentiel con\u00e7u pour l'\u00e9cole, la biblioth\u00e8que ou le bureau moderne.<\/p>\n<h3 id=\"high-capacity-versatile-fast-charging\">Chargement rapide polyvalent \u00e0 haute capacit\u00e9<\/h3>\n<p>Au c\u0153ur de cette\u00a0<strong>armoire de chargement<\/strong>\u00a0est son immense puissance et sa polyvalence. Pouvant g\u00e9rer jusqu'\u00e0 36 appareils simultan\u00e9ment, il permet de recharger l'\u00e9quipement d'une classe ou d'un service entier \u00e0 partir d'une seule station organis\u00e9e.<\/p>\n<p><strong>Principales caract\u00e9ristiques de charge :<\/strong><\/p>\n<ul>\n<li><strong>Technologie \u00e0 double port :<\/strong>\u00a0Chacun des 36 emplacements est associ\u00e9 \u00e0 sa propre interface de chargement, qui comprend \u00e0 la fois une interface de chargement \u00e0 la pointe de la technologie et une interface de chargement \u00e0 la pointe de la technologie.\u00a0<strong>USB-C Power Delivery (PD)<\/strong>\u00a0et un port universel\u00a0<strong>USB-A<\/strong>\u00a0port. Cette conception \u00e0 double port offre une flexibilit\u00e9 in\u00e9gal\u00e9e. Les ports USB-C PD sont capables de fournir une puissance \u00e9lev\u00e9e et une charge rapide aux appareils modernes tels que les nouveaux ordinateurs portables, les Chromebooks et les tablettes, r\u00e9duisant ainsi consid\u00e9rablement les temps de charge. Les ports USB-A sont compatibles avec une large gamme d'appareils classiques et standard, ce qui garantit qu'aucun appareil n'est oubli\u00e9.<\/li>\n<li><strong>Une performance puissante :<\/strong>\u00a0Avec un \u00e9norme\u00a0<strong>Puissance totale de 2340W<\/strong>Avec le syst\u00e8me d'alimentation de la batterie, cette armoire de charge est con\u00e7ue pour fonctionner sous pression. Elle distribue intelligemment l'\u00e9nergie \u00e0 tous les appareils connect\u00e9s, permettant \u00e0 chacun d'entre eux de se recharger simultan\u00e9ment \u00e0 un rythme optimal. Dites adieu aux concentrateurs sous-aliment\u00e9s et \u00e0 la lenteur du chargement de plusieurs appareils. Cette armoire est con\u00e7ue pour un r\u00e9tablissement rapide et efficace de l'alimentation.<\/li>\n<li><strong>Intelligent et organis\u00e9 :<\/strong>\u00a0L'int\u00e9rieur est judicieusement am\u00e9nag\u00e9 avec deux \u00e9tag\u00e8res principales, chacune abritant 18 emplacements pour appareils. Les s\u00e9parateurs vert vif ajoutent non seulement une touche de design moderne, mais sont \u00e9galement tr\u00e8s fonctionnels. Elles cr\u00e9ent des baies de taille parfaite qui permettent de garder chaque appareil s\u00e9par\u00e9, droit et prot\u00e9g\u00e9 des rayures, tout en permettant un acc\u00e8s facile \u00e0 l'int\u00e9rieur et \u00e0 l'ext\u00e9rieur de l'appareil.<\/li>\n<\/ul>\n<h3 id=\"uncompromising-security-and-durability\">S\u00e9curit\u00e9 et durabilit\u00e9 sans compromis<\/h3>\n<p>La protection de vos pr\u00e9cieuses ressources technologiques est primordiale. Cette armoire de charge est con\u00e7ue pour assurer la s\u00e9curit\u00e9 et la long\u00e9vit\u00e9, ce qui garantit la tranquillit\u00e9 d'esprit dans les environnements tr\u00e8s fr\u00e9quent\u00e9s.<\/p>\n<ul>\n<li><strong>Construction robuste en acier :<\/strong>\u00a0Le ch\u00e2ssis est forg\u00e9 \u00e0 partir de\u00a0<strong>acier SPCC lamin\u00e9 \u00e0 froid<\/strong>Ce mat\u00e9riau est r\u00e9put\u00e9 pour sa solidit\u00e9, son int\u00e9grit\u00e9 structurelle et sa r\u00e9sistance aux chocs et \u00e0 l'usure. Ce cadre robuste permet \u00e0 l'armoire de r\u00e9sister aux rigueurs d'une utilisation quotidienne dans des environnements exigeants. La finition \u00e9l\u00e9gante, enduite de poudre noire, n'a pas seulement un aspect professionnel, elle r\u00e9siste \u00e9galement aux \u00e9raflures et aux rayures.<\/li>\n<li><strong>Syst\u00e8me de verrouillage s\u00e9curis\u00e9 :<\/strong>\u00a0L'avant de l'armoire est dot\u00e9 d'une porte renforc\u00e9e et transparente, qui permet un contr\u00f4le visuel rapide de l'inventaire sans compromettre la s\u00e9curit\u00e9. La porte est \u00e9quip\u00e9e d'une poign\u00e9e robuste sur toute la longueur et d'une poign\u00e9e de s\u00e9curit\u00e9 int\u00e9gr\u00e9e de haute qualit\u00e9.\u00a0<strong>m\u00e9canisme de verrouillage \u00e0 cl\u00e9<\/strong>. Cela permet de s'assurer que les 36 appareils sont enferm\u00e9s en toute s\u00e9curit\u00e9, emp\u00eachant ainsi tout acc\u00e8s non autoris\u00e9 et tout vol.<\/li>\n<\/ul>\n<h3 id=\"advanced-safety-and-thermal-management\">S\u00e9curit\u00e9 avanc\u00e9e et gestion thermique<\/h3>\n<p>Le chargement de 36 appareils de grande puissance g\u00e9n\u00e8re beaucoup d'\u00e9nergie et de chaleur. Cette armoire de chargement int\u00e8gre des fonctions de s\u00e9curit\u00e9 avanc\u00e9es pour prot\u00e9ger les utilisateurs et les appareils qu'elle contient.<\/p>\n<ul>\n<li><strong>Protection des circuits de qualit\u00e9 professionnelle :<\/strong>\u00a0Contrairement aux stations de recharge de base, cette unit\u00e9 est \u00e9quip\u00e9e d'un syst\u00e8me d'alimentation en \u00e9nergie de haute qualit\u00e9.\u00a0<strong>Disjoncteur Schneider Electric iC65N<\/strong>. Ce composant de qualit\u00e9 professionnelle offre une protection essentielle contre les surtensions, les surintensit\u00e9s, les courts-circuits et les surtensions. Il agit comme le syst\u00e8me nerveux central pour les appareils \u00e9lectriques de l'armoire, coupant instantan\u00e9ment le courant en cas de d\u00e9faillance afin d'\u00e9viter d'endommager vos appareils de valeur.<\/li>\n<li><strong>Con\u00e7u pour fonctionner \u00e0 froid :<\/strong>\u00a0Une dissipation efficace de la chaleur est cruciale pour la sant\u00e9 et la s\u00e9curit\u00e9 de la batterie. L'armoire est dot\u00e9e d'un syst\u00e8me de ventilation passive avec des \u00e9vents en forme de Y d\u00e9coup\u00e9s avec pr\u00e9cision sur les panneaux lat\u00e9raux. Cette conception favorise la circulation naturelle de l'air, ce qui permet \u00e0 la chaleur g\u00e9n\u00e9r\u00e9e pendant le cycle de charge de s'\u00e9chapper efficacement. Les appareils fonctionnent ainsi dans leur plage de temp\u00e9rature optimale, ce qui pr\u00e9serve la dur\u00e9e de vie de la batterie et garantit un fonctionnement s\u00fbr.<\/li>\n<li><strong>Certifi\u00e9 et conforme :<\/strong>\u00a0Ce produit est\u00a0<strong>Certifi\u00e9 CE et ROHS<\/strong>Ce produit est conforme aux normes europ\u00e9ennes rigoureuses en mati\u00e8re de s\u00e9curit\u00e9, de sant\u00e9 et de protection de l'environnement. Avec une large plage de tension d'entr\u00e9e de 110-250V, cette armoire de charge est pr\u00eate pour un d\u00e9ploiement mondial.<\/li>\n<\/ul>\n<h3 id=\"designed-for-mobility-and-convenience\">Con\u00e7u pour la mobilit\u00e9 et la commodit\u00e9<\/h3>\n<p>La capacit\u00e9 \u00e0 d\u00e9placer les ressources de tarification l\u00e0 o\u00f9 elles sont le plus n\u00e9cessaires est un avantage cl\u00e9. Cette\u00a0<strong>armoire de chargement<\/strong>\u00a0a \u00e9t\u00e9 con\u00e7u pour la mobilit\u00e9.<\/p>\n<ul>\n<li><strong>Man\u0153uvrabilit\u00e9 sans effort :<\/strong>\u00a0L'unit\u00e9 repose sur quatre roues pivotantes robustes qui assurent un d\u00e9placement souple et silencieux sur diff\u00e9rentes surfaces. Transportez facilement l'armoire enti\u00e8rement charg\u00e9e entre les salles de classe, les salles de conf\u00e9rence et les laboratoires informatiques. Les roues sont verrouillables, ce qui permet de s\u00e9curiser le chariot une fois qu'il est arriv\u00e9 \u00e0 destination.<\/li>\n<li><strong>Manipulation ergonomique :<\/strong>\u00a0Une poign\u00e9e robuste est mont\u00e9e sur le c\u00f4t\u00e9, offrant une prise confortable et s\u00fbre pour pousser ou tirer l'armoire. Cet ajout judicieux facilite la navigation dans les couloirs et autour des meubles.<\/li>\n<\/ul>","protected":false},"excerpt":{"rendered":"<div class=\"model-prompt-container\" data-turn-role=\"Model\">\n<div class=\"turn-content\">\n<p class=\"ng-star-inserted\"><span class=\"ng-star-inserted\">Cette armoire de charge mobile stocke en toute s\u00e9curit\u00e9 et recharge rapidement jusqu'\u00e0 36 ordinateurs portables ou tablettes. Elle est dot\u00e9e de ports USB-C et USB-A, d'une solide porte verrouillable pour la s\u00e9curit\u00e9 et d'un design ventil\u00e9. Id\u00e9ale pour les \u00e9coles et les biblioth\u00e8ques, cette armoire de charge permet de garder les appareils organis\u00e9s et pr\u00eats \u00e0 l'emploi.<\/span><\/p>\n<div class=\"turn-information ng-star-inserted\"><\/div>\n<\/div>\n<\/div>\n<div class=\"turn-footer ng-star-inserted\"><\/div>","protected":false},"featured_media":2442,"template":"","meta":{"_kad_post_transparent":"default","_kad_post_title":"","_kad_post_layout":"default","_kad_post_sidebar_id":"","_kad_post_content_style":"default","_kad_post_vertical_padding":"default","_kad_post_feature":"","_kad_post_feature_position":"","_kad_post_header":false,"_kad_post_footer":false},"product_brand":[],"product_cat":[91],"product_tag":[122,160,161],"class_list":{"0":"post-1137","1":"product","2":"type-product","3":"status-publish","4":"has-post-thumbnail","6":"product_cat-charging-cabinets","7":"product_tag-charging-cabinet","8":"product_tag-mobile-charging-cart","9":"product_tag-tablet-charging-station","11":"first","12":"instock","13":"shipping-taxable","14":"product-type-simple","15":"entry","16":"content-bg","17":"loop-entry"},"_links":{"self":[{"href":"https:\/\/24smartcharge.com\/fr\/wp-json\/wp\/v2\/product\/1137","targetHints":{"allow":["GET"]}}],"collection":[{"href":"https:\/\/24smartcharge.com\/fr\/wp-json\/wp\/v2\/product"}],"about":[{"href":"https:\/\/24smartcharge.com\/fr\/wp-json\/wp\/v2\/types\/product"}],"wp:featuredmedia":[{"embeddable":true,"href":"https:\/\/24smartcharge.com\/fr\/wp-json\/wp\/v2\/media\/2442"}],"wp:attachment":[{"href":"https:\/\/24smartcharge.com\/fr\/wp-json\/wp\/v2\/media?parent=1137"}],"wp:term":[{"taxonomy":"product_brand","embeddable":true,"href":"https:\/\/24smartcharge.com\/fr\/wp-json\/wp\/v2\/product_brand?post=1137"},{"taxonomy":"product_cat","embeddable":true,"href":"https:\/\/24smartcharge.com\/fr\/wp-json\/wp\/v2\/product_cat?post=1137"},{"taxonomy":"product_tag","embeddable":true,"href":"https:\/\/24smartcharge.com\/fr\/wp-json\/wp\/v2\/product_tag?post=1137"}],"curies":[{"name":"wp","href":"https:\/\/api.w.org\/{rel}","templated":true}]}}