{"id":1130,"date":"2025-08-05T10:00:24","date_gmt":"2025-08-05T10:00:24","guid":{"rendered":"https:\/\/24smartcharge.com\/?post_type=product&#038;p=1130"},"modified":"2025-08-15T09:03:34","modified_gmt":"2025-08-15T09:03:34","slug":"locking-mobile-charging-cart-for-laptops-and-tablets","status":"publish","type":"product","link":"https:\/\/24smartcharge.com\/fr\/locking-mobile-charging-cart-for-laptops-and-tablets\/","title":{"rendered":"Armoire de chargement mobile verrouillable pour ordinateurs portables et tablettes"},"content":{"rendered":"<h3><strong>Rationaliser la gestion des appareils avec l'armoire de recharge s\u00e9curis\u00e9e et mobile<\/strong><\/h3>\n<p>Dans le monde num\u00e9rique d'aujourd'hui, la gestion d'un parc d'ordinateurs portables, de tablettes et d'autres appareils \u00e9lectroniques repr\u00e9sente un d\u00e9fi important pour les \u00e9coles, les entreprises et les organisations. Garder ces appareils charg\u00e9s, s\u00e9curis\u00e9s et pr\u00eats \u00e0 l'emploi est primordial pour la productivit\u00e9 et l'apprentissage. Voici le chariot de chargement mobile verrouillable, une armoire de chargement compl\u00e8te et robuste con\u00e7ue pour \u00e9liminer l'encombrement, renforcer la s\u00e9curit\u00e9 et garantir que votre pr\u00e9cieuse technologie est toujours op\u00e9rationnelle. Cette solution intelligente est parfaite pour tous les environnements qui d\u00e9pendent de plusieurs appareils portables, des salles de classe aux bureaux, en passant par les h\u00f4pitaux et les espaces de vente.<\/p>\n<h3 id=\"-centralized-efficient-charging-\"><strong>Chargement centralis\u00e9 et efficace<\/strong><\/h3>\n<p>Cette armoire de chargement est un v\u00e9ritable concentr\u00e9 d'efficacit\u00e9. Le panneau avant comporte une s\u00e9rie de ports USB clairement num\u00e9rot\u00e9s, permettant de recharger simultan\u00e9ment de nombreux appareils. Fini l'enchev\u00eatrement d'adaptateurs \u00e9lectriques individuels et la recherche de prises murales disponibles. Chaque emplacement \u00e0 l'int\u00e9rieur de l'armoire correspond \u00e0 un port USB d\u00e9di\u00e9, cr\u00e9ant ainsi un syst\u00e8me organis\u00e9 et intuitif. De petits voyants LED plac\u00e9s pr\u00e8s de chaque port fournissent une mise \u00e0 jour de l'\u00e9tat d'un coup d'\u0153il, vous permettant de savoir quels appareils sont en cours de chargement et lesquels sont pr\u00eats \u00e0 \u00eatre utilis\u00e9s.<\/p>\n<p>Avec une tension nominale polyvalente de 110-250 V, cette armoire de chargement est con\u00e7ue pour une compatibilit\u00e9 mondiale, s'adaptant parfaitement aux normes d'alimentation des diff\u00e9rentes r\u00e9gions. Cette caract\u00e9ristique en fait un excellent choix pour les organisations internationales et les \u00e9tablissements d'enseignement.<\/p>\n<h3 id=\"-unyielding-security-and-durability-\"><strong>Une s\u00e9curit\u00e9 et une durabilit\u00e9 \u00e0 toute \u00e9preuve<\/strong><\/h3>\n<p>La protection de votre investissement n'est pas n\u00e9gociable. Ce chariot de chargement est fabriqu\u00e9 \u00e0 partir de t\u00f4le de haute qualit\u00e9 et durable, offrant une enceinte robuste et s\u00e9curis\u00e9e pour vos appareils \u00e9lectroniques de valeur. La construction solide est con\u00e7ue pour r\u00e9sister aux rigueurs quotidiennes des environnements tr\u00e8s fr\u00e9quent\u00e9s tels que les couloirs et les ateliers.<\/p>\n<p>La s\u00e9curit\u00e9 est encore renforc\u00e9e par un syst\u00e8me de verrouillage sophistiqu\u00e9. L'armoire est \u00e9quip\u00e9e d'une serrure \u00e0 combinaison num\u00e9rique moderne et facile \u00e0 utiliser, qui garantit que seul le personnel autoris\u00e9 peut acc\u00e9der aux appareils qu'elle contient. Le risque de vol ou d'utilisation non autoris\u00e9e est ainsi \u00e9limin\u00e9, ce qui garantit une totale tranquillit\u00e9 d'esprit. L'avant de l'armoire\u00a0<strong>armoire de chargement<\/strong>\u00a0est dot\u00e9 d'une porte robuste et transparente qui permet d'effectuer rapidement des inventaires visuels et des contr\u00f4les d'\u00e9tat sans compromettre la s\u00e9curit\u00e9. Vous pouvez voir instantan\u00e9ment quels appareils sont pr\u00e9sents et en charge sans avoir \u00e0 d\u00e9verrouiller l'unit\u00e9.<\/p>\n<h3 id=\"-intelligent-design-for-mobility-and-organization-\"><strong>Conception intelligente de la mobilit\u00e9 et de l'organisation<\/strong><\/h3>\n<p>Le g\u00e9nie de cette\u00a0<strong>armoire de chargement<\/strong>\u00a0ne r\u00e9side pas seulement dans sa puissance, mais aussi dans sa conception r\u00e9fl\u00e9chie.<\/p>\n<ul>\n<li><strong>Mobilit\u00e9 sans effort :<\/strong>\u00a0\u00c9quip\u00e9 de roues pivotantes, le chariot peut \u00eatre d\u00e9plac\u00e9 sans effort d'une pi\u00e8ce \u00e0 l'autre. Transportez un ensemble complet de tablettes charg\u00e9es dans une salle de classe, une salle de conf\u00e9rence ou une session de formation avec un minimum d'effort. Les roulettes peuvent \u00eatre bloqu\u00e9es pour que l'armoire reste immobile et stable lorsqu'elle n'est pas en mouvement. Une poign\u00e9e robuste mont\u00e9e sur le dessus offre une prise confortable pour une navigation ais\u00e9e.<\/li>\n<li><strong>Organisation optimale :<\/strong>\u00a0\u00c0 l'int\u00e9rieur, l'armoire comporte des s\u00e9parateurs d'un vert \u00e9clatant qui cr\u00e9ent des emplacements individuels pour chaque appareil. Ces s\u00e9parateurs ne servent pas uniquement \u00e0 l'organisation ; ils sont con\u00e7us pour prot\u00e9ger chaque ordinateur portable ou tablette des rayures et des dommages. L'espacement garantit que les appareils sont maintenus en toute s\u00e9curit\u00e9 en position verticale.<\/li>\n<li><strong>Ventilation sup\u00e9rieure :<\/strong>\u00a0La surchauffe pendant la charge est un probl\u00e8me courant. Cette armoire de chargement a \u00e9t\u00e9 con\u00e7ue en tenant compte de la ventilation. Les panneaux lat\u00e9raux perfor\u00e9s et le motif en nid d'abeille permettent un flux d'air continu, dissipant efficacement la chaleur et garantissant que tous les appareils restent \u00e0 une temp\u00e9rature de fonctionnement s\u00fbre tout au long du cycle de charge.<\/li>\n<\/ul>\n<h3 id=\"-versatility-for-every-need-\"><strong>La polyvalence au service de tous les besoins<\/strong><\/h3>\n<p>Nous comprenons que chaque organisation a des besoins uniques. C'est pourquoi cette armoire de chargement est disponible en plusieurs configurations, avec des options pour 10, 15, 30, 45 ou m\u00eame 60 emplacements. Que vous soyez une petite entreprise devant g\u00e9rer une poign\u00e9e d'appareils ou un grand \u00e9tablissement scolaire d\u00e9ployant des milliers de tablettes, il existe un mod\u00e8le parfaitement adapt\u00e9 \u00e0 vos besoins. Son esth\u00e9tique \u00e9pur\u00e9e et professionnelle, disponible en noir ou en blanc, lui permet de s'int\u00e9grer parfaitement \u00e0 tout espace de travail moderne ou \u00e0 tout \u00e9tablissement d'enseignement.<\/p>\n<h3 id=\"-certified-quality-and-guaranteed-peace-of-mind-\"><strong>Qualit\u00e9 certifi\u00e9e et tranquillit\u00e9 d'esprit garantie<\/strong><\/h3>\n<p>Cette armoire de recharge de marque Orient est plus qu'un simple accessoire pratique, c'est un \u00e9quipement de qualit\u00e9 professionnelle construit selon les normes les plus strictes. Elle est certifi\u00e9e ETL, ce qui signifie qu'elle a \u00e9t\u00e9 test\u00e9e de mani\u00e8re ind\u00e9pendante et qu'elle est conforme aux normes de s\u00e9curit\u00e9 nord-am\u00e9ricaines. Cette certification t\u00e9moigne de sa s\u00e9curit\u00e9, de sa fiabilit\u00e9 et de la qualit\u00e9 de sa construction.<\/p>\n<p>En outre, le produit est assorti d'une garantie compl\u00e8te de trois ans, qui t\u00e9moigne de la confiance du fabricant dans sa durabilit\u00e9 et ses performances \u00e0 long terme. Cette garantie assure la protection de votre investissement, ce qui en fait un choix judicieux et sans risque pour toute organisation.<\/p>","protected":false},"excerpt":{"rendered":"<div class=\"chat-container\">\n<div class=\"chat-view-container ng-star-inserted\">\n<div>\n<div class=\"chat-turn-container model render cdk-focused cdk-mouse-focused\" tabindex=\"-1\">\n<div class=\"model-prompt-container\" data-turn-role=\"Model\">\n<div class=\"turn-content\">\n<p class=\"ng-star-inserted\"><span class=\"ng-star-inserted\">Cette armoire de chargement mobile verrouillable s\u00e9curise et alimente plusieurs ordinateurs portables et tablettes. Fabriqu\u00e9e en t\u00f4le durable, elle est dot\u00e9e d'une serrure num\u00e9rique pour la s\u00e9curit\u00e9 et d'une porte transparente pour faciliter la surveillance. Dot\u00e9e de nombreux ports USB et de roulettes \u00e0 roulement doux, elle constitue une solution pratique et tout-en-un.<\/span><\/p>\n<div class=\"turn-information ng-star-inserted\"><\/div>\n<\/div>\n<\/div>\n<div class=\"turn-footer ng-star-inserted\"><\/div>\n<\/div>\n<\/div>\n<\/div>\n<\/div>\n<footer class=\"not-zero-state ng-star-inserted\">\n<div class=\"mat-mdc-tooltip-trigger prompt-input-wrapper\">\n<div>\n<div class=\"prompt-input-wrapper-container\">\n<div class=\"text-wrapper\">\n<section class=\"text-and-attachments-wrapper\">\n<div class=\"text-input-wrapper\"><\/div>\n<\/section>\n<\/div>\n<\/div>\n<\/div>\n<\/div>\n<\/footer>","protected":false},"featured_media":2437,"template":"","meta":{"_kad_post_transparent":"default","_kad_post_title":"","_kad_post_layout":"default","_kad_post_sidebar_id":"","_kad_post_content_style":"default","_kad_post_vertical_padding":"default","_kad_post_feature":"","_kad_post_feature_position":"","_kad_post_header":false,"_kad_post_footer":false},"product_brand":[],"product_cat":[91],"product_tag":[122,160,144],"class_list":{"0":"post-1130","1":"product","2":"type-product","3":"status-publish","4":"has-post-thumbnail","6":"product_cat-charging-cabinets","7":"product_tag-charging-cabinet","8":"product_tag-mobile-charging-cart","9":"product_tag-secure-charging-station","11":"first","12":"instock","13":"shipping-taxable","14":"product-type-simple","15":"entry","16":"content-bg","17":"loop-entry"},"_links":{"self":[{"href":"https:\/\/24smartcharge.com\/fr\/wp-json\/wp\/v2\/product\/1130","targetHints":{"allow":["GET"]}}],"collection":[{"href":"https:\/\/24smartcharge.com\/fr\/wp-json\/wp\/v2\/product"}],"about":[{"href":"https:\/\/24smartcharge.com\/fr\/wp-json\/wp\/v2\/types\/product"}],"wp:featuredmedia":[{"embeddable":true,"href":"https:\/\/24smartcharge.com\/fr\/wp-json\/wp\/v2\/media\/2437"}],"wp:attachment":[{"href":"https:\/\/24smartcharge.com\/fr\/wp-json\/wp\/v2\/media?parent=1130"}],"wp:term":[{"taxonomy":"product_brand","embeddable":true,"href":"https:\/\/24smartcharge.com\/fr\/wp-json\/wp\/v2\/product_brand?post=1130"},{"taxonomy":"product_cat","embeddable":true,"href":"https:\/\/24smartcharge.com\/fr\/wp-json\/wp\/v2\/product_cat?post=1130"},{"taxonomy":"product_tag","embeddable":true,"href":"https:\/\/24smartcharge.com\/fr\/wp-json\/wp\/v2\/product_tag?post=1130"}],"curies":[{"name":"wp","href":"https:\/\/api.w.org\/{rel}","templated":true}]}}