{"id":1078,"date":"2025-08-05T02:36:27","date_gmt":"2025-08-05T02:36:27","guid":{"rendered":"https:\/\/24smartcharge.com\/?post_type=product&#038;p=1078"},"modified":"2025-08-15T08:22:31","modified_gmt":"2025-08-15T08:22:31","slug":"uv-c-charging-cabinet-for-laptops-tablets-and-devices","status":"publish","type":"product","link":"https:\/\/24smartcharge.com\/fr\/uv-c-charging-cabinet-for-laptops-tablets-and-devices\/","title":{"rendered":"Cabinet de charge UV-C pour ordinateurs portables, tablettes et autres appareils"},"content":{"rendered":"<h1 id=\"why-choose-a-uv-c-charging-cabinet-\">Pourquoi choisir une armoire de chargement UV-C ?<\/h1>\n<p>Les m\u00e9thodes de charge standard se concentrent uniquement sur l'alimentation \u00e9lectrique, n\u00e9gligeant souvent la propret\u00e9 et la pr\u00e9vention des infections. Dans les environnements o\u00f9 les appareils sont fr\u00e9quemment partag\u00e9s, cette armoire de chargement va plus loin en int\u00e9grant une technologie innovante de lumi\u00e8re ultraviolette (UV-C) pour d\u00e9sinfecter les surfaces sans avoir recours \u00e0 des produits chimiques agressifs. Offrant une solution compl\u00e8te, cette armoire assure \u00e0 la fois la propret\u00e9, l'efficacit\u00e9 et la s\u00e9curit\u00e9.<\/p>\n<h2 id=\"main-product-highlights\">Principales caract\u00e9ristiques du produit<\/h2>\n<h3 id=\"secure-versatile-storage\">Stockage s\u00e9curis\u00e9 et polyvalent<\/h3>\n<p>L'armoire de chargement est con\u00e7ue avec des \u00e9tag\u00e8res en acier de qualit\u00e9 m\u00e9dicale qui maintiennent et s'adaptent en toute s\u00e9curit\u00e9 \u00e0 des appareils de diff\u00e9rentes tailles. Que vous stockiez des ordinateurs portables, des tablettes, des Chromebooks ou d'autres appareils \u00e9lectroniques, le syst\u00e8me d'\u00e9tag\u00e8res int\u00e9rieures garantit que chaque gadget reste s\u00e9par\u00e9 en toute s\u00e9curit\u00e9 et prot\u00e9g\u00e9 contre les dommages.<\/p>\n<h3 id=\"rapid-power-recharge-technology\">Technologie de recharge rapide<\/h3>\n<p>Cette armoire de charge comporte 18 ports de charge individuels, ce qui lui permet d'alimenter jusqu'\u00e0 18 appareils simultan\u00e9ment. En fournissant une charge fiable et efficace, elle optimise la gestion de l'\u00e9nergie, maintient les appareils pr\u00eats \u00e0 l'emploi et r\u00e9duit \u00e0 la fois l'encombrement et les temps d'arr\u00eat.<\/p>\n<h3 id=\"powerful-uv-c-light-sanitizing-solution\">Puissante solution d'assainissement par lumi\u00e8re UV-C<\/h3>\n<p>L'une des caract\u00e9ristiques les plus impressionnantes de cette armoire est son syst\u00e8me de lumi\u00e8re UV-C germicide. En \u00e9mettant une longueur d'onde sp\u00e9cifique de lumi\u00e8re ultraviolette, l'armoire neutralise les bact\u00e9ries, les virus et les autres agents pathog\u00e8nes pr\u00e9sents sur les surfaces des appareils. Cela r\u00e9duit consid\u00e9rablement le risque de contamination crois\u00e9e, en particulier dans les environnements o\u00f9 l'on touche beaucoup d'objets.<\/p>\n<ul>\n<li><strong>Protection compl\u00e8te :<\/strong>\u00a0Les surfaces r\u00e9fl\u00e9chissantes internes et l'emplacement strat\u00e9gique des \u00e9tag\u00e8res permettent \u00e0 la lumi\u00e8re UV-C d'atteindre efficacement toutes les surfaces des appareils.<\/li>\n<li><strong>Sans produits chimiques :<\/strong>\u00a0Il n'est pas n\u00e9cessaire d'utiliser des sprays, des lingettes ou des produits chimiques susceptibles d'endommager les appareils \u00e9lectroniques sensibles.<\/li>\n<li><strong>R\u00e9glages flexibles :<\/strong>\u00a0Personnalisez les cycles de d\u00e9sinfection pour r\u00e9pondre \u00e0 vos besoins sp\u00e9cifiques, ce qui vous permet de d\u00e9finir la dur\u00e9e de la d\u00e9sinfection en fonction des exigences de votre flux de travail.<\/li>\n<\/ul>\n<h3 id=\"safe-to-operate\">S\u00e9curit\u00e9 d'utilisation<\/h3>\n<p>La s\u00e9curit\u00e9 est une priorit\u00e9 absolue. L'armoire de chargement est con\u00e7ue avec de multiples protections int\u00e9gr\u00e9es :<\/p>\n<ul>\n<li>Arr\u00eat automatique \u00e0 l'ouverture de la porte pour \u00e9viter l'exposition aux UV-C.<\/li>\n<li>Panneau de commande num\u00e9rique convivial avec r\u00e9glages de la minuterie et indicateurs visuels.<\/li>\n<li>Une chambre d'assainissement enti\u00e8rement ferm\u00e9e, certifi\u00e9e conforme aux normes de s\u00e9curit\u00e9.<\/li>\n<\/ul>\n<h2 id=\"benefits-at-a-glance\">Les avantages en un coup d'\u0153il<\/h2>\n<ul>\n<li><strong>Durable et polyvalent :<\/strong>\u00a0Construction robuste et facile \u00e0 nettoyer, adapt\u00e9e \u00e0 diff\u00e9rentes tailles d'appareils.<\/li>\n<li><strong>Efficace :<\/strong>\u00a0Permet de recharger et d'assainir jusqu'\u00e0 18 appareils \u00e0 la fois.<\/li>\n<li><strong>S\u00fbr :<\/strong>\u00a0Prot\u00e8ge les utilisateurs contre l'exposition aux UV-C et les appareils contre les surtensions \u00e9lectriques.<\/li>\n<li><strong>Hygi\u00e9nique :<\/strong>\u00a0R\u00e9duit la propagation des germes dans les environnements o\u00f9 les appareils sont partag\u00e9s.<\/li>\n<\/ul>\n<h2 id=\"applications-a-versatile-solution-for-various-industries\">Applications : Une solution polyvalente pour diverses industries<\/h2>\n<h3 id=\"education\">L'\u00e9ducation<\/h3>\n<p>Parfait pour les salles de classe, les biblioth\u00e8ques et les laboratoires informatiques. Il permet d'assainir les ordinateurs portables et les tablettes partag\u00e9s entre les utilisations par les \u00e9l\u00e8ves et contribue \u00e0 respecter les normes de sant\u00e9 et de s\u00e9curit\u00e9 publiques.<\/p>\n<h3 id=\"healthcare\">Soins de sant\u00e9<\/h3>\n<p>Indispensable pour les h\u00f4pitaux, les cliniques et les centres de formation m\u00e9dicale. Il permet d'assainir les dispositifs utilis\u00e9s par le personnel soignant et les patients, en \u00e9vitant la contamination crois\u00e9e des dispositifs.<\/p>\n<h3 id=\"corporate-business\">Entreprises et affaires<\/h3>\n<p>Des appareils propres et bien entretenus sont b\u00e9n\u00e9fiques pour les \u00e9quipes de bureau et les espaces de travail partag\u00e9s. Cette armoire garantit la s\u00e9curit\u00e9 des employ\u00e9s lorsque le partage d'appareils est courant et prend en charge les mod\u00e8les de travail hybrides et de hot-desking.<\/p>\n<h3 id=\"government-public-services\">Gouvernement et services publics<\/h3>\n<p>Utile dans les services de police, les agences de s\u00e9curit\u00e9 publique et les centres municipaux. Il permet de s'assurer que les outils de collecte de donn\u00e9es et de reporting restent charg\u00e9s et propres.<\/p>\n<h2 id=\"ease-of-use\">Facilit\u00e9 d'utilisation<\/h2>\n<p>L'utilisation de l'armoire de chargement est con\u00e7ue pour \u00eatre aussi intuitive que possible :<\/p>\n<ol>\n<li><strong>Ins\u00e9rer des dispositifs :<\/strong>\u00a0Placez jusqu'\u00e0 18 appareils dans leurs supports individuels.<\/li>\n<li><strong>Connecter les c\u00e2bles de chargement :<\/strong>\u00a0Chaque appareil se connecte \u00e0 son propre port.<\/li>\n<li><strong>R\u00e9gler le temps de d\u00e9sinfection :<\/strong>\u00a0Utilisez l'\u00e9cran tactile pour s\u00e9lectionner le cycle UV-C de votre choix.<\/li>\n<li><strong>Fermer la porte :<\/strong>\u00a0La lumi\u00e8re UV-C s'active automatiquement pour d\u00e9sinfecter tous les appareils stock\u00e9s.<\/li>\n<li><strong>R\u00e9cup\u00e9rer quand on est pr\u00eat :<\/strong>\u00a0Les appareils sont d\u00e9sinfect\u00e9s, charg\u00e9s et s\u00fbrs pour une utilisation imm\u00e9diate.<\/li>\n<\/ol>\n<p>Des indicateurs LED et des fen\u00eatres d'observation transparentes (bloquant les UV) vous permettent de surveiller le processus sans ouvrir l'armoire, ce qui est \u00e0 la fois pratique et s\u00fbr.<\/p>\n<h2 id=\"build-specifications\">Construction et sp\u00e9cifications<\/h2>\n<ul>\n<li><strong>Capacit\u00e9 :<\/strong>\u00a0Peut contenir et charger jusqu'\u00e0 18 appareils.<\/li>\n<li><strong>Dimensions ext\u00e9rieures :<\/strong>\u00a027.5\u2033 H x 29.6\u2033 L x 17\u2033 P.<\/li>\n<li><strong>Ports de chargement :<\/strong>\u00a018 ports compatibles USB.<\/li>\n<li><strong>Exigences \u00e9lectriques :<\/strong>\u00a045W (mod\u00e8les am\u00e9ricains et internationaux).<\/li>\n<li><strong>Poids :<\/strong>\u00a089 lbs (poids \u00e0 l'exp\u00e9dition : 109 lbs).<\/li>\n<li><strong>Mat\u00e9riau :<\/strong>\u00a0Construction en acier rev\u00eatu de poudre pour une plus grande durabilit\u00e9 et un nettoyage facile.<\/li>\n<li><strong>Ventilation :<\/strong>\u00a0Un syst\u00e8me de flux d'air interne assure le contr\u00f4le de la temp\u00e9rature pendant la charge.<\/li>\n<\/ul>\n<h2 id=\"designed-for-safety-and-compliance\">Con\u00e7u pour la s\u00e9curit\u00e9 et la conformit\u00e9<\/h2>\n<p>L'armoire de chargement UV-C comprend des dispositifs de protection des utilisateurs, des appareils et de l'environnement :<\/p>\n<ul>\n<li>Fen\u00eatres frontales bloquant les UV.<\/li>\n<li>M\u00e9canismes de verrouillage du temps pour \u00e9viter les acc\u00e8s pr\u00e9matur\u00e9s.<\/li>\n<li>Protection contre les surtensions.<\/li>\n<li>Porte verrouill\u00e9e avec cl\u00e9 ou serrure num\u00e9rique en option.<\/li>\n<\/ul>\n<p>Il r\u00e9pond aux normes internationales en mati\u00e8re de s\u00e9curit\u00e9 \u00e9lectrique et d'efficacit\u00e9 de l'assainissement, ce qui le rend adapt\u00e9 aux organisations qui exigent une conformit\u00e9 stricte aux protocoles de pr\u00e9vention des infections.<\/p>\n<h2 id=\"environmentally-friendly-technology\">Technologie respectueuse de l'environnement<\/h2>\n<p>\u00c0 une \u00e9poque o\u00f9 le d\u00e9veloppement durable est plus important que jamais, cette armoire de chargement \u00e9limine le besoin de lingettes jetables et de d\u00e9sinfectants chimiques. La d\u00e9sinfection par lumi\u00e8re UV-C est :<\/p>\n<ul>\n<li>S\u00fbr<\/li>\n<li>Efficacit\u00e9 \u00e9nerg\u00e9tique<\/li>\n<li>Sans r\u00e9sidus<\/li>\n<li>Sans danger pour l'\u00e9lectronique<\/li>\n<\/ul>\n<p>Cela permet non seulement de r\u00e9duire l'empreinte carbone, mais aussi de r\u00e9aliser des \u00e9conomies \u00e0 long terme en diminuant les d\u00e9penses li\u00e9es aux produits chimiques et au remplacement des appareils.<\/p>","protected":false},"excerpt":{"rendered":"<p>Cette armoire de chargement UV-C d\u00e9sinfecte et charge en toute s\u00e9curit\u00e9 jusqu'\u00e0 18 ordinateurs portables, tablettes et appareils \u00e9lectroniques. Dot\u00e9e d'une d\u00e9sinfection germicide UV-C \u00e0 360\u00b0 et de supports en acier de qualit\u00e9 m\u00e9dicale, elle \u00e9limine les agents pathog\u00e8nes nocifs sans produits chimiques agressifs, tout en garantissant une charge de base fiable.<\/p>","protected":false},"featured_media":2405,"template":"","meta":{"_kad_post_transparent":"default","_kad_post_title":"","_kad_post_layout":"default","_kad_post_sidebar_id":"","_kad_post_content_style":"default","_kad_post_vertical_padding":"default","_kad_post_feature":"","_kad_post_feature_position":"","_kad_post_header":false,"_kad_post_footer":false},"product_brand":[],"product_cat":[91],"product_tag":[122,155,154],"class_list":{"0":"post-1078","1":"product","2":"type-product","3":"status-publish","4":"has-post-thumbnail","6":"product_cat-charging-cabinets","7":"product_tag-charging-cabinet","8":"product_tag-electronic-device-charging","9":"product_tag-uv-c-disinfection","11":"first","12":"instock","13":"shipping-taxable","14":"product-type-simple","15":"entry","16":"content-bg","17":"loop-entry"},"_links":{"self":[{"href":"https:\/\/24smartcharge.com\/fr\/wp-json\/wp\/v2\/product\/1078","targetHints":{"allow":["GET"]}}],"collection":[{"href":"https:\/\/24smartcharge.com\/fr\/wp-json\/wp\/v2\/product"}],"about":[{"href":"https:\/\/24smartcharge.com\/fr\/wp-json\/wp\/v2\/types\/product"}],"wp:featuredmedia":[{"embeddable":true,"href":"https:\/\/24smartcharge.com\/fr\/wp-json\/wp\/v2\/media\/2405"}],"wp:attachment":[{"href":"https:\/\/24smartcharge.com\/fr\/wp-json\/wp\/v2\/media?parent=1078"}],"wp:term":[{"taxonomy":"product_brand","embeddable":true,"href":"https:\/\/24smartcharge.com\/fr\/wp-json\/wp\/v2\/product_brand?post=1078"},{"taxonomy":"product_cat","embeddable":true,"href":"https:\/\/24smartcharge.com\/fr\/wp-json\/wp\/v2\/product_cat?post=1078"},{"taxonomy":"product_tag","embeddable":true,"href":"https:\/\/24smartcharge.com\/fr\/wp-json\/wp\/v2\/product_tag?post=1078"}],"curies":[{"name":"wp","href":"https:\/\/api.w.org\/{rel}","templated":true}]}}