{"id":1020,"date":"2025-08-04T09:29:10","date_gmt":"2025-08-04T09:29:10","guid":{"rendered":"https:\/\/24smartcharge.com\/?post_type=product&#038;p=1020"},"modified":"2025-08-18T03:20:21","modified_gmt":"2025-08-18T03:20:21","slug":"secure-20-device-usb-c-charging-cabinet-with-rfid-access","status":"publish","type":"product","link":"https:\/\/24smartcharge.com\/fr\/secure-20-device-usb-c-charging-cabinet-with-rfid-access\/","title":{"rendered":"Armoire de recharge USB-C s\u00e9curis\u00e9e pour 20 appareils avec acc\u00e8s RFID"},"content":{"rendered":"<h3 id=\"-unparalleled-defense-for-full-confidence-and-tranquility-\"><strong>Une d\u00e9fense in\u00e9gal\u00e9e pour une confiance et une tranquillit\u00e9 totales<\/strong><\/h3>\n<p>La conception de cette armoire de chargement est ax\u00e9e sur la pr\u00e9servation de hauts degr\u00e9s de protection, en particulier dans les environnements tr\u00e8s fr\u00e9quent\u00e9s. Elle utilise une approche de s\u00e9curit\u00e9 globale pour prot\u00e9ger les gadgets contre le cambriolage, la perte ou l'\u00e9garement accidentel.<\/p>\n<p>La fonction d'acc\u00e8s principale consiste en un syst\u00e8me de verrouillage \u00e9lectronique sophistiqu\u00e9 qui peut \u00eatre command\u00e9 soit par un lecteur de carte RFID \u00e0 haute fr\u00e9quence, soit par un code PIN num\u00e9rique sur le clavier int\u00e9gr\u00e9. Ce syst\u00e8me \u00e0 double acc\u00e8s offre une grande souplesse aux responsables, en leur permettant d'attribuer des cartes RFID sp\u00e9ciales pour un acc\u00e8s rapide \u00e0 l'\u00e9quipe normale et d'utiliser un code PIN principal pour le contr\u00f4le de gestion ou les objectifs de sauvegarde. Le panneau de commande convivial, dot\u00e9 d'un clavier num\u00e9rique clair et d'un capteur RFID, facilite l'acc\u00e8s du personnel autoris\u00e9 tout en offrant de solides mesures de s\u00e9curit\u00e9 contre les entr\u00e9es non autoris\u00e9es.<\/p>\n<p>La protection physique est tout aussi puissante. L'armoire de chargement est fabriqu\u00e9e en acier robuste de haute qualit\u00e9, ce qui la rend r\u00e9sistante aux manipulations et \u00e0 l'acc\u00e8s forc\u00e9. Son style antivol est encore renforc\u00e9 par sa capacit\u00e9 de montage mural. Le fait de fixer solidement l'armoire de chargement au mur permet non seulement d'\u00e9conomiser de l'espace sur le sol ou sur le comptoir, mais aussi d'\u00e9viter que l'ensemble de l'unit\u00e9 ne soit emport\u00e9 hors de la propri\u00e9t\u00e9. Une serrure \u00e0 cl\u00e9 robuste situ\u00e9e sur le c\u00f4t\u00e9 de la porte offre un niveau suppl\u00e9mentaire de s\u00e9curit\u00e9 m\u00e9canique, garantissant que l'acc\u00e8s est strictement r\u00e9glement\u00e9. La porte transparente, fabriqu\u00e9e en verre renforc\u00e9, concilie astucieusement s\u00e9curit\u00e9 et confort, permettant un inventaire visuel rapide de tous les appareils sans avoir \u00e0 ouvrir l'unit\u00e9, ce qui garantit que chaque appareil est pris en compte en un seul coup d'\u0153il.<\/p>\n<h3 id=\"-efficient-and-clever-usb-c-charging-\"><strong>Chargement USB-C efficace et astucieux<\/strong><\/h3>\n<p>G\u00e9rer les demandes de charge de plusieurs appareils peut \u00eatre une t\u00e2che d\u00e9courageante et d\u00e9sordonn\u00e9e, avec des cordons qui se nouent et des prises \u00e9lectriques qui finissent par se rar\u00e9fier. Cependant, cette armoire de charge innovante fournit une option structur\u00e9e en int\u00e9grant un hub de charge USB-C de grande capacit\u00e9. Dot\u00e9 de vingt ports USB-C, il prend en charge la norme de charge actuelle, permettant un transfert d'\u00e9nergie rapide et une compatibilit\u00e9 transparente avec une grande vari\u00e9t\u00e9 de t\u00e9l\u00e9phones portables modernes. En acceptant cette technologie moderne avanc\u00e9e, vous pouvez \u00eatre certain que votre investissement financier continuera certainement \u00e0 \u00eatre fiable et adaptable au fur et \u00e0 mesure que l'innovation se d\u00e9veloppe.<\/p>\n<p>L'armoire de chargement dispose de vingt emplacements d'outils con\u00e7us pour s'adapter \u00e0 la plupart des smartphones et des petites tablettes, malgr\u00e9 leurs \u00e9tuis de protection. Chaque emplacement a des dimensions de 3,6\u2033 H x 0,95\u2033 W x 7,3\u2033 D, offrant un espace ad\u00e9quat pour les outils. Les baies num\u00e9rot\u00e9es aident \u00e0 l'organisation, tandis que le c\u00e2blage \u00e9lectrique int\u00e9rieur est ordonn\u00e9 et les mat\u00e9riaux alimentent les vingt ports USB-C. La s\u00e9curit\u00e9 est une consid\u00e9ration cruciale dans le style du syst\u00e8me, avec une ventilation consid\u00e9rable visible \u00e0 travers des motifs perfor\u00e9s sur les c\u00f4t\u00e9s et l'arri\u00e8re de l'armoire de charge pour favoriser un mouvement d'air id\u00e9al. Cette ventilation arr\u00eate la surchauffe tout au long de la facturation, prot\u00e9geant les batteries des outils et les composants int\u00e9rieurs et garantissant la longue dur\u00e9e de vie des gadgets et de l'armoire de charge.<\/p>\n<h3 id=\"-designed-with-flexibility-and-simplicity-of-use-in-mind-\"><strong>Con\u00e7u dans un souci de flexibilit\u00e9 et de simplicit\u00e9 d'utilisation<\/strong><\/h3>\n<p>Cette armoire de chargement a \u00e9t\u00e9 soigneusement con\u00e7ue pour une utilisation utile dans des circonstances r\u00e9elles. Avec ses dimensions portables de 19,8\u2033 en hauteur, 17,6\u2033 en taille et 12,9\u2033 en d\u00e9tail, elle peut s'adapter \u00e0 diff\u00e9rentes configurations. Vous pouvez la placer sur un bureau ou un comptoir, ou pour plus de s\u00e9curit\u00e9 et d'efficacit\u00e9, vous pouvez l'installer sur un mur en utilisant les facteurs de montage robustes \u00e0 l'arri\u00e8re. L'armoire de chargement est \u00e9galement dot\u00e9e d'un syst\u00e8me de gestion lat\u00e9ral pratique pour faciliter le transport et le positionnement.<\/p>\n<p>L'interface est exceptionnellement facile \u00e0 utiliser, avec un panneau avant simple dot\u00e9 de commandes clairement identifi\u00e9es et de voyants lumineux qui offrent un retour d'information instantan\u00e9 sur l'alimentation et l'\u00e9tat de verrouillage. \u00c0 l'int\u00e9rieur, des panneaux de s\u00e9paration r\u00e9sistants maintiennent les appareils organis\u00e9s, prot\u00e9g\u00e9s des rayures et align\u00e9s avec leurs ports de charge USB-C \u00e9quivalents pour une connexion simple et facile. Ce style r\u00e9fl\u00e9chi permet aux clients de trouver et de r\u00e9cup\u00e9rer rapidement leurs outils sans inconv\u00e9nient. Avec une connexion d'alimentation rationalis\u00e9e \u00e0 c\u00e2ble unique et des surfaces faciles \u00e0 essuyer, cette armoire de chargement est con\u00e7ue pour une proc\u00e9dure pratique et performante dans des atmosph\u00e8res agit\u00e9es.<\/p>\n<h3 id=\"-ideal-applications-\"><strong>Applications id\u00e9ales<\/strong><\/h3>\n<p>Cette armoire de chargement s\u00e9curis\u00e9e est la solution id\u00e9ale pour l'administration des appareils dans un grand nombre d'applications.<\/p>\n<ul>\n<li><strong>Dans les \u00e9coles,<\/strong>\u00a0il peut contribuer \u00e0 l'application des politiques de \"classe sans t\u00e9l\u00e9phone\", en r\u00e9duisant les distractions des \u00e9l\u00e8ves tout en garantissant la s\u00e9curit\u00e9 de leurs appareils.<\/li>\n<li><strong>Pour les entreprises,<\/strong>\u00a0il fournit une zone prot\u00e9g\u00e9e o\u00f9 les membres du personnel peuvent ranger leurs t\u00e9l\u00e9phones personnels ou un centre centralis\u00e9 pour recharger les outils fournis par l'entreprise aux \u00e9quipes de vente au d\u00e9tail, de logistique ou de terrain.<\/li>\n<\/ul>\n<p>Dans toute organisation qui utilise plusieurs t\u00e9l\u00e9phones portables, cette armoire rationalise les op\u00e9rations, am\u00e9liore la s\u00e9curit\u00e9 et accro\u00eet la productivit\u00e9. C'est un outil essentiel pour apporter contr\u00f4le et performance \u00e0 votre communaut\u00e9 technologique moderne.<\/p>","protected":false},"excerpt":{"rendered":"<div class=\"chat-turn-container model render cdk-focused cdk-mouse-focused\" tabindex=\"-1\">\n<div class=\"model-prompt-container\" data-turn-role=\"Model\">\n<div class=\"turn-content\">\n<p class=\"ng-star-inserted\"><span class=\"ng-star-inserted\">Stockez et chargez en toute s\u00e9curit\u00e9 jusqu'\u00e0 20 appareils mobiles dans cette armoire verrouillable. Elle est dot\u00e9e d'un hub de charge USB-C, d'une porte transparente et d'un acc\u00e8s par RFID ou code PIN. La conception murale permet de garder les appareils organis\u00e9s et en s\u00e9curit\u00e9, r\u00e9duisant ainsi les distractions dans les salles de classe ou les bureaux.<\/span><\/p>\n<div class=\"turn-information ng-star-inserted\"><\/div>\n<\/div>\n<\/div>\n<\/div>\n<div class=\"chat-turn-container render user\" tabindex=\"-1\">\n<div class=\"actions-container\">\n<div class=\"actions hover-or-edit\">\n<div><\/div>\n<\/div>\n<\/div>\n<div class=\"user-prompt-container\" data-turn-role=\"User\">\n<div class=\"turn-content\"><\/div>\n<\/div>\n<\/div>","protected":false},"featured_media":2360,"template":"","meta":{"_kad_post_transparent":"default","_kad_post_title":"","_kad_post_layout":"default","_kad_post_sidebar_id":"","_kad_post_content_style":"default","_kad_post_vertical_padding":"default","_kad_post_feature":"","_kad_post_feature_position":"","_kad_post_header":false,"_kad_post_footer":false},"product_brand":[],"product_cat":[91],"product_tag":[122,119,123],"class_list":{"0":"post-1020","1":"product","2":"type-product","3":"status-publish","4":"has-post-thumbnail","6":"product_cat-charging-cabinets","7":"product_tag-charging-cabinet","8":"product_tag-device-management","9":"product_tag-secure-phone-storage","11":"first","12":"instock","13":"shipping-taxable","14":"product-type-simple","15":"entry","16":"content-bg","17":"loop-entry"},"_links":{"self":[{"href":"https:\/\/24smartcharge.com\/fr\/wp-json\/wp\/v2\/product\/1020","targetHints":{"allow":["GET"]}}],"collection":[{"href":"https:\/\/24smartcharge.com\/fr\/wp-json\/wp\/v2\/product"}],"about":[{"href":"https:\/\/24smartcharge.com\/fr\/wp-json\/wp\/v2\/types\/product"}],"wp:featuredmedia":[{"embeddable":true,"href":"https:\/\/24smartcharge.com\/fr\/wp-json\/wp\/v2\/media\/2360"}],"wp:attachment":[{"href":"https:\/\/24smartcharge.com\/fr\/wp-json\/wp\/v2\/media?parent=1020"}],"wp:term":[{"taxonomy":"product_brand","embeddable":true,"href":"https:\/\/24smartcharge.com\/fr\/wp-json\/wp\/v2\/product_brand?post=1020"},{"taxonomy":"product_cat","embeddable":true,"href":"https:\/\/24smartcharge.com\/fr\/wp-json\/wp\/v2\/product_cat?post=1020"},{"taxonomy":"product_tag","embeddable":true,"href":"https:\/\/24smartcharge.com\/fr\/wp-json\/wp\/v2\/product_tag?post=1020"}],"curies":[{"name":"wp","href":"https:\/\/api.w.org\/{rel}","templated":true}]}}