{"id":1007,"date":"2025-08-04T09:17:13","date_gmt":"2025-08-04T09:17:13","guid":{"rendered":"https:\/\/24smartcharge.com\/?post_type=product&#038;p=1007"},"modified":"2025-08-18T03:17:05","modified_gmt":"2025-08-18T03:17:05","slug":"plus-series-secure-mobile-charging-cart-for-36-devices","status":"publish","type":"product","link":"https:\/\/24smartcharge.com\/fr\/plus-series-secure-mobile-charging-cart-for-36-devices\/","title":{"rendered":"Plus Series Secure Mobile Charging Cart for 36 Devices (en anglais)"},"content":{"rendered":"<h3 id=\"advanced-intelligent-charging-system\">Syst\u00e8me de charge intelligent avanc\u00e9<\/h3>\n<p>Au c\u0153ur de ce chariot de chargement se trouve son syst\u00e8me de chargement intelligent avanc\u00e9. Il ne s'agit pas d'une simple multiprise dans un bo\u00eetier, mais d'un syst\u00e8me sophistiqu\u00e9 con\u00e7u pour optimiser le processus de charge de tous les appareils connect\u00e9s.<\/p>\n<ul>\n<li><strong>Distribution intelligente de l'\u00e9lectricit\u00e9 :<\/strong>\u00a0La technologie de charge intelligente analyse les besoins en \u00e9nergie de chaque appareil, en donnant la priorit\u00e9 \u00e0 ceux dont le niveau de batterie est le plus bas, afin de garantir qu'ils soient recharg\u00e9s le plus rapidement possible. Cette distribution intelligente de l'\u00e9nergie permet d'\u00e9viter le sc\u00e9nario courant selon lequel certains appareils sont compl\u00e8tement charg\u00e9s alors que d'autres sont d\u00e9charg\u00e9s. En \u00e9quilibrant le flux d'\u00e9nergie, le syst\u00e8me garantit que les 36 appareils atteignent une charge de 100% de mani\u00e8re efficace et s\u00fbre.<\/li>\n<li><strong>Efficacit\u00e9 temporelle :<\/strong>\u00a0Cela est particuli\u00e8rement important dans les environnements o\u00f9 le temps est compt\u00e9, comme dans les \u00e9coles entre deux cours ou dans les entreprises qui se pr\u00e9parent \u00e0 une s\u00e9rie de r\u00e9unions. L'efficacit\u00e9 du processus de chargement peut lib\u00e9rer un temps pr\u00e9cieux, estim\u00e9 \u00e0 une r\u00e9duction de pr\u00e8s de 45% du temps pass\u00e9 \u00e0 charger.<\/li>\n<li><strong>Protection de l'appareil :<\/strong>\u00a0Le syst\u00e8me est con\u00e7u pour prot\u00e9ger contre les surtensions et les surcharges, une caract\u00e9ristique cruciale lorsqu'il s'agit de g\u00e9rer une forte densit\u00e9 d'appareils \u00e9lectroniques de valeur. Des disjoncteurs et des capteurs int\u00e9gr\u00e9s surveillent l'entr\u00e9e \u00e9lectrique, prot\u00e9geant les appareils des dommages potentiels caus\u00e9s par des incoh\u00e9rences \u00e9lectriques.<img fetchpriority=\"high\" decoding=\"async\" class=\"size-full wp-image-2766\" src=\"https:\/\/24smartcharge.com\/wp-content\/uploads\/2025\/08\/Plus-Series-Secure-Mobile-Charging-Cart-for-36-Devices-1.jpg\" alt=\"Plus Series Secure Mobile Charging Cart for 36 Devices (en anglais)\" width=\"1000\" height=\"1000\" srcset=\"https:\/\/24smartcharge.com\/wp-content\/uploads\/2025\/08\/Plus-Series-Secure-Mobile-Charging-Cart-for-36-Devices-1.jpg 1000w, https:\/\/24smartcharge.com\/wp-content\/uploads\/2025\/08\/Plus-Series-Secure-Mobile-Charging-Cart-for-36-Devices-1-300x300.jpg 300w, https:\/\/24smartcharge.com\/wp-content\/uploads\/2025\/08\/Plus-Series-Secure-Mobile-Charging-Cart-for-36-Devices-1-150x150.jpg 150w, https:\/\/24smartcharge.com\/wp-content\/uploads\/2025\/08\/Plus-Series-Secure-Mobile-Charging-Cart-for-36-Devices-1-768x768.jpg 768w, https:\/\/24smartcharge.com\/wp-content\/uploads\/2025\/08\/Plus-Series-Secure-Mobile-Charging-Cart-for-36-Devices-1-12x12.jpg 12w, https:\/\/24smartcharge.com\/wp-content\/uploads\/2025\/08\/Plus-Series-Secure-Mobile-Charging-Cart-for-36-Devices-1-600x600.jpg 600w, https:\/\/24smartcharge.com\/wp-content\/uploads\/2025\/08\/Plus-Series-Secure-Mobile-Charging-Cart-for-36-Devices-1-100x100.jpg 100w\" sizes=\"(max-width: 1000px) 100vw, 1000px\" \/><\/li>\n<\/ul>\n<h3 id=\"robust-security-and-protection\">S\u00e9curit\u00e9 et protection robustes<\/h3>\n<p>La s\u00e9curit\u00e9 est la pierre angulaire de la conception de ce chariot de chargement, compte tenu de l'investissement important que repr\u00e9sente une flotte de 36 appareils.<\/p>\n<ul>\n<li><strong>Construction durable :<\/strong>\u00a0Fabriqu\u00e9 en acier de haute qualit\u00e9 et durable, le chariot constitue une formidable barri\u00e8re physique contre le vol et l'acc\u00e8s non autoris\u00e9. La construction enti\u00e8rement en acier garantit la durabilit\u00e9 et la long\u00e9vit\u00e9 du chariot, capable de r\u00e9sister aux rigueurs d'une utilisation quotidienne dans des environnements tr\u00e8s fr\u00e9quent\u00e9s.<\/li>\n<li><strong>M\u00e9canisme de verrouillage avanc\u00e9 :<\/strong>\u00a0Les portes avant et arri\u00e8re sont \u00e9quip\u00e9es d'un syst\u00e8me de verrouillage \u00e0 trois points, une caract\u00e9ristique qui offre un niveau de s\u00e9curit\u00e9 sup\u00e9rieur \u00e0 celui des serrures standard \u00e0 un point. Ce syst\u00e8me de verrouillage robuste garantit que les portes sont s\u00e9curis\u00e9es en plusieurs points, ce qui les rend nettement plus r\u00e9sistantes \u00e0 l'ouverture.<\/li>\n<li><strong>Options de s\u00e9curit\u00e9 renforc\u00e9es :<\/strong>\u00a0Pour une s\u00e9curit\u00e9 accrue, la conception du chariot inclut la possibilit\u00e9 d'ajouter un cadenas personnel, ce qui permet une protection personnalis\u00e9e et renforc\u00e9e. Cette double capacit\u00e9 de verrouillage permet de garder l'esprit tranquille, sachant que les appareils sont stock\u00e9s en toute s\u00e9curit\u00e9, que ce soit pendant la nuit ou pendant les p\u00e9riodes d'inactivit\u00e9.<\/li>\n<li><strong>S\u00e9curit\u00e9 des composants :<\/strong>\u00a0La conception r\u00e9fl\u00e9chie s'\u00e9tend \u00e0 la s\u00e9paration de la zone de stockage de l'appareil et de la zone de l'adaptateur d'alimentation, qui sont toutes deux verrouillables, emp\u00eachant non seulement le vol des appareils eux-m\u00eames, mais aussi celui de leurs composants de charge essentiels.<\/li>\n<\/ul>\n<h3 id=\"exceptional-mobility-and-user-convenience\">Mobilit\u00e9 et confort d'utilisation exceptionnels<\/h3>\n<p>Au-del\u00e0 de ses fonctions principales de charge et de s\u00e9curit\u00e9, ce chariot de charge est con\u00e7u pour une mobilit\u00e9 et une commodit\u00e9 d'utilisation exceptionnelles. Sachant que le besoin d'appareils charg\u00e9s ne se limite souvent pas \u00e0 une seule pi\u00e8ce, le chariot est \u00e9quip\u00e9 de fonctions con\u00e7ues pour un transport et une utilisation sans effort.<\/p>\n<ul>\n<li><strong>Transport en douceur :<\/strong>\u00a0Le chariot est \u00e9quip\u00e9 de grandes roulettes pivotantes robustes. Ces roues en caoutchouc non marquant sont con\u00e7ues pour glisser en douceur sur diff\u00e9rentes surfaces de sol, du carrelage \u00e0 la moquette en passant par le bois, ce qui facilite le transport de l'ensemble du parc d'appareils d'un lieu de stockage central vers des salles de classe, des salles de conf\u00e9rence ou des installations de formation individuelles.<\/li>\n<li><strong>S\u00e9curit\u00e9 et stabilit\u00e9 :<\/strong>\u00a0L'inclusion de freins de blocage sur les roulettes est une caract\u00e9ristique de s\u00e9curit\u00e9 essentielle, qui garantit que le chariot reste bien en place une fois qu'il a atteint sa destination.<\/li>\n<li><strong>Conception ergonomique :<\/strong>\u00a0Une poign\u00e9e ergonomique \u00e0 large prise permet un contr\u00f4le confortable et positif lors de la conduite du chariot, m\u00eame lorsqu'il est enti\u00e8rement charg\u00e9.<\/li>\n<li><strong>Caract\u00e9ristiques de protection :<\/strong>\u00a0Pour prot\u00e9ger \u00e0 la fois le chariot et son environnement, il est \u00e9quip\u00e9 de butoirs de protection. Ces butoirs absorbent les chocs et \u00e9vitent les \u00e9raflures sur les murs, les portes et les meubles.<\/li>\n<li><strong>Efficacit\u00e9 spatiale :<\/strong>\u00a0L'encombrement global du chariot est \u00e9tonnamment compact, con\u00e7u pour occuper un espace similaire \u00e0 celui d'un chariot A\/V standard, ce qui en fait une solution peu encombrante pour n'importe quelle pi\u00e8ce.<\/li>\n<\/ul>\n<h3 id=\"efficient-cable-and-device-management\">Gestion efficace des c\u00e2bles et des appareils<\/h3>\n<p>La gestion efficace des c\u00e2bles est un aspect souvent n\u00e9glig\u00e9 et pourtant essentiel de toute solution de recharge multi-appareils. Ce chariot de recharge excelle dans ce domaine, en int\u00e9grant un syst\u00e8me qui \u00e9limine l'enchev\u00eatrement frustrant et fastidieux des c\u00e2bles.<\/p>\n<ul>\n<li><strong>C\u00e2blage organis\u00e9 :<\/strong>\u00a0Les fonctions int\u00e9gr\u00e9es de gestion des c\u00e2bles garantissent que tous les cordons de charge restent propres, organis\u00e9s et bien en place. L'int\u00e9rieur du chariot comprend des s\u00e9parateurs d'appareils amovibles avec des clips d'acheminement des c\u00e2bles int\u00e9gr\u00e9s, ce qui permet une installation propre. Cela am\u00e9liore non seulement l'exp\u00e9rience de l'utilisateur en facilitant le branchement et le d\u00e9branchement des appareils, mais prot\u00e8ge \u00e9galement les cordons contre les dommages caus\u00e9s par le pincement ou la flexion excessive.<\/li>\n<li><strong>Un environnement sans d\u00e9sordre :<\/strong>\u00a0Les adaptateurs d'alimentation sont log\u00e9s dans un compartiment s\u00e9par\u00e9 et d\u00e9di\u00e9, contribuant ainsi \u00e0 un environnement sans encombrement. Cet \u00e9l\u00e9ment de conception permet d'\u00e9carter les blocs d'alimentation encombrants, d'optimiser l'espace disponible pour les appareils et d'assurer une bonne ventilation.<\/li>\n<li><strong>Identification facile de l'appareil :<\/strong>\u00a0Pour faciliter encore l'organisation, les \u00e9tag\u00e8res sont num\u00e9rot\u00e9es, ce qui facilite l'attribution et l'identification d'appareils sp\u00e9cifiques, une fonction particuli\u00e8rement utile dans le cadre d'un programme d'appareils individuels dans une \u00e9cole ou pour le suivi des actifs dans une entreprise.<\/li>\n<li><strong>Pr\u00eat pour une utilisation imm\u00e9diate :<\/strong>\u00a0Ce souci du d\u00e9tail dans l'organisation des c\u00e2bles et des appareils rationalise l'ensemble du processus de gestion et de d\u00e9ploiement des appareils. La nature pr\u00e9c\u00e2bl\u00e9e du chariot signifie qu'il est pr\u00eat \u00e0 \u00eatre d\u00e9ploy\u00e9 imm\u00e9diatement, n\u00e9cessitant une installation minimale et permettant aux organisations de l'int\u00e9grer rapidement dans leur flux de travail.<\/li>\n<\/ul>","protected":false},"excerpt":{"rendered":"<div class=\"chat-container\">\n<div class=\"chat-view-container ng-star-inserted\">\n<div>\n<div class=\"chat-turn-container model render cdk-focused cdk-mouse-focused\" tabindex=\"-1\">\n<div class=\"model-prompt-container\" data-turn-role=\"Model\">\n<div class=\"turn-content\">\n<div class=\"turn-information ng-star-inserted\">Chargez et transportez 36 appareils en toute s\u00e9curit\u00e9 gr\u00e2ce \u00e0 ce chariot de chargement robuste en acier. Il est dot\u00e9 d'un syst\u00e8me de charge intelligent pour l'efficacit\u00e9 et la protection, d'un m\u00e9canisme de verrouillage \u00e0 3 points pour une s\u00e9curit\u00e9 optimale et de roues \u00e0 glissement doux pour une mobilit\u00e9 sans effort.<\/div>\n<\/div>\n<\/div>\n<div class=\"turn-footer ng-star-inserted\"><\/div>\n<\/div>\n<\/div>\n<\/div>\n<\/div>\n<footer class=\"not-zero-state ng-star-inserted\">\n<div class=\"mat-mdc-tooltip-trigger prompt-input-wrapper\">\n<div>\n<div class=\"prompt-input-wrapper-container\">\n<div class=\"text-wrapper\">\n<section class=\"text-and-attachments-wrapper\">\n<div class=\"text-input-wrapper\"><\/div>\n<\/section>\n<\/div>\n<\/div>\n<\/div>\n<\/div>\n<\/footer>","protected":false},"featured_media":2358,"template":"","meta":{"_kad_post_transparent":"default","_kad_post_title":"","_kad_post_layout":"default","_kad_post_sidebar_id":"","_kad_post_content_style":"default","_kad_post_vertical_padding":"default","_kad_post_feature":"","_kad_post_feature_position":"","_kad_post_header":false,"_kad_post_footer":false},"product_brand":[],"product_cat":[91],"product_tag":[115,137,141],"class_list":{"0":"post-1007","1":"product","2":"type-product","3":"status-publish","4":"has-post-thumbnail","6":"product_cat-charging-cabinets","7":"product_tag-charging-cart","8":"product_tag-device-storage","9":"product_tag-mobile-cart","11":"first","12":"instock","13":"shipping-taxable","14":"product-type-simple","15":"entry","16":"content-bg","17":"loop-entry"},"_links":{"self":[{"href":"https:\/\/24smartcharge.com\/fr\/wp-json\/wp\/v2\/product\/1007","targetHints":{"allow":["GET"]}}],"collection":[{"href":"https:\/\/24smartcharge.com\/fr\/wp-json\/wp\/v2\/product"}],"about":[{"href":"https:\/\/24smartcharge.com\/fr\/wp-json\/wp\/v2\/types\/product"}],"wp:featuredmedia":[{"embeddable":true,"href":"https:\/\/24smartcharge.com\/fr\/wp-json\/wp\/v2\/media\/2358"}],"wp:attachment":[{"href":"https:\/\/24smartcharge.com\/fr\/wp-json\/wp\/v2\/media?parent=1007"}],"wp:term":[{"taxonomy":"product_brand","embeddable":true,"href":"https:\/\/24smartcharge.com\/fr\/wp-json\/wp\/v2\/product_brand?post=1007"},{"taxonomy":"product_cat","embeddable":true,"href":"https:\/\/24smartcharge.com\/fr\/wp-json\/wp\/v2\/product_cat?post=1007"},{"taxonomy":"product_tag","embeddable":true,"href":"https:\/\/24smartcharge.com\/fr\/wp-json\/wp\/v2\/product_tag?post=1007"}],"curies":[{"name":"wp","href":"https:\/\/api.w.org\/{rel}","templated":true}]}}