{"id":901,"date":"2025-08-04T02:51:16","date_gmt":"2025-08-04T02:51:16","guid":{"rendered":"https:\/\/24smartcharge.com\/?post_type=product&#038;p=901"},"modified":"2025-08-15T06:04:37","modified_gmt":"2025-08-15T06:04:37","slug":"10-device-anti-theft-charging-cabinet","status":"publish","type":"product","link":"https:\/\/24smartcharge.com\/es\/10-device-anti-theft-charging-cabinet\/","title":{"rendered":"Armario de carga antirrobo para 10 dispositivos"},"content":{"rendered":"<h3 id=\"powervault-transforming-portable-power-administration-and-security\">Armario de Carga: Transformaci\u00f3n de la administraci\u00f3n y seguridad de la energ\u00eda port\u00e1til<\/h3>\n<p>En los entornos educativos y especializados hiperconectados de hoy en d\u00eda, los tel\u00e9fonos m\u00f3viles, como las tabletas, los Chromebooks y los smartphones, ya no son productos de lujo, sino dispositivos vitales para el conocimiento, la colaboraci\u00f3n y el rendimiento. Sin embargo, su expansi\u00f3n conlleva un reto log\u00edstico considerable: \u00bfc\u00f3mo mantener a todo un curso o grupo conectado, m\u00f3vil y protegido? La b\u00fasqueda continua de tomas de corriente disponibles en la pared, el l\u00edo de cables de carga retorcidos y el peligro persistente de p\u00e9rdida o sustracci\u00f3n de las instituciones financieras de energ\u00eda pueden interrumpir el flujo de trabajo y producir importantes preocupaciones administrativas. Power Technologies presenta un servicio claro con el armario de carga Terminal de carga antirrobo para 10 dispositivos, un ecosistema integrado creado para ofrecer energ\u00eda donde y cuando la necesite, de forma inteligente y segura.<\/p>\n<h3 id=\"a-centralized-hub-for-power-and-protection\">Un centro de alimentaci\u00f3n y protecci\u00f3n<\/h3>\n<p>El n\u00facleo del sistema es el propio terminal del armario de carga, un armario robusto y seguro dise\u00f1ado para ofrecer comodidad y satisfacci\u00f3n. Con capacidad para alojar y cargar simult\u00e1neamente diez bater\u00edas PowerBank+ espec\u00edficas, este terminal funciona como centro de mando para las necesidades de energ\u00eda de su dispositivo. El sistema cuenta con una robusta puerta delantera con cerradura, lo que garantiza que s\u00f3lo el personal acreditado pueda acceder a los bancos de alimentaci\u00f3n importantes. Esta protecci\u00f3n f\u00edsica es la primera l\u00ednea de defensa para proteger su inversi\u00f3n.<\/p>\n<p>Una funci\u00f3n crucial del dise\u00f1o es la ventana transparente de la puerta, que permite comprobar r\u00e1pidamente y de un vistazo las existencias. Los educadores o gestores pueden confirmar al instante la presencia de las diez bater\u00edas y ver su estado de carga a trav\u00e9s de sus pantallas digitales espec\u00edficas sin necesidad de desbloquear el sistema. Esto ahorra tiempo \u00fatil y agiliza las rutinas diarias de gesti\u00f3n. Con unas medidas de 14,5\u2033 de alto x 17,2\u2033 de ancho x 11,5\u2033 de profundidad, la estaci\u00f3n es lo suficientemente port\u00e1til como para caber en un mostrador, en un armario o montarse de forma segura, lo que la convierte en un complemento funcional para cualquier clase, biblioteca u oficina. En su interior, un potente concentrador de carga USB de 65 W funciona eficazmente para recargar las 10 pilas, garantizando que aguardan el d\u00eda siguiente.<\/p>\n<h3 id=\"unleash-movement-with-high-capacity-powerbank-batteries\">Libera el movimiento con las pilas PowerBank+ de alta capacidad<\/h3>\n<p>La verdadera libertad del sistema PowerVault+ depende de sus diez bater\u00edas m\u00f3viles PowerBank+. No se trata de las t\u00edpicas financieras de energ\u00eda para clientes; son sistemas de alto rendimiento desarrollados para las exigencias de un entorno multiusuario. Cada bater\u00eda cuenta con una enorme capacidad de 20.000 mAh (75,6 Wh a 90Wh), suficiente para mantener en funcionamiento los aparatos durante un d\u00eda completo de uso extensivo. Esta considerable capacidad puede cargar completamente una tableta t\u00edpica varias veces o un tel\u00e9fono m\u00f3vil de 4 a 5 veces, eliminando adecuadamente el estr\u00e9s y la ansiedad por la bater\u00eda para alumnos y expertos en movimiento.<\/p>\n<p>La comodidad es fundamental, y cada PowerBank+ cuenta con una impresionante variedad de cuatro puertos de carga:<\/p>\n<ul>\n<li><strong>2 puertos USB-C:\u00a0<\/strong>Uno de estos puertos es una potente entrada\/salida de distribuci\u00f3n de energ\u00eda (PD) de 60 W, con capacidad para cargar r\u00e1pidamente no solo tabletas y tel\u00e9fonos, sino tambi\u00e9n dispositivos m\u00e1s exigentes como Chromebooks y MacBooks. El segundo puerto USB-C ofrece una adaptabilidad adicional para herramientas modernas.<\/li>\n<li><strong>Dos puertos USB-A:\u00a0<\/strong>Con m\u00faltiples est\u00e1ndares de carga r\u00e1pida, como QC3.0, FCP y SCP, estos puertos garantizan la compatibilidad con versiones anteriores y la carga r\u00e1pida de una amplia gama de dispositivos y accesorios heredados.<\/li>\n<\/ul>\n<p>Esta combinaci\u00f3n de puertos indica que un solo PowerBank+ puede cargar varios dispositivos al mismo tiempo, lo que lo convierte en una herramienta adecuada para proyectos en grupo o para personas con un tel\u00e9fono, una tableta y auriculares inal\u00e1mbricos. Adem\u00e1s, cada sistema est\u00e1 equipado con una pantalla digital LC\/LED cristalina que revela el porcentaje de bater\u00eda restante espec\u00edfico, deshacerse de la incertidumbre relacionada con los indicadores de cuatro puntos simples.<\/p>\n<h3 id=\"groundbreaking-anti-theft-deterrent-technology\">Innovadora tecnolog\u00eda antirrobo disuasoria<\/h3>\n<p>Quiz\u00e1 una de las funciones m\u00e1s ingeniosas del sistema PowerVault+ sea su moderna tecnolog\u00eda antirrobo exclusiva. Un problema habitual en el uso de power banks individuales es que a menudo tienden a \"irse\" o a desprenderse de ellos, ya que se pueden recargar f\u00e1cilmente en cualquier lugar. Power Technologies soluciona este problema con una soluci\u00f3n genial y sencilla: las bater\u00edas PowerBank+ pueden\u00a0<em>s\u00f3lo\u00a0<\/em>reenergizarse dentro del terminal PowerVault+ utilizando sus exclusivos cables de facturaci\u00f3n antirrobo integrados.<\/p>\n<p>Esta caracter\u00edstica especial hace que los bancos de energ\u00eda individuales sean mucho menos llamativos para los ladrones y garantiza la responsabilidad entre los usuarios. Si una PowerBank+ no se devuelve a la estaci\u00f3n, no se puede volver a cargar, por lo que queda inservible en cuanto se agota su carga actual. Esto incentiva fuertemente a los usuarios a devolver las bater\u00edas al final del d\u00eda, garantizando que una colecci\u00f3n completa de power banks totalmente facturados est\u00e9 disponible cada ma\u00f1ana temprano. Este sistema protege su inversi\u00f3n y garantiza la fiabilidad y el funcionamiento continuo de su programa de tel\u00e9fonos inteligentes.<\/p>\n<h3 id=\"engineered-for-security-constructed-to-last\">Dise\u00f1ado para la seguridad, fabricado para durar<\/h3>\n<p>Power Technologies ha apostado por la seguridad y la fiabilidad. Todo el sistema PowerVault+ est\u00e1 fabricado con piezas de alta calidad dise\u00f1adas para soportar la rudeza del uso diario. Cada PowerBank+ est\u00e1 respaldado por un amplio conjunto de protecciones de seguridad, que consisten en seguridad contra sobrecorriente, sobredescarga, cortocircuito y sobrecarga. Estas funciones salvaguardan tanto las entidades financieras de energ\u00eda como los aparatos beneficiosos conectados a ellas. El sistema est\u00e1 dise\u00f1ado para funcionar en interiores con temperaturas normales (0 \u00b0C-40 \u00b0C) e incluye una garant\u00eda de servicio de 12 meses, lo que proporciona confianza y comodidad.<\/p>\n<p>La estaci\u00f3n de carga antirrobo para 10 dispositivos PowerVault+ es m\u00e1s que un simple producto: es un m\u00e9todo integral para la gesti\u00f3n de la energ\u00eda m\u00f3vil. Mantiene a los estudiantes y equipos en movimiento, cultiva un aprendizaje y un lugar de trabajo adaptables y vibrantes, y se deshace de los problemas diarios de la carga de dispositivos. Al integrar energ\u00eda port\u00e1til de alta capacidad, comodidad multidispositivo y una protecci\u00f3n antirrobo sin igual, PowerVault+ ofrece una soluci\u00f3n de energ\u00eda m\u00e1s inteligente, segura y fiable para cualquier tipo de empresa.<\/p>","protected":false},"excerpt":{"rendered":"<div class=\"chat-container\">\n<div class=\"chat-view-container ng-star-inserted\">\n<div>\n<div class=\"chat-turn-container model render cdk-focused cdk-mouse-focused\" tabindex=\"-1\">\n<div class=\"model-prompt-container\" data-turn-role=\"Model\">\n<div class=\"turn-content\">\n<p class=\"ng-star-inserted\"><span class=\"ng-star-inserted\">\u00a0Armario de carga antirrobo para 10 dispositivos con bater\u00edas PowerBank+ de 20.000 mAh. Su dise\u00f1o antirrobo y su concentrador de carga USB de 65 W lo hacen ideal para las aulas. Cada bater\u00eda tiene un indicador de estado digital, 2 puertos USB-C y 2 puertos USB-A para una alimentaci\u00f3n vers\u00e1til y segura donde la necesites.<\/span><\/p>\n<div class=\"turn-information ng-star-inserted\"><\/div>\n<\/div>\n<\/div>\n<div class=\"turn-footer ng-star-inserted\"><\/div>\n<\/div>\n<\/div>\n<\/div>\n<\/div>\n<footer class=\"not-zero-state ng-star-inserted\">\n<div class=\"mat-mdc-tooltip-trigger prompt-input-wrapper\">\n<div>\n<div class=\"prompt-input-wrapper-container\">\n<div class=\"text-wrapper\">\n<section class=\"text-and-attachments-wrapper\">\n<div class=\"text-input-wrapper\"><\/div>\n<\/section>\n<\/div>\n<\/div>\n<\/div>\n<\/div>\n<\/footer>","protected":false},"featured_media":2328,"template":"","meta":{"_kad_post_transparent":"default","_kad_post_title":"","_kad_post_layout":"default","_kad_post_sidebar_id":"","_kad_post_content_style":"default","_kad_post_vertical_padding":"default","_kad_post_feature":"","_kad_post_feature_position":"","_kad_post_header":false,"_kad_post_footer":false},"product_brand":[],"product_cat":[91],"product_tag":[127,122,126],"class_list":{"0":"post-901","1":"product","2":"type-product","3":"status-publish","4":"has-post-thumbnail","6":"product_cat-charging-cabinets","7":"product_tag-anti-theft","8":"product_tag-charging-cabinet","9":"product_tag-power-banks","11":"first","12":"instock","13":"shipping-taxable","14":"product-type-simple","15":"entry","16":"content-bg","17":"loop-entry"},"_links":{"self":[{"href":"https:\/\/24smartcharge.com\/es\/wp-json\/wp\/v2\/product\/901","targetHints":{"allow":["GET"]}}],"collection":[{"href":"https:\/\/24smartcharge.com\/es\/wp-json\/wp\/v2\/product"}],"about":[{"href":"https:\/\/24smartcharge.com\/es\/wp-json\/wp\/v2\/types\/product"}],"wp:featuredmedia":[{"embeddable":true,"href":"https:\/\/24smartcharge.com\/es\/wp-json\/wp\/v2\/media\/2328"}],"wp:attachment":[{"href":"https:\/\/24smartcharge.com\/es\/wp-json\/wp\/v2\/media?parent=901"}],"wp:term":[{"taxonomy":"product_brand","embeddable":true,"href":"https:\/\/24smartcharge.com\/es\/wp-json\/wp\/v2\/product_brand?post=901"},{"taxonomy":"product_cat","embeddable":true,"href":"https:\/\/24smartcharge.com\/es\/wp-json\/wp\/v2\/product_cat?post=901"},{"taxonomy":"product_tag","embeddable":true,"href":"https:\/\/24smartcharge.com\/es\/wp-json\/wp\/v2\/product_tag?post=901"}],"curies":[{"name":"wp","href":"https:\/\/api.w.org\/{rel}","templated":true}]}}