{"id":888,"date":"2025-08-04T02:18:07","date_gmt":"2025-08-04T02:18:07","guid":{"rendered":"https:\/\/24smartcharge.com\/?post_type=product&#038;p=888"},"modified":"2025-08-15T03:53:06","modified_gmt":"2025-08-15T03:53:06","slug":"charging-cabinet-for-16-devices-with-baskets","status":"publish","type":"product","link":"https:\/\/24smartcharge.com\/es\/charging-cabinet-for-16-devices-with-baskets\/","title":{"rendered":"Armario de carga para 16 dispositivos con cestas"},"content":{"rendered":"<p><strong>Reinventar la administraci\u00f3n inform\u00e1tica mediante soluciones innovadoras<\/strong><br \/>\nEl armario de carga es muy cuidadosamente sostener, escudo, y el costo de 16 aparatos al mismo tiempo. Su interior adaptable puede caber diferentes tipos de aparatos electr\u00f3nicos, incluyendo ordenadores port\u00e1tiles, Chromebooks hasta 14 pulgadas, tabletas y iPads. Con un tama\u00f1o \u00f3ptimo del dispositivo de 9.5\u2033 x 14.2\u2033, este armario ofrece una amplia zona para aparatos generalmente utilizados en entornos educativos y empresariales.<\/p>\n<p>El armario de carga domina su vanguardista sistema de cestas, que se desarroll\u00f3 pensando en circunstancias de liberaci\u00f3n \u00fatiles. Este sistema consta de cuatro cestas resistentes y ligeras en colores brillantes: rojo, verde, azul y naranja. Cada cesta est\u00e1 creada para alojar hasta cuatro aparatos, lo que facilita la distribuci\u00f3n a los grupos. Imag\u00ednese el comienzo de un curso o una sesi\u00f3n de formaci\u00f3n: en lugar de una larga cola de alumnos o trabajadores esperando sus aparatos individuales, una sola persona puede repartir una cesta entera a una mesa o equipo. Esta t\u00e9cnica racionalizada, denominada \"Deployment Made Easy\", reduce dr\u00e1sticamente el tiempo de los turnos, minimiza la congesti\u00f3n de los pasillos y acelera el inicio de las actividades de aprendizaje o trabajo. El sistema de codificaci\u00f3n por colores aumenta la eficacia de la empresa, ya que permite distribuir f\u00e1cilmente cestas espec\u00edficas a distintos equipos, clases o tipos de herramientas, lo que garantiza que los dispositivos correctos lleguen siempre a las personas adecuadas.<\/p>\n<p><strong>Seguridad y resistencia sin concesiones<\/strong><br \/>\nEl armario de carga se ha dise\u00f1ado pensando en el valor de las herramientas electr\u00f3nicas, ofreciendo una s\u00f3lida seguridad para estas importantes posesiones. Creado con un estilo duradero y totalmente met\u00e1lico, este armario ofrece una carcasa resistente y duradera que puede soportar las exigencias del uso regular en entornos ajetreados. Un sistema de cierre de confianza en las puertas delanteras proporciona una mayor seguridad y protecci\u00f3n, impidiendo el acceso no autorizado y los robos, y ofreciendo a los clientes una total tranquilidad cuando almacenan aparatos durante periodos prolongados.<\/p>\n<p>La confianza del fabricante en la resistencia del art\u00edculo est\u00e1 respaldada por una garant\u00eda de servicio de por vida, testimonio de su notable calidad de construcci\u00f3n y fiabilidad duradera. Esta dedicaci\u00f3n a la resistencia sugiere que el armario de carga no es s\u00f3lo una soluci\u00f3n a corto plazo, sino una inversi\u00f3n duradera en las instalaciones tecnol\u00f3gicas de su empresa. Con unas medidas exteriores de 24,2\u2033 de alto x 25,6\u2033 de ancho x 11,5\u2033 de profundidad y un peso de 55 libras, el armario tiene una visibilidad potente y estable.<\/p>\n<p><strong>Integraci\u00f3n fluida y configuraci\u00f3n sin complicaciones<\/strong><br \/>\nLos cables desordenados son la perdici\u00f3n de cualquier ambiente multidispositivo. El armario de carga aborda este problema de frente con un sistema de gesti\u00f3n de cables y alimentaci\u00f3n extraordinariamente integrado. Un espacio dedicado al almacenamiento de adaptadores de corriente permite alojar ordenadamente todos los ladrillos de facturaci\u00f3n necesarios, manteni\u00e9ndolos fuera de la vista y protegidos. La estructura interna del armario est\u00e1 dise\u00f1ada para conducir f\u00e1cilmente los cables a todos los puertos de los dispositivos, evitando enredos, nudos y los inevitables da\u00f1os que se originan por un cableado el\u00e9ctrico desorganizado.<\/p>\n<p>Este cuidado dise\u00f1o se traduce en un proceso de instalaci\u00f3n extremadamente r\u00e1pido. Desembalar y preparar el armario de carga para su uso es un asunto sencillo y f\u00e1cil de usar. Puede tener sus dispositivos, desde port\u00e1tiles e iPads hasta Chromebooks, instalados y conectados en muy poco tiempo, reduciendo el tiempo de inactividad y permiti\u00e9ndole beneficiarse de su nuevo sistema de administraci\u00f3n casi al instante. El propio armario se alimenta con un \u00fanico cable, combinando la carga de 16 herramientas distintas en una \u00fanica fuente de energ\u00eda, liberando m\u00faltiples tomas de corriente para otros usos.<\/p>\n<p><strong>Versatilidad para cualquier ambiente<\/strong><br \/>\nEl armario de carga cuenta con una adaptabilidad excepcional que lo convierte en una opci\u00f3n excelente para diversas configuraciones. Su dise\u00f1o permite instalarlo sin esfuerzo tanto en una pared como en un escritorio, lo que le permite integrarse en cualquier tipo de entorno. En lugares con poco espacio, como clases peque\u00f1as u oficinas con mucho trabajo, la opci\u00f3n de montar el armario en la pared es una ventaja importante. Esta disposici\u00f3n libera un beneficioso espacio de suelo y superficie, manteniendo los dispositivos accesibles a la vez que se mantiene una zona libre de desorden. A la inversa, cuando se coloca sobre un escritorio o una encimera de cocina, el armario funciona como una estaci\u00f3n de facturaci\u00f3n robusta y bien organizada.<\/p>\n<p><strong>Remedio vers\u00e1til para usos diversos<\/strong><br \/>\nEducaci\u00f3n y aprendizaje K-12: Permite la distribuci\u00f3n y recogida eficaz y ordenada de gadgets para programas 1:1 y comunes en aulas y bibliotecas escolares.<\/p>\n<p>En las empresas, estas \u00e1reas est\u00e1n equipadas para mantener en buen estado las salas de formaci\u00f3n, los centros de reuniones y los parques de ordenadores port\u00e1tiles de la empresa, asegur\u00e1ndose de que los aparatos est\u00e9n siempre facturados, protegidos y preparados para funcionar.<\/p>\n<p>Instituciones m\u00e9dicas: Las instalaciones y los centros m\u00e9dicos pueden utilizar este servicio para supervisar la distribuci\u00f3n y el mantenimiento de las tabletas que se utilizan para supervisar la informaci\u00f3n de los pacientes, la interacci\u00f3n del equipo y las actividades de ocio de los pacientes, garantizando que las herramientas se limpian y se alimentan correctamente para su uso posterior.<\/p>\n<p>Venta al por menor y facilidad de uso: Puede servir como punto principal para cargar las herramientas utilizadas por los empleados, las tabletas de los puntos de venta o las herramientas utilizadas para uso de los hu\u00e9spedes.<\/p>","protected":false},"excerpt":{"rendered":"<div class=\"chat-turn-container model render cdk-focused cdk-mouse-focused\" tabindex=\"-1\">\n<div class=\"model-prompt-container\" data-turn-role=\"Model\">\n<div class=\"turn-content\">\n<p class=\"ng-star-inserted\"><span class=\"ng-star-inserted\">Almacene y cargue de forma segura hasta 16 dispositivos con el armario de carga. Esta vers\u00e1til unidad de montaje en pared cuenta con 4 cestas de colores, cada una con capacidad para 4 dispositivos como port\u00e1tiles, tabletas y Chromebooks de hasta 14\u2033. Su resistente estructura met\u00e1lica y su f\u00e1cil instalaci\u00f3n simplifican la gesti\u00f3n de los dispositivos.<\/span><\/p>\n<div class=\"turn-information ng-star-inserted\"><\/div>\n<\/div>\n<\/div>\n<\/div>\n<div class=\"chat-turn-container render user\" tabindex=\"-1\">\n<div class=\"actions-container\">\n<div class=\"actions hover-or-edit\">\n<div><\/div>\n<\/div>\n<\/div>\n<div class=\"user-prompt-container\" data-turn-role=\"User\">\n<div class=\"turn-content\">\n<div class=\"image-container\">\n<div class=\"top-right-image-controls\"><\/div>\n<\/div>\n<\/div>\n<\/div>\n<\/div>","protected":false},"featured_media":2288,"template":"","meta":{"_kad_post_transparent":"default","_kad_post_title":"","_kad_post_layout":"default","_kad_post_sidebar_id":"","_kad_post_content_style":"default","_kad_post_vertical_padding":"default","_kad_post_feature":"","_kad_post_feature_position":"","_kad_post_header":false,"_kad_post_footer":false},"product_brand":[],"product_cat":[91],"product_tag":[125,122,119],"class_list":{"0":"post-888","1":"product","2":"type-product","3":"status-publish","4":"has-post-thumbnail","6":"product_cat-charging-cabinets","7":"product_tag-charging-baskets","8":"product_tag-charging-cabinet","9":"product_tag-device-management","11":"first","12":"instock","13":"shipping-taxable","14":"product-type-simple","15":"entry","16":"content-bg","17":"loop-entry"},"_links":{"self":[{"href":"https:\/\/24smartcharge.com\/es\/wp-json\/wp\/v2\/product\/888","targetHints":{"allow":["GET"]}}],"collection":[{"href":"https:\/\/24smartcharge.com\/es\/wp-json\/wp\/v2\/product"}],"about":[{"href":"https:\/\/24smartcharge.com\/es\/wp-json\/wp\/v2\/types\/product"}],"wp:featuredmedia":[{"embeddable":true,"href":"https:\/\/24smartcharge.com\/es\/wp-json\/wp\/v2\/media\/2288"}],"wp:attachment":[{"href":"https:\/\/24smartcharge.com\/es\/wp-json\/wp\/v2\/media?parent=888"}],"wp:term":[{"taxonomy":"product_brand","embeddable":true,"href":"https:\/\/24smartcharge.com\/es\/wp-json\/wp\/v2\/product_brand?post=888"},{"taxonomy":"product_cat","embeddable":true,"href":"https:\/\/24smartcharge.com\/es\/wp-json\/wp\/v2\/product_cat?post=888"},{"taxonomy":"product_tag","embeddable":true,"href":"https:\/\/24smartcharge.com\/es\/wp-json\/wp\/v2\/product_tag?post=888"}],"curies":[{"name":"wp","href":"https:\/\/api.w.org\/{rel}","templated":true}]}}