{"id":858,"date":"2025-08-04T10:32:33","date_gmt":"2025-08-04T10:32:33","guid":{"rendered":"https:\/\/24smartcharge.com\/?post_type=product&#038;p=858"},"modified":"2025-08-18T02:33:24","modified_gmt":"2025-08-18T02:33:24","slug":"power-technologies-charging-cabinet-for-16-devices","status":"publish","type":"product","link":"https:\/\/24smartcharge.com\/es\/power-technologies-charging-cabinet-for-16-devices\/","title":{"rendered":"Armario de carga Power Technologies para 16 dispositivos"},"content":{"rendered":"<h3 id=\"-hard-defense-and-long-lasting-build-\"><strong>Defensa dura y construcci\u00f3n duradera<\/strong><\/h3>\n<p>En el centro del dise\u00f1o de este armario de carga hay un compromiso inquebrantable con la seguridad. Reconociendo que los dispositivos que alberga son activos valiosos, el armario de carga est\u00e1 dise\u00f1ado para ser una fortaleza para su tecnolog\u00eda. La construcci\u00f3n totalmente met\u00e1lica proporciona una carcasa duradera y robusta que resiste los rigores de los entornos de mucho tr\u00e1fico. Este robusto armaz\u00f3n se complementa con puertas con cerradura, que garantizan que los 16 dispositivos est\u00e9n a salvo de robos, accesos no autorizados y posibles da\u00f1os. El mecanismo de cierre es f\u00e1cil de accionar, lo que proporciona tranquilidad a los administradores inform\u00e1ticos, educadores y gestores responsables de la protecci\u00f3n de estas herramientas esenciales. Este enfoque en la seguridad convierte al armario de carga en un activo indispensable para cualquier organizaci\u00f3n que desee proteger su inversi\u00f3n en tecnolog\u00eda.<\/p>\n<p>La duradera construcci\u00f3n del armario de carga se ve reforzada por un dise\u00f1o estrat\u00e9gico que da prioridad al flujo de aire, protegiendo los dispositivos de la acumulaci\u00f3n excesiva de calor durante la carga. Las rejillas de ventilaci\u00f3n situadas a prop\u00f3sito en los laterales de la unidad favorecen la circulaci\u00f3n del aire, un aspecto fundamental a la hora de cargar varios dispositivos en un espacio reducido. Al disipar el calor de forma eficaz, esta caracter\u00edstica de dise\u00f1o ayuda a proteger los dispositivos y los accesorios de carga del estr\u00e9s t\u00e9rmico, prolongando as\u00ed su vida \u00fatil y manteniendo una funcionalidad \u00f3ptima.<\/p>\n<h3 id=\"-streamlined-and-effective-charging-\"><strong>Carga \u00e1gil y eficaz<\/strong><\/h3>\n<p>La funci\u00f3n principal de cualquier soluci\u00f3n de carga es, por supuesto, cargar los dispositivos de forma eficiente. Este armario de carga sobresale con un sistema de carga de CA fundamental pero potente. Dentro de la unidad, una regleta con 16 tomas de corriente est\u00e1 perfectamente integrada, proporcionando una fuente de alimentaci\u00f3n dedicada para cada dispositivo. Esto elimina el desorden y el peligro de m\u00faltiples cables de alimentaci\u00f3n conectados a varias tomas de corriente en una habitaci\u00f3n. Al centralizar el proceso de carga, este armario de carga no s\u00f3lo organiza el espacio f\u00edsico, sino que tambi\u00e9n agiliza el flujo de trabajo de gesti\u00f3n y preparaci\u00f3n de los dispositivos para su uso diario.<\/p>\n<p>El dise\u00f1o prioriza la facilidad de uso, permitiendo a los usuarios conectar sin esfuerzo adaptadores de corriente individuales para cada dispositivo a la regleta integrada, que est\u00e1 alojada de forma segura en un pr\u00e1ctico compartimento. Este estudiado dise\u00f1o simplifica el proceso de configuraci\u00f3n inicial y facilita el mantenimiento o la sustituci\u00f3n de los adaptadores en el futuro. Adem\u00e1s, el \u00fanico cable de alimentaci\u00f3n del armario de carga minimiza los enredos de cables y ofrece flexibilidad de colocaci\u00f3n, lo que facilita colocar la unidad en el lugar m\u00e1s conveniente.<\/p>\n<h3 id=\"-thoughtful-engineering-and-cable-organization-\"><strong>Ingenier\u00eda reflexiva y organizaci\u00f3n del cableado<\/strong><\/h3>\n<p>Un reto habitual en la gesti\u00f3n de m\u00faltiples dispositivos es el caos de cables enredados. Este armario de carga de Power Technologies aborda directamente este problema con un sistema de gesti\u00f3n de cables elegante y eficaz. Los separadores de dispositivos extra\u00edbles no s\u00f3lo crean ranuras individuales para cada uno de los 16 dispositivos, sino que tambi\u00e9n integran un sistema de gesti\u00f3n de cables. Este inteligente dise\u00f1o garantiza que los cables de carga permanezcan donde deben estar, evitando que se conviertan en un enredo. Los cables se dirigen ordenadamente a cada dispositivo, facilitando a los usuarios la tarea de enchufar y desenchufar sus dispositivos sin frustraciones.<\/p>\n<p>Adem\u00e1s, el paquete incluye tiras de estanter\u00eda con n\u00fameros para simplificar el proceso de identificaci\u00f3n de los dispositivos. Tanto si se trata de un aula con 16 alumnos como de una oficina con 16 empleados, es f\u00e1cil asignar a cada usuario una ranura designada. Este aspecto organizativo facilita la distribuci\u00f3n y recogida eficaz de los dispositivos, lo que en \u00faltima instancia ahorra tiempo y fomenta la responsabilidad de los usuarios. Con una gesti\u00f3n de cables organizada y una identificaci\u00f3n clara, la gesti\u00f3n de dispositivos se convierte en una rutina fluida y eficiente en lugar de una tarea desalentadora.<\/p>\n<h3 id=\"-flexible-and-user-friendly-design-\"><strong>Dise\u00f1o flexible y f\u00e1cil de usar<\/strong><\/h3>\n<p>Desarrollado pensando en la comodidad, este armario de carga puede montarse de forma segura en una pared o colocarse sobre una encimera, en funci\u00f3n de las necesidades y la distribuci\u00f3n de la habitaci\u00f3n. El montaje en la pared es una opci\u00f3n excelente para ahorrar espacio en el suelo y proporcionar un hogar permanente y seguro para los dispositivos. Las dimensiones del armario de carga est\u00e1n optimizadas para alojar hasta 16 dispositivos, con un amplio espacio en cada ranura. Las dimensiones m\u00e1ximas para cada dispositivo son de 10,8 por 15,6 pulgadas, lo que lo hace compatible con una amplia gama de Chromebooks y tabletas actualmente en el mercado.<\/p>\n<p>El dise\u00f1o de doble puerta frontal ofrece un f\u00e1cil acceso a los dispositivos. Las puertas se abren de par en par, lo que permite colocar y extraer c\u00f3modamente los componentes electr\u00f3nicos. Este enfoque de f\u00e1cil uso se extiende a la configuraci\u00f3n inicial. El compartimento para el adaptador de alimentaci\u00f3n, con cierre de seguridad, est\u00e1 dise\u00f1ado para una configuraci\u00f3n r\u00e1pida y sencilla, lo que permite a los administradores poner el armario en funcionamiento con un tiempo de inactividad m\u00ednimo. Toda la experiencia del usuario, desde la instalaci\u00f3n hasta el uso diario, est\u00e1 dise\u00f1ada para ser intuitiva y eficiente.<\/p>\n<p>El armario tiene un aspecto elegante y profesional en el exterior, con un cuerpo blanco y puertas negras que le ayudan a integrarse bien en diversos entornos profesionales y educativos. Este dise\u00f1o meticulosamente planificado garantiza que el armario de carga sirva no solo como equipo funcional, sino tambi\u00e9n como mueble elegante.<\/p>","protected":false},"excerpt":{"rendered":"<div class=\"chat-container\">\n<div class=\"chat-view-container ng-star-inserted\">\n<div>\n<div class=\"chat-turn-container model render cdk-focused cdk-mouse-focused\" tabindex=\"-1\">\n<div class=\"model-prompt-container\" data-turn-role=\"Model\">\n<div class=\"turn-content\">\n<p class=\"ng-star-inserted\"><span class=\"ng-star-inserted\">Cargue y almacene de forma segura hasta 16 Chromebooks o tabletas con el armario de carga de Power Technologies. Esta unidad compacta y con cerradura proporciona carga b\u00e1sica y mantiene los dispositivos seguros. Est\u00e1 dise\u00f1ado para dispositivos de hasta 10,8\u2033 x 15,6\u2033 y puede montarse f\u00e1cilmente en la pared.<\/span><\/p>\n<div class=\"turn-information ng-star-inserted\"><\/div>\n<\/div>\n<\/div>\n<div class=\"turn-footer ng-star-inserted\"><\/div>\n<\/div>\n<\/div>\n<\/div>\n<\/div>\n<footer class=\"not-zero-state ng-star-inserted\">\n<div class=\"mat-mdc-tooltip-trigger prompt-input-wrapper\">\n<div>\n<div class=\"prompt-input-wrapper-container\">\n<div class=\"text-wrapper\">\n<section class=\"text-and-attachments-wrapper\">\n<div class=\"text-input-wrapper\"><\/div>\n<\/section>\n<\/div>\n<\/div>\n<\/div>\n<\/div>\n<\/footer>","protected":false},"featured_media":2374,"template":"","meta":{"_kad_post_transparent":"default","_kad_post_title":"","_kad_post_layout":"default","_kad_post_sidebar_id":"","_kad_post_content_style":"default","_kad_post_vertical_padding":"default","_kad_post_feature":"","_kad_post_feature_position":"","_kad_post_header":false,"_kad_post_footer":false},"product_brand":[],"product_cat":[91],"product_tag":[122,119,117],"class_list":{"0":"post-858","1":"product","2":"type-product","3":"status-publish","4":"has-post-thumbnail","6":"product_cat-charging-cabinets","7":"product_tag-charging-cabinet","8":"product_tag-device-management","9":"product_tag-secure-storage","11":"first","12":"instock","13":"shipping-taxable","14":"product-type-simple","15":"entry","16":"content-bg","17":"loop-entry"},"_links":{"self":[{"href":"https:\/\/24smartcharge.com\/es\/wp-json\/wp\/v2\/product\/858","targetHints":{"allow":["GET"]}}],"collection":[{"href":"https:\/\/24smartcharge.com\/es\/wp-json\/wp\/v2\/product"}],"about":[{"href":"https:\/\/24smartcharge.com\/es\/wp-json\/wp\/v2\/types\/product"}],"wp:featuredmedia":[{"embeddable":true,"href":"https:\/\/24smartcharge.com\/es\/wp-json\/wp\/v2\/media\/2374"}],"wp:attachment":[{"href":"https:\/\/24smartcharge.com\/es\/wp-json\/wp\/v2\/media?parent=858"}],"wp:term":[{"taxonomy":"product_brand","embeddable":true,"href":"https:\/\/24smartcharge.com\/es\/wp-json\/wp\/v2\/product_brand?post=858"},{"taxonomy":"product_cat","embeddable":true,"href":"https:\/\/24smartcharge.com\/es\/wp-json\/wp\/v2\/product_cat?post=858"},{"taxonomy":"product_tag","embeddable":true,"href":"https:\/\/24smartcharge.com\/es\/wp-json\/wp\/v2\/product_tag?post=858"}],"curies":[{"name":"wp","href":"https:\/\/api.w.org\/{rel}","templated":true}]}}