{"id":1857,"date":"2025-08-08T10:05:06","date_gmt":"2025-08-08T10:05:06","guid":{"rendered":"https:\/\/24smartcharge.com\/?post_type=product&#038;p=1857"},"modified":"2025-08-18T02:19:11","modified_gmt":"2025-08-18T02:19:11","slug":"ergotron-mobile-laptop-tablet-charging-cabinet","status":"publish","type":"product","link":"https:\/\/24smartcharge.com\/es\/ergotron-mobile-laptop-tablet-charging-cabinet\/","title":{"rendered":"Cargador Ergotron para port\u00e1tiles y tabletas"},"content":{"rendered":"<h3 id=\"-ergotron-mobile-laptop-tablet-charging-cabinet-the-ultimate-solution-for-device-management-\"><strong>Armario de carga para port\u00e1tiles y tabletas Ergotron: La soluci\u00f3n definitiva para la gesti\u00f3n de dispositivos<\/strong><\/h3>\n<p>En cualquier entorno educativo o corporativo moderno, la gesti\u00f3n de una flota de dispositivos como port\u00e1tiles, tabletas y Chromebooks supone un reto importante. Garantizar que estos valiosos activos est\u00e9n seguros, completamente cargados y listos para su uso diario es primordial. El armario de carga m\u00f3vil para port\u00e1tiles y tabletas Ergotron ofrece una soluci\u00f3n completa y racionalizada, dise\u00f1ada para simplificar la gesti\u00f3n de dispositivos al tiempo que prioriza la seguridad, la eficiencia y la longevidad. Esta estaci\u00f3n de carga robusta y de dise\u00f1o inteligente es m\u00e1s que una simple unidad de almacenamiento; es una herramienta esencial para cualquier organizaci\u00f3n que busque optimizar su flujo de trabajo tecnol\u00f3gico.<\/p>\n<h3 id=\"-high-capacity-and-versatile-storage-\"><strong>Almacenamiento vers\u00e1til y de gran capacidad<\/strong><\/h3>\n<p>Una de las caracter\u00edsticas m\u00e1s destacadas de este\u00a0<strong>Armario de carga<\/strong>\u00a0es su excepcional flexibilidad. El interior est\u00e1 equipado con divisores ajustables, que permiten personalizar el tama\u00f1o de la bah\u00eda para alojar una amplia variedad de dispositivos. Esta adaptabilidad la convierte en una inversi\u00f3n de futuro, capaz de albergar su tecnolog\u00eda actual y la que venga despu\u00e9s.<\/p>\n<ul>\n<li><strong>Modo Tablet y Chromebook:<\/strong>\u00a0Configure el armario para almacenar y cargar de forma segura hasta 40 tabletas o Chromebooks.<\/li>\n<li><strong>Modo port\u00e1til:<\/strong>\u00a0Para dispositivos m\u00e1s grandes, el armario puede ajustarse para que quepan hasta 30 port\u00e1tiles de tama\u00f1o normal.<\/li>\n<\/ul>\n<p>Este dise\u00f1o universal le permite gestionar una flota mixta de dispositivos de distintos fabricantes -incluidos Microsoft, Apple, Dell, HP, etc.- en una \u00fanica unidad organizada. El sistema de gesti\u00f3n de cables limpio y ordenado garantiza que cada dispositivo tenga su lugar designado, eliminando el desorden de cables enredados y facilitando a los usuarios la tarea de enchufar y retirar dispositivos.<\/p>\n<h3 id=\"-intelligent-and-efficient-charging-with-powershuttle-technology-\"><strong>Carga inteligente y eficiente con la tecnolog\u00eda PowerShuttle<\/strong><\/h3>\n<p>En el coraz\u00f3n de este armario de carga se encuentra la tecnolog\u00eda PowerShuttle\u00ae patentada por Ergotron, un sofisticado sistema que revoluciona el proceso de carga. En lugar de utilizar un simple temporizador que carga los dispositivos por lotes, la tecnolog\u00eda PowerShuttle\u00ae supervisa de forma inteligente el consumo de energ\u00eda y optimiza la carga de todos los dispositivos conectados simult\u00e1neamente.<\/p>\n<p>He aqu\u00ed c\u00f3mo mejora la eficacia y la seguridad:<\/p>\n<ul>\n<li><strong>Carga m\u00e1s r\u00e1pida:<\/strong>\u00a0Este sistema puede cargar dispositivos de hasta 40% m\u00e1s r\u00e1pido que los sistemas round-robin de la competencia. Esto significa menos tiempo de inactividad y m\u00e1s tiempo para el aprendizaje y la productividad.<\/li>\n<li><strong>Protecci\u00f3n de circuitos:<\/strong>\u00a0Al gestionar la carga de potencia, PowerShuttle\u00ae evita la sobrecarga de los circuitos el\u00e9ctricos y las molestias de los disyuntores disparados, incluso cuando el armario est\u00e1 totalmente cargado. Lo consigue detectando el consumo total de corriente y dividiendo la potencia en grupos seguros si el l\u00edmite est\u00e1 a punto de superarse.<\/li>\n<li><strong>Sin temporizadores manuales:<\/strong>\u00a0Todo el proceso est\u00e1 automatizado, lo que elimina la necesidad de conmutar manualmente las tomas de corriente o ajustar el temporizador. Basta con enchufar el armario a una toma de corriente est\u00e1ndar y el sistema se encarga del resto.<\/li>\n<\/ul>\n<h3 id=\"-protecting-your-investment-enhanced-device-longevity-\"><strong>Proteja su inversi\u00f3n: Mayor longevidad de los dispositivos<\/strong><\/h3>\n<p>Los dispositivos electr\u00f3nicos generan un calor significativo durante la carga, y las temperaturas excesivas pueden reducir dr\u00e1sticamente la salud de la bater\u00eda y acortar la vida \u00fatil general del dispositivo. Consciente de ello, Ergotron\u00a0<strong>Armario de carga<\/strong>\u00a0cuenta con ventiladores integrados y un dise\u00f1o ventilado para garantizar una refrigeraci\u00f3n \u00f3ptima.<\/p>\n<p>Las puertas de acero est\u00e1n perforadas para permitir un flujo de aire continuo, evitando la acumulaci\u00f3n de calor dentro del espacio cerrado. Este sistema de refrigeraci\u00f3n activa mantiene las bater\u00edas y los componentes internos dentro de su rango de temperatura ideal, protegi\u00e9ndolos de los da\u00f1os y la degradaci\u00f3n relacionados con el calor. Al prolongar la vida \u00fatil de sus dispositivos, el armario ofrece un excepcional retorno de la inversi\u00f3n.<\/p>\n<h3 id=\"-robust-security-for-peace-of-mind-\"><strong>Seguridad robusta para mayor tranquilidad<\/strong><\/h3>\n<p>Asegurar docenas de dispositivos valiosos es una prioridad m\u00e1xima, y este carro de carga est\u00e1 construido para proporcionar la m\u00e1xima protecci\u00f3n. El armario cuenta con un robusto armaz\u00f3n de acero y duraderas puertas de acero de doble bisagra que se abren 180 grados para facilitar el acceso.<\/p>\n<p>La seguridad se ve reforzada por un robusto conjunto de llave y cerradura, que garantiza que s\u00f3lo el personal autorizado pueda acceder a los dispositivos. Para una seguridad a\u00fan mayor, el carro puede fijarse a una pared o al suelo con un soporte opcional, proporcionando una formidable defensa contra el robo en cualquier entorno. Todo el carro ha sido probado y certificado conforme a las normas UL, lo que garantiza que cumple los estrictos requisitos de seguridad contra riesgos el\u00e9ctricos, de incendio y f\u00edsicos.<\/p>\n<h3 id=\"-effortless-mobility-and-user-friendly-design-\"><strong>Movilidad sin esfuerzo y dise\u00f1o f\u00e1cil de usar<\/strong><\/h3>\n<p>Dise\u00f1ado para entornos din\u00e1micos como escuelas y oficinas, este\u00a0<strong>Armario de carga<\/strong>\u00a0est\u00e1 dise\u00f1ado para la movilidad. Se asienta sobre cuatro ruedas duraderas, de calidad m\u00e9dica y con doble bloqueo, que se deslizan suave y silenciosamente por diversas superficies de suelo. El asa integrada proporciona un agarre c\u00f3modo para facilitar la navegaci\u00f3n a trav\u00e9s de puertas y pasillos. Su dise\u00f1o compacto y ligero lo hace significativamente m\u00e1s peque\u00f1o que muchos productos de la competencia, lo que le permite encajar f\u00e1cilmente en espacios reducidos sin interrumpir el flujo de trabajo.<\/p>\n<p>Lo mejor de todo es que la unidad se env\u00eda completamente montada. No requiere ninguna configuraci\u00f3n compleja. Solo tienes que sacarla de la caja, enchufarla y ya est\u00e1 lista para empezar a cargar tus dispositivos.<\/p>\n<h3 id=\"-streamlined-it-management-\"><strong>Gesti\u00f3n inform\u00e1tica racionalizada<\/strong><\/h3>\n<p>Este armario de carga es tambi\u00e9n una potente herramienta para los profesionales de TI. Viene equipado con cables Ethernet CAT6 preinstalados y soportes de montaje, lo que permite una gesti\u00f3n completa de los dispositivos. Estos cables de alta velocidad permiten al personal inform\u00e1tico enviar actualizaciones de software, ejecutar diagn\u00f3sticos y reimaginar dispositivos mientras est\u00e1n almacenados de forma segura y carg\u00e1ndose durante la noche. Esta capacidad de gesti\u00f3n centralizada ahorra innumerables horas de trabajo manual, liberando al personal inform\u00e1tico para que pueda centrarse en otras tareas cr\u00edticas. Los cables CAT6 ofrecen una transferencia de datos fiable y de alta velocidad, lo que garantiza que las actualizaciones se realicen de forma r\u00e1pida y eficaz sin interferencias.<\/p>\n<p>El armario de carga para port\u00e1tiles y tabletas Ergotron es el paquete completo para cualquier organizaci\u00f3n que busque una soluci\u00f3n eficaz, segura y fiable para gestionar sus dispositivos m\u00f3viles.<\/p>","protected":false},"excerpt":{"rendered":"<div class=\"chat-container\">\n<div class=\"chat-view-container ng-star-inserted\">\n<div>\n<div class=\"chat-turn-container model render cdk-focused cdk-mouse-focused\" tabindex=\"-1\">\n<div class=\"model-prompt-container\" data-turn-role=\"Model\">\n<div class=\"turn-content\">\n<p class=\"ng-star-inserted\"><span class=\"ng-star-inserted\">Este armario de carga Ergotron m\u00f3vil almacena, transporta y carga de forma segura hasta 30 port\u00e1tiles o 40 tabletas. Dispone de separadores ajustables, ventiladores de refrigeraci\u00f3n para prolongar la duraci\u00f3n de la bater\u00eda y cables Ethernet CAT6 preinstalados para facilitar la gesti\u00f3n de los dispositivos. Las puertas con cerradura proporcionan mayor seguridad.<\/span><\/p>\n<div class=\"turn-information ng-star-inserted\"><\/div>\n<\/div>\n<\/div>\n<div class=\"turn-footer ng-star-inserted\"><\/div>\n<\/div>\n<\/div>\n<\/div>\n<\/div>\n<footer class=\"not-zero-state ng-star-inserted\">\n<div class=\"mat-mdc-tooltip-trigger prompt-input-wrapper\">\n<div>\n<div class=\"prompt-input-wrapper-container\">\n<div class=\"text-wrapper\">\n<section class=\"text-and-attachments-wrapper\">\n<div class=\"text-input-wrapper\"><\/div>\n<\/section>\n<\/div>\n<\/div>\n<\/div>\n<\/div>\n<\/footer>","protected":false},"featured_media":2757,"template":"","meta":{"_kad_post_transparent":"default","_kad_post_title":"","_kad_post_layout":"default","_kad_post_sidebar_id":"","_kad_post_content_style":"default","_kad_post_vertical_padding":"default","_kad_post_feature":"","_kad_post_feature_position":"","_kad_post_header":false,"_kad_post_footer":false},"product_brand":[],"product_cat":[91,96,92,93,97,94,98,99,100],"product_tag":[122,277,120],"class_list":{"0":"post-1857","1":"product","2":"type-product","3":"status-publish","4":"has-post-thumbnail","6":"product_cat-charging-cabinets","7":"product_cat-12-watts-output","8":"product_cat-15-outputs","9":"product_cat-30-outputs","10":"product_cat-30-watts-output","11":"product_cat-45-outputs","12":"product_cat-65-watts-output","13":"product_cat-output-quantity","14":"product_cat-power-per-output","15":"product_tag-charging-cabinet","16":"product_tag-laptop-cart","17":"product_tag-secure-device-storage","19":"first","20":"instock","21":"shipping-taxable","22":"product-type-simple","23":"entry","24":"content-bg","25":"loop-entry"},"_links":{"self":[{"href":"https:\/\/24smartcharge.com\/es\/wp-json\/wp\/v2\/product\/1857","targetHints":{"allow":["GET"]}}],"collection":[{"href":"https:\/\/24smartcharge.com\/es\/wp-json\/wp\/v2\/product"}],"about":[{"href":"https:\/\/24smartcharge.com\/es\/wp-json\/wp\/v2\/types\/product"}],"wp:featuredmedia":[{"embeddable":true,"href":"https:\/\/24smartcharge.com\/es\/wp-json\/wp\/v2\/media\/2757"}],"wp:attachment":[{"href":"https:\/\/24smartcharge.com\/es\/wp-json\/wp\/v2\/media?parent=1857"}],"wp:term":[{"taxonomy":"product_brand","embeddable":true,"href":"https:\/\/24smartcharge.com\/es\/wp-json\/wp\/v2\/product_brand?post=1857"},{"taxonomy":"product_cat","embeddable":true,"href":"https:\/\/24smartcharge.com\/es\/wp-json\/wp\/v2\/product_cat?post=1857"},{"taxonomy":"product_tag","embeddable":true,"href":"https:\/\/24smartcharge.com\/es\/wp-json\/wp\/v2\/product_tag?post=1857"}],"curies":[{"name":"wp","href":"https:\/\/api.w.org\/{rel}","templated":true}]}}