{"id":1830,"date":"2025-08-08T09:19:02","date_gmt":"2025-08-08T09:19:02","guid":{"rendered":"https:\/\/24smartcharge.com\/?post_type=product&#038;p=1830"},"modified":"2025-08-18T02:11:59","modified_gmt":"2025-08-18T02:11:59","slug":"secure-uv-disinfecting-charging-cabinet-for-10-devices","status":"publish","type":"product","link":"https:\/\/24smartcharge.com\/es\/secure-uv-disinfecting-charging-cabinet-for-10-devices\/","title":{"rendered":"Armario de carga seguro con desinfecci\u00f3n UV para 10 dispositivos"},"content":{"rendered":"<h2 id=\"intelligent-charging-for-peak-efficiency\">Carga inteligente para la m\u00e1xima eficiencia<\/h2>\n<p>Este\u00a0<strong>Armario de carga<\/strong>\u00a0est\u00e1 dise\u00f1ado no s\u00f3lo para alimentar sus dispositivos, sino para hacerlo de la forma m\u00e1s inteligente posible. El sistema se basa en una filosof\u00eda de simplicidad y eficiencia, empezando por su intuitivo panel de control de un solo toque.<\/p>\n<h3 id=\"simple-one-touch-operation\">Funcionamiento sencillo con una sola pulsaci\u00f3n<\/h3>\n<p>Olv\u00eddese de programaciones complicadas o interfaces confusas. Un solo bot\u00f3n basta para activar los ciclos de carga y desinfecci\u00f3n. Esta facilidad de uso garantiza que cualquiera pueda manejar la cabina con una formaci\u00f3n m\u00ednima, ahorrando tiempo y esfuerzo valiosos. Para necesidades m\u00e1s espec\u00edficas, los usuarios pueden personalizar f\u00e1cilmente los tiempos de ciclo a trav\u00e9s de la clara pantalla digital, lo que le permite configurar y olvidarse.<\/p>\n<h3 id=\"smart-prioritized-charging\">Carga inteligente y prioritaria<\/h3>\n<p>El armario cuenta con un modo de carga inteligente y continua que identifica y prioriza de forma inteligente los dispositivos con los niveles de bater\u00eda m\u00e1s bajos. Esto significa que los equipos que m\u00e1s energ\u00eda necesitan la reciben primero, lo que garantiza una respuesta m\u00e1s r\u00e1pida para los dispositivos cr\u00edticos. Esta tecnolog\u00eda de carga c\u00edclica no s\u00f3lo pone a punto sus dispositivos m\u00e1s r\u00e1pidamente, sino que tambi\u00e9n promueve una carga m\u00e1s eficiente, que puede ayudar a preservar y prolongar la salud a largo plazo de las bater\u00edas de sus dispositivos.<\/p>\n<h2 id=\"advanced-uv-c-disinfection-for-a-safer-environment\">Desinfecci\u00f3n UV-C avanzada para un medio ambiente m\u00e1s seguro<\/h2>\n<p>En cualquier espacio compartido, los dispositivos electr\u00f3nicos se convierten en importantes puntos de contacto para g\u00e9rmenes, bacterias y virus. Este\u00a0<strong>Armario de carga<\/strong>\u00a0aborda directamente este problema cr\u00edtico con su sistema integrado de desinfecci\u00f3n UV-C.<\/p>\n<p>Cuando se cierran las puertas y se inicia un ciclo, una potente luz UV-C ba\u00f1a los dispositivos, neutralizando hasta el 99,9% de los pat\u00f3genos de la superficie sin utilizar productos qu\u00edmicos agresivos, l\u00edquidos ni calor. Este m\u00e9todo es seguro para todos los dispositivos electr\u00f3nicos y no deja residuos, lo que garantiza que cada dispositivo no s\u00f3lo est\u00e9 completamente cargado, sino tambi\u00e9n higi\u00e9nicamente limpio y seguro para el siguiente usuario. Esta caracter\u00edstica tiene un valor incalculable en entornos como escuelas, hospitales y empresas de cara al cliente, donde la salud y la seguridad son primordiales.<\/p>\n<h2 id=\"uncompromised-security-and-durability\">Seguridad y durabilidad sin compromisos<\/h2>\n<p>Proteger sus valiosos activos electr\u00f3nicos de robos y da\u00f1os es una prioridad absoluta. Este\u00a0<strong>Armario de carga<\/strong>\u00a0est\u00e1 dotado de s\u00f3lidas funciones de seguridad para ofrecer una total tranquilidad.<\/p>\n<h3 id=\"secured-and-organized-storage\">Almacenamiento seguro y organizado<\/h3>\n<p>El armario est\u00e1 fabricado con materiales duraderos y cuenta con un robusto juego de manillas con llave. Esta cerradura proporciona un acceso seguro a la bah\u00eda de carga principal, impidiendo la extracci\u00f3n no autorizada de port\u00e1tiles, tabletas u otros equipos. Las tomas de corriente, situadas en la parte trasera del armario, tambi\u00e9n est\u00e1n aseguradas, lo que impide la manipulaci\u00f3n de los componentes el\u00e9ctricos. Las ventanas transparentes de las puertas permiten realizar comprobaciones visuales r\u00e1pidas del inventario sin necesidad de desbloquear y abrir la unidad.<\/p>\n<h3 id=\"customizable-for-maximum-versatility\">Personalizable para una m\u00e1xima versatilidad<\/h3>\n<p>La tecnolog\u00eda nunca es igual para todos, y esta\u00a0<strong>Armario de carga<\/strong>\u00a0est\u00e1 dise\u00f1ado para adaptarse a sus necesidades espec\u00edficas. Los divisores internos pueden reorganizarse f\u00e1cilmente o retirarse por completo para dar cabida a una amplia variedad de dispositivos, incluyendo:<\/p>\n<ul>\n<li>Port\u00e1tiles<\/li>\n<li>Tabletas y iPads<\/li>\n<li>Cascos de RV<\/li>\n<li>Esc\u00e1neres de c\u00f3digos de barras<\/li>\n<li>Tel\u00e9fonos inteligentes<\/li>\n<li>Y m\u00e1s<\/li>\n<\/ul>\n<p>Esta incre\u00edble flexibilidad garantiza que su inversi\u00f3n siga siendo relevante incluso a medida que evoluciona la tecnolog\u00eda de su organizaci\u00f3n. Elimina el desorden al proporcionar un hogar ordenado y organizado para cada dispositivo, acabando con los cables desordenados y los cargadores mal colocados.<\/p>\n<h2 id=\"superior-safety-features\">Funciones de seguridad superiores<\/h2>\n<p>La carga simult\u00e1nea de varios dispositivos de alta potencia genera un calor considerable y requiere una gesti\u00f3n el\u00e9ctrica estable. Este armario est\u00e1 equipado con m\u00faltiples funciones de seguridad para proteger tanto los dispositivos como la propia unidad.<\/p>\n<ul>\n<li><strong>Sistema de refrigeraci\u00f3n intuitivo:<\/strong>\u00a0Un sistema de refrigeraci\u00f3n integrado con ventilaci\u00f3n lateral evita activamente el sobrecalentamiento, garantizando que todos los equipos funcionen dentro de un rango de temperatura seguro.<\/li>\n<li><strong>Protecci\u00f3n de tensi\u00f3n:<\/strong>\u00a0El sistema ofrece protecci\u00f3n integrada contra subidas y bajadas de tensi\u00f3n, protegiendo los componentes electr\u00f3nicos m\u00e1s sensibles de posibles da\u00f1os.<\/li>\n<li><strong>Construcci\u00f3n duradera:<\/strong>\u00a0Construido para satisfacer las exigencias de entornos de mucho tr\u00e1fico, el robusto armaz\u00f3n del armario est\u00e1 dise\u00f1ado para ofrecer fiabilidad y rendimiento duraderos.<\/li>\n<\/ul>\n<p>Al integrar estas funciones cr\u00edticas en una unidad centralizada, este armario de carga con desinfecci\u00f3n UV segura transforma la gesti\u00f3n de dispositivos de una tarea diaria a un proceso automatizado y sin problemas. Es la soluci\u00f3n perfecta para aportar orden, seguridad y limpieza a su ecosistema tecnol\u00f3gico.<\/p>","protected":false},"excerpt":{"rendered":"<div class=\"chat-turn-container model render cdk-focused cdk-mouse-focused\" tabindex=\"-1\">\n<div class=\"model-prompt-container\" data-turn-role=\"Model\">\n<div class=\"turn-content\">\n<p class=\"ng-star-inserted\"><span class=\"ng-star-inserted\">Este armario de carga seguro carga, almacena y utiliza luz UV para desinfectar hasta 10 dispositivos. Cuenta con un control de un solo toque, una cerradura con llave para mayor seguridad y divisores personalizables para port\u00e1tiles, tabletas y m\u00e1s. Un sistema de refrigeraci\u00f3n integrado evita el sobrecalentamiento.<\/span><\/p>\n<div class=\"turn-information ng-star-inserted\"><\/div>\n<\/div>\n<\/div>\n<\/div>\n<div class=\"chat-turn-container render user\" tabindex=\"-1\">\n<div class=\"actions-container\">\n<div class=\"actions hover-or-edit\">\n<div><\/div>\n<\/div>\n<\/div>\n<div class=\"user-prompt-container\" data-turn-role=\"User\">\n<div class=\"turn-content\"><\/div>\n<\/div>\n<\/div>","protected":false},"featured_media":2754,"template":"","meta":{"_kad_post_transparent":"default","_kad_post_title":"","_kad_post_layout":"default","_kad_post_sidebar_id":"","_kad_post_content_style":"default","_kad_post_vertical_padding":"default","_kad_post_feature":"","_kad_post_feature_position":"","_kad_post_header":false,"_kad_post_footer":false},"product_brand":[],"product_cat":[91],"product_tag":[122,144,276],"class_list":{"0":"post-1830","1":"product","2":"type-product","3":"status-publish","4":"has-post-thumbnail","6":"product_cat-charging-cabinets","7":"product_tag-charging-cabinet","8":"product_tag-secure-charging-station","9":"product_tag-uv-sanitizer","11":"first","12":"instock","13":"shipping-taxable","14":"product-type-simple","15":"entry","16":"content-bg","17":"loop-entry"},"_links":{"self":[{"href":"https:\/\/24smartcharge.com\/es\/wp-json\/wp\/v2\/product\/1830","targetHints":{"allow":["GET"]}}],"collection":[{"href":"https:\/\/24smartcharge.com\/es\/wp-json\/wp\/v2\/product"}],"about":[{"href":"https:\/\/24smartcharge.com\/es\/wp-json\/wp\/v2\/types\/product"}],"wp:featuredmedia":[{"embeddable":true,"href":"https:\/\/24smartcharge.com\/es\/wp-json\/wp\/v2\/media\/2754"}],"wp:attachment":[{"href":"https:\/\/24smartcharge.com\/es\/wp-json\/wp\/v2\/media?parent=1830"}],"wp:term":[{"taxonomy":"product_brand","embeddable":true,"href":"https:\/\/24smartcharge.com\/es\/wp-json\/wp\/v2\/product_brand?post=1830"},{"taxonomy":"product_cat","embeddable":true,"href":"https:\/\/24smartcharge.com\/es\/wp-json\/wp\/v2\/product_cat?post=1830"},{"taxonomy":"product_tag","embeddable":true,"href":"https:\/\/24smartcharge.com\/es\/wp-json\/wp\/v2\/product_tag?post=1830"}],"curies":[{"name":"wp","href":"https:\/\/api.w.org\/{rel}","templated":true}]}}