{"id":1794,"date":"2025-08-08T09:09:40","date_gmt":"2025-08-08T09:09:40","guid":{"rendered":"https:\/\/24smartcharge.com\/?post_type=product&#038;p=1794"},"modified":"2025-08-18T02:08:12","modified_gmt":"2025-08-18T02:08:12","slug":"locking-12-device-ac-charging-cabinet-with-uv-light","status":"publish","type":"product","link":"https:\/\/24smartcharge.com\/es\/locking-12-device-ac-charging-cabinet-with-uv-light\/","title":{"rendered":"Armario de carga de CA para 12 dispositivos con cierre y luz UV"},"content":{"rendered":"<h1 id=\"secure-sanitize-and-supercharge-your-devices-with-the-ultimate-12-bay-charging-cabinet\">Proteja, desinfecte y sobrecargue sus dispositivos con el cargador de 12 bah\u00edas definitivo<\/h1>\n<p>En cualquier entorno bullicioso, desde aulas y oficinas hasta cl\u00ednicas sanitarias y espacios comerciales, la gesti\u00f3n de m\u00faltiples dispositivos electr\u00f3nicos puede convertirse r\u00e1pidamente en un reto. Se enfrenta a una mara\u00f1a de cables, a la b\u00fasqueda constante de enchufes disponibles, al riesgo de da\u00f1os o robos y a la creciente preocupaci\u00f3n por la higiene de los dispositivos. Es hora de simplificar el flujo de trabajo y poner orden en el caos.<\/p>\n<p>Presentaci\u00f3n de la\u00a0<strong>Armario de carga de CA para 12 dispositivos con cierre y luz UV<\/strong>la soluci\u00f3n todo en uno dise\u00f1ada para cargar, almacenar y desinfectar de forma segura sus tabletas, port\u00e1tiles y otros dispositivos electr\u00f3nicos. Este armario de f\u00e1cil manejo agiliza la gesti\u00f3n de los dispositivos, garantizando que su valiosa tecnolog\u00eda est\u00e9 siempre encendida, protegida y lista para usar.<\/p>\n<h3 id=\"-key-features-and-benefits-\"><strong>Principales caracter\u00edsticas y ventajas<\/strong><\/h3>\n<h4 id=\"-simultaneous-and-smart-charging-for-12-devices-\"><strong>Carga simult\u00e1nea e inteligente para 12 dispositivos<\/strong><\/h4>\n<p>Olv\u00eddese de la frustraci\u00f3n de buscar varios enchufes de pared. Este potente\u00a0<strong>Armario de carga<\/strong>\u00a0est\u00e1 equipado con una regleta de 12 tomas de CA preinstalada, que permite cargar hasta una docena de dispositivos al mismo tiempo. El dise\u00f1o universal admite los adaptadores de CA originales para una amplia gama de dispositivos, incluidos iPads, Chromebooks, port\u00e1tiles y mucho m\u00e1s.<\/p>\n<p>Lo que lo hace realmente especial es la\u00a0<strong>Ciclo de carga inteligente<\/strong>. Una vez que el armario se enchufa a una sola toma de pared, su sistema de carga inteligente gestiona eficazmente la distribuci\u00f3n de la energ\u00eda. Esto evita que el circuito se sobrecargue, incluso cuando todas las bah\u00edas est\u00e1n llenas, proporcionando una carga segura y fiable en todo momento. Con la activaci\u00f3n de un solo toque, s\u00f3lo tiene que conectar sus dispositivos y dejar que el gabinete haga el resto.<\/p>\n<h4 id=\"-charge-and-clean-integrated-uv-sanitization-\"><strong>Carga y limpieza: desinfecci\u00f3n UV integrada<\/strong><\/h4>\n<p>En el mundo actual, la higiene es primordial. Los dispositivos compartidos pueden ser un foco de g\u00e9rmenes y bacterias. Nuestro innovador\u00a0<strong>Armario de carga<\/strong>\u00a0aborda este problema con su funci\u00f3n \"Carga y limpieza\". Equipado con una potente iluminaci\u00f3n UV-C, el armario realiza un ciclo de desinfecci\u00f3n que ayuda a eliminar los g\u00e9rmenes de las superficies de los dispositivos mientras se cargan. Este proceso automatizado se completa en s\u00f3lo 5 minutos, promoviendo un entorno m\u00e1s saludable para estudiantes, empleados y clientes.<\/p>\n<h4 id=\"-uncompromising-security-and-durability-\"><strong>Seguridad y durabilidad sin concesiones<\/strong><\/h4>\n<p>Proteja su inversi\u00f3n con un armario construido para la seguridad. Fabricada en acero duradero de alta calidad, esta estaci\u00f3n de carga est\u00e1 dise\u00f1ada para soportar los rigores del uso diario en zonas de mucho tr\u00e1fico. La puerta reforzada cuenta con un mecanismo seguro de cierre con llave, que garantiza que s\u00f3lo el personal autorizado pueda acceder a los dispositivos del interior. La ventana transparente de la puerta permite hacer un inventario visual r\u00e1pido sin tener que desbloquear la unidad, lo que proporciona comodidad y tranquilidad.<\/p>\n<h4 id=\"-organized-space-saving-design-\"><strong>Dise\u00f1o organizado que ahorra espacio<\/strong><\/h4>\n<p>El desorden es cosa del pasado. El interior del armario cuenta con separadores acolchados que crean 12 ranuras individuales, cada una de ellas lo suficientemente espaciosa como para alojar una tableta o un port\u00e1til est\u00e1ndar. Estos separadores no solo mantienen tus dispositivos perfectamente organizados, sino que tambi\u00e9n los protegen de ara\u00f1azos y golpes.<\/p>\n<p>Con unas dimensiones externas de 19,0 pulgadas de ancho, 14,0 pulgadas de alto y 13,0 pulgadas de profundidad, este\u00a0<strong>Armario de carga<\/strong>\u00a0ocupa poco espacio. Su dise\u00f1o vers\u00e1til permite colocarlo en una encimera o montarlo de forma segura en una pared, liberando valioso espacio en el suelo y el escritorio. Los paneles de ventilaci\u00f3n de los laterales garantizan un flujo de aire continuo, evitando que los dispositivos se sobrecalienten durante el ciclo de carga.<\/p>\n<h3 id=\"-ideal-for-any-environment-\"><strong>Ideal para cualquier entorno<\/strong><\/h3>\n<ul>\n<li><strong>Instituciones educativas:<\/strong>\u00a0Mantenga las tabletas y port\u00e1tiles de clase cargados, organizados y listos para cada lecci\u00f3n. La funci\u00f3n de bloqueo evita la manipulaci\u00f3n y el robo por parte de los alumnos.<\/li>\n<li><strong>Oficinas y comercios:<\/strong>\u00a0Cree un centro de carga centralizado para los dispositivos de la empresa. Aseg\u00farese de que los empleados tienen las herramientas que necesitan para ser productivos, mientras que la luz UV promueve un lugar de trabajo m\u00e1s saludable.<\/li>\n<li><strong>Centros sanitarios:<\/strong>\u00a0Cargue y desinfecte de forma segura las tabletas utilizadas para el registro de pacientes, los historiales m\u00e9dicos y la comunicaci\u00f3n, minimizando el riesgo de contaminaci\u00f3n cruzada.<\/li>\n<li><strong>Comercio minorista y hosteler\u00eda:<\/strong>\u00a0Ofrezca una soluci\u00f3n de carga segura para empleados o invitados, mejorando el servicio y la eficiencia operativa.<\/li>\n<\/ul>\n<h3 id=\"-product-specifications-at-a-glance-\"><strong>Especificaciones del producto<\/strong><\/h3>\n<ul>\n<li><strong>Capacidad:<\/strong>\u00a0Carga hasta 12 dispositivos simult\u00e1neamente.<\/li>\n<li><strong>Poder:<\/strong>\u00a0Regleta de 12 tomas de CA integrada.<\/li>\n<li><strong>Desinfecci\u00f3n:<\/strong>\u00a0Luz UV-C incorporada para la limpieza.<\/li>\n<li><strong>Seguridad:<\/strong>\u00a0Construcci\u00f3n de acero con puerta con cerradura de llave.<\/li>\n<li><strong>Organizaci\u00f3n:<\/strong>\u00a012 separadores interiores acolchados.<\/li>\n<li><strong>Dimensiones exteriores:<\/strong>\u00a019,0\u2033 ancho x 13,0\u2033 fondo x 14,0\u2033 alto<\/li>\n<li><strong>Dimensiones internas de la bah\u00eda:<\/strong>\u00a018,7\u2033 ancho x 10,2\u2033 alto<\/li>\n<li><strong>Montaje:<\/strong>\u00a0De sobremesa o mural.<\/li>\n<\/ul>","protected":false},"excerpt":{"rendered":"<div class=\"model-prompt-container\" data-turn-role=\"Model\">\n<div class=\"turn-content\">\n<p class=\"ng-star-inserted\"><span class=\"ng-star-inserted\">Este armario de carga con cerradura almacena y carga de forma segura hasta 12 dispositivos, como tabletas y port\u00e1tiles. Cuenta con una regleta de CA para carga universal y una luz UV integrada para desinfectar los dispositivos mientras se cargan. Su dise\u00f1o compacto para montaje en pared ahorra espacio.<\/span><\/p>\n<div class=\"turn-information ng-star-inserted\"><\/div>\n<\/div>\n<\/div>\n<div class=\"turn-footer ng-star-inserted\"><\/div>","protected":false},"featured_media":2748,"template":"","meta":{"_kad_post_transparent":"default","_kad_post_title":"","_kad_post_layout":"default","_kad_post_sidebar_id":"","_kad_post_content_style":"default","_kad_post_vertical_padding":"default","_kad_post_feature":"","_kad_post_feature_position":"","_kad_post_header":false,"_kad_post_footer":false},"product_brand":[],"product_cat":[91],"product_tag":[122,144,276],"class_list":{"0":"post-1794","1":"product","2":"type-product","3":"status-publish","4":"has-post-thumbnail","6":"product_cat-charging-cabinets","7":"product_tag-charging-cabinet","8":"product_tag-secure-charging-station","9":"product_tag-uv-sanitizer","11":"first","12":"instock","13":"shipping-taxable","14":"product-type-simple","15":"entry","16":"content-bg","17":"loop-entry"},"_links":{"self":[{"href":"https:\/\/24smartcharge.com\/es\/wp-json\/wp\/v2\/product\/1794","targetHints":{"allow":["GET"]}}],"collection":[{"href":"https:\/\/24smartcharge.com\/es\/wp-json\/wp\/v2\/product"}],"about":[{"href":"https:\/\/24smartcharge.com\/es\/wp-json\/wp\/v2\/types\/product"}],"wp:featuredmedia":[{"embeddable":true,"href":"https:\/\/24smartcharge.com\/es\/wp-json\/wp\/v2\/media\/2748"}],"wp:attachment":[{"href":"https:\/\/24smartcharge.com\/es\/wp-json\/wp\/v2\/media?parent=1794"}],"wp:term":[{"taxonomy":"product_brand","embeddable":true,"href":"https:\/\/24smartcharge.com\/es\/wp-json\/wp\/v2\/product_brand?post=1794"},{"taxonomy":"product_cat","embeddable":true,"href":"https:\/\/24smartcharge.com\/es\/wp-json\/wp\/v2\/product_cat?post=1794"},{"taxonomy":"product_tag","embeddable":true,"href":"https:\/\/24smartcharge.com\/es\/wp-json\/wp\/v2\/product_tag?post=1794"}],"curies":[{"name":"wp","href":"https:\/\/api.w.org\/{rel}","templated":true}]}}