{"id":1792,"date":"2025-08-08T08:58:16","date_gmt":"2025-08-08T08:58:16","guid":{"rendered":"https:\/\/24smartcharge.com\/?post_type=product&#038;p=1792"},"modified":"2025-08-18T01:57:39","modified_gmt":"2025-08-18T01:57:39","slug":"16-device-fast-charging-pd-charging-cabinet","status":"publish","type":"product","link":"https:\/\/24smartcharge.com\/es\/16-device-fast-charging-pd-charging-cabinet\/","title":{"rendered":"Armario de carga PD de carga r\u00e1pida para 16 dispositivos"},"content":{"rendered":"<h2 id=\"the-ultimate-solution-for-device-management-the-16-device-fast-charging-pd-charging-cabinet\">La soluci\u00f3n definitiva para la gesti\u00f3n de dispositivos: El armario de carga PD de carga r\u00e1pida para 16 dispositivos<\/h2>\n<p>En el vertiginoso mundo digital de hoy en d\u00eda, ya sea en un aula, una oficina o un espacio comercial, la gesti\u00f3n de m\u00faltiples dispositivos electr\u00f3nicos puede suponer un reto importante. Hacer un seguimiento de tabletas, port\u00e1tiles y tel\u00e9fonos, asegurarse de que siempre est\u00e1n cargados y mantener su seguridad y limpieza es un trabajo a tiempo completo. Aqu\u00ed es donde el\u00a0<strong>Armario de carga PD de carga r\u00e1pida para 16 dispositivos<\/strong>\u00a0transforma su flujo de trabajo, ofreciendo una soluci\u00f3n centralizada, segura y altamente eficiente para alimentar y proteger sus valiosos activos tecnol\u00f3gicos. Este robusto e inteligente dise\u00f1o\u00a0<strong>Armario de carga<\/strong>\u00a0es algo m\u00e1s que una fuente de alimentaci\u00f3n: es un sistema integral pensado para la comodidad, la seguridad y las necesidades modernas.<\/p>\n<h3 id=\"centralized-power-and-organization\">Poder y organizaci\u00f3n centralizados<\/h3>\n<p>Diga adi\u00f3s a los escritorios desordenados, a los cables enredados y a la b\u00fasqueda constante de tomas de pared disponibles. Este\u00a0<strong>Armario de carga<\/strong>\u00a0proporciona un hogar para hasta 16 dispositivos, organiz\u00e1ndolos ordenadamente en bah\u00edas individuales numeradas. Su cuidado dise\u00f1o, de 28,0 pulgadas de ancho, 15,7 pulgadas de alto y 17,3 pulgadas de profundidad, ofrece una soluci\u00f3n de gran capacidad con un tama\u00f1o sorprendentemente compacto, lo que facilita su colocaci\u00f3n en una encimera o su seguridad en un \u00e1rea designada. Las resistentes puertas delanteras con cerradura proporcionan una capa vital de seguridad, d\u00e1ndole la tranquilidad de que sus dispositivos est\u00e1n a salvo de robos o usos no autorizados. La numeraci\u00f3n clara encima de cada ranura facilita la gesti\u00f3n de los dispositivos, lo que permite a los usuarios identificar y recuperar r\u00e1pidamente el dispositivo asignado sin confusiones.<\/p>\n<h3 id=\"advanced-fast-charging-with-smart-technology\">Carga r\u00e1pida avanzada con tecnolog\u00eda inteligente<\/h3>\n<p>En el centro de este\u00a0<strong>Armario de carga<\/strong>\u00a0es un potente e inteligente concentrador PD de carga r\u00e1pida. \"PD\", o Power Delivery, es un est\u00e1ndar de carga de vanguardia que se comunica con cada dispositivo conectado para suministrar la cantidad precisa de energ\u00eda que necesita para cargarse de la forma m\u00e1s r\u00e1pida y segura posible. Esto significa que sus dispositivos, desde tel\u00e9fonos inteligentes a tabletas, se cargar\u00e1n en una fracci\u00f3n del tiempo en comparaci\u00f3n con los cargadores est\u00e1ndar, minimizando el tiempo de inactividad y maximizando la productividad.<\/p>\n<p>Adem\u00e1s, el armario cuenta con un\u00a0<strong>Ciclo de carga inteligente<\/strong>. Cuando se enchufa a una sola toma de pared, gestiona de forma inteligente la distribuci\u00f3n de energ\u00eda a los 16 puertos. Este sofisticado sistema evita el riesgo de sobrecargar el circuito, un problema habitual cuando se intentan cargar muchos dispositivos a la vez. Garantiza una carga estable y eficiente para cada dispositivo sin necesidad de complejas configuraciones el\u00e9ctricas ni de preocuparse por la activaci\u00f3n de un disyuntor.<\/p>\n<h3 id=\"uncompromising-safety-and-durability\">Seguridad y durabilidad sin concesiones<\/h3>\n<p>La carga simult\u00e1nea de numerosos aparatos electr\u00f3nicos de gran valor exige centrarse en la seguridad. Este\u00a0<strong>Armario de carga<\/strong>\u00a0est\u00e1 dise\u00f1ado con m\u00faltiples capas de protecci\u00f3n para proteger tanto a los usuarios como a los dispositivos que contiene.<\/p>\n<ul>\n<li><strong>Sistema de refrigeraci\u00f3n intuitivo:<\/strong>\u00a0El calor es el enemigo de la electr\u00f3nica. El armario est\u00e1 equipado con un avanzado sistema de refrigeraci\u00f3n, con amplias ranuras de ventilaci\u00f3n en la parte superior, las puertas y los laterales para garantizar un flujo de aire constante. Esto evita que los dispositivos se sobrecalienten durante el ciclo de carga, lo que protege sus componentes internos y prolonga su vida \u00fatil.<\/li>\n<li><strong>Protecci\u00f3n de tensi\u00f3n:<\/strong>\u00a0Los circuitos internos proporcionan una s\u00f3lida protecci\u00f3n contra subidas de tensi\u00f3n, fluctuaciones de voltaje y cortocircuitos. Esta caracter\u00edstica act\u00faa como un escudo para sus componentes electr\u00f3nicos sensibles, garantizando que reciban una alimentaci\u00f3n limpia y estable en todo momento.<\/li>\n<li><strong>Construcci\u00f3n duradera:<\/strong>\u00a0Fabricada en acero de alta calidad, esta estaci\u00f3n de carga est\u00e1 dise\u00f1ada para soportar los rigores del uso diario en entornos ajetreados. Su s\u00f3lida construcci\u00f3n, su seguro mecanismo de bloqueo y sus robustas patas garantizan que seguir\u00e1 siendo una parte fiable de su infraestructura tecnol\u00f3gica durante a\u00f1os.<\/li>\n<\/ul>\n<h3 id=\"innovative-charge-and-clean-technology\">Tecnolog\u00eda innovadora \"Charge and Clean<\/h3>\n<p>En una \u00e9poca en la que la higiene es m\u00e1s importante que nunca, este\u00a0<strong>Armario de carga<\/strong>\u00a0presenta un innovador\u00a0<strong>Cargar y limpiar<\/strong>\u00a0caracter\u00edstica. Los aparatos compartidos pueden ser caldo de cultivo de g\u00e9rmenes y bacterias. Para combatirlo, el armario est\u00e1 equipado con una potente iluminaci\u00f3n UV. Mientras sus dispositivos se cargan, este sistema de desinfecci\u00f3n UV se pone a trabajar, limpiando las superficies de sus art\u00edculos en s\u00f3lo cinco minutos. Este proceso ayuda a eliminar pat\u00f3genos nocivos sin utilizar productos qu\u00edmicos agresivos, proporcionando un entorno m\u00e1s saludable para estudiantes, empleados y clientes. Es una soluci\u00f3n perfecta, dos en uno, que higieniza su tecnolog\u00eda sin ning\u00fan esfuerzo adicional.<\/p>\n<h3 id=\"designed-for-simplicity-and-ease-of-use\">Dise\u00f1ado para ser sencillo y f\u00e1cil de usar<\/h3>\n<p>A pesar de sus avanzadas prestaciones, este\u00a0<strong>Armario de carga<\/strong>\u00a0es incre\u00edblemente f\u00e1cil de manejar. Todo el sistema est\u00e1 dise\u00f1ado para funcionar \"plug-and-play\". No hay complicados programas que instalar ni ajustes que configurar. Basta con colocar los dispositivos en las bah\u00edas, conectarlos a los puertos correspondientes, cerrar las puertas y encender el interruptor principal, situado en la parte posterior. El armario se encarga del resto, desde iniciar el ciclo de carga inteligente hasta garantizar que todos los dispositivos reciban alimentaci\u00f3n de forma segura y eficiente. Las asas laterales facilitan la colocaci\u00f3n o el desplazamiento del armario seg\u00fan sea necesario, lo que aumenta su comodidad general.<\/p>\n<p>Este\u00a0<strong>Armario de carga PD de carga r\u00e1pida para 16 dispositivos<\/strong>\u00a0es la soluci\u00f3n todo en uno definitiva para cualquier organizaci\u00f3n que desee agilizar la gesti\u00f3n de sus dispositivos. Ofrece una velocidad de carga superior, gesti\u00f3n inteligente de la energ\u00eda, seguridad de primer nivel y la ventaja a\u00f1adida de la desinfecci\u00f3n UV, todo ello con un dise\u00f1o duradero y f\u00e1cil de usar. Invierta en eficacia, seguridad y tranquilidad.<\/p>","protected":false},"excerpt":{"rendered":"<div class=\"chat-container\">\n<div class=\"chat-view-container ng-star-inserted\">\n<div>\n<div class=\"chat-turn-container model render cdk-focused cdk-mouse-focused\" tabindex=\"-1\">\n<div class=\"model-prompt-container\" data-turn-role=\"Model\">\n<div class=\"turn-content\">\n<p class=\"ng-star-inserted\"><span class=\"ng-star-inserted\">Este armario de carga f\u00e1cil de usar almacena de forma segura y carga r\u00e1pidamente hasta 16 dispositivos a la vez. Su ciclo de carga inteligente, sus funciones de seguridad y su limpieza por rayos UV lo convierten en una soluci\u00f3n eficaz y sencilla. Basta con enchufar los dispositivos para cargarlos r\u00e1pidamente y desinfectarlos.<\/span><\/p>\n<\/div>\n<\/div>\n<\/div>\n<\/div>\n<\/div>\n<\/div>","protected":false},"featured_media":2743,"template":"","meta":{"_kad_post_transparent":"default","_kad_post_title":"","_kad_post_layout":"default","_kad_post_sidebar_id":"","_kad_post_content_style":"default","_kad_post_vertical_padding":"default","_kad_post_feature":"","_kad_post_feature_position":"","_kad_post_header":false,"_kad_post_footer":false},"product_brand":[],"product_cat":[91],"product_tag":[275,122,274],"class_list":{"0":"post-1792","1":"product","2":"type-product","3":"status-publish","4":"has-post-thumbnail","6":"product_cat-charging-cabinets","7":"product_tag-16-device-capacity","8":"product_tag-charging-cabinet","9":"product_tag-uv-cleaning","11":"first","12":"instock","13":"shipping-taxable","14":"product-type-simple","15":"entry","16":"content-bg","17":"loop-entry"},"_links":{"self":[{"href":"https:\/\/24smartcharge.com\/es\/wp-json\/wp\/v2\/product\/1792","targetHints":{"allow":["GET"]}}],"collection":[{"href":"https:\/\/24smartcharge.com\/es\/wp-json\/wp\/v2\/product"}],"about":[{"href":"https:\/\/24smartcharge.com\/es\/wp-json\/wp\/v2\/types\/product"}],"wp:featuredmedia":[{"embeddable":true,"href":"https:\/\/24smartcharge.com\/es\/wp-json\/wp\/v2\/media\/2743"}],"wp:attachment":[{"href":"https:\/\/24smartcharge.com\/es\/wp-json\/wp\/v2\/media?parent=1792"}],"wp:term":[{"taxonomy":"product_brand","embeddable":true,"href":"https:\/\/24smartcharge.com\/es\/wp-json\/wp\/v2\/product_brand?post=1792"},{"taxonomy":"product_cat","embeddable":true,"href":"https:\/\/24smartcharge.com\/es\/wp-json\/wp\/v2\/product_cat?post=1792"},{"taxonomy":"product_tag","embeddable":true,"href":"https:\/\/24smartcharge.com\/es\/wp-json\/wp\/v2\/product_tag?post=1792"}],"curies":[{"name":"wp","href":"https:\/\/api.w.org\/{rel}","templated":true}]}}