{"id":1786,"date":"2025-08-08T08:28:55","date_gmt":"2025-08-08T08:28:55","guid":{"rendered":"https:\/\/24smartcharge.com\/?post_type=product&#038;p=1786"},"modified":"2025-08-18T01:50:10","modified_gmt":"2025-08-18T01:50:10","slug":"30-device-uv-sanitizing-ac-charging-cabinet","status":"publish","type":"product","link":"https:\/\/24smartcharge.com\/es\/30-device-uv-sanitizing-ac-charging-cabinet\/","title":{"rendered":"Cargador de CA con desinfecci\u00f3n UV para 30 dispositivos"},"content":{"rendered":"<h1 id=\"the-ultimate-solution-for-device-management-the-30-device-uv-sanitizing-ac-charging-cabinet\">La soluci\u00f3n definitiva para la gesti\u00f3n de dispositivos: Armario de carga de CA con esterilizaci\u00f3n UV para 30 dispositivos<\/h1>\n<p>En el vertiginoso mundo tecnol\u00f3gico actual, la gesti\u00f3n de una flota de tabletas, port\u00e1tiles y otros dispositivos electr\u00f3nicos es un reto importante para escuelas, oficinas, centros sanitarios y cualquier organizaci\u00f3n que dependa de la tecnolog\u00eda compartida. Mantener los dispositivos cargados, organizados, seguros e higi\u00e9nicos puede ser una pesadilla log\u00edstica. Este\u00a0<strong>Armario de carga<\/strong>\u00a0est\u00e1 dise\u00f1ado para resolver todos estos problemas en una soluci\u00f3n elegante, m\u00f3vil y altamente eficiente. Dise\u00f1ado para almacenar, cargar y desinfectar de forma segura hasta 30 dispositivos a la vez, es la herramienta indispensable para agilizar su flujo de trabajo tecnol\u00f3gico y garantizar que su equipo est\u00e9 siempre listo y seguro para su uso.<\/p>\n<h2 id=\"effortless-charging-for-maximum-productivity\">Carga sin esfuerzo para una m\u00e1xima productividad<\/h2>\n<p>Desp\u00eddete de los cables enredados, las tomas de corriente ocupadas y el caos de cargar varios dispositivos. Este\u00a0<strong>Armario de carga<\/strong>\u00a0proporciona un centro de operaciones centralizado y organizado para todas sus necesidades de carga.<\/p>\n<ul>\n<li><strong>Carga de alta capacidad:<\/strong>\u00a0Equipado con 30 tomas de CA, el armario puede alimentar simult\u00e1neamente hasta 30 dispositivos, desde tabletas y Chromebooks hasta peque\u00f1os port\u00e1tiles. El interior est\u00e1 cuidadosamente dise\u00f1ado con 30 bah\u00edas individuales, cada una con su propia fuente de alimentaci\u00f3n, lo que garantiza que cada dispositivo tenga su lugar designado.<\/li>\n<li><strong>Ciclo de carga inteligente:<\/strong>\u00a0La caracter\u00edstica m\u00e1s importante de su sistema de alimentaci\u00f3n es la tecnolog\u00eda de carga inteligente. Cuando enchufas el carro a una sola toma de corriente, gestiona autom\u00e1ticamente la distribuci\u00f3n de energ\u00eda a todos los dispositivos conectados. Esto evita que el circuito se sobrecargue, un riesgo habitual cuando se cargan muchos dispositivos de alto consumo a la vez. Este sistema inteligente tambi\u00e9n proporciona protecci\u00f3n de voltaje y promueve una carga c\u00edclica, lo que aumenta la vida \u00fatil de la bater\u00eda y garantiza un proceso de carga m\u00e1s eficiente y seguro para todos sus bienes valiosos.<\/li>\n<li><strong>Simplicidad con un solo toque:<\/strong>\u00a0Funcionamiento\u00a0<strong>Armario de carga<\/strong>\u00a0es incre\u00edblemente sencillo. Con s\u00f3lo pulsar un bot\u00f3n, se inicia el proceso de carga de todos los dispositivos conectados. No es necesario realizar complicados ajustes ni programaciones. Basta con conectar los dispositivos, pulsar un bot\u00f3n y marcharse, con la seguridad de que todo estar\u00e1 cargado y listo para el d\u00eda siguiente.<\/li>\n<\/ul>\n<h2 id=\"advanced-uv-sanitization-for-a-healthier-environment\">Desinfecci\u00f3n UV avanzada para un entorno m\u00e1s saludable<\/h2>\n<p>En una \u00e9poca en la que la higiene es m\u00e1s importante que nunca, este\u00a0<strong>Armario de carga<\/strong>\u00a0va m\u00e1s all\u00e1 de la simple carga. Incorpora una potente tecnolog\u00eda de desinfecci\u00f3n UV-C para garantizar que tus dispositivos no solo est\u00e9n encendidos, sino tambi\u00e9n limpios.<\/p>\n<ul>\n<li><strong>Carga y limpia simult\u00e1neamente:<\/strong>\u00a0Las superficies muy sensibles al tacto, como teclados, pantallas y carcasas de dispositivos, son caldo de cultivo para los g\u00e9rmenes. Este armario cuenta con iluminaci\u00f3n UV integrada que se pone a trabajar en el momento en que se guardan los dispositivos.<\/li>\n<li><strong>R\u00e1pido y eficaz:<\/strong>\u00a0El ciclo de desinfecci\u00f3n UV es extraordinariamente r\u00e1pido, ya que limpia las superficies de sus art\u00edculos en tan s\u00f3lo cinco minutos. Este proceso ayuda a reducir la presencia de g\u00e9rmenes y bacterias, promoviendo un entorno m\u00e1s saludable para estudiantes, empleados y clientes. Proporciona tranquilidad y una capa adicional de protecci\u00f3n en cualquier espacio compartido.<\/li>\n<\/ul>\n<h2 id=\"robust-security-and-durable-design\">Seguridad robusta y dise\u00f1o duradero<\/h2>\n<p>Proteger su inversi\u00f3n es primordial. Este\u00a0<strong>Armario de carga<\/strong>\u00a0se ha fabricado pensando en la seguridad y la durabilidad, para que tus dispositivos est\u00e9n a salvo de robos y da\u00f1os.<\/p>\n<ul>\n<li><strong>Construcci\u00f3n s\u00f3lida:<\/strong>\u00a0El armario est\u00e1 fabricado en acero de alta calidad, lo que proporciona una carcasa resistente y duradera que puede soportar las exigencias del uso diario en entornos ajetreados. Su robusto armaz\u00f3n garantiza una fiabilidad duradera.<\/li>\n<li><strong>Sistema de cierre seguro:<\/strong>\u00a0La puerta est\u00e1 equipada con un mecanismo de cierre seguro para impedir el acceso no autorizado. Esto le permite almacenar equipos valiosos durante la noche o en \u00e1reas no seguras con confianza. (Tenga en cuenta que las cerraduras no est\u00e1n incluidas, lo que le permite elegir la soluci\u00f3n de cierre que mejor se adapte a sus necesidades de seguridad).<\/li>\n<li><strong>Ventilado para mayor seguridad:<\/strong>\u00a0El calor es el enemigo de la electr\u00f3nica. Para garantizar un rendimiento \u00f3ptimo y una larga vida \u00fatil, el armario cuenta con orificios de ventilaci\u00f3n estrat\u00e9gicamente situados en sus puertas y paneles. Este sistema de refrigeraci\u00f3n pasiva funciona en conjunci\u00f3n con la refrigeraci\u00f3n interna intuitiva del carro para disipar el calor generado durante el ciclo de carga, evitando que los dispositivos se sobrecalienten.<\/li>\n<\/ul>\n<h2 id=\"designed-for-mobility-and-convenience\">Dise\u00f1ado para la movilidad y la comodidad<\/h2>\n<p>Este\u00a0<strong>Armario de carga<\/strong>\u00a0no es s\u00f3lo una caja fija; es una estaci\u00f3n de trabajo totalmente m\u00f3vil dise\u00f1ada para desplazarse donde m\u00e1s lo necesite.<\/p>\n<ul>\n<li><strong>Transporte sin esfuerzo:<\/strong>\u00a0Con cuatro ruedas de alta resistencia, el armario se desliza suavemente por distintas superficies de suelo. Una c\u00f3moda asa ergon\u00f3mica proporciona un excelente agarre y control, lo que facilita el desplazamiento por pasillos, puertas y aulas. Transportar un conjunto completo de 30 dispositivos desde un almac\u00e9n a varias aulas nunca ha sido tan f\u00e1cil.<\/li>\n<li><strong>Limpio y organizado:<\/strong>\u00a0Los separadores interiores no s\u00f3lo separan y protegen cada dispositivo, sino que tambi\u00e9n funcionan con un sistema integrado de gesti\u00f3n de cables para mantenerlos ordenados y desenredados. Esta meticulosa organizaci\u00f3n facilita enchufar y desenchufar dispositivos r\u00e1pidamente sin complicaciones.<\/li>\n<\/ul>\n<h3 id=\"-product-summary-\"><strong>Resumen del producto<\/strong><\/h3>\n<ul>\n<li><strong>Capacidad:<\/strong>\u00a0Almacena y carga hasta 30 dispositivos.<\/li>\n<li><strong>Poder:<\/strong>\u00a0Dispone de 30 tomas de corriente de CA con carga de ciclo inteligente para evitar sobrecargas.<\/li>\n<li><strong>Desinfecci\u00f3n:<\/strong>\u00a0Equipado con iluminaci\u00f3n UV para higienizar los dispositivos durante la carga.<\/li>\n<li><strong>Seguridad:<\/strong>\u00a0Construcci\u00f3n de acero duradero con una puerta segura con cerradura.<\/li>\n<li><strong>Movilidad:<\/strong>\u00a0Incluye un asa de empuje y cuatro ruedas giratorias para facilitar su transporte.<\/li>\n<li><strong>Dimensiones:<\/strong>\u00a023,1 pulg. (ancho) x 25,9 pulg. (fondo) x 37 pulg. (alto)<\/li>\n<li><strong>Peso:<\/strong>\u00a097 libras<\/li>\n<li><strong>Entrada\/Salida:<\/strong>\u00a0100-120 V CA, 50\/60 Hz, 12 A<\/li>\n<\/ul>\n<h3 id=\"-what-s-in-the-box-\"><strong>\u00bfQu\u00e9 hay en la caja?<\/strong><\/h3>\n<ul>\n<li>1x Carro de carga<\/li>\n<li>1x Asa<\/li>\n<li>4x Ruedas<\/li>\n<li>1x Cable de alimentaci\u00f3n de CA<\/li>\n<li>30x Bah\u00edas<\/li>\n<\/ul>","protected":false},"excerpt":{"rendered":"<div class=\"chat-container\">\n<div class=\"chat-view-container ng-star-inserted\">\n<div>\n<div class=\"chat-turn-container model render cdk-focused cdk-mouse-focused\" tabindex=\"-1\">\n<div class=\"model-prompt-container\" data-turn-role=\"Model\">\n<div class=\"turn-content\">\n<p class=\"ng-star-inserted\"><span class=\"ng-star-inserted\">Este armario de carga seguro y m\u00f3vil almacena y carga hasta 30 dispositivos simult\u00e1neamente. Dispone de tomas de CA, un ciclo de carga inteligente para evitar sobrecargas e iluminaci\u00f3n UV integrada para desinfectar los dispositivos mientras se cargan, lo que lo convierte en una soluci\u00f3n eficiente para la gesti\u00f3n de aparatos electr\u00f3nicos.<\/span><\/p>\n<div class=\"turn-information ng-star-inserted\"><\/div>\n<\/div>\n<\/div>\n<div class=\"turn-footer ng-star-inserted\"><\/div>\n<\/div>\n<\/div>\n<\/div>\n<\/div>\n<footer class=\"not-zero-state ng-star-inserted\">\n<div class=\"mat-mdc-tooltip-trigger prompt-input-wrapper\">\n<div>\n<div class=\"prompt-input-wrapper-container\">\n<div class=\"text-wrapper\">\n<section class=\"text-and-attachments-wrapper\">\n<div class=\"text-input-wrapper\"><\/div>\n<\/section>\n<\/div>\n<\/div>\n<\/div>\n<\/div>\n<\/footer>","protected":false},"featured_media":2742,"template":"","meta":{"_kad_post_transparent":"default","_kad_post_title":"","_kad_post_layout":"default","_kad_post_sidebar_id":"","_kad_post_content_style":"default","_kad_post_vertical_padding":"default","_kad_post_feature":"","_kad_post_feature_position":"","_kad_post_header":false,"_kad_post_footer":false},"product_brand":[],"product_cat":[91],"product_tag":[273,122,272],"class_list":{"0":"post-1786","1":"product","2":"type-product","3":"status-publish","4":"has-post-thumbnail","6":"product_cat-charging-cabinets","7":"product_tag-30-device-storage","8":"product_tag-charging-cabinet","9":"product_tag-uv-sanitizing-cart","11":"first","12":"instock","13":"shipping-taxable","14":"product-type-simple","15":"entry","16":"content-bg","17":"loop-entry"},"_links":{"self":[{"href":"https:\/\/24smartcharge.com\/es\/wp-json\/wp\/v2\/product\/1786","targetHints":{"allow":["GET"]}}],"collection":[{"href":"https:\/\/24smartcharge.com\/es\/wp-json\/wp\/v2\/product"}],"about":[{"href":"https:\/\/24smartcharge.com\/es\/wp-json\/wp\/v2\/types\/product"}],"wp:featuredmedia":[{"embeddable":true,"href":"https:\/\/24smartcharge.com\/es\/wp-json\/wp\/v2\/media\/2742"}],"wp:attachment":[{"href":"https:\/\/24smartcharge.com\/es\/wp-json\/wp\/v2\/media?parent=1786"}],"wp:term":[{"taxonomy":"product_brand","embeddable":true,"href":"https:\/\/24smartcharge.com\/es\/wp-json\/wp\/v2\/product_brand?post=1786"},{"taxonomy":"product_cat","embeddable":true,"href":"https:\/\/24smartcharge.com\/es\/wp-json\/wp\/v2\/product_cat?post=1786"},{"taxonomy":"product_tag","embeddable":true,"href":"https:\/\/24smartcharge.com\/es\/wp-json\/wp\/v2\/product_tag?post=1786"}],"curies":[{"name":"wp","href":"https:\/\/api.w.org\/{rel}","templated":true}]}}