{"id":1777,"date":"2025-08-08T08:22:56","date_gmt":"2025-08-08T08:22:56","guid":{"rendered":"https:\/\/24smartcharge.com\/?post_type=product&#038;p=1777"},"modified":"2025-08-18T01:44:55","modified_gmt":"2025-08-18T01:44:55","slug":"uv-disinfecting-charging-cabinet-for-30-devices","status":"publish","type":"product","link":"https:\/\/24smartcharge.com\/es\/uv-disinfecting-charging-cabinet-for-30-devices\/","title":{"rendered":"Armario de carga con desinfecci\u00f3n UV para 30 aparatos"},"content":{"rendered":"<h3 id=\"-streamline-your-device-management-with-the-advanced-uv-disinfecting-charging-cabinet-\"><strong>Agilice la gesti\u00f3n de sus dispositivos con la avanzada cabina de carga con desinfecci\u00f3n UV<\/strong><\/h3>\n<p>En el acelerado mundo tecnol\u00f3gico actual, la gesti\u00f3n de m\u00faltiples dispositivos en un entorno educativo o profesional puede suponer un reto importante. Garantizar que los port\u00e1tiles, las tabletas y los tel\u00e9fonos no solo est\u00e9n completamente cargados y almacenados de forma segura, sino tambi\u00e9n higi\u00e9nicamente limpios, es primordial. Este armario de carga con desinfecci\u00f3n UV es una soluci\u00f3n todo en uno dise\u00f1ada para satisfacer estas demandas modernas, que ofrece capacidad para cargar, almacenar e higienizar hasta 30 dispositivos simult\u00e1neamente. Su robusta construcci\u00f3n y sus funciones inteligentes lo convierten en una herramienta indispensable para escuelas, oficinas, centros sanitarios y cualquier entorno en el que se utilicen constantemente varios dispositivos.<\/p>\n<h3 id=\"-effortless-operation-and-intelligent-charging-\"><strong>Funcionamiento sin esfuerzo y carga inteligente<\/strong><\/h3>\n<p>La sencillez y la eficacia son la base del dise\u00f1o de este armario de carga. Basta un solo toque para iniciar los ciclos de carga y desinfecci\u00f3n, lo que hace que sea incre\u00edblemente f\u00e1cil de usar. Tiene la flexibilidad de personalizar estos ciclos para adaptarlos a sus necesidades espec\u00edficas o activar el \"modo de carga inteligente continua\". Esta funci\u00f3n inteligente da prioridad a los dispositivos con los niveles de bater\u00eda m\u00e1s bajos, garantizando que est\u00e9n listos para su uso lo antes posible.<\/p>\n<p>El propio proceso de carga es muy adaptable. Puede establecer intervalos de carga en incrementos de una hora, de una a 24 horas. Para un enfoque m\u00e1s directo, manteniendo pulsado el bot\u00f3n de encendido durante tres segundos se activa el modo de carga continua, que suministra energ\u00eda ininterrumpida hasta que todos los dispositivos est\u00e9n 100% cargados. Esta versatilidad garantiza que sus dispositivos est\u00e9n siempre encendidos y preparados para las exigencias del d\u00eda.<\/p>\n<h3 id=\"-advanced-uv-c-disinfection-for-a-healthier-environment-\"><strong>Desinfecci\u00f3n UV-C avanzada para un entorno m\u00e1s saludable<\/strong><\/h3>\n<p>En una \u00e9poca en la que la higiene es m\u00e1s importante que nunca, este armario de carga ofrece una potente soluci\u00f3n para combatir la propagaci\u00f3n de g\u00e9rmenes. Incorpora tecnolog\u00eda de luz UV-C para desinfectar las superficies de los dispositivos que almacena. La luz UV-C es un m\u00e9todo probado para eliminar una amplia gama de bacterias y virus mediante la alteraci\u00f3n de su ADN, haci\u00e9ndolos inofensivos. Este proceso de limpieza no qu\u00edmico proporciona la tranquilidad de saber que los dispositivos que se comparten y manipulan se desinfectan con regularidad, lo que contribuye a crear un entorno m\u00e1s saludable para estudiantes, empleados y clientes.<\/p>\n<h3 id=\"-safety-as-a-top-priority-\"><strong>La seguridad, prioridad absoluta<\/strong><\/h3>\n<p>El dise\u00f1o de este armario de carga incorpora varias caracter\u00edsticas de seguridad cruciales para proteger tanto al usuario como a los dispositivos que contiene. Incorpora un intuitivo sistema de refrigeraci\u00f3n para evitar el sobrecalentamiento, incluso cuando el armario est\u00e1 totalmente cargado y todos los dispositivos se est\u00e1n cargando simult\u00e1neamente. Tambi\u00e9n proporciona protecci\u00f3n de voltaje para proteger sus valiosos aparatos electr\u00f3nicos de las subidas de tensi\u00f3n.<\/p>\n<p>Una medida de seguridad fundamental es la desconexi\u00f3n autom\u00e1tica de la iluminaci\u00f3n UV-C. Las l\u00e1mparas UV-C se apagan inmediatamente cuando se abren las puertas del armario, evitando cualquier exposici\u00f3n accidental a los rayos UV. Esta inteligente funci\u00f3n garantiza que las potentes propiedades desinfectantes de la luz UV-C s\u00f3lo se activen cuando el armario est\u00e9 bien cerrado.<\/p>\n<h3 id=\"-durable-and-convenient-design-\"><strong>Dise\u00f1o duradero y c\u00f3modo<\/strong><\/h3>\n<p>Fabricado para durar y ser f\u00e1cil de usar, este armario de carga m\u00f3vil est\u00e1 dise\u00f1ado para soportar los rigores del uso diario en entornos ajetreados. El armario cuenta con ruedas robustas, lo que permite un transporte suave y f\u00e1cil de una habitaci\u00f3n a otra, por lo que es una soluci\u00f3n verdaderamente port\u00e1til. La puerta frontal ofrece una visi\u00f3n clara de los dispositivos del interior, lo que permite realizar un inventario visual r\u00e1pido y controlar el estado de carga. La seguridad tambi\u00e9n se aborda con un mecanismo de bloqueo para mantener los dispositivos almacenados a salvo de accesos no autorizados.<\/p>\n<p>Con una altura de bah\u00eda de 11 pulgadas y una anchura de 22,50 pulgadas, el armario puede alojar una amplia variedad de dispositivos, desde tel\u00e9fonos y power banks hasta port\u00e1tiles m\u00e1s grandes. El espacio de 2,25 pulgadas entre separadores y una toma de CA dedicada para cada ranura garantizan que haya espacio suficiente para cada dispositivo y su cable de carga. El modelo de 30 bah\u00edas ofrece una capacidad sustancial, manteniendo un tama\u00f1o manejable, con dimensiones de 26,18 pulgadas de ancho, 21,65 pulgadas de profundidad y 43,7 pulgadas de altura.<\/p>\n<p>Este armario de carga con desinfecci\u00f3n UV es m\u00e1s que una unidad de almacenamiento; es un sistema integral para la gesti\u00f3n moderna de dispositivos. Al combinar una carga eficaz, un almacenamiento seguro y una potente desinfecci\u00f3n, ofrece una soluci\u00f3n pr\u00e1ctica y esencial para mantener un entorno productivo e higi\u00e9nico.<\/p>","protected":false},"excerpt":{"rendered":"<div class=\"model-prompt-container\" data-turn-role=\"Model\">\n<div class=\"turn-content\">\n<p class=\"ng-star-inserted\"><span class=\"ng-star-inserted\">Cargue, almacene y desinfecte hasta 30 dispositivos. Este armario de carga m\u00f3vil utiliza luz UV-C para la desinfecci\u00f3n y cuenta con carga inteligente de un solo toque para dar prioridad a los dispositivos con la bater\u00eda m\u00e1s baja. Un sistema de refrigeraci\u00f3n intuitivo y la iluminaci\u00f3n UV de apagado autom\u00e1tico garantizan la seguridad.<\/span><\/p>\n<\/div>\n<\/div>","protected":false},"featured_media":2734,"template":"","meta":{"_kad_post_transparent":"default","_kad_post_title":"","_kad_post_layout":"default","_kad_post_sidebar_id":"","_kad_post_content_style":"default","_kad_post_vertical_padding":"default","_kad_post_feature":"","_kad_post_feature_position":"","_kad_post_header":false,"_kad_post_footer":false},"product_brand":[],"product_cat":[91],"product_tag":[271,122,270],"class_list":{"0":"post-1777","1":"product","2":"type-product","3":"status-publish","4":"has-post-thumbnail","6":"product_cat-charging-cabinets","7":"product_tag-30-device-cart","8":"product_tag-charging-cabinet","9":"product_tag-uv-disinfection","11":"first","12":"instock","13":"shipping-taxable","14":"product-type-simple","15":"entry","16":"content-bg","17":"loop-entry"},"_links":{"self":[{"href":"https:\/\/24smartcharge.com\/es\/wp-json\/wp\/v2\/product\/1777","targetHints":{"allow":["GET"]}}],"collection":[{"href":"https:\/\/24smartcharge.com\/es\/wp-json\/wp\/v2\/product"}],"about":[{"href":"https:\/\/24smartcharge.com\/es\/wp-json\/wp\/v2\/types\/product"}],"wp:featuredmedia":[{"embeddable":true,"href":"https:\/\/24smartcharge.com\/es\/wp-json\/wp\/v2\/media\/2734"}],"wp:attachment":[{"href":"https:\/\/24smartcharge.com\/es\/wp-json\/wp\/v2\/media?parent=1777"}],"wp:term":[{"taxonomy":"product_brand","embeddable":true,"href":"https:\/\/24smartcharge.com\/es\/wp-json\/wp\/v2\/product_brand?post=1777"},{"taxonomy":"product_cat","embeddable":true,"href":"https:\/\/24smartcharge.com\/es\/wp-json\/wp\/v2\/product_cat?post=1777"},{"taxonomy":"product_tag","embeddable":true,"href":"https:\/\/24smartcharge.com\/es\/wp-json\/wp\/v2\/product_tag?post=1777"}],"curies":[{"name":"wp","href":"https:\/\/api.w.org\/{rel}","templated":true}]}}