{"id":1713,"date":"2025-08-08T06:48:32","date_gmt":"2025-08-08T06:48:32","guid":{"rendered":"https:\/\/24smartcharge.com\/?post_type=product&#038;p=1713"},"modified":"2025-08-18T01:27:44","modified_gmt":"2025-08-18T01:27:44","slug":"secure-multi-device-charging-cabinet-for-laptops-tablets","status":"publish","type":"product","link":"https:\/\/24smartcharge.com\/es\/secure-multi-device-charging-cabinet-for-laptops-tablets\/","title":{"rendered":"Cargador seguro multidispositivo para port\u00e1tiles y tabletas"},"content":{"rendered":"<h1 id=\"secure-multi-device-charging-cabinet-for-laptops-tablets\">Cargador seguro multidispositivo para port\u00e1tiles y tabletas<\/h1>\n<p>En\u00a0<strong>Cargador seguro multidispositivo para port\u00e1tiles y tabletas<\/strong>\u00a0est\u00e1 dise\u00f1ado para mantener varios dispositivos cargados, seguros y organizados en una soluci\u00f3n compacta. Ideal para aulas, oficinas, bibliotecas o cualquier espacio compartido, combina un almacenamiento seguro con una carga eficiente para simplificar la gesti\u00f3n de los dispositivos.<\/p>\n<h2 id=\"key-features\">Caracter\u00edsticas principales<\/h2>\n<h3 id=\"-efficient-charging-\"><strong>Carga eficiente<\/strong><\/h3>\n<ul>\n<li>Carga hasta\u00a0<strong>12 tablets\/Chromebooks<\/strong>\u00a0o\u00a0<strong>8 port\u00e1tiles<\/strong>\u00a0simult\u00e1neamente.<\/li>\n<li>Patentado\u00a0<strong>Tecnolog\u00eda PowerShuttle<\/strong>\u00a0garantiza una carga segura, r\u00e1pida y optimizada para todos los dispositivos conectados.<\/li>\n<\/ul>\n<h3 id=\"-adjustable-storage-\"><strong>Almacenamiento ajustable<\/strong><\/h3>\n<ul>\n<li><strong>Separadores ajustables<\/strong>\u00a0permiten un espaciado flexible para adaptarse a distintos tama\u00f1os de dispositivos.<\/li>\n<li>Las ranuras numeradas facilitan la organizaci\u00f3n y el seguimiento de los dispositivos.<\/li>\n<\/ul>\n<h3 id=\"-secure-design-\"><strong>Dise\u00f1o seguro<\/strong><\/h3>\n<ul>\n<li>Robustas puertas de acero con\u00a0<strong>cerradura de llave de tres puntos<\/strong>\u00a0mantener seguros los dispositivos.<\/li>\n<li>Opci\u00f3n de a\u00f1adir un\u00a0<strong>candado<\/strong>\u00a0para mayor protecci\u00f3n.<\/li>\n<\/ul>\n<h3 id=\"-cooling-system-\"><strong>Sistema de refrigeraci\u00f3n<\/strong><\/h3>\n<ul>\n<li>Incorporado\u00a0<strong>ventiladores de refrigeraci\u00f3n<\/strong>\u00a0evitar el sobrecalentamiento, ayudando a prolongar la vida \u00fatil de la bater\u00eda.<\/li>\n<\/ul>\n<h3 id=\"-ready-to-use-\"><strong>Listo para usar<\/strong><\/h3>\n<ul>\n<li>Barcos\u00a0<strong>totalmente montado<\/strong>-s\u00f3lo tienes que enchufarlo y empezar a cargar.<\/li>\n<\/ul>\n<h3 id=\"-safety-certified-\"><strong>Certificado de seguridad<\/strong><\/h3>\n<ul>\n<li>Cumple\u00a0<strong>Normas de seguridad UL\/IEC<\/strong>\u00a0para la protecci\u00f3n del usuario y del equipo.<\/li>\n<\/ul>\n<h2 id=\"benefits\">Beneficios<\/h2>\n<ul>\n<li><strong>Ahorro de espacio<\/strong>: Dise\u00f1o compacto y apilable que cabe perfectamente en mesas o estanter\u00edas.<\/li>\n<li><strong>Ahorro de tiempo<\/strong>: Sin necesidad de configuraciones complejas: listo para usar.<\/li>\n<li><strong>Compatibilidad con varios dispositivos<\/strong>: Maneja diferentes tipos y tama\u00f1os de dispositivos en una sola unidad.<\/li>\n<li><strong>Tranquilidad<\/strong>: Los fuertes cierres y la construcci\u00f3n de acero protegen los equipos valiosos.<\/li>\n<\/ul>\n<h2 id=\"ideal-for\">Ideal para<\/h2>\n<ul>\n<li><strong>Escuelas<\/strong>: Mantenga los dispositivos de los estudiantes cargados y seguros entre clases.<\/li>\n<li><strong>Oficinas<\/strong>: Gestione port\u00e1tiles y tabletas para empleados o visitantes.<\/li>\n<li><strong>Bibliotecas y laboratorios<\/strong>: Ofrece una carga segura y organizada para dispositivos compartidos.<\/li>\n<\/ul>\n<p>En\u00a0<strong>Armario de carga seguro para varios dispositivos<\/strong>\u00a0es una soluci\u00f3n fiable, duradera y f\u00e1cil de usar para cualquiera que necesite almacenar y cargar varios port\u00e1tiles o tabletas a la vez, lo que hace que la gesti\u00f3n de dispositivos sea sencilla, segura y eficiente.<\/p>","protected":false},"excerpt":{"rendered":"<p>El armario de carga multidispositivo seguro para port\u00e1tiles y tabletas ofrece una carga segura y eficiente para hasta 12 tabletas u 8 port\u00e1tiles. Con divisores ajustables, carga r\u00e1pida, ventiladores de refrigeraci\u00f3n integrados y un sistema de bloqueo duradero, este armario de carga garantiza un almacenamiento seguro, organizado y fiable de los dispositivos.<\/p>","protected":false},"featured_media":2724,"template":"","meta":{"_kad_post_transparent":"default","_kad_post_title":"","_kad_post_layout":"default","_kad_post_sidebar_id":"","_kad_post_content_style":"default","_kad_post_vertical_padding":"default","_kad_post_feature":"","_kad_post_feature_position":"","_kad_post_header":false,"_kad_post_footer":false},"product_brand":[],"product_cat":[91],"product_tag":[122,147,120],"class_list":{"0":"post-1713","1":"product","2":"type-product","3":"status-publish","4":"has-post-thumbnail","6":"product_cat-charging-cabinets","7":"product_tag-charging-cabinet","8":"product_tag-multi-device-charging","9":"product_tag-secure-device-storage","11":"first","12":"instock","13":"shipping-taxable","14":"product-type-simple","15":"entry","16":"content-bg","17":"loop-entry"},"_links":{"self":[{"href":"https:\/\/24smartcharge.com\/es\/wp-json\/wp\/v2\/product\/1713","targetHints":{"allow":["GET"]}}],"collection":[{"href":"https:\/\/24smartcharge.com\/es\/wp-json\/wp\/v2\/product"}],"about":[{"href":"https:\/\/24smartcharge.com\/es\/wp-json\/wp\/v2\/types\/product"}],"wp:featuredmedia":[{"embeddable":true,"href":"https:\/\/24smartcharge.com\/es\/wp-json\/wp\/v2\/media\/2724"}],"wp:attachment":[{"href":"https:\/\/24smartcharge.com\/es\/wp-json\/wp\/v2\/media?parent=1713"}],"wp:term":[{"taxonomy":"product_brand","embeddable":true,"href":"https:\/\/24smartcharge.com\/es\/wp-json\/wp\/v2\/product_brand?post=1713"},{"taxonomy":"product_cat","embeddable":true,"href":"https:\/\/24smartcharge.com\/es\/wp-json\/wp\/v2\/product_cat?post=1713"},{"taxonomy":"product_tag","embeddable":true,"href":"https:\/\/24smartcharge.com\/es\/wp-json\/wp\/v2\/product_tag?post=1713"}],"curies":[{"name":"wp","href":"https:\/\/api.w.org\/{rel}","templated":true}]}}