{"id":1712,"date":"2025-08-08T06:40:17","date_gmt":"2025-08-08T06:40:17","guid":{"rendered":"https:\/\/24smartcharge.com\/?post_type=product&#038;p=1712"},"modified":"2025-08-18T01:22:47","modified_gmt":"2025-08-18T01:22:47","slug":"secure-multi-device-laptop-tablet-charging-cabinet-5","status":"publish","type":"product","link":"https:\/\/24smartcharge.com\/es\/secure-multi-device-laptop-tablet-charging-cabinet-5\/","title":{"rendered":"Mueble de carga multidispositivo para port\u00e1tiles y tabletas"},"content":{"rendered":"<h2 id=\"key-features\">Caracter\u00edsticas principales<\/h2>\n<h3 id=\"1-adjustable-rows-dividers\">1. Filas y separadores ajustables<\/h3>\n<p>Ajuste hasta\u00a0<strong>20 tabletas, port\u00e1tiles, tel\u00e9fonos inteligentes o lectores electr\u00f3nicos<\/strong>\u00a0con o sin fundas. Los divisores ajustables permiten flexibilidad para diferentes tama\u00f1os de dispositivos.<\/p>\n<h3 id=\"2-space-saving-design\">2. Dise\u00f1o compacto<\/h3>\n<p>Col\u00f3quelo de forma segura en una pared o sobre un escritorio para optimizar el espacio de trabajo. Su tama\u00f1o compacto lo hace ideal para zonas con espacio limitado.<\/p>\n<h3 id=\"3-enhanced-security\">3. Seguridad reforzada<\/h3>\n<p>Atornille el armario en su lugar a trav\u00e9s de los orificios de montaje de la base. En\u00a0<strong>bloqueo del \u00e1rea inform\u00e1tica<\/strong>\u00a0mantiene los adaptadores de corriente protegidos de accesos no autorizados.<\/p>\n<h3 id=\"4-cable-management\">4. Gesti\u00f3n de cables<\/h3>\n<p>Un peine para cables integrado introduce los cables de forma ordenada en el \u00e1rea de TI, manteniendo los cables organizados y reduciendo el desorden.<\/p>\n<h3 id=\"5-strong-roi\">5. Fuerte ROI<\/h3>\n<p>Construido para soportar la evoluci\u00f3n de la tecnolog\u00eda, el Armario de Carga incluye un\u00a0<strong>garant\u00eda mec\u00e1nica de por vida<\/strong>garantizando el valor a largo plazo.<\/p>\n<h2 id=\"benefits\">Beneficios<\/h2>\n<ul>\n<li><strong>Almacenamiento seguro<\/strong>\u00a0- Protege los dispositivos con un s\u00f3lido sistema de cierre y una zona inform\u00e1tica independiente.<\/li>\n<li><strong>Carga eficiente<\/strong>\u00a0- Carga hasta 20 dispositivos simult\u00e1neamente.<\/li>\n<li><strong>Configuraci\u00f3n organizada<\/strong>\u00a0- Los separadores ajustables y la gesti\u00f3n de cables mantienen los dispositivos ordenados.<\/li>\n<li><strong>Uso flexible<\/strong>\u00a0- Adecuado para diversos entornos, como la educaci\u00f3n, la empresa y la sanidad.<\/li>\n<\/ul>\n<h2 id=\"applications\">Aplicaciones<\/h2>\n<ul>\n<li><strong>Educaci\u00f3n<\/strong>\u00a0- Ideal para aulas, laboratorios inform\u00e1ticos y bibliotecas para almacenar y cargar los dispositivos de los estudiantes.<\/li>\n<li><strong>Empresa<\/strong>\u00a0- Mantiene los dispositivos de trabajo cargados y seguros para el personal.<\/li>\n<li><strong>Sanidad<\/strong>\u00a0- Gestiona tabletas y ordenadores port\u00e1tiles para atenci\u00f3n al paciente o uso administrativo.<\/li>\n<li><strong>Espacios p\u00fablicos<\/strong>\u00a0- Perfecto para estaciones de carga compartidas en espacios de coworking y centros de formaci\u00f3n.<\/li>\n<\/ul>\n<p>El armario de carga seguro multidispositivo para port\u00e1tiles y tabletas ofrece un <strong>soluci\u00f3n segura, organizada y eficaz<\/strong>\u00a0para gestionar varios dispositivos, todo en una unidad compacta y duradera que se adapta a tus necesidades.<\/p>","protected":false},"excerpt":{"rendered":"<p>El armario de carga seguro para port\u00e1tiles y tabletas ofrece almacenamiento y carga seguros y organizados para hasta 20 dispositivos, incluidas tabletas, port\u00e1tiles y smartphones. Con separadores ajustables, gesti\u00f3n de cables y una zona de TI con cierre, este armario de carga es perfecto para colegios, oficinas y espacios compartidos.<\/p>","protected":false},"featured_media":2719,"template":"","meta":{"_kad_post_transparent":"default","_kad_post_title":"","_kad_post_layout":"default","_kad_post_sidebar_id":"","_kad_post_content_style":"default","_kad_post_vertical_padding":"default","_kad_post_feature":"","_kad_post_feature_position":"","_kad_post_header":false,"_kad_post_footer":false},"product_brand":[],"product_cat":[91,92],"product_tag":[122,140,120],"class_list":{"0":"post-1712","1":"product","2":"type-product","3":"status-publish","4":"has-post-thumbnail","6":"product_cat-charging-cabinets","7":"product_cat-15-outputs","8":"product_tag-charging-cabinet","9":"product_tag-multi-device-charger","10":"product_tag-secure-device-storage","12":"first","13":"instock","14":"shipping-taxable","15":"product-type-simple","16":"entry","17":"content-bg","18":"loop-entry"},"_links":{"self":[{"href":"https:\/\/24smartcharge.com\/es\/wp-json\/wp\/v2\/product\/1712","targetHints":{"allow":["GET"]}}],"collection":[{"href":"https:\/\/24smartcharge.com\/es\/wp-json\/wp\/v2\/product"}],"about":[{"href":"https:\/\/24smartcharge.com\/es\/wp-json\/wp\/v2\/types\/product"}],"wp:featuredmedia":[{"embeddable":true,"href":"https:\/\/24smartcharge.com\/es\/wp-json\/wp\/v2\/media\/2719"}],"wp:attachment":[{"href":"https:\/\/24smartcharge.com\/es\/wp-json\/wp\/v2\/media?parent=1712"}],"wp:term":[{"taxonomy":"product_brand","embeddable":true,"href":"https:\/\/24smartcharge.com\/es\/wp-json\/wp\/v2\/product_brand?post=1712"},{"taxonomy":"product_cat","embeddable":true,"href":"https:\/\/24smartcharge.com\/es\/wp-json\/wp\/v2\/product_cat?post=1712"},{"taxonomy":"product_tag","embeddable":true,"href":"https:\/\/24smartcharge.com\/es\/wp-json\/wp\/v2\/product_tag?post=1712"}],"curies":[{"name":"wp","href":"https:\/\/api.w.org\/{rel}","templated":true}]}}