{"id":1686,"date":"2025-08-08T03:59:18","date_gmt":"2025-08-08T03:59:18","guid":{"rendered":"https:\/\/24smartcharge.com\/?post_type=product&#038;p=1686"},"modified":"2025-08-18T01:07:03","modified_gmt":"2025-08-18T01:07:03","slug":"secure-multi-device-laptop-tablet-charging-cabinet-2","status":"publish","type":"product","link":"https:\/\/24smartcharge.com\/es\/secure-multi-device-laptop-tablet-charging-cabinet-2\/","title":{"rendered":"Armario de carga seguro para varios dispositivos"},"content":{"rendered":"<h2 id=\"key-features\">Caracter\u00edsticas principales<\/h2>\n<h3 id=\"universal-compatibility\">Compatibilidad universal<\/h3>\n<p>Cargue hasta 30 o 40 port\u00e1tiles, tabletas, Chromebooks o dispositivos similares, est\u00e9n o no en fundas protectoras. Los racks y cestas flexibles permiten acomodar f\u00e1cilmente diferentes tama\u00f1os.<\/p>\n<h3 id=\"smart-power-management\">Gesti\u00f3n inteligente de la energ\u00eda<\/h3>\n<p>Equipado con\u00a0<strong>ECO Smart Charge\u2122<\/strong>\u00a0el armario de carga distribuye eficazmente la energ\u00eda, evitando la sobrecarga y prolongando la vida \u00fatil de la bater\u00eda del dispositivo.<\/p>\n<h3 id=\"secure-storage\">Almacenamiento seguro<\/h3>\n<p>Un robusto sistema de cierre con candado de acero inoxidable mantiene a salvo los dispositivos. Los kits de anclaje opcionales permiten fijar el armario al suelo para mayor protecci\u00f3n.<\/p>\n<h3 id=\"space-saving-design\">Dise\u00f1o compacto<\/h3>\n<p>Gran capacidad en un espacio reducido: almacene y cargue todos los dispositivos y fuentes de alimentaci\u00f3n en una unidad organizada, minimizando el desorden.<\/p>\n<h3 id=\"easy-mobility\">F\u00e1cil movilidad<\/h3>\n<p>Su construcci\u00f3n ligera, las ruedas giratorias de 360\u00b0 y las asas ergon\u00f3micas facilitan el desplazamiento del armario de carga por pasillos y esquinas estrechas.<\/p>\n<h3 id=\"affordable-and-durable\">Asequible y duradero<\/h3>\n<p>Construidos para durar con materiales de calidad, ofrecen una excelente relaci\u00f3n calidad-precio a lo largo del tiempo sin comprometer el rendimiento.<\/p>\n<h3 id=\"included-baskets-and-racks\">Cestas y bastidores incluidos<\/h3>\n<p>Viene con cestas extra\u00edbles para dispositivos para una distribuci\u00f3n r\u00e1pida y rejillas de pl\u00e1stico para dispositivos m\u00e1s grandes, lo que ofrece opciones de almacenamiento flexibles.<\/p>\n<h3 id=\"warranty-and-support\">Garant\u00eda y asistencia<\/h3>\n<p>Con el respaldo de una s\u00f3lida garant\u00eda y un servicio de atenci\u00f3n al cliente especializado para su tranquilidad.<\/p>\n<h2 id=\"benefits\">Beneficios<\/h2>\n<ul>\n<li><strong>Ahorra tiempo<\/strong>\u00a0- Recoja, cargue y distribuya r\u00e1pidamente los dispositivos.<\/li>\n<li><strong>Mejora la seguridad<\/strong>\u00a0- Guarde bajo llave los dispositivos valiosos cuando no los utilice.<\/li>\n<li><strong>Maximiza el espacio<\/strong>\u00a0- Almacena muchos dispositivos en un espacio reducido.<\/li>\n<li><strong>Mejora la vida \u00fatil del dispositivo<\/strong>\u00a0- La carga inteligente evita da\u00f1os en la bater\u00eda.<\/li>\n<\/ul>\n<p>En\u00a0<strong>Cargador seguro multidispositivo para port\u00e1tiles y tabletas<\/strong>\u00a0es la combinaci\u00f3n perfecta de comodidad, seguridad y eficacia, ideal para cualquier entorno en el que sea necesario gestionar varios dispositivos con facilidad.<\/p>","protected":false},"excerpt":{"rendered":"<p>El armario de carga seguro para port\u00e1tiles y tabletas ofrece una carga segura y eficiente para hasta 30 \u00f3 40 dispositivos. Con compatibilidad universal, cierre de seguridad, gesti\u00f3n inteligente de la energ\u00eda y f\u00e1cil movilidad, este resistente armario de carga es ideal para colegios, oficinas y espacios de trabajo compartidos.<\/p>","protected":false},"featured_media":2707,"template":"","meta":{"_kad_post_transparent":"default","_kad_post_title":"","_kad_post_layout":"default","_kad_post_sidebar_id":"","_kad_post_content_style":"default","_kad_post_vertical_padding":"default","_kad_post_feature":"","_kad_post_feature_position":"","_kad_post_header":false,"_kad_post_footer":false},"product_brand":[],"product_cat":[91],"product_tag":[122,258,142],"class_list":{"0":"post-1686","1":"product","2":"type-product","3":"status-publish","4":"has-post-thumbnail","6":"product_cat-charging-cabinets","7":"product_tag-charging-cabinet","8":"product_tag-multi-device-charging-cabinet","9":"product_tag-secure-charging-cabinet","11":"first","12":"instock","13":"shipping-taxable","14":"product-type-simple","15":"entry","16":"content-bg","17":"loop-entry"},"_links":{"self":[{"href":"https:\/\/24smartcharge.com\/es\/wp-json\/wp\/v2\/product\/1686","targetHints":{"allow":["GET"]}}],"collection":[{"href":"https:\/\/24smartcharge.com\/es\/wp-json\/wp\/v2\/product"}],"about":[{"href":"https:\/\/24smartcharge.com\/es\/wp-json\/wp\/v2\/types\/product"}],"wp:featuredmedia":[{"embeddable":true,"href":"https:\/\/24smartcharge.com\/es\/wp-json\/wp\/v2\/media\/2707"}],"wp:attachment":[{"href":"https:\/\/24smartcharge.com\/es\/wp-json\/wp\/v2\/media?parent=1686"}],"wp:term":[{"taxonomy":"product_brand","embeddable":true,"href":"https:\/\/24smartcharge.com\/es\/wp-json\/wp\/v2\/product_brand?post=1686"},{"taxonomy":"product_cat","embeddable":true,"href":"https:\/\/24smartcharge.com\/es\/wp-json\/wp\/v2\/product_cat?post=1686"},{"taxonomy":"product_tag","embeddable":true,"href":"https:\/\/24smartcharge.com\/es\/wp-json\/wp\/v2\/product_tag?post=1686"}],"curies":[{"name":"wp","href":"https:\/\/api.w.org\/{rel}","templated":true}]}}