{"id":1680,"date":"2025-08-08T03:54:58","date_gmt":"2025-08-08T03:54:58","guid":{"rendered":"https:\/\/24smartcharge.com\/?post_type=product&#038;p=1680"},"modified":"2025-08-15T10:18:48","modified_gmt":"2025-08-15T10:18:48","slug":"secure-multi-device-charging-cabinet-for-tablets-2","status":"publish","type":"product","link":"https:\/\/24smartcharge.com\/es\/secure-multi-device-charging-cabinet-for-tablets-2\/","title":{"rendered":"Cargador seguro multidispositivo para tabletas"},"content":{"rendered":"<h1 id=\"secure-multi-device-charging-cabinet-for-tablets\">Cargador seguro multidispositivo para tabletas<\/h1>\n<p>En\u00a0<strong>Cargador seguro multidispositivo para tabletas<\/strong>\u00a0es una soluci\u00f3n compacta, duradera y eficaz para cargar, almacenar y proteger varias tabletas en un solo lugar. Dise\u00f1ada para colegios, oficinas, bibliotecas y otros entornos compartidos, garantiza que los dispositivos est\u00e9n siempre seguros, organizados y listos para su uso.<\/p>\n<h2 id=\"key-features\">Caracter\u00edsticas principales<\/h2>\n<h3 id=\"1-tuck-away-door\">1. Puerta Tuck-Away<\/h3>\n<p>La puerta estilo garaje se retrae de forma ordenada, permitiendo un acceso r\u00e1pido a los dispositivos sin ocupar espacio adicional. Este dise\u00f1o mantiene las zonas despejadas y mejora el flujo de trabajo.<\/p>\n<h3 id=\"2-space-saving-design\">2. Dise\u00f1o compacto<\/h3>\n<p>Gracias a su reducido tama\u00f1o, el armario de carga cabe f\u00e1cilmente en escritorios, mostradores o espacios de trabajo estrechos, por lo que es ideal para entornos con poco espacio.<\/p>\n<h3 id=\"3-strong-security\">3. Seguridad s\u00f3lida<\/h3>\n<p>Construido con un robusto sistema de bloqueo, protege los dispositivos de robos, p\u00e9rdidas y accesos no autorizados cuando no est\u00e1n en uso.<\/p>\n<h3 id=\"4-efficient-charging\">4. Carga eficiente<\/h3>\n<p>Capaz de cargar hasta 12 tabletas simult\u00e1neamente, garantiza que los dispositivos est\u00e9n encendidos y listos cuando se necesiten.<\/p>\n<h3 id=\"5-overheat-protection\">5. Protecci\u00f3n contra sobrecalentamiento<\/h3>\n<p>Un ventilador interno hace circular el aire para evitar el sobrecalentamiento de los dispositivos, alargando su vida \u00fatil y garantizando un rendimiento fiable.<\/p>\n<h3 id=\"6-long-term-value\">6. Valor a largo plazo<\/h3>\n<p>Gracias a su construcci\u00f3n duradera, el armario de carga est\u00e1 hecho para durar, lo que permite ahorrar costes a lo largo del tiempo sin comprometer la calidad.<\/p>\n<h3 id=\"7-warranty-support\">7. Garant\u00eda<\/h3>\n<p>Respaldado por una s\u00f3lida garant\u00eda y un equipo de atenci\u00f3n al cliente, ofrece tranquilidad para un uso a largo plazo.<\/p>\n<h2 id=\"benefits\">Beneficios<\/h2>\n<ul>\n<li><strong>Almacenamiento organizado:<\/strong>\u00a0Mantiene los dispositivos ordenados para facilitar su gesti\u00f3n.<\/li>\n<li><strong>Acceso r\u00e1pido:<\/strong>\u00a0La puerta escamoteable permite recuperar y devolver r\u00e1pidamente las tabletas.<\/li>\n<li><strong>Carga segura:<\/strong>\u00a0Evita el sobrecalentamiento y garantiza que los dispositivos est\u00e9n siempre a punto.<\/li>\n<li><strong>Tranquilidad en materia de seguridad:<\/strong>\u00a0Protege los valiosos activos tecnol\u00f3gicos de da\u00f1os o robos.<\/li>\n<li><strong>Eficiencia espacial:<\/strong>\u00a0Maximiza el espacio de trabajo disponible.<\/li>\n<\/ul>\n<p>El armario de carga segura multidispositivo para tabletas es la elecci\u00f3n perfecta para cualquiera que necesite una forma fiable, segura y que ocupe poco espacio para almacenar y cargar varios dispositivos. Est\u00e1 dise\u00f1ado para que la gesti\u00f3n de dispositivos sea sencilla, segura y sin complicaciones.<\/p>","protected":false},"excerpt":{"rendered":"<p>El armario de carga multidispositivo seguro para tabletas ofrece una carga segura y organizada para hasta 12 dispositivos. Con un dise\u00f1o compacto, una puerta oculta y una s\u00f3lida seguridad, protege contra robos a la vez que ahorra espacio. La refrigeraci\u00f3n integrada evita el sobrecalentamiento, garantizando que los dispositivos est\u00e9n listos para su uso en cualquier momento.<\/p>","protected":false},"featured_media":2517,"template":"","meta":{"_kad_post_transparent":"default","_kad_post_title":"","_kad_post_layout":"default","_kad_post_sidebar_id":"","_kad_post_content_style":"default","_kad_post_vertical_padding":"default","_kad_post_feature":"","_kad_post_feature_position":"","_kad_post_header":false,"_kad_post_footer":false},"product_brand":[],"product_cat":[91],"product_tag":[122,147,120],"class_list":{"0":"post-1680","1":"product","2":"type-product","3":"status-publish","4":"has-post-thumbnail","6":"product_cat-charging-cabinets","7":"product_tag-charging-cabinet","8":"product_tag-multi-device-charging","9":"product_tag-secure-device-storage","11":"first","12":"instock","13":"shipping-taxable","14":"product-type-simple","15":"entry","16":"content-bg","17":"loop-entry"},"_links":{"self":[{"href":"https:\/\/24smartcharge.com\/es\/wp-json\/wp\/v2\/product\/1680","targetHints":{"allow":["GET"]}}],"collection":[{"href":"https:\/\/24smartcharge.com\/es\/wp-json\/wp\/v2\/product"}],"about":[{"href":"https:\/\/24smartcharge.com\/es\/wp-json\/wp\/v2\/types\/product"}],"wp:featuredmedia":[{"embeddable":true,"href":"https:\/\/24smartcharge.com\/es\/wp-json\/wp\/v2\/media\/2517"}],"wp:attachment":[{"href":"https:\/\/24smartcharge.com\/es\/wp-json\/wp\/v2\/media?parent=1680"}],"wp:term":[{"taxonomy":"product_brand","embeddable":true,"href":"https:\/\/24smartcharge.com\/es\/wp-json\/wp\/v2\/product_brand?post=1680"},{"taxonomy":"product_cat","embeddable":true,"href":"https:\/\/24smartcharge.com\/es\/wp-json\/wp\/v2\/product_cat?post=1680"},{"taxonomy":"product_tag","embeddable":true,"href":"https:\/\/24smartcharge.com\/es\/wp-json\/wp\/v2\/product_tag?post=1680"}],"curies":[{"name":"wp","href":"https:\/\/api.w.org\/{rel}","templated":true}]}}