{"id":1670,"date":"2025-08-08T03:38:05","date_gmt":"2025-08-08T03:38:05","guid":{"rendered":"https:\/\/24smartcharge.com\/?post_type=product&#038;p=1670"},"modified":"2025-08-15T10:32:42","modified_gmt":"2025-08-15T10:32:42","slug":"secure-multi-device-charging-cabinet-for-laptops","status":"publish","type":"product","link":"https:\/\/24smartcharge.com\/es\/secure-multi-device-charging-cabinet-for-laptops\/","title":{"rendered":"Cargador seguro multidispositivo para port\u00e1tiles"},"content":{"rendered":"<h1 id=\"secure-multi-device-charging-cabinet-for-laptops\">Cargador seguro multidispositivo para port\u00e1tiles<\/h1>\n<p>En\u00a0<strong>Cargador seguro multidispositivo para port\u00e1tiles<\/strong>\u00a0es una soluci\u00f3n inteligente que ahorra espacio, dise\u00f1ada para almacenar, organizar y cargar varios dispositivos de forma eficaz. Ideal para colegios, oficinas, bibliotecas y entornos de trabajo compartidos, este armario ofrece seguridad, durabilidad y comodidad en una unidad compacta.<\/p>\n<h2 id=\"key-features\">Caracter\u00edsticas principales<\/h2>\n<h3 id=\"multi-device-compatibility\">Compatibilidad multidispositivo<\/h3>\n<p>Carga hasta 18 Chromebooks, tabletas o port\u00e1tiles peque\u00f1os, con o sin fundas protectoras, por lo que es vers\u00e1til para entornos con varios dispositivos.<\/p>\n<h3 id=\"compact-space-saving\">Compacto y ahorra espacio<\/h3>\n<p>Su dise\u00f1o delgado y vertical le permite encajar perfectamente contra una pared o en un mostrador, maximizando el espacio sin comprometer la capacidad.<\/p>\n<h3 id=\"enhanced-security\">Seguridad reforzada<\/h3>\n<p>Una cerradura de combinaci\u00f3n integrada protege todos los dispositivos, eliminando la necesidad de llaves y ofreciendo tranquilidad para los valiosos activos tecnol\u00f3gicos.<\/p>\n<h3 id=\"numbered-slots\">Ranuras numeradas<\/h3>\n<p>Dieciocho compartimentos claramente numerados facilitan la asignaci\u00f3n de dispositivos, el seguimiento del uso y la r\u00e1pida detecci\u00f3n de las unidades que faltan.<\/p>\n<h3 id=\"cable-management\">Gesti\u00f3n de cables<\/h3>\n<p>Las correas y gu\u00edas integradas mantienen los adaptadores de corriente organizados, evitando enredos y garantizando conexiones de dispositivos r\u00e1pidas y sin complicaciones.<\/p>\n<h3 id=\"durable-build\">Construcci\u00f3n duradera<\/h3>\n<p>Fabricado con materiales robustos para un uso prolongado, el armario de carga soporta el duro trabajo diario en entornos de gran actividad.<\/p>\n<h3 id=\"cost-efficient\">Rentabilidad<\/h3>\n<p>Fabricado para durar, ofrece una soluci\u00f3n de carga fiable y de bajo mantenimiento que reduce los costes de sustituci\u00f3n y reparaci\u00f3n a largo plazo.<\/p>\n<h3 id=\"reliable-warranty\">Garant\u00eda fiable<\/h3>\n<p>Respaldados por una s\u00f3lida garant\u00eda y un servicio de atenci\u00f3n al cliente que garantiza un rendimiento y una satisfacci\u00f3n duraderos.<\/p>\n<h2 id=\"benefits\">Beneficios<\/h2>\n<ul>\n<li><strong>Operaciones racionalizadas:<\/strong>\u00a0Cargue y almacene varios dispositivos en un solo lugar para una r\u00e1pida distribuci\u00f3n y recogida.<\/li>\n<li><strong>Aumento de la productividad:<\/strong>\u00a0Mantenga los dispositivos listos para su uso sin tiempos de inactividad causados por bater\u00edas agotadas.<\/li>\n<li><strong>Organizaci\u00f3n mejorada:<\/strong>\u00a0Reduzca el desorden con ranuras espec\u00edficas y una ordenada gesti\u00f3n de cables.<\/li>\n<li><strong>Protecci\u00f3n de las inversiones:<\/strong>\u00a0Evite robos o da\u00f1os con un sistema de cierre seguro.<\/li>\n<\/ul>\n<p>En\u00a0<strong>Cargador seguro multidispositivo para port\u00e1tiles<\/strong>\u00a0combina funcionalidad, seguridad y durabilidad, por lo que es la elecci\u00f3n perfecta para entornos en los que la gesti\u00f3n de dispositivos debe ser r\u00e1pida, organizada y fiable.<\/p>","protected":false},"excerpt":{"rendered":"<p>El armario de carga segura multidispositivo para port\u00e1tiles ofrece almacenamiento y carga seguros y eficientes para hasta 18 dispositivos. Compatible con Chromebooks, tabletas y port\u00e1tiles peque\u00f1os, cuenta con ranuras numeradas, un dise\u00f1o compacto y una cerradura de combinaci\u00f3n para mayor seguridad, ideal para colegios, oficinas y espacios compartidos.<\/p>","protected":false},"featured_media":2529,"template":"","meta":{"_kad_post_transparent":"default","_kad_post_title":"","_kad_post_layout":"default","_kad_post_sidebar_id":"","_kad_post_content_style":"default","_kad_post_vertical_padding":"default","_kad_post_feature":"","_kad_post_feature_position":"","_kad_post_header":false,"_kad_post_footer":false},"product_brand":[],"product_cat":[91],"product_tag":[122,140,120],"class_list":{"0":"post-1670","1":"product","2":"type-product","3":"status-publish","4":"has-post-thumbnail","6":"product_cat-charging-cabinets","7":"product_tag-charging-cabinet","8":"product_tag-multi-device-charger","9":"product_tag-secure-device-storage","11":"first","12":"instock","13":"shipping-taxable","14":"product-type-simple","15":"entry","16":"content-bg","17":"loop-entry"},"_links":{"self":[{"href":"https:\/\/24smartcharge.com\/es\/wp-json\/wp\/v2\/product\/1670","targetHints":{"allow":["GET"]}}],"collection":[{"href":"https:\/\/24smartcharge.com\/es\/wp-json\/wp\/v2\/product"}],"about":[{"href":"https:\/\/24smartcharge.com\/es\/wp-json\/wp\/v2\/types\/product"}],"wp:featuredmedia":[{"embeddable":true,"href":"https:\/\/24smartcharge.com\/es\/wp-json\/wp\/v2\/media\/2529"}],"wp:attachment":[{"href":"https:\/\/24smartcharge.com\/es\/wp-json\/wp\/v2\/media?parent=1670"}],"wp:term":[{"taxonomy":"product_brand","embeddable":true,"href":"https:\/\/24smartcharge.com\/es\/wp-json\/wp\/v2\/product_brand?post=1670"},{"taxonomy":"product_cat","embeddable":true,"href":"https:\/\/24smartcharge.com\/es\/wp-json\/wp\/v2\/product_cat?post=1670"},{"taxonomy":"product_tag","embeddable":true,"href":"https:\/\/24smartcharge.com\/es\/wp-json\/wp\/v2\/product_tag?post=1670"}],"curies":[{"name":"wp","href":"https:\/\/api.w.org\/{rel}","templated":true}]}}