{"id":1669,"date":"2025-08-08T03:47:09","date_gmt":"2025-08-08T03:47:09","guid":{"rendered":"https:\/\/24smartcharge.com\/?post_type=product&#038;p=1669"},"modified":"2025-08-18T00:53:08","modified_gmt":"2025-08-18T00:53:08","slug":"secure-multi-device-laptop-tablet-charging-cabinet","status":"publish","type":"product","link":"https:\/\/24smartcharge.com\/es\/secure-multi-device-laptop-tablet-charging-cabinet\/","title":{"rendered":"Cargador seguro multidispositivo para port\u00e1tiles y tabletas"},"content":{"rendered":"<h2 id=\"key-features\">Caracter\u00edsticas principales<\/h2>\n<h3 id=\"-universal-compatibility-\"><strong>Compatibilidad universal<\/strong><\/h3>\n<p>Capaz de cargar port\u00e1tiles, tabletas, Chromebooks y otros dispositivos con o sin fundas protectoras. Los separadores de acero extra\u00edbles dejan espacio para equipos m\u00e1s grandes o de forma irregular, como kits STEM, drones o robots.<\/p>\n<h3 id=\"-safe-power-management-\"><strong>Gesti\u00f3n segura de la energ\u00eda<\/strong><\/h3>\n<p>Equipado con\u00a0<strong>Carga segura ECO\u2122<\/strong>\u00a0el Charging Cabinet gestiona el flujo de energ\u00eda para evitar la sobrecarga y reducir el derroche de energ\u00eda, alargando la vida de tus dispositivos.<\/p>\n<h3 id=\"-secure-storage-\"><strong>Almacenamiento seguro<\/strong><\/h3>\n<p>Un robusto sistema de bloqueo compatible con candados mantiene los dispositivos y las fuentes de alimentaci\u00f3n a salvo de robos o usos no autorizados, proporcionando tranquilidad en entornos compartidos o p\u00fablicos.<\/p>\n<h3 id=\"-flexible-power-system-\"><strong>Sistema el\u00e9ctrico flexible<\/strong><\/h3>\n<p>La regleta se desliza para adaptarse a varios tipos de cables y tama\u00f1os de adaptadores, lo que simplifica la gesti\u00f3n de los cables y garantiza una carga ordenada y organizada.<\/p>\n<h3 id=\"-durable-construction-\"><strong>Construcci\u00f3n duradera<\/strong><\/h3>\n<p>Construido con acero de alta calidad y bisagras reforzadas, el armario de carga est\u00e1 dise\u00f1ado para el uso diario en entornos exigentes, ofreciendo una fiabilidad duradera.<\/p>\n<h3 id=\"-space-efficient-design-\"><strong>Dise\u00f1o que ahorra espacio<\/strong><\/h3>\n<p>Compacto pero espacioso, el armario maximiza la capacidad al tiempo que minimiza el uso de espacio en el suelo, lo que facilita su integraci\u00f3n en cualquier distribuci\u00f3n de la sala.<\/p>\n<h3 id=\"-long-term-value-\"><strong>Valor a largo plazo<\/strong><\/h3>\n<p>Con su construcci\u00f3n robusta y dise\u00f1o inteligente, el armario de carga ofrece una soluci\u00f3n rentable y a largo plazo, reduciendo la necesidad de sustituciones o actualizaciones frecuentes.<\/p>\n<h2 id=\"benefits-at-a-glance\">Resumen de prestaciones<\/h2>\n<ul>\n<li><strong>Carga hasta 32 dispositivos<\/strong>\u00a0simult\u00e1neamente<\/li>\n<li><strong>Admite varios tama\u00f1os y marcas<\/strong>\u00a0de port\u00e1tiles, tabletas y Chromebooks<\/li>\n<li><strong>Separadores extra\u00edbles<\/strong>\u00a0para necesidades de almacenamiento personalizadas<\/li>\n<li><strong>Gesti\u00f3n inteligente de la energ\u00eda<\/strong>\u00a0para prolongar la vida \u00fatil del dispositivo<\/li>\n<li><strong>Puertas de acero con cerradura<\/strong>\u00a0para la m\u00e1xima seguridad<\/li>\n<li><strong>Sistema de cables organizado<\/strong>\u00a0para facilitar el acceso y el mantenimiento<\/li>\n<li><strong>Dise\u00f1o duradero y profesional<\/strong>\u00a0apto para m\u00faltiples industrias<\/li>\n<\/ul>\n<h2 id=\"ideal-applications\">Aplicaciones ideales<\/h2>\n<ul>\n<li><strong>Educaci\u00f3n<\/strong>: Mant\u00e9n los dispositivos de clase cargados, organizados y seguros<\/li>\n<li><strong>Oficinas corporativas<\/strong>: Gestione port\u00e1tiles y tabletas para equipos compartidos o m\u00f3viles<\/li>\n<li><strong>Bibliotecas y espacios p\u00fablicos<\/strong>: Carga segura de dispositivos comunitarios<\/li>\n<li><strong>Instalaciones de formaci\u00f3n<\/strong>: Aseg\u00farese de que todo el equipo est\u00e9 encendido y listo para las sesiones<\/li>\n<li><strong>Laboratorios y talleres<\/strong>: Almacenar y cargar herramientas y tecnolog\u00eda especializadas<\/li>\n<\/ul>\n<p>En\u00a0<strong>Cargador seguro multidispositivo para port\u00e1tiles y tabletas<\/strong>\u00a0combina practicidad, seguridad y eficiencia, lo que lo convierte en una inversi\u00f3n esencial para cualquier entorno en el que varios dispositivos necesiten un almacenamiento y una carga fiables.<\/p>","protected":false},"excerpt":{"rendered":"<p>El armario de carga seguro para port\u00e1tiles y tabletas ofrece una carga segura y eficiente para hasta 32 dispositivos, incluidos port\u00e1tiles, tabletas y Chromebooks. Con divisores de acero extra\u00edbles, cierre seguro y gesti\u00f3n inteligente de la energ\u00eda, este armario de carga garantiza protecci\u00f3n, flexibilidad y durabilidad a largo plazo.<\/p>","protected":false},"featured_media":2701,"template":"","meta":{"_kad_post_transparent":"default","_kad_post_title":"","_kad_post_layout":"default","_kad_post_sidebar_id":"","_kad_post_content_style":"default","_kad_post_vertical_padding":"default","_kad_post_feature":"","_kad_post_feature_position":"","_kad_post_header":false,"_kad_post_footer":false},"product_brand":[],"product_cat":[91,93],"product_tag":[122,258,142],"class_list":{"0":"post-1669","1":"product","2":"type-product","3":"status-publish","4":"has-post-thumbnail","6":"product_cat-charging-cabinets","7":"product_cat-30-outputs","8":"product_tag-charging-cabinet","9":"product_tag-multi-device-charging-cabinet","10":"product_tag-secure-charging-cabinet","12":"first","13":"instock","14":"shipping-taxable","15":"product-type-simple","16":"entry","17":"content-bg","18":"loop-entry"},"_links":{"self":[{"href":"https:\/\/24smartcharge.com\/es\/wp-json\/wp\/v2\/product\/1669","targetHints":{"allow":["GET"]}}],"collection":[{"href":"https:\/\/24smartcharge.com\/es\/wp-json\/wp\/v2\/product"}],"about":[{"href":"https:\/\/24smartcharge.com\/es\/wp-json\/wp\/v2\/types\/product"}],"wp:featuredmedia":[{"embeddable":true,"href":"https:\/\/24smartcharge.com\/es\/wp-json\/wp\/v2\/media\/2701"}],"wp:attachment":[{"href":"https:\/\/24smartcharge.com\/es\/wp-json\/wp\/v2\/media?parent=1669"}],"wp:term":[{"taxonomy":"product_brand","embeddable":true,"href":"https:\/\/24smartcharge.com\/es\/wp-json\/wp\/v2\/product_brand?post=1669"},{"taxonomy":"product_cat","embeddable":true,"href":"https:\/\/24smartcharge.com\/es\/wp-json\/wp\/v2\/product_cat?post=1669"},{"taxonomy":"product_tag","embeddable":true,"href":"https:\/\/24smartcharge.com\/es\/wp-json\/wp\/v2\/product_tag?post=1669"}],"curies":[{"name":"wp","href":"https:\/\/api.w.org\/{rel}","templated":true}]}}