{"id":1662,"date":"2025-08-08T03:30:54","date_gmt":"2025-08-08T03:30:54","guid":{"rendered":"https:\/\/24smartcharge.com\/?post_type=product&#038;p=1662"},"modified":"2025-08-15T10:27:34","modified_gmt":"2025-08-15T10:27:34","slug":"secure-multi-device-usb-c-charging-cabinet-for-tablets","status":"publish","type":"product","link":"https:\/\/24smartcharge.com\/es\/secure-multi-device-usb-c-charging-cabinet-for-tablets\/","title":{"rendered":"Armario seguro de carga USB-C multidispositivo para tabletas"},"content":{"rendered":"<h2 id=\"-optimized-for-tablet-and-ipad-charging-\"><strong>Optimizado para cargar tabletas y iPad<\/strong><\/h2>\n<p>Este armario de carga est\u00e1 dise\u00f1ado para cargar hasta\u00a0<strong>10 tabletas o iPads con alimentaci\u00f3n USB-C<\/strong>con o sin fundas protectoras. Tanto si gestiona conjuntos de dispositivos para aulas, tabletas de empleados o equipos hospitalarios, garantiza que cada dispositivo reciba una alimentaci\u00f3n constante a la vez que permanece organizado y es de f\u00e1cil acceso.<\/p>\n<p>El sistema de carga USB-C ofrece un suministro de energ\u00eda m\u00e1s r\u00e1pido y eficiente que las tecnolog\u00edas de carga anteriores, lo que garantiza que los dispositivos est\u00e9n listos para su uso cuando sea necesario. La gesti\u00f3n inteligente de cables del armario mantiene los cables ordenados y sin enredos, evitando su desgaste.<\/p>\n<h2 id=\"-compact-and-space-saving-design-\"><strong>Dise\u00f1o compacto que ahorra espacio<\/strong><\/h2>\n<p>Una de las ventajas m\u00e1s destacadas de este Armario de Carga es su\u00a0<strong>peque\u00f1a huella<\/strong>. Puede montarse en la pared o colocarse sobre una encimera, transformando incluso los espacios m\u00e1s peque\u00f1os en centros de carga seguros. Esta adaptabilidad lo hace perfecto para entornos en los que el espacio es escaso.<\/p>\n<p>Su dise\u00f1o ligero pero robusto permite que el armario se integre perfectamente en aulas, oficinas o puestos de trabajo sin desordenar la zona. A pesar de su tama\u00f1o compacto, ofrece capacidad de carga completa para 10 dispositivos, lo que lo convierte en una opci\u00f3n ideal para lugares con espacio limitado.<\/p>\n<h2 id=\"-security-you-can-trust-\"><strong>Seguridad de confianza<\/strong><\/h2>\n<p>Cuando se trata de gestionar dispositivos, la seguridad es una prioridad absoluta. El armario de carga est\u00e1 equipado con\u00a0<strong>puertas de acero con cerradura<\/strong>\u00a0y un\u00a0<strong>candado de acero inoxidable<\/strong>\u00a0para proteger dispositivos valiosos de robos o accesos no autorizados. Con duraderos paneles de acero perforado, ofrece ventilaci\u00f3n y visibilidad al tiempo que mantiene la resistencia y la seguridad.<\/p>\n<p>Tanto si se instala en el pasillo de un colegio como en la sala de inform\u00e1tica de una empresa, este armario garantiza que su inversi\u00f3n est\u00e9 siempre a salvo. El sistema de cerradura y llave proporciona tranquilidad, mientras que su robusta construcci\u00f3n resiste la manipulaci\u00f3n.<\/p>\n<h2 id=\"-versatile-storage-with-baskets-and-racks-\"><strong>Almacenamiento vers\u00e1til con cestas y estanter\u00edas<\/strong><\/h2>\n<p>El Armario de Carga viene de serie con\u00a0<strong>dos cestas para dispositivos duraderos<\/strong>que permite transportar r\u00e1pidamente grupos de tabletas a diferentes lugares. Cada cesta tiene capacidad para varios dispositivos, por lo que el despliegue y la recogida resultan r\u00e1pidos y sencillos.<\/p>\n<p>Para tabletas m\u00e1s grandes o fundas protectoras m\u00e1s gruesas, las cestas se pueden quitar, y las incluidas\u00a0<strong>estanter\u00edas de pl\u00e1stico<\/strong>\u00a0en su lugar. Estas opciones de almacenamiento ajustables hacen que el armario sea adecuado para una gran variedad de dispositivos y accesorios, garantizando la flexibilidad para las diferentes necesidades de los usuarios.<\/p>\n<h2 id=\"-cable-management-made-simple-\"><strong>Gesti\u00f3n de cables simplificada<\/strong><\/h2>\n<p>La gesti\u00f3n de m\u00faltiples cables de carga a menudo puede resultar desordenada y llevar mucho tiempo. Este armario de carga resuelve ese problema con\u00a0<strong>funciones integradas de gesti\u00f3n de cables<\/strong>. Los cables se gu\u00edan de forma segura a trav\u00e9s del armario, evitando enredos y manteni\u00e9ndolos en su sitio.<\/p>\n<p>El dise\u00f1o tambi\u00e9n garantiza que cada dispositivo tenga su propio cable de carga dedicado, lo que reduce el desgaste de los puertos y conectores y mejora la longevidad de tus dispositivos.<\/p>\n<h2 id=\"-durable-and-long-lasting-construction-\"><strong>Construcci\u00f3n duradera<\/strong><\/h2>\n<p>Construido con acero de alta calidad y reforzado con componentes robustos, el armario de carga est\u00e1 hecho para durar. Est\u00e1 dise\u00f1ado para soportar un uso diario intensivo en entornos muy transitados, ofreciendo asequibilidad a largo plazo al minimizar la necesidad de reparaciones o sustituciones.<\/p>\n<p>El robusto armaz\u00f3n resiste la flexi\u00f3n y los da\u00f1os, mientras que el acabado con recubrimiento en polvo protege contra los ara\u00f1azos, garantizando que el armario mantenga su aspecto profesional con el paso del tiempo.<\/p>\n<h2 id=\"-improved-workflow-and-efficiency-\"><strong>Mejora del flujo de trabajo y la eficacia<\/strong><\/h2>\n<p>Al organizar, proteger y cargar varios dispositivos en una ubicaci\u00f3n central, el armario de carga agiliza la gesti\u00f3n de dispositivos. Los profesores, el personal inform\u00e1tico y los administradores ahorran tiempo que, de otro modo, se perder\u00eda buscando cargadores, desenredando cables o sustituyendo dispositivos perdidos.<\/p>\n<p>Las cestas facilitan la distribuci\u00f3n y recogida de los dispositivos, mientras que el dise\u00f1o compacto mantiene el proceso de carga centralizado y accesible.<\/p>\n<h2 id=\"-ventilation-for-device-safety-\"><strong>Ventilaci\u00f3n para la seguridad de los dispositivos<\/strong><\/h2>\n<p>El sobrecalentamiento puede ser un problema importante cuando se cargan varios dispositivos en un espacio reducido. El\u00a0<strong>paneles ventilados<\/strong>\u00a0permiten un flujo de aire \u00f3ptimo, lo que ayuda a mantener los dispositivos fr\u00edos durante la carga. Este dise\u00f1o reduce el riesgo de da\u00f1os por calor y garantiza que el rendimiento de carga no se vea comprometido.<\/p>\n<h2 id=\"-ideal-for-multiple-environments-\"><strong>Ideal para m\u00faltiples entornos<\/strong><\/h2>\n<p>La versatilidad del armario de carga Secure Multi-Device USB-C para tabletas lo hace adecuado para una gran variedad de entornos:<\/p>\n<ul>\n<li><strong>Educaci\u00f3n:<\/strong>\u00a0Perfecto para colegios y universidades que gestionan conjuntos de tabletas en las aulas, lo que permite una r\u00e1pida distribuci\u00f3n de los dispositivos y un almacenamiento seguro entre clases.<\/li>\n<li><strong>Oficinas corporativas:<\/strong>\u00a0Mantiene los dispositivos de trabajo organizados y cargados para reuniones, presentaciones o uso de los empleados.<\/li>\n<li><strong>Sanidad:<\/strong>\u00a0Almacena y carga las tabletas utilizadas para el registro de los pacientes, los historiales m\u00e9dicos o la atenci\u00f3n a pie de cama.<\/li>\n<li><strong>Hospitalidad:<\/strong>\u00a0Ideal para centros de conferencias, hoteles o lugares de celebraci\u00f3n de eventos que ofrezcan tabletas para hu\u00e9spedes o men\u00fas digitales.<\/li>\n<li><strong>Al por menor:<\/strong>\u00a0Mantiene las tabletas de los puntos de venta cargadas y listas para el ajetreado horario comercial.<\/li>\n<\/ul>\n<h2 id=\"-long-term-affordability-\"><strong>Asequibilidad a largo plazo<\/strong><\/h2>\n<p>Este armario de carga ofrece una excelente relaci\u00f3n calidad-precio al combinar una construcci\u00f3n de calidad con un uso duradero. Su robusta construcci\u00f3n minimiza los costes de reparaci\u00f3n, mientras que las cestas y rejillas incluidas proporcionan adaptabilidad sin necesidad de compras adicionales. Al centralizar la carga y el almacenamiento, se reduce el riesgo de p\u00e9rdida o da\u00f1os en los dispositivos, lo que a la larga supone un ahorro de dinero.<\/p>\n<h2 id=\"-easy-installation-and-setup-\"><strong>Instalaci\u00f3n y configuraci\u00f3n sencillas<\/strong><\/h2>\n<p>El armario de carga est\u00e1 dise\u00f1ado para una instalaci\u00f3n sin complicaciones. Ya sea montado en la pared o colocado sobre un mostrador, la instalaci\u00f3n es sencilla y el armario est\u00e1 listo para su uso inmediato. Los orificios de montaje pretaladrados y los soportes de seguridad garantizan la estabilidad, mientras que el sistema de gesti\u00f3n de cables es f\u00e1cil de configurar.<\/p>\n<h2 id=\"-warranty-and-support-\"><strong>Garant\u00eda y asistencia<\/strong><\/h2>\n<p>Respaldado por un\u00a0<strong>garant\u00eda robusta<\/strong>\u00a0y respaldado por un equipo de atenci\u00f3n al cliente especializado, el armario de carga garantiza la protecci\u00f3n de su inversi\u00f3n. Si surge alg\u00fan problema, tendr\u00e1 a su disposici\u00f3n asistencia profesional y piezas de repuesto.<\/p>\n<h2 id=\"-key-features-at-a-glance-\"><strong>Caracter\u00edsticas principales<\/strong><\/h2>\n<ul>\n<li><strong>Capacidad:<\/strong>\u00a0Carga hasta 10 tabletas o iPads USB-C, con o sin fundas.<\/li>\n<li><strong>Seguridad:<\/strong>\u00a0Puertas de acero con cerradura y candado de acero inoxidable<\/li>\n<li><strong>Opciones de almacenamiento:<\/strong>\u00a0Incluye 2 cestas extra\u00edbles y rejillas de pl\u00e1stico<\/li>\n<li><strong>Gesti\u00f3n de cables:<\/strong>\u00a0El sistema integrado mantiene los cables organizados y seguros<\/li>\n<li><strong>Dise\u00f1o:<\/strong>\u00a0Compacto, apto para montaje en pared o en mostrador<\/li>\n<li><strong>Ventilaci\u00f3n:<\/strong>\u00a0Paneles perforados para flujo de aire y refrigeraci\u00f3n<\/li>\n<li><strong>Durabilidad:<\/strong>\u00a0Construcci\u00f3n de acero con acabado resistente a los ara\u00f1azos<\/li>\n<li><strong>Apoyo:<\/strong>\u00a0Respaldado por una s\u00f3lida garant\u00eda y servicio de atenci\u00f3n al cliente<\/li>\n<\/ul>\n<h2 id=\"-why-choose-the-secure-multi-device-usb-c-charging-cabinet-for-tablets-\"><strong>Por qu\u00e9 elegir el armario de carga USB-C seguro multidispositivo para tabletas?<\/strong><\/h2>\n<p>En un mundo en el que las tabletas son herramientas esenciales para el aprendizaje, el trabajo y el servicio al cliente, es fundamental mantenerlas cargadas, organizadas y protegidas. Este armario de carga ofrece todo en uno: seguridad, carga eficiente y almacenamiento flexible, ocupando el m\u00ednimo espacio.<\/p>\n<p>Su cuidado dise\u00f1o y su resistente estructura lo convierten en una elecci\u00f3n inteligente para cualquier entorno en el que la tecnolog\u00eda forme parte del flujo de trabajo diario. Con su combinaci\u00f3n de seguridad robusta, f\u00e1cil acceso a los dispositivos y rendimiento de carga fiable, garantiza que sus dispositivos est\u00e9n siempre listos cuando los necesite.<\/p>","protected":false},"excerpt":{"rendered":"<p>El armario de carga seguro USB-C multidispositivo para tabletas ofrece una carga segura y eficiente para hasta 10 tabletas o iPads USB-C, con o sin fundas. Con puertas de acero con cerradura, cestas extra\u00edbles y un dise\u00f1o compacto, este armario de carga es perfecto para gestionar los dispositivos de forma organizada, segura y ahorrando espacio.<\/p>","protected":false},"featured_media":2524,"template":"","meta":{"_kad_post_transparent":"default","_kad_post_title":"","_kad_post_layout":"default","_kad_post_sidebar_id":"","_kad_post_content_style":"default","_kad_post_vertical_padding":"default","_kad_post_feature":"","_kad_post_feature_position":"","_kad_post_header":false,"_kad_post_footer":false},"product_brand":[],"product_cat":[91],"product_tag":[122,257,256],"class_list":{"0":"post-1662","1":"product","2":"type-product","3":"status-publish","4":"has-post-thumbnail","6":"product_cat-charging-cabinets","7":"product_tag-charging-cabinet","8":"product_tag-secure-device-charging","9":"product_tag-usb-c-tablet-storage","11":"first","12":"instock","13":"shipping-taxable","14":"product-type-simple","15":"entry","16":"content-bg","17":"loop-entry"},"_links":{"self":[{"href":"https:\/\/24smartcharge.com\/es\/wp-json\/wp\/v2\/product\/1662","targetHints":{"allow":["GET"]}}],"collection":[{"href":"https:\/\/24smartcharge.com\/es\/wp-json\/wp\/v2\/product"}],"about":[{"href":"https:\/\/24smartcharge.com\/es\/wp-json\/wp\/v2\/types\/product"}],"wp:featuredmedia":[{"embeddable":true,"href":"https:\/\/24smartcharge.com\/es\/wp-json\/wp\/v2\/media\/2524"}],"wp:attachment":[{"href":"https:\/\/24smartcharge.com\/es\/wp-json\/wp\/v2\/media?parent=1662"}],"wp:term":[{"taxonomy":"product_brand","embeddable":true,"href":"https:\/\/24smartcharge.com\/es\/wp-json\/wp\/v2\/product_brand?post=1662"},{"taxonomy":"product_cat","embeddable":true,"href":"https:\/\/24smartcharge.com\/es\/wp-json\/wp\/v2\/product_cat?post=1662"},{"taxonomy":"product_tag","embeddable":true,"href":"https:\/\/24smartcharge.com\/es\/wp-json\/wp\/v2\/product_tag?post=1662"}],"curies":[{"name":"wp","href":"https:\/\/api.w.org\/{rel}","templated":true}]}}