{"id":1658,"date":"2025-08-08T03:24:25","date_gmt":"2025-08-08T03:24:25","guid":{"rendered":"https:\/\/24smartcharge.com\/?post_type=product&#038;p=1658"},"modified":"2025-08-15T10:17:55","modified_gmt":"2025-08-15T10:17:55","slug":"secure-multi-device-charging-cabinet-for-tablets","status":"publish","type":"product","link":"https:\/\/24smartcharge.com\/es\/secure-multi-device-charging-cabinet-for-tablets\/","title":{"rendered":"Cargador seguro multidispositivo para tabletas"},"content":{"rendered":"<h1 id=\"secure-multi-device-charging-cabinet-for-tablets\">Cargador seguro multidispositivo para tabletas<\/h1>\n<p>En\u00a0<strong>Cargador seguro multidispositivo para tabletas<\/strong>\u00a0es una soluci\u00f3n compacta, eficiente y muy segura dise\u00f1ada para cargar, almacenar y proteger varias tabletas o dispositivos port\u00e1tiles en una ubicaci\u00f3n centralizada. Dise\u00f1ado para instituciones educativas, oficinas, centros sanitarios y cualquier entorno en el que las tabletas formen parte de las operaciones diarias, este armario de carga ofrece un dise\u00f1o que ahorra espacio, una capacidad de carga r\u00e1pida y una seguridad robusta.<\/p>\n<h2 id=\"-overview-\"><strong>Visi\u00f3n general<\/strong><\/h2>\n<p>Gestionar varios dispositivos puede ser un reto log\u00edstico. El armario de carga multidispositivo seguro para tabletas est\u00e1 dise\u00f1ado para que este proceso sea sencillo, seguro y eficiente en cuanto al espacio. Capaz de cargar hasta 8 tabletas simult\u00e1neamente, este armario ofrece almacenamiento organizado, seguridad integrada y carga de alta velocidad, todo ello ocupando el m\u00ednimo espacio. Tanto si se monta en la pared como si se coloca sobre una encimera, transforma cualquier zona en un centro seguro de gesti\u00f3n de dispositivos.<\/p>\n<h2 id=\"-key-features-\"><strong>Caracter\u00edsticas principales<\/strong><\/h2>\n<h3 id=\"-1-tablet-and-handheld-device-compatibility-\"><strong>1. Compatibilidad con tabletas y dispositivos port\u00e1tiles<\/strong><\/h3>\n<p>Este armario de carga admite una amplia gama de tabletas alimentadas por Lightning, incluidos iPads, con o sin fundas protectoras. Sus compartimentos ajustables se adaptan a varios tama\u00f1os de dispositivos, garantizando flexibilidad para las distintas necesidades de los usuarios. Las ranuras de carga est\u00e1n ordenadas con cables preinstalados, lo que facilita la inserci\u00f3n y carga de dispositivos sin l\u00edos de cables.<\/p>\n<h3 id=\"-2-small-footprint-maximum-efficiency-\"><strong>2. Ocupa poco espacio, m\u00e1xima eficiencia<\/strong><\/h3>\n<p>Dise\u00f1ado pensando en el ahorro de espacio, el Charging Cabinet puede montarse en la pared o colocarse sobre una superficie. Convierte cualquier pared o encimera en una estaci\u00f3n de carga segura sin consumir demasiado espacio. Su forma compacta lo hace perfecto para entornos con poco espacio, como aulas, salas de profesores o zonas de recepci\u00f3n.<\/p>\n<h3 id=\"-3-ultra-secure-locking-system-\"><strong>3. Sistema de cierre ultraseguro<\/strong><\/h3>\n<p>La seguridad es una prioridad absoluta. El Armario de Carga est\u00e1 equipado con un candado de combinaci\u00f3n integrado, que elimina la necesidad de llaves y proporciona una fuerte disuasi\u00f3n antirrobo. Los dispositivos se almacenan en un compartimento cerrado, protegiendo su inversi\u00f3n de accesos no autorizados. La robusta construcci\u00f3n de acero a\u00f1ade una capa adicional de durabilidad y protecci\u00f3n.<\/p>\n<h3 id=\"-4-affordable-without-compromise-\"><strong>4. Asequible sin compromisos<\/strong><\/h3>\n<p>La calidad y la seguridad no tienen por qu\u00e9 tener un precio elevado. Este armario de carga ofrece una soluci\u00f3n econ\u00f3mica sin sacrificar la calidad de fabricaci\u00f3n ni las funciones esenciales. Es una opci\u00f3n ideal para organizaciones que necesitan una gesti\u00f3n eficiente de los dispositivos sin salirse del presupuesto.<\/p>\n<h3 id=\"-5-efficient-2-4a-charging-for-every-slot-\"><strong>5. Carga eficiente de 2,4 A para cada ranura<\/strong><\/h3>\n<p>Cada puerto de carga proporciona hasta 2,4 amperios, lo que permite cargar todos los dispositivos de forma r\u00e1pida y eficiente, incluso cuando las 8 bah\u00edas est\u00e1n en uso. Esto garantiza que las tabletas est\u00e9n listas para su uso cuando las necesite, lo que reduce el tiempo de inactividad y mejora la productividad.<\/p>\n<h3 id=\"-6-robust-warranty-and-support-\"><strong>6. Garant\u00eda y asistencia s\u00f3lidas<\/strong><\/h3>\n<p>Para mayor tranquilidad, el armario de carga incluye una s\u00f3lida garant\u00eda respaldada por un equipo de atenci\u00f3n al cliente especializado. En caso de problemas t\u00e9cnicos o dudas sobre el producto, dispondr\u00e1 de ayuda inmediata.<\/p>\n<h2 id=\"-design-build-quality-\"><strong>Calidad de dise\u00f1o y construcci\u00f3n<\/strong><\/h2>\n<p>El armario de carga presenta un dise\u00f1o elegante y moderno con una robusta carcasa met\u00e1lica. El panel frontal incorpora un patr\u00f3n perforado para la ventilaci\u00f3n, lo que garantiza que los dispositivos se mantengan fr\u00edos durante la carga. Un intuitivo sistema de numeraci\u00f3n de ranuras ayuda a los usuarios a identificar y recuperar r\u00e1pidamente los dispositivos asignados. Los indicadores de estado verde y rojo ayudan a seguir la ubicaci\u00f3n de los dispositivos.<\/p>\n<p>El interior est\u00e1 bien organizado y los cables de carga fijos pasan ordenadamente por cada ranura. Esto evita enredos, mantiene los cables en su sitio y conserva un aspecto limpio y profesional.<\/p>\n<h2 id=\"-practical-applications-\"><strong>Aplicaciones pr\u00e1cticas<\/strong><\/h2>\n<ul>\n<li><strong>Educaci\u00f3n:<\/strong>\u00a0Mantiene las tabletas de los estudiantes seguras, cargadas y listas para las clases, reduciendo el tiempo de inactividad y evitando la p\u00e9rdida de dispositivos.<\/li>\n<li><strong>Empresas y negocios:<\/strong>\u00a0Garantiza que las tabletas utilizadas para presentaciones, interacciones con clientes u operaciones diarias est\u00e9n siempre encendidas.<\/li>\n<li><strong>Sanidad:<\/strong>\u00a0Proporciona una soluci\u00f3n de almacenamiento segura e higi\u00e9nica para las tabletas utilizadas en la atenci\u00f3n al paciente, la administraci\u00f3n o el diagn\u00f3stico.<\/li>\n<li><strong>Hospitalidad:<\/strong>\u00a0Perfecto para hoteles, restaurantes o centros de conferencias que ofrecen tabletas para uso de los hu\u00e9spedes o para operaciones.<\/li>\n<li><strong>Al por menor:<\/strong>\u00a0Mantiene las tabletas POS cargadas y listas durante el horario comercial.<\/li>\n<\/ul>\n<h2 id=\"-benefits-at-a-glance-\"><strong>Resumen de prestaciones<\/strong><\/h2>\n<ol>\n<li><strong>Almacenamiento organizado<\/strong>\u00a0- Los compartimentos ordenados con ranuras etiquetadas facilitan el seguimiento de los dispositivos.<\/li>\n<li><strong>Carga r\u00e1pida<\/strong>\u00a0- 2,4 A por puerto para una carga simult\u00e1nea y eficiente.<\/li>\n<li><strong>Alta seguridad<\/strong>\u00a0- La cerradura de combinaci\u00f3n y la construcci\u00f3n duradera protegen contra el robo.<\/li>\n<li><strong>Tama\u00f1o compacto<\/strong>\u00a0- Cabe f\u00e1cilmente en mostradores o se monta en paredes para ahorrar espacio.<\/li>\n<li><strong>Compatibilidad vers\u00e1til<\/strong>\u00a0- Funciona con varios dispositivos alimentados por Lightning.<\/li>\n<li><strong>Gesti\u00f3n de cables<\/strong>\u00a0- El cableado integrado mantiene el interior ordenado.<\/li>\n<\/ol>\n<h2 id=\"-why-choose-this-charging-cabinet-\"><strong>\u00bfPor qu\u00e9 elegir este armario de carga?<\/strong><\/h2>\n<p>En entornos en los que el tiempo, la seguridad de los dispositivos y la eficiencia son importantes, el armario de carga segura multidispositivo para tabletas ofrece una soluci\u00f3n completa. Minimiza las molestias de gestionar varios cargadores y tomas de corriente, al tiempo que protege sus dispositivos. Su dise\u00f1o f\u00e1cil de usar garantiza un acceso sencillo cuando se necesita y un almacenamiento seguro cuando no se utiliza.<\/p>\n<p>Para instituciones y empresas que dependen de las tabletas a diario, este armario de carga ofrece fiabilidad, velocidad y tranquilidad, lo que lo convierte en una inversi\u00f3n esencial para una gesti\u00f3n optimizada de los dispositivos.<\/p>","protected":false},"excerpt":{"rendered":"<p>El armario de carga segura multidispositivo para tabletas ofrece una carga organizada y simult\u00e1nea para hasta 8 dispositivos. Con un dise\u00f1o compacto, carga eficiente de 2,4 A y cerradura de combinaci\u00f3n de seguridad, mantiene las tabletas seguras, con alimentaci\u00f3n y listas para usar, al tiempo que ahorra espacio en aulas, oficinas o zonas p\u00fablicas.<\/p>","protected":false},"featured_media":2514,"template":"","meta":{"_kad_post_transparent":"default","_kad_post_title":"","_kad_post_layout":"default","_kad_post_sidebar_id":"","_kad_post_content_style":"default","_kad_post_vertical_padding":"default","_kad_post_feature":"","_kad_post_feature_position":"","_kad_post_header":false,"_kad_post_footer":false},"product_brand":[],"product_cat":[91],"product_tag":[122,120,161],"class_list":{"0":"post-1658","1":"product","2":"type-product","3":"status-publish","4":"has-post-thumbnail","6":"product_cat-charging-cabinets","7":"product_tag-charging-cabinet","8":"product_tag-secure-device-storage","9":"product_tag-tablet-charging-station","11":"first","12":"instock","13":"shipping-taxable","14":"product-type-simple","15":"entry","16":"content-bg","17":"loop-entry"},"_links":{"self":[{"href":"https:\/\/24smartcharge.com\/es\/wp-json\/wp\/v2\/product\/1658","targetHints":{"allow":["GET"]}}],"collection":[{"href":"https:\/\/24smartcharge.com\/es\/wp-json\/wp\/v2\/product"}],"about":[{"href":"https:\/\/24smartcharge.com\/es\/wp-json\/wp\/v2\/types\/product"}],"wp:featuredmedia":[{"embeddable":true,"href":"https:\/\/24smartcharge.com\/es\/wp-json\/wp\/v2\/media\/2514"}],"wp:attachment":[{"href":"https:\/\/24smartcharge.com\/es\/wp-json\/wp\/v2\/media?parent=1658"}],"wp:term":[{"taxonomy":"product_brand","embeddable":true,"href":"https:\/\/24smartcharge.com\/es\/wp-json\/wp\/v2\/product_brand?post=1658"},{"taxonomy":"product_cat","embeddable":true,"href":"https:\/\/24smartcharge.com\/es\/wp-json\/wp\/v2\/product_cat?post=1658"},{"taxonomy":"product_tag","embeddable":true,"href":"https:\/\/24smartcharge.com\/es\/wp-json\/wp\/v2\/product_tag?post=1658"}],"curies":[{"name":"wp","href":"https:\/\/api.w.org\/{rel}","templated":true}]}}