{"id":1651,"date":"2025-08-08T03:16:54","date_gmt":"2025-08-08T03:16:54","guid":{"rendered":"https:\/\/24smartcharge.com\/?post_type=product&#038;p=1651"},"modified":"2025-08-15T09:56:59","modified_gmt":"2025-08-15T09:56:59","slug":"secure-multi-device-usb-c-charging-cabinet-for-laptops","status":"publish","type":"product","link":"https:\/\/24smartcharge.com\/es\/secure-multi-device-usb-c-charging-cabinet-for-laptops\/","title":{"rendered":"Armario de carga USB-C seguro para varios dispositivos"},"content":{"rendered":"<h2 id=\"key-features\">Caracter\u00edsticas principales<\/h2>\n<h3 id=\"-1-multi-device-charging-\"><strong>1. Carga multidispositivo<\/strong><\/h3>\n<p>Equipado con tecnolog\u00eda USB-C avanzada, el cargador Charging Cabinet proporciona una carga uniforme y de alta velocidad a varios port\u00e1tiles o tabletas simult\u00e1neamente. Esto garantiza que todos los dispositivos est\u00e9n encendidos y listos cuando se necesiten.<\/p>\n<h3 id=\"-2-secure-storage-\"><strong>2. Almacenamiento seguro<\/strong><\/h3>\n<p>Una puerta con cerradura y una estructura de acero reforzado protegen los dispositivos de accesos no autorizados o robos. Perfecto para espacios compartidos o p\u00fablicos donde la seguridad de los equipos es una prioridad.<\/p>\n<h3 id=\"-3-organized-cable-management-\"><strong>3. Gesti\u00f3n de cables organizada<\/strong><\/h3>\n<p>El cableado integrado mantiene los cables de carga en su sitio, evitando enredos y da\u00f1os y manteniendo el interior limpio y despejado.<\/p>\n<h3 id=\"-4-compact-space-saving-design-\"><strong>4. Dise\u00f1o compacto y compacto<\/strong><\/h3>\n<p>Su elegante estructura vertical optimiza el espacio, permitiendo que el armario quepa f\u00e1cilmente en aulas, salas de reuniones o pasillos sin obstruir el movimiento.<\/p>\n<h3 id=\"-5-durable-build-\"><strong>5. Construcci\u00f3n duradera<\/strong><\/h3>\n<p>Construido con materiales de alta calidad, el armario resiste el desgaste diario manteniendo su aspecto profesional.<\/p>\n<h3 id=\"-6-easy-device-access-\"><strong>6. F\u00e1cil acceso a los dispositivos<\/strong><\/h3>\n<p>Las puertas de apertura suave y los compartimentos claramente se\u00f1alizados facilitan y agilizan la recuperaci\u00f3n o devoluci\u00f3n de los dispositivos, lo que reduce el tiempo de inactividad en entornos con mucha actividad.<\/p>\n<h2 id=\"benefits\">Beneficios<\/h2>\n<ul>\n<li><strong>Gesti\u00f3n eficaz de dispositivos<\/strong>\u00a0- Carga y almacena varios port\u00e1tiles en una ubicaci\u00f3n centralizada.<\/li>\n<li><strong>Seguridad reforzada<\/strong>\u00a0- Mantenga los dispositivos seguros con mecanismos de bloqueo resistentes.<\/li>\n<li><strong>Ahorro de tiempo<\/strong>\u00a0- La gesti\u00f3n de cables integrada elimina las molestias de los cables enredados.<\/li>\n<li><strong>Aplicaciones vers\u00e1tiles<\/strong>\u00a0- Adecuado para educaci\u00f3n, empresas, centros de formaci\u00f3n y entornos inform\u00e1ticos.<\/li>\n<\/ul>\n<h2 id=\"applications\">Aplicaciones<\/h2>\n<ul>\n<li><strong>Instituciones educativas<\/strong>\u00a0- Gestione de forma segura los port\u00e1tiles y tabletas de los alumnos.<\/li>\n<li><strong>Oficinas corporativas<\/strong>\u00a0- Proporcione a los empleados dispositivos cargados para reuniones y trabajo a distancia.<\/li>\n<li><strong>Instalaciones p\u00fablicas<\/strong>\u00a0- Ofrezca carga y almacenamiento en bibliotecas, laboratorios o centros comunitarios.<\/li>\n<\/ul>\n<p>En\u00a0<strong>Armario de carga USB-C seguro para varios dispositivos<\/strong>\u00a0combina protecci\u00f3n, organizaci\u00f3n y eficacia de carga en una sola unidad compacta, lo que la convierte en una herramienta esencial para cualquier entorno tecnol\u00f3gico.<\/p>","protected":false},"excerpt":{"rendered":"<article class=\"text-token-text-primary w-full focus:outline-none scroll-mt-[calc(var(--header-height)+min(200px,max(70px,20svh)))]\" dir=\"auto\" tabindex=\"-1\" data-turn-id=\"request-WEB:30d9a8e8-c3a5-4b34-b19b-0283050c5e97-1\" data-testid=\"conversation-turn-4\" data-scroll-anchor=\"false\" data-turn=\"assistant\">\n<div class=\"text-base my-auto mx-auto [--thread-content-margin:--spacing(4)] @[37rem]:[--thread-content-margin:--spacing(6)] @[72rem]:[--thread-content-margin:--spacing(16)] px-(--thread-content-margin)\">\n<div class=\"[--thread-content-max-width:32rem] @[34rem]:[--thread-content-max-width:40rem] @[64rem]:[--thread-content-max-width:48rem] mx-auto max-w-(--thread-content-max-width) flex-1 group\/turn-messages focus-visible:outline-hidden relative flex w-full min-w-0 flex-col agent-turn\" tabindex=\"-1\">\n<div class=\"flex max-w-full flex-col grow\">\n<div class=\"min-h-8 text-message relative flex w-full flex-col items-end gap-2 text-start break-words whitespace-normal [.text-message+&amp;]:mt-5\" dir=\"auto\" data-message-author-role=\"assistant\" data-message-id=\"050baba3-7cc8-4658-8b7d-dc4fe16b0a6f\" data-message-model-slug=\"gpt-5\">\n<div class=\"flex w-full flex-col gap-1 empty:hidden first:pt-[3px]\">\n<div class=\"markdown prose dark:prose-invert w-full break-words light markdown-new-styling\">\n<p data-start=\"0\" data-end=\"300\" data-is-last-node=\"\" data-is-only-node=\"\">Este armario de carga USB-C seguro para varios dispositivos est\u00e1 dise\u00f1ado para cargar, almacenar y proteger hasta 8 o 16 tabletas, port\u00e1tiles, Chromebooks o dispositivos de mano. Con ranuras numeradas, estantes extra\u00edbles, protecci\u00f3n contra sobrecalentamiento y una robusta estructura de acero, garantiza una carga segura y eficiente.<\/p>\n<\/div>\n<\/div>\n<\/div>\n<\/div>\n<div class=\"flex min-h-[46px] justify-start\">\n<div class=\"touch:-me-2 touch:-ms-3.5 -ms-2.5 -me-1 flex flex-wrap items-center gap-y-4 p-1 select-none touch:w-[calc(100%+--spacing(3.5))] -mt-1 w-[calc(100%+--spacing(2.5))] duration-[1.5s] focus-within:transition-none hover:transition-none pointer-events-none [mask-image:linear-gradient(to_right,black_33%,transparent_66%)] [mask-size:300%_100%] [mask-position:100%_0%] motion-safe:transition-[mask-position] group-hover\/turn-messages:pointer-events-auto group-hover\/turn-messages:[mask-position:0_0] group-focus-within\/turn-messages:pointer-events-auto group-focus-within\/turn-messages:[mask-position:0_0] has-data-[state=open]:pointer-events-auto has-data-[state=open]:[mask-position:0_0]\"><\/div>\n<\/div>\n<\/div>\n<\/div>\n<\/article>\n<article class=\"text-token-text-primary w-full focus:outline-none scroll-mt-(--header-height)\" dir=\"auto\" tabindex=\"-1\" data-turn-id=\"6bd9d7a7-96da-44dc-9625-0b74ea61b15f\" data-testid=\"conversation-turn-5\" data-scroll-anchor=\"false\" data-turn=\"user\">\n<h5 class=\"sr-only\"><\/h5>\n<\/article>","protected":false},"featured_media":2496,"template":"","meta":{"_kad_post_transparent":"default","_kad_post_title":"","_kad_post_layout":"default","_kad_post_sidebar_id":"","_kad_post_content_style":"default","_kad_post_vertical_padding":"default","_kad_post_feature":"","_kad_post_feature_position":"","_kad_post_header":false,"_kad_post_footer":false},"product_brand":[],"product_cat":[91],"product_tag":[122,147,124],"class_list":{"0":"post-1651","1":"product","2":"type-product","3":"status-publish","4":"has-post-thumbnail","6":"product_cat-charging-cabinets","7":"product_tag-charging-cabinet","8":"product_tag-multi-device-charging","9":"product_tag-usb-c-charging-station","11":"first","12":"instock","13":"shipping-taxable","14":"product-type-simple","15":"entry","16":"content-bg","17":"loop-entry"},"_links":{"self":[{"href":"https:\/\/24smartcharge.com\/es\/wp-json\/wp\/v2\/product\/1651","targetHints":{"allow":["GET"]}}],"collection":[{"href":"https:\/\/24smartcharge.com\/es\/wp-json\/wp\/v2\/product"}],"about":[{"href":"https:\/\/24smartcharge.com\/es\/wp-json\/wp\/v2\/types\/product"}],"wp:featuredmedia":[{"embeddable":true,"href":"https:\/\/24smartcharge.com\/es\/wp-json\/wp\/v2\/media\/2496"}],"wp:attachment":[{"href":"https:\/\/24smartcharge.com\/es\/wp-json\/wp\/v2\/media?parent=1651"}],"wp:term":[{"taxonomy":"product_brand","embeddable":true,"href":"https:\/\/24smartcharge.com\/es\/wp-json\/wp\/v2\/product_brand?post=1651"},{"taxonomy":"product_cat","embeddable":true,"href":"https:\/\/24smartcharge.com\/es\/wp-json\/wp\/v2\/product_cat?post=1651"},{"taxonomy":"product_tag","embeddable":true,"href":"https:\/\/24smartcharge.com\/es\/wp-json\/wp\/v2\/product_tag?post=1651"}],"curies":[{"name":"wp","href":"https:\/\/api.w.org\/{rel}","templated":true}]}}