{"id":1626,"date":"2025-08-08T02:25:44","date_gmt":"2025-08-08T02:25:44","guid":{"rendered":"https:\/\/24smartcharge.com\/?post_type=product&#038;p=1626"},"modified":"2025-08-15T09:17:45","modified_gmt":"2025-08-15T09:17:45","slug":"universal-secure-wall-mount-charging-cabinet","status":"publish","type":"product","link":"https:\/\/24smartcharge.com\/es\/universal-secure-wall-mount-charging-cabinet\/","title":{"rendered":"Cargador de pared universal y seguro"},"content":{"rendered":"<p><strong>Compatibilidad universal inigualable para una gran variedad de dispositivos<\/strong><\/p>\n<p>Uno de los mayores puntos fuertes de este Armario de Carga es su profunda compatibilidad universal. Ya no vivimos en un mundo de dispositivos estandarizados. Un aula puede utilizar simult\u00e1neamente iPads, Chromebooks y otras marcas de tabletas. Del mismo modo, una oficina puede desplegar una mezcla de tel\u00e9fonos inteligentes y tabletas propiedad de la empresa para diversas tareas. Este producto se adapta sin esfuerzo a esta diversidad. Dise\u00f1ado para no depender de ning\u00fan dispositivo, puede cargar pr\u00e1cticamente cualquier dispositivo m\u00f3vil, desde tel\u00e9fonos peque\u00f1os hasta tabletas de mayor tama\u00f1o. Esta flexibilidad garantiza que su inversi\u00f3n siga siendo relevante y funcional incluso a medida que evolucionan las necesidades tecnol\u00f3gicas de su organizaci\u00f3n. No tendr\u00e1 que comprar una nueva estaci\u00f3n de carga cada vez que actualice o diversifique sus dispositivos.<\/p>\n<p>Adem\u00e1s, el dise\u00f1o aborda con inteligencia el problema pr\u00e1ctico de las fundas protectoras. Sacar un dispositivo de su funda para cargarlo es tedioso, aumenta el riesgo de da\u00f1os y ralentiza el despliegue. Este Armario de Carga est\u00e1 dise\u00f1ado para acomodar la mayor\u00eda de los dispositivos mientras a\u00fan est\u00e1n en sus fundas protectoras, incluidas las fundas gruesas y resistentes que se utilizan a menudo en entornos escolares o de campo. Esto es posible gracias a su interior adaptable, que puede configurarse utilizando las cestas o los estantes de alambre incluidos. Disponible en configuraciones para 10 \u00f3 15 dispositivos, este armario de carga le permite elegir la capacidad que mejor se adapte a sus necesidades, garantizando que cada dispositivo tenga un lugar seguro y dedicado.<\/p>\n<p><strong>Seguridad reforzada para una tranquilidad total<\/strong><\/p>\n<p>Las tabletas y los dispositivos m\u00f3viles de su organizaci\u00f3n representan una inversi\u00f3n financiera significativa, y proteger esa inversi\u00f3n es primordial. El armario de carga universal y seguro para montaje en pared est\u00e1 fabricado con la seguridad como principio b\u00e1sico. La unidad est\u00e1 fabricada en acero duradero de alta calidad, creando una barrera formidable contra el acceso no autorizado y los da\u00f1os accidentales. La s\u00f3lida puerta de acero, cuando est\u00e1 cerrada, asegura completamente los dispositivos en su interior.<\/p>\n<p>Para mayor tranquilidad, el armario cuenta con un robusto mecanismo de cierre. Est\u00e1 dise\u00f1ado para ser asegurado con un candado de alta resistencia, garantizando que s\u00f3lo el personal autorizado con una llave pueda acceder a la valiosa tecnolog\u00eda almacenada en su interior. Esto lo convierte en una soluci\u00f3n ideal para dejar los dispositivos cargando durante la noche en un aula, guardarlos de forma segura en una oficina o protegerlos en cualquier espacio semip\u00fablico. La disuasi\u00f3n visual de la propia cerradura, combinada con la robustez del armario, reduce significativamente el riesgo de robo. Este nivel de seguridad significa que puede desplegar la tecnolog\u00eda con confianza, sabiendo que est\u00e1 protegida las 24 horas del d\u00eda.<\/p>\n<p><strong>Dise\u00f1o inteligente que ahorra espacio en cualquier entorno<\/strong><\/p>\n<p>El espacio en el suelo de una clase, en el mostrador de una tienda o en la pared de una oficina es muy valioso. Este armario de carga se ha dise\u00f1ado con un tama\u00f1o m\u00ednimo para que se integre perfectamente en el espacio existente sin causar molestias. Su est\u00e9tica elegante y moderna, con una puerta blanca y un cuerpo gris oscuro profesional, le permite integrarse en cualquier entorno profesional o educativo.<\/p>\n<p>El verdadero genio del dise\u00f1o del armario reside en su versatilidad de colocaci\u00f3n. Puede montarse de forma segura en una pared, levantando todo el sistema del suelo y los mostradores para liberar un valioso espacio de trabajo. Es la soluci\u00f3n perfecta para aulas o pasillos muy concurridos en los que el espacio es escaso. Alternativamente, su estructura estable y compacta permite colocarlo directamente sobre una encimera, escritorio o cualquier otra superficie plana, proporcionando acceso inmediato donde m\u00e1s se necesita. Esta adaptabilidad lo hace id\u00f3neo para una amplia gama de aplicaciones, desde bibliotecas y laboratorios hasta salas de profesores y mostradores de servicio. El revestimiento de acero perforado no es s\u00f3lo una elecci\u00f3n de dise\u00f1o; proporciona ventilaci\u00f3n pasiva, permitiendo que el aire circule libremente y disipe el calor generado durante la carga, lo que ayuda a proteger las bater\u00edas de los dispositivos y a prolongar su vida \u00fatil.<\/p>\n<p><strong>Organizaci\u00f3n y eficiencia redefinidas<\/strong><\/p>\n<p>M\u00e1s all\u00e1 de la carga y la seguridad, este armario de carga destaca en organizaci\u00f3n. Dentro del armario, encontrar\u00e1 un sistema dise\u00f1ado para agilizar el proceso de distribuci\u00f3n y recogida de dispositivos. La unidad viene de serie con cestas para dispositivos de colores brillantes. Estas cestas, ligeras pero resistentes, permiten agrupar los dispositivos, lo que hace que el despliegue sea incre\u00edblemente eficiente. Un profesor, por ejemplo, puede coger una cesta con cinco tabletas y entreg\u00e1rsela a un grupo de alumnos, y recogerlas despu\u00e9s con la misma facilidad. Este sistema ahorra un tiempo cr\u00edtico y garantiza que los dispositivos se manipulan de forma segura.<\/p>\n<p>Para dispositivos con dimensiones m\u00e1s grandes o no est\u00e1ndar, las cestas pueden retirarse f\u00e1cilmente y sustituirse por las rejillas met\u00e1licas incluidas. Estos bastidores proporcionan un almacenamiento de ranura abierta que puede acomodar dispositivos m\u00e1s gruesos o con carcasas voluminosas, lo que demuestra el compromiso del armario con la verdadera universalidad. El interior tambi\u00e9n cuenta con un sofisticado sistema de gesti\u00f3n de cables. Tanto si se utilizan las regletas de alimentaci\u00f3n internas como el cableado USB directo, todos los cables se mantienen limpios, ordenados y fuera del camino. De este modo se evitan los enredos de cables, se facilita la conexi\u00f3n de dispositivos y se protege a los propios cables del desgaste, lo que contribuye a la fiabilidad y asequibilidad del sistema a largo plazo. Este enfoque en la organizaci\u00f3n transforma la log\u00edstica diaria, convirtiendo la gesti\u00f3n de dispositivos en un proceso ordenado y sin complicaciones.<\/p>","protected":false},"excerpt":{"rendered":"<div class=\"model-prompt-container\" data-turn-role=\"Model\">\n<div class=\"turn-content\">\n<p class=\"ng-star-inserted\"><span class=\"ng-star-inserted\">Este armario de carga seguro y compacto carga hasta 15 dispositivos. Su dise\u00f1o universal se adapta a tabletas y tel\u00e9fonos, con o sin fundas, y utiliza cestas y rejillas extra\u00edbles para organizarlos. La puerta de acero con cerradura mantiene los dispositivos seguros, por lo que es perfecto para cualquier configuraci\u00f3n de pared o mostrador que ahorre espacio.<\/span><\/p>\n<div class=\"turn-information ng-star-inserted\"><\/div>\n<\/div>\n<\/div>\n<div class=\"turn-footer ng-star-inserted\"><\/div>","protected":false},"featured_media":2452,"template":"","meta":{"_kad_post_transparent":"default","_kad_post_title":"","_kad_post_layout":"default","_kad_post_sidebar_id":"","_kad_post_content_style":"default","_kad_post_vertical_padding":"default","_kad_post_feature":"","_kad_post_feature_position":"","_kad_post_header":false,"_kad_post_footer":false},"product_brand":[],"product_cat":[91],"product_tag":[122,140,144],"class_list":{"0":"post-1626","1":"product","2":"type-product","3":"status-publish","4":"has-post-thumbnail","6":"product_cat-charging-cabinets","7":"product_tag-charging-cabinet","8":"product_tag-multi-device-charger","9":"product_tag-secure-charging-station","11":"first","12":"instock","13":"shipping-taxable","14":"product-type-simple","15":"entry","16":"content-bg","17":"loop-entry"},"_links":{"self":[{"href":"https:\/\/24smartcharge.com\/es\/wp-json\/wp\/v2\/product\/1626","targetHints":{"allow":["GET"]}}],"collection":[{"href":"https:\/\/24smartcharge.com\/es\/wp-json\/wp\/v2\/product"}],"about":[{"href":"https:\/\/24smartcharge.com\/es\/wp-json\/wp\/v2\/types\/product"}],"wp:featuredmedia":[{"embeddable":true,"href":"https:\/\/24smartcharge.com\/es\/wp-json\/wp\/v2\/media\/2452"}],"wp:attachment":[{"href":"https:\/\/24smartcharge.com\/es\/wp-json\/wp\/v2\/media?parent=1626"}],"wp:term":[{"taxonomy":"product_brand","embeddable":true,"href":"https:\/\/24smartcharge.com\/es\/wp-json\/wp\/v2\/product_brand?post=1626"},{"taxonomy":"product_cat","embeddable":true,"href":"https:\/\/24smartcharge.com\/es\/wp-json\/wp\/v2\/product_cat?post=1626"},{"taxonomy":"product_tag","embeddable":true,"href":"https:\/\/24smartcharge.com\/es\/wp-json\/wp\/v2\/product_tag?post=1626"}],"curies":[{"name":"wp","href":"https:\/\/api.w.org\/{rel}","templated":true}]}}