{"id":1497,"date":"2025-08-07T07:30:12","date_gmt":"2025-08-07T07:30:12","guid":{"rendered":"https:\/\/24smartcharge.com\/?post_type=product&#038;p=1497"},"modified":"2025-08-07T07:30:12","modified_gmt":"2025-08-07T07:30:12","slug":"oit-3-outlet-rackmount-basic-power-distribution-unit-30a","status":"publish","type":"product","link":"https:\/\/24smartcharge.com\/es\/oit-3-outlet-rackmount-basic-power-distribution-unit-30a\/","title":{"rendered":"Unidad b\u00e1sica de distribuci\u00f3n de energ\u00eda OIT de 3 salidas para montaje en bastidor, 30 A"},"content":{"rendered":"<h3 id=\"oit-3-outlet-rackmount-basic-power-distribution-unit-30a\">Unidad b\u00e1sica de distribuci\u00f3n de energ\u00eda OIT de 3 salidas para montaje en bastidor, 30 A<\/h3>\n<p>En cualquier entorno profesional en el que una alimentaci\u00f3n fiable no es s\u00f3lo una comodidad, sino una necesidad cr\u00edtica, como centros de datos, salas de servidores y entornos industriales, la gesti\u00f3n y distribuci\u00f3n eficaces de la electricidad son primordiales. La unidad b\u00e1sica de distribuci\u00f3n de corriente OIT de 3 tomas para montaje en bastidor, 30 A, est\u00e1 dise\u00f1ada para satisfacer estos exigentes requisitos, ofreciendo una soluci\u00f3n robusta, segura e inteligente para la alimentaci\u00f3n de equipos de misi\u00f3n cr\u00edtica. Esta unidad es m\u00e1s que una simple regleta; es un componente fundamental de una infraestructura el\u00e9ctrica bien organizada y protegida, dise\u00f1ada para profesionales que no pueden permitirse tiempos de inactividad.<\/p>\n<h4 id=\"-high-capacity-and-reliable-power-distribution-\"><strong>Distribuci\u00f3n de energ\u00eda fiable y de gran capacidad<\/strong><\/h4>\n<p>El n\u00facleo de esta unidad b\u00e1sica de distribuci\u00f3n de energ\u00eda es su gran capacidad de gesti\u00f3n de potencia. Con una corriente nominal de 30 A y una tensi\u00f3n nominal de 250 V, esta PDU est\u00e1 dise\u00f1ada para alimentar simult\u00e1neamente varios dispositivos de alto consumo sin fallar. Esta gran capacidad la convierte en la opci\u00f3n ideal para entornos de rack densos repletos de servidores, conmutadores de red, matrices de almacenamiento y otro hardware inform\u00e1tico vital.<\/p>\n<p>La unidad se conecta a la fuente de alimentaci\u00f3n mediante un cable de alimentaci\u00f3n de alta resistencia que termina en un enchufe azul IEC 60309 de tipo industrial. Este tipo de conector de \"clavija y casquillo\" est\u00e1 reconocido mundialmente por su seguridad y fiabilidad en aplicaciones de alta corriente. A diferencia de los enchufes dom\u00e9sticos est\u00e1ndar, el conector IEC 60309 proporciona una conexi\u00f3n m\u00e1s segura y bloqueada, evitando desconexiones accidentales que podr\u00edan provocar paradas catastr\u00f3ficas de los equipos. El c\u00f3digo de color azul indica espec\u00edficamente su clasificaci\u00f3n de tensi\u00f3n y frecuencia, una caracter\u00edstica de seguridad clave en entornos industriales complejos.<\/p>\n<p>El equipo recibe alimentaci\u00f3n a trav\u00e9s de tres tomas IEC C13. El IEC C13 es el est\u00e1ndar universal para la gran mayor\u00eda de los equipos inform\u00e1ticos, lo que garantiza una compatibilidad perfecta desde el primer momento. Esto permite conexiones directas y seguras a servidores, routers y otros dispositivos de red, eliminando la necesidad de engorrosos adaptadores y garantizando una configuraci\u00f3n de rack limpia y organizada.<\/p>\n<h4 id=\"-intelligent-monitoring-and-enhanced-safety-\"><strong>Supervisi\u00f3n inteligente y mayor seguridad<\/strong><\/h4>\n<p>Lo que distingue a la PDU de montaje en bastidor OIT son sus funciones inteligentes integradas que proporcionan una supervisi\u00f3n y protecci\u00f3n cruciales. La unidad est\u00e1 equipada con una pantalla digital clara y brillante que proporciona medici\u00f3n en tiempo real de los par\u00e1metros el\u00e9ctricos esenciales. La pantalla muestra de forma destacada la tensi\u00f3n (V) y la corriente (A) que consumen los equipos conectados. Esta supervisi\u00f3n de un vistazo es indispensable para los administradores de centros de datos y los profesionales de TI. Mediante el seguimiento del consumo el\u00e9ctrico, los administradores pueden equilibrar eficazmente las cargas para evitar sobrecargas de los circuitos, planificar futuras necesidades de capacidad y diagnosticar posibles problemas el\u00e9ctricos antes de que se agraven.<\/p>\n<p>La seguridad se ve reforzada por un disyuntor integrado. Este componente vital protege continuamente sus costosos equipos contra sobrecorrientes y cortocircuitos potencialmente da\u00f1inos. En caso de fallo el\u00e9ctrico, el disyuntor se activa autom\u00e1ticamente, cortando el flujo el\u00e9ctrico y protegiendo su hardware de da\u00f1os irreversibles. El disyuntor est\u00e1 situado detr\u00e1s de una cubierta abatible transparente, que evita el disparo accidental o la manipulaci\u00f3n, al tiempo que permite un f\u00e1cil acceso cuando es necesario restablecerlo.<\/p>\n<h4 id=\"-designed-for-professional-environments-\"><strong>Dise\u00f1ado para entornos profesionales<\/strong><\/h4>\n<p>El dise\u00f1o f\u00edsico de esta unidad b\u00e1sica de distribuci\u00f3n de energ\u00eda est\u00e1 pensado para una integraci\u00f3n perfecta en sistemas de rack profesionales. Las especificaciones confirman su adhesi\u00f3n al formato est\u00e1ndar de rack de 19 pulgadas con una altura de 1U (483 mm x 44,5 mm x 44,5 mm). Este tama\u00f1o estandarizado permite montarla horizontalmente en cualquier bastidor o armario de servidor est\u00e1ndar EIA, ocupando un espacio m\u00ednimo y proporcionando al mismo tiempo la m\u00e1xima utilidad.<\/p>\n<p>Construida con un chasis met\u00e1lico duradero, esta PDU est\u00e1 hecha para soportar los rigores de los entornos industriales y de centros de datos. La robusta carcasa no s\u00f3lo garantiza la durabilidad a largo plazo, sino que tambi\u00e9n ayuda a disipar el calor, lo que contribuye a la estabilidad y longevidad generales de la unidad. Su rango de temperatura de funcionamiento especificado de 0 \u00b0C a 50 \u00b0C confirma su fiabilidad en las condiciones controladas, aunque intensivas en calor, de una sala de servidores t\u00edpica.<\/p>\n<h4 id=\"-versatile-applications-\"><strong>Aplicaciones vers\u00e1tiles<\/strong><\/h4>\n<p>Aunque est\u00e1 perfectamente adaptada para centros de datos, la naturaleza robusta y la alta potencia nominal de esta PDU la convierten en una soluci\u00f3n vers\u00e1til para una amplia gama de aplicaciones, entre las que se incluyen:<\/p>\n<ul>\n<li><strong>Transmisi\u00f3n de potencia industrial:<\/strong>\u00a0Accione con seguridad la maquinaria, los paneles de control y el equipo de pruebas en la planta de la f\u00e1brica.<\/li>\n<li><strong>Telecomunicaciones:<\/strong>\u00a0Proporcione alimentaci\u00f3n fiable y centralizada a los conmutadores de red y dispositivos de comunicaci\u00f3n de los armarios de telecomunicaciones.<\/li>\n<li><strong>Producci\u00f3n de audio y v\u00eddeo:<\/strong>\u00a0Organizar la distribuci\u00f3n de energ\u00eda en bastidores AV para amplificadores, mezcladores y otros equipos de sonido o grabaci\u00f3n.<\/li>\n<li><strong>Entornos de laboratorio e investigaci\u00f3n:<\/strong>\u00a0Alimente con confianza los sensibles instrumentos electr\u00f3nicos de prueba y medici\u00f3n.<\/li>\n<\/ul>\n<h4 id=\"-certified-for-safety-and-compliance-\"><strong>Certificado de seguridad y conformidad<\/strong><\/h4>\n<p>Esta unidad de distribuci\u00f3n de energ\u00eda OIT viene con un conjunto de certificaciones que subrayan su calidad y seguridad.<\/p>\n<ul>\n<li><strong>Marca ETL Listed:<\/strong>\u00a0Indica que el producto ha sido probado por Intertek y cumple las normas de seguridad norteamericanas.<\/li>\n<li><strong>CCC (Certificaci\u00f3n obligatoria de China):<\/strong>\u00a0Esta marca significa el cumplimiento de las normas de seguridad chinas, protegiendo la seguridad de los consumidores y la seguridad nacional.<\/li>\n<li><strong>RoHS (Restricci\u00f3n de sustancias peligrosas):<\/strong>\u00a0Esta directiva de la UE certifica que la PDU no contiene materiales peligrosos espec\u00edficos, lo que la hace m\u00e1s respetuosa con el medio ambiente y m\u00e1s segura para su manipulaci\u00f3n.<\/li>\n<\/ul>\n<p>Estas certificaciones, combinadas con una garant\u00eda de 1 a\u00f1o, le garantizan que est\u00e1 invirtiendo en un producto que no s\u00f3lo es eficaz, sino tambi\u00e9n seguro, fiable y conforme con las normas internacionales.<\/p>","protected":false},"excerpt":{"rendered":"<div class=\"chat-container\">\n<div class=\"chat-view-container ng-star-inserted\">\n<div>\n<div class=\"chat-turn-container model render cdk-focused cdk-mouse-focused\" tabindex=\"-1\">\n<div class=\"model-prompt-container\" data-turn-role=\"Model\">\n<div class=\"turn-content\">\n<p class=\"ng-star-inserted\"><span class=\"ng-star-inserted\">Esta unidad b\u00e1sica de distribuci\u00f3n de energ\u00eda OIT de 3 salidas para montaje en bastidor es ideal para la transmisi\u00f3n industrial de energ\u00eda. Con una potencia nominal de 30 A y 250 V, incorpora una pantalla digital para controlar la tensi\u00f3n y la corriente, adem\u00e1s de un disyuntor de seguridad. Es una soluci\u00f3n fiable para gestionar la alimentaci\u00f3n en un rack de servidores.<\/span><\/p>\n<div class=\"turn-information ng-star-inserted\"><\/div>\n<\/div>\n<\/div>\n<div class=\"turn-footer ng-star-inserted\"><\/div>\n<\/div>\n<\/div>\n<\/div>\n<\/div>\n<footer class=\"not-zero-state ng-star-inserted\">\n<div class=\"mat-mdc-tooltip-trigger prompt-input-wrapper\">\n<div>\n<div class=\"prompt-input-wrapper-container\">\n<div class=\"text-wrapper\">\n<section class=\"text-and-attachments-wrapper\">\n<div class=\"text-input-wrapper\"><\/div>\n<\/section>\n<\/div>\n<\/div>\n<\/div>\n<\/div>\n<\/footer>","protected":false},"featured_media":1498,"template":"","meta":{"_kad_post_transparent":"default","_kad_post_title":"","_kad_post_layout":"default","_kad_post_sidebar_id":"","_kad_post_content_style":"default","_kad_post_vertical_padding":"default","_kad_post_feature":"","_kad_post_feature_position":"","_kad_post_header":false,"_kad_post_footer":false},"product_brand":[],"product_cat":[82],"product_tag":[223,224,217],"class_list":{"0":"post-1497","1":"product","2":"type-product","3":"status-publish","4":"has-post-thumbnail","6":"product_cat-basic-power-distribution-units","7":"product_tag-3-socket-pdu","8":"product_tag-30a-rack-power-strip","9":"product_tag-basic-power-distribution-unit","11":"first","12":"instock","13":"shipping-taxable","14":"product-type-simple","15":"entry","16":"content-bg","17":"loop-entry"},"_links":{"self":[{"href":"https:\/\/24smartcharge.com\/es\/wp-json\/wp\/v2\/product\/1497","targetHints":{"allow":["GET"]}}],"collection":[{"href":"https:\/\/24smartcharge.com\/es\/wp-json\/wp\/v2\/product"}],"about":[{"href":"https:\/\/24smartcharge.com\/es\/wp-json\/wp\/v2\/types\/product"}],"wp:featuredmedia":[{"embeddable":true,"href":"https:\/\/24smartcharge.com\/es\/wp-json\/wp\/v2\/media\/1498"}],"wp:attachment":[{"href":"https:\/\/24smartcharge.com\/es\/wp-json\/wp\/v2\/media?parent=1497"}],"wp:term":[{"taxonomy":"product_brand","embeddable":true,"href":"https:\/\/24smartcharge.com\/es\/wp-json\/wp\/v2\/product_brand?post=1497"},{"taxonomy":"product_cat","embeddable":true,"href":"https:\/\/24smartcharge.com\/es\/wp-json\/wp\/v2\/product_cat?post=1497"},{"taxonomy":"product_tag","embeddable":true,"href":"https:\/\/24smartcharge.com\/es\/wp-json\/wp\/v2\/product_tag?post=1497"}],"curies":[{"name":"wp","href":"https:\/\/api.w.org\/{rel}","templated":true}]}}