{"id":1435,"date":"2025-08-07T03:50:06","date_gmt":"2025-08-07T03:50:06","guid":{"rendered":"https:\/\/24smartcharge.com\/?post_type=product&#038;p=1435"},"modified":"2025-08-07T03:50:06","modified_gmt":"2025-08-07T03:50:06","slug":"rackmount-smart-power-distribution-unit-8-outlet-15a","status":"publish","type":"product","link":"https:\/\/24smartcharge.com\/es\/rackmount-smart-power-distribution-unit-8-outlet-15a\/","title":{"rendered":"Unidad de distribuci\u00f3n de corriente inteligente para montaje en bastidor, 8 tomas, 15 A"},"content":{"rendered":"<h2 id=\"-unlock-advanced-control-and-unparalleled-insight-with-the-rackmount-smart-power-distribution-unit-8-outlet-15a-\"><strong>Desbloquee el control avanzado y la visi\u00f3n sin precedentes con la unidad de distribuci\u00f3n de energ\u00eda inteligente de montaje en bastidor, 8 tomas, 15 A<\/strong><\/h2>\n<p>En el mundo moderno y exigente de las infraestructuras de TI, las salas de servidores y los centros de datos, una gesti\u00f3n fiable de la alimentaci\u00f3n el\u00e9ctrica no es s\u00f3lo una comodidad, sino la base de la continuidad operativa. Todos los equipos, desde los conmutadores de red centrales hasta los servidores de alto rendimiento y las matrices de almacenamiento, dependen de una fuente de alimentaci\u00f3n estable y gestionada de forma inteligente. Este\u00a0<strong>Unidad inteligente de distribuci\u00f3n de energ\u00eda para montaje en bastidor<\/strong>\u00a0est\u00e1 dise\u00f1ada para ser el sistema nervioso central del ecosistema de alimentaci\u00f3n de su rack. M\u00e1s all\u00e1 de las capacidades de una regleta convencional, esta PDU avanzada ofrece control remoto granular, supervisi\u00f3n en tiempo real y un conjunto de funciones inteligentes dise\u00f1adas para maximizar el tiempo de actividad, mejorar la eficiencia energ\u00e9tica y aumentar la seguridad de sus activos cr\u00edticos.<\/p>\n<p>Dise\u00f1ada para profesionales de TI, administradores de sistemas y operadores de centros de datos que exigen precisi\u00f3n y fiabilidad, esta unidad de montaje en bastidor 1U proporciona ocho tomas controlables individualmente con una s\u00f3lida capacidad de alimentaci\u00f3n de 15 A. Es una herramienta estrat\u00e9gica que transforma la resoluci\u00f3n reactiva de problemas en una gesti\u00f3n proactiva de la infraestructura, permiti\u00e9ndole tomar el mando de su entorno energ\u00e9tico desde cualquier lugar del mundo.<\/p>\n<h3 id=\"-intelligent-remote-management-your-rack-your-rules-\"><strong>Gesti\u00f3n remota inteligente: Su bastidor, sus reglas<\/strong><\/h3>\n<p>El rasgo definitorio de esta\u00a0<strong>Unidad inteligente de distribuci\u00f3n de energ\u00eda<\/strong>\u00a0es su potente capacidad de gesti\u00f3n remota basada en red. Al conectar la PDU a la red a trav\u00e9s de su puerto Ethernet RJ45, se abre una nueva dimensi\u00f3n de control sobre el hardware conectado.<\/p>\n<ul>\n<li><strong>Control de salida individual:<\/strong>\u00a0Diga adi\u00f3s a la era de la conmutaci\u00f3n de alimentaci\u00f3n de todo o nada. Esta PDU le permite controlar de forma independiente cada una de las ocho tomas. A trav\u00e9s de una interfaz web intuitiva, puede encender, apagar o reiniciar a distancia cualquier dispositivo conectado. Esta capacidad es inestimable para resolver problemas con servidores y equipos de red congelados o que no responden. En lugar de enviar a un t\u00e9cnico al lugar f\u00edsico -un proceso costoso y que requiere mucho tiempo-, puede realizar un reinicio completo con unos pocos clics, lo que reduce dr\u00e1sticamente el tiempo medio de recuperaci\u00f3n (MTTR) y garantiza que los servicios se restauren en minutos, no en horas.<\/li>\n<li><strong>Encendido secuencial:<\/strong>\u00a0Evite los efectos da\u00f1inos de la sobrecarga de corriente de irrupci\u00f3n con la secuenciaci\u00f3n de alimentaci\u00f3n definida por el usuario. Cuando se encienden simult\u00e1neamente varios equipos de alto consumo, la sobretensi\u00f3n resultante puede activar el disyuntor principal y dejar fuera de servicio todo el rack. Con esta PDU inteligente, puede configurar un retardo de encendido espec\u00edfico para cada toma de corriente, garantizando que la infraestructura principal, como los conmutadores de red y los sistemas de almacenamiento, se inicialicen por completo antes de que se pongan en l\u00ednea los servidores que dependen de ellos. Este enfoque escalonado garantiza un proceso de encendido suave y estable en todo momento.<\/li>\n<li><strong>Ciclos de alimentaci\u00f3n programados:<\/strong>\u00a0Automatice la gesti\u00f3n de la alimentaci\u00f3n para mejorar la eficiencia energ\u00e9tica y realizar el mantenimiento rutinario sin esfuerzo. Cree programas personalizados para apagar los equipos no esenciales fuera de las horas punta, los fines de semana o los d\u00edas festivos, y vuelva a encenderlos autom\u00e1ticamente antes de que se reanude la actividad. Esto no s\u00f3lo supone un ahorro significativo en costes energ\u00e9ticos, sino que tambi\u00e9n contribuye a un funcionamiento de TI m\u00e1s ecol\u00f3gico y sostenible.<\/li>\n<\/ul>\n<h3 id=\"-comprehensive-monitoring-for-proactive-management-\"><strong>Supervisi\u00f3n exhaustiva para una gesti\u00f3n proactiva<\/strong><\/h3>\n<p>El conocimiento es poder, y este\u00a0<strong>Unidad inteligente de distribuci\u00f3n de energ\u00eda<\/strong>\u00a0proporciona una gran cantidad de informaci\u00f3n. El panel frontal cuenta con tres pantallas LED digitales brillantes y f\u00e1ciles de leer que proporcionan una instant\u00e1nea en tiempo real del estado de su entorno energ\u00e9tico. Supervise m\u00e9tricas cr\u00edticas como:<\/p>\n<ul>\n<li><strong>Corriente total (amperios):<\/strong>\u00a0Vigile de cerca la corriente total que consumen todos los dispositivos conectados. Esto es esencial para equilibrar eficazmente la carga en los bastidores y para garantizar que se mantiene por debajo de la capacidad nominal de 15 A de la unidad.<\/li>\n<li><strong>Tensi\u00f3n de entrada (voltios):<\/strong>\u00a0Aseg\u00farese de que sus equipos sensibles reciben una alimentaci\u00f3n limpia y estable dentro del rango \u00f3ptimo de 110-125 V. La PDU puede alertarle de condiciones de subtensi\u00f3n o sobretensi\u00f3n potencialmente da\u00f1inas.<\/li>\n<li><strong>Consumo total de potencia (kW):<\/strong>\u00a0Realice un seguimiento preciso del uso de la energ\u00eda. Estos datos son fundamentales para planificar la capacidad, identificar el hardware que consume m\u00e1s energ\u00eda y calcular m\u00e9tricas clave del centro de datos, como la eficacia del uso de la energ\u00eda (PUE).<\/li>\n<\/ul>\n<p>Los LED \"RUN\" y \"ALM\" (alarma) del panel frontal proporcionan actualizaciones visuales inmediatas del estado. El indicador de alarma le avisar\u00e1 localmente cuando se supere un umbral de potencia o ambiental definido por el usuario, lo que le permitir\u00e1 tomar medidas inmediatas antes de que un problema potencial se convierta en un fallo cr\u00edtico.<\/p>\n<h3 id=\"-robust-secure-and-built-for-the-data-center-\"><strong>Robusto, seguro y dise\u00f1ado para el centro de datos<\/strong><\/h3>\n<p>Dise\u00f1ada para ofrecer fiabilidad en entornos industriales y de TI exigentes, esta PDU est\u00e1 fabricada con chapa met\u00e1lica de alta resistencia, lo que garantiza su durabilidad y longevidad. El dise\u00f1o est\u00e1ndar de montaje en bastidor 1U permite una instalaci\u00f3n perfecta en cualquier bastidor de servidor de 19 pulgadas, conservando un valioso espacio.<\/p>\n<p>La seguridad y la protecci\u00f3n son primordiales. La unidad cuenta con un disyuntor frontal que proporciona una protecci\u00f3n esencial contra sobrecorriente para todos los dispositivos conectados. En caso de que se produzca una sobrecarga peligrosa, el disyuntor cortar\u00e1 el circuito al instante, protegiendo su costoso hardware de posibles da\u00f1os. Una vez resuelto el problema, se puede restablecer f\u00e1cilmente para restaurar la alimentaci\u00f3n.<\/p>\n<h3 id=\"-expanded-connectivity-for-environmental-awareness-\"><strong>Conectividad ampliada para la concienciaci\u00f3n medioambiental<\/strong><\/h3>\n<p>Esta PDU ampl\u00eda sus capacidades m\u00e1s all\u00e1 de la gesti\u00f3n de la alimentaci\u00f3n sirviendo como centro de control medioambiental.<\/p>\n<ul>\n<li><strong>Encadenamiento:<\/strong>\u00a0La inclusi\u00f3n de puertos de red de \"ENTRADA\" y \"SALIDA\" permite conectar en cadena varias PDU, enlaz\u00e1ndolas entre s\u00ed para que puedan gestionarse desde una \u00fanica direcci\u00f3n IP. Se trata de una funci\u00f3n crucial para los despliegues de alta densidad, ya que simplifica el cableado y conserva los limitados puertos de red y direcciones IP.<\/li>\n<li><strong>Puertos de sensores ambientales:<\/strong>\u00a0Los puertos dedicados etiquetados \"T\/H\" (Temperatura\/Humedad) y \"DOOR\" permiten conectar sensores ambientales opcionales. Al a\u00f1adir estos sensores, la PDU se transforma en una completa soluci\u00f3n de monitorizaci\u00f3n de racks. Controle la temperatura ambiente y la humedad dentro de su rack para evitar el sobrecalentamiento de los equipos, y utilice un sensor de contacto de puerta para recibir alertas sobre el acceso f\u00edsico no autorizado a su rack, a\u00f1adiendo una capa vital de seguridad f\u00edsica.<\/li>\n<\/ul>\n<p>Al consolidar la gesti\u00f3n energ\u00e9tica y la supervisi\u00f3n medioambiental en un \u00fanico dispositivo e interfaz, obtendr\u00e1 una visi\u00f3n hol\u00edstica e integrada del estado y la seguridad de su infraestructura.<\/p>\n<h3 id=\"-the-smart-investment-for-modern-it-\"><strong>La inversi\u00f3n inteligente para la TI moderna<\/strong><\/h3>\n<p>Tanto si gestiona un centro de datos a gran escala, una instalaci\u00f3n de colocaci\u00f3n, un sitio remoto de computaci\u00f3n de borde o un simple armario de servidores, el\u00a0<strong>Unidad inteligente de distribuci\u00f3n de energ\u00eda para montaje en bastidor<\/strong>\u00a0es una inversi\u00f3n fundamental en fiabilidad y eficiencia. Su potente combinaci\u00f3n de control remoto, supervisi\u00f3n detallada, dise\u00f1o robusto y conciencia medioambiental le proporciona las herramientas que necesita para minimizar el tiempo de inactividad, reducir los costes operativos y mantener un control total sobre sus activos inform\u00e1ticos cr\u00edticos.<\/p>","protected":false},"excerpt":{"rendered":"<div class=\"chat-container\">\n<div class=\"chat-view-container ng-star-inserted\">\n<div>\n<div class=\"chat-turn-container model render cdk-focused cdk-mouse-focused\" tabindex=\"-1\">\n<div class=\"model-prompt-container\" data-turn-role=\"Model\">\n<div class=\"turn-content\">\n<p class=\"ng-star-inserted\"><span class=\"ng-star-inserted\">Esta unidad de distribuci\u00f3n de energ\u00eda inteligente para montaje en bastidor ofrece un control avanzado para sus equipos. Proporciona 8 tomas NEMA 5-15R, una capacidad de 15 A y conectividad de red para la supervisi\u00f3n y gesti\u00f3n remotas de la alimentaci\u00f3n. El duradero dise\u00f1o de chapa met\u00e1lica con disyuntor incorporado es ideal para cualquier rack de servidores.<\/span><\/p>\n<\/div>\n<\/div>\n<\/div>\n<\/div>\n<\/div>\n<\/div>","protected":false},"featured_media":1437,"template":"","meta":{"_kad_post_transparent":"default","_kad_post_title":"","_kad_post_layout":"default","_kad_post_sidebar_id":"","_kad_post_content_style":"default","_kad_post_vertical_padding":"default","_kad_post_feature":"","_kad_post_feature_position":"","_kad_post_header":false,"_kad_post_footer":false},"product_brand":[],"product_cat":[81],"product_tag":[214,173,193],"class_list":{"0":"post-1435","1":"product","2":"type-product","3":"status-publish","4":"has-post-thumbnail","6":"product_cat-smart-power-distribution-units","7":"product_tag-network-pdu","8":"product_tag-rackmount-pdu","9":"product_tag-smart-power-distribution-unit","11":"first","12":"instock","13":"shipping-taxable","14":"product-type-simple","15":"entry","16":"content-bg","17":"loop-entry"},"_links":{"self":[{"href":"https:\/\/24smartcharge.com\/es\/wp-json\/wp\/v2\/product\/1435","targetHints":{"allow":["GET"]}}],"collection":[{"href":"https:\/\/24smartcharge.com\/es\/wp-json\/wp\/v2\/product"}],"about":[{"href":"https:\/\/24smartcharge.com\/es\/wp-json\/wp\/v2\/types\/product"}],"wp:featuredmedia":[{"embeddable":true,"href":"https:\/\/24smartcharge.com\/es\/wp-json\/wp\/v2\/media\/1437"}],"wp:attachment":[{"href":"https:\/\/24smartcharge.com\/es\/wp-json\/wp\/v2\/media?parent=1435"}],"wp:term":[{"taxonomy":"product_brand","embeddable":true,"href":"https:\/\/24smartcharge.com\/es\/wp-json\/wp\/v2\/product_brand?post=1435"},{"taxonomy":"product_cat","embeddable":true,"href":"https:\/\/24smartcharge.com\/es\/wp-json\/wp\/v2\/product_cat?post=1435"},{"taxonomy":"product_tag","embeddable":true,"href":"https:\/\/24smartcharge.com\/es\/wp-json\/wp\/v2\/product_tag?post=1435"}],"curies":[{"name":"wp","href":"https:\/\/api.w.org\/{rel}","templated":true}]}}