{"id":1419,"date":"2025-08-07T03:35:17","date_gmt":"2025-08-07T03:35:17","guid":{"rendered":"https:\/\/24smartcharge.com\/?post_type=product&#038;p=1419"},"modified":"2025-08-07T06:36:13","modified_gmt":"2025-08-07T06:36:13","slug":"rackmount-smart-power-distribution-unit-30a-7-5kw","status":"publish","type":"product","link":"https:\/\/24smartcharge.com\/es\/rackmount-smart-power-distribution-unit-30a-7-5kw\/","title":{"rendered":"Unidad de distribuci\u00f3n de energ\u00eda inteligente para montaje en bastidor, 30 A, 7,5 kW"},"content":{"rendered":"<p>&nbsp;<\/p>\n<h1 id=\"rackmount-smart-power-distribution-unit-30a-7-5kw\">Unidad de distribuci\u00f3n de energ\u00eda inteligente para montaje en bastidor, 30 A, 7,5 kW<\/h1>\n<p>En el mundo de la inform\u00e1tica de alta densidad, donde el tiempo de actividad es primordial y cada pieza del equipo es un activo cr\u00edtico, la gesti\u00f3n de la energ\u00eda no es s\u00f3lo una utilidad: es la base de la estabilidad y la fiabilidad. Este\u00a0<strong>Unidad inteligente de distribuci\u00f3n de energ\u00eda para montaje en bastidor<\/strong>\u00a0est\u00e1 dise\u00f1ado para proporcionar esa base, suministrando energ\u00eda robusta, inteligente y segura a su infraestructura m\u00e1s vital. Dise\u00f1ada para una integraci\u00f3n perfecta en bastidores de servidores est\u00e1ndar de 19 pulgadas, esta unidad 1U es la soluci\u00f3n definitiva para centros de datos, armarios de red, instalaciones de colocaci\u00f3n y salas de servidores que exigen un rendimiento superior y un control granular de su entorno energ\u00e9tico.<\/p>\n<h3 id=\"-intelligent-power-monitoring-in-real-time-\"><strong>Control inteligente de la energ\u00eda en tiempo real<\/strong><\/h3>\n<p>Lo que distingue a este dispositivo es su funci\u00f3n de aut\u00e9ntico\u00a0<strong>Unidad inteligente de distribuci\u00f3n de energ\u00eda<\/strong>. Su n\u00facleo es un \"minimedidor\" digital de alta visibilidad que permite controlar de un vistazo y en tiempo real el consumo de energ\u00eda. La n\u00edtida pantalla LCD muestra claramente tres par\u00e1metros cr\u00edticos:<\/p>\n<ul>\n<li><strong>Tensi\u00f3n (V):<\/strong>\u00a0Supervise la estabilidad de la alimentaci\u00f3n entrante para garantizar que se mantiene dentro del intervalo de funcionamiento seguro de sus equipos inform\u00e1ticos sensibles. Esto ayuda a diagnosticar posibles problemas de alimentaci\u00f3n en las instalaciones antes de que puedan causar da\u00f1os.<\/li>\n<li><strong>Corriente (A):<\/strong>\u00a0Controla el amperaje total que consumen todos los dispositivos conectados. Esto es esencial para equilibrar la carga y evitar sobrecargas. Al conocer el consumo de corriente exacto, puedes a\u00f1adir nuevos equipos sin tener que adivinar, lo que garantiza que nunca se supere la capacidad m\u00e1xima de 30 A de la unidad.<\/li>\n<li><strong>Kilovatios (kW):<\/strong>\u00a0Obtenga una lectura precisa de su consumo total de energ\u00eda. Estos datos son muy valiosos para planificar la capacidad, calcular los costes energ\u00e9ticos y poner en marcha iniciativas de TI ecol\u00f3gicas para mejorar la eficacia del uso de la energ\u00eda (PUE).<\/li>\n<\/ul>\n<p>Esta supervisi\u00f3n inteligente transforma la PDU de una simple regleta en una herramienta estrat\u00e9gica para la gesti\u00f3n proactiva del centro de datos, ayud\u00e1ndole a optimizar recursos, evitar tiempos de inactividad y tomar decisiones informadas sobre su infraestructura.<\/p>\n<h3 id=\"-high-density-output-with-secure-connectivity-\"><strong>Salida de alta densidad con conectividad segura<\/strong><\/h3>\n<p>Esta PDU est\u00e1 equipada con seis tomas IEC C13 est\u00e1ndar del sector, lo que la convierte en la opci\u00f3n ideal para alimentar una amplia gama de hardware inform\u00e1tico, incluidos servidores, conmutadores, matrices de almacenamiento y otros dispositivos de red. La disposici\u00f3n vertical de las tomas proporciona una gesti\u00f3n limpia del cableado y un f\u00e1cil acceso incluso en los racks m\u00e1s abarrotados.<\/p>\n<p>Una caracter\u00edstica destacada es el mecanismo de bloqueo integrado para cada toma, identificable por las leng\u00fcetas rojas. Este sistema est\u00e1 dise\u00f1ado para sujetar firmemente los cables de alimentaci\u00f3n, evitando las desconexiones accidentales que pueden provocar las vibraciones del rack, el mantenimiento rutinario o los errores humanos. En un entorno en el que un solo cable desenchufado puede provocar un tiempo de inactividad catastr\u00f3fico, esta funci\u00f3n de bloqueo proporciona una tranquilidad esencial, garantizando que las conexiones cr\u00edticas permanezcan firmes y seguras.<\/p>\n<h3 id=\"-uncompromising-safety-and-overcurrent-protection-\"><strong>Seguridad y protecci\u00f3n contra sobrecorriente sin concesiones<\/strong><\/h3>\n<p>En el coraz\u00f3n del sistema de seguridad de la unidad se encuentra un disyuntor hidr\u00e1ulico-magn\u00e9tico Nader 32A de alta resistencia. Alojado bajo una cubierta transparente abatible para evitar disparos accidentales, este disyuntor ofrece una protecci\u00f3n superior para todo el rack de equipos. A diferencia de los disyuntores t\u00e9rmicos, un disyuntor hidr\u00e1ulico-magn\u00e9tico es menos susceptible a los cambios de temperatura ambiente, proporcionando un punto de disparo m\u00e1s preciso y fiable en caso de sobrecorriente o cortocircuito peligroso.<\/p>\n<p>Si se produce una sobrecarga, el disyuntor cortar\u00e1 instant\u00e1neamente la alimentaci\u00f3n de todas las tomas, protegiendo sus valiosos bienes de da\u00f1os irreparables. Una vez resuelta la aver\u00eda, puede restablecerse f\u00e1cilmente, lo que minimiza el tiempo de inactividad y elimina la necesidad de sustituir fusibles. Este compromiso con la seguridad es una prueba del dise\u00f1o profesional de la unidad.<\/p>\n<h3 id=\"-built-for-the-demands-of-professional-environments-\"><strong>Dise\u00f1ado para las exigencias de los entornos profesionales<\/strong><\/h3>\n<p>Dise\u00f1ada para un funcionamiento ininterrumpido, cada componente de esta PDU ha sido seleccionado por su durabilidad y fiabilidad.<\/p>\n<ul>\n<li><strong>Construcci\u00f3n robusta:<\/strong>\u00a0El chasis est\u00e1 fabricado con una aleaci\u00f3n de aluminio resistente y ligera que proporciona una excelente disipaci\u00f3n del calor y protecci\u00f3n f\u00edsica. Su acabado en pintura en polvo negra es duradero y est\u00e9ticamente adecuado para entornos de servidores profesionales.<\/li>\n<li><strong>Dise\u00f1o est\u00e1ndar para montaje en bastidor:<\/strong>\u00a0Con unas dimensiones de 483 mm x 44,5 mm x 44,5 mm, la unidad se ajusta perfectamente a la anchura est\u00e1ndar de 19 pulgadas y a la altura 1U, lo que permite instalarla sin esfuerzo en cualquier bastidor o armario de servidor est\u00e1ndar EIA.<\/li>\n<li><strong>Alta capacidad, cableado certificado:<\/strong>\u00a0El cableado interno est\u00e1 certificado por UL y cuenta con una especificaci\u00f3n ign\u00edfuga, lo que garantiza que puede soportar con seguridad la carga continua de 30 A en su capacidad m\u00e1xima de 7,5 kW sin riesgos. Este enfoque en la calidad de los materiales garantiza el rendimiento y la seguridad a largo plazo.<\/li>\n<li><strong>Compatibilidad global y certificaci\u00f3n:<\/strong>\u00a0La PDU admite un amplio rango de tensi\u00f3n de entrada de 120-240 V y una frecuencia de 50\/60 Hz, lo que la convierte en una opci\u00f3n vers\u00e1til para el despliegue internacional. Adem\u00e1s, cuenta con certificaciones internacionales clave, como ETL para las normas de seguridad norteamericanas, CE para la conformidad con el mercado europeo y RoHS para la restricci\u00f3n de sustancias peligrosas. Estas certificaciones confirman que la unidad ha sido sometida a rigurosas pruebas para cumplir las estrictas normas mundiales de seguridad, calidad y responsabilidad medioambiental.<\/li>\n<\/ul>\n<h3 id=\"-the-essential-investment-for-your-infrastructure-\"><strong>La inversi\u00f3n esencial para su infraestructura<\/strong><\/h3>\n<p>Este\u00a0<strong>Unidad inteligente de distribuci\u00f3n de energ\u00eda para montaje en bastidor<\/strong>\u00a0es m\u00e1s que un componente: es una inversi\u00f3n en la estabilidad, seguridad y eficiencia de toda su operaci\u00f3n de TI. Al proporcionar m\u00e9tricas de energ\u00eda detalladas, conexiones seguras y una s\u00f3lida protecci\u00f3n contra sobrecorriente, le permite tomar el control total de su infraestructura de energ\u00eda. Tanto si est\u00e1 construyendo un nuevo centro de datos, actualizando una sala de servidores existente o simplemente necesita una distribuci\u00f3n de energ\u00eda fiable para un \u00fanico rack de equipos, esta PDU ofrece el rendimiento y las funciones que necesita para proteger sus activos y mantener el m\u00e1ximo tiempo de actividad.<\/p>","protected":false},"excerpt":{"rendered":"<div class=\"chat-container\">\n<div class=\"chat-view-container ng-star-inserted\">\n<div>\n<div class=\"chat-turn-container model render cdk-focused cdk-mouse-focused\" tabindex=\"-1\">\n<div class=\"model-prompt-container\" data-turn-role=\"Model\">\n<div class=\"turn-content\">\n<p class=\"ng-star-inserted\"><span class=\"ng-star-inserted\">Esta unidad de distribuci\u00f3n de alimentaci\u00f3n inteligente para montaje en bastidor proporciona alimentaci\u00f3n fiable a sus equipos. Cuenta con 6 tomas C13, un medidor digital para monitorizar V, A y kW, y un disyuntor hidr\u00e1ulico de 32 A para protecci\u00f3n contra sobrecorriente. Su robusta carcasa de aleaci\u00f3n de aluminio garantiza la durabilidad de su centro de datos o sala de servidores.<\/span><\/p>\n<div class=\"turn-information ng-star-inserted\"><\/div>\n<\/div>\n<\/div>\n<div class=\"turn-footer ng-star-inserted\"><\/div>\n<\/div>\n<\/div>\n<\/div>\n<\/div>\n<footer class=\"not-zero-state ng-star-inserted\">\n<div class=\"mat-mdc-tooltip-trigger prompt-input-wrapper\">\n<div>\n<div class=\"prompt-input-wrapper-container\">\n<div class=\"text-wrapper\">\n<section class=\"text-and-attachments-wrapper\">\n<div class=\"text-input-wrapper\"><\/div>\n<\/section>\n<\/div>\n<\/div>\n<\/div>\n<\/div>\n<\/footer>","protected":false},"featured_media":1429,"template":"","meta":{"_kad_post_transparent":"default","_kad_post_title":"","_kad_post_layout":"default","_kad_post_sidebar_id":"","_kad_post_content_style":"default","_kad_post_vertical_padding":"default","_kad_post_feature":"","_kad_post_feature_position":"","_kad_post_header":false,"_kad_post_footer":false},"product_brand":[],"product_cat":[81,82],"product_tag":[195,173,193],"class_list":{"0":"post-1419","1":"product","2":"type-product","3":"status-publish","4":"has-post-thumbnail","6":"product_cat-smart-power-distribution-units","7":"product_cat-basic-power-distribution-units","8":"product_tag-metered-pdu","9":"product_tag-rackmount-pdu","10":"product_tag-smart-power-distribution-unit","12":"first","13":"instock","14":"shipping-taxable","15":"product-type-simple","16":"entry","17":"content-bg","18":"loop-entry"},"_links":{"self":[{"href":"https:\/\/24smartcharge.com\/es\/wp-json\/wp\/v2\/product\/1419","targetHints":{"allow":["GET"]}}],"collection":[{"href":"https:\/\/24smartcharge.com\/es\/wp-json\/wp\/v2\/product"}],"about":[{"href":"https:\/\/24smartcharge.com\/es\/wp-json\/wp\/v2\/types\/product"}],"wp:featuredmedia":[{"embeddable":true,"href":"https:\/\/24smartcharge.com\/es\/wp-json\/wp\/v2\/media\/1429"}],"wp:attachment":[{"href":"https:\/\/24smartcharge.com\/es\/wp-json\/wp\/v2\/media?parent=1419"}],"wp:term":[{"taxonomy":"product_brand","embeddable":true,"href":"https:\/\/24smartcharge.com\/es\/wp-json\/wp\/v2\/product_brand?post=1419"},{"taxonomy":"product_cat","embeddable":true,"href":"https:\/\/24smartcharge.com\/es\/wp-json\/wp\/v2\/product_cat?post=1419"},{"taxonomy":"product_tag","embeddable":true,"href":"https:\/\/24smartcharge.com\/es\/wp-json\/wp\/v2\/product_tag?post=1419"}],"curies":[{"name":"wp","href":"https:\/\/api.w.org\/{rel}","templated":true}]}}