{"id":1397,"date":"2025-08-07T02:32:58","date_gmt":"2025-08-07T02:32:58","guid":{"rendered":"https:\/\/24smartcharge.com\/?post_type=product&#038;p=1397"},"modified":"2025-08-07T02:43:09","modified_gmt":"2025-08-07T02:43:09","slug":"280a-20-socket-rackmount-smart-power-distribution-unit","status":"publish","type":"product","link":"https:\/\/24smartcharge.com\/es\/280a-20-socket-rackmount-smart-power-distribution-unit\/","title":{"rendered":"Unidad de distribuci\u00f3n de energ\u00eda inteligente 280A de 20 tomas para montaje en bastidor"},"content":{"rendered":"<h1 id=\"unleash-unmatched-power-and-intelligence-with-the-280a-20-socket-rackmount-smart-power-distribution-unit\">Potencia e inteligencia inigualables con la unidad de distribuci\u00f3n de energ\u00eda inteligente 280A para montaje en bastidor con 20 z\u00f3calos<\/h1>\n<p>En el exigente panorama de los centros de datos modernos, los cl\u00fasteres inform\u00e1ticos de alto rendimiento y las instalaciones industriales, una distribuci\u00f3n de energ\u00eda fiable e inteligente no es s\u00f3lo un servicio p\u00fablico, es la base de la integridad operativa. Presentamos el\u00a0<strong>Unidad inteligente de distribuci\u00f3n de energ\u00eda (PDU) 280A de 20 tomas para montaje en bastidor<\/strong>una soluci\u00f3n de nivel empresarial dise\u00f1ada para satisfacer las m\u00e1s altas exigencias de capacidad de alimentaci\u00f3n, gesti\u00f3n inteligente y fiabilidad inquebrantable. Esta formidable PDU est\u00e1 dise\u00f1ada para profesionales que requieren un control granular y un rendimiento s\u00f3lido para su infraestructura de misi\u00f3n cr\u00edtica, proporcionando un concentrador de alimentaci\u00f3n centralizado y de alta capacidad que garantiza tanto la estabilidad como la eficiencia.<\/p>\n<h2 id=\"high-capacity-power-for-dense-environments\">Potencia de alta capacidad para entornos densos<\/h2>\n<p>El n\u00facleo de esta unidad inteligente de distribuci\u00f3n de potencia es su excepcional capacidad de manejo de potencia. Con una asombrosa\u00a0<strong>corriente nominal de 280 A<\/strong>\u00a0y un vers\u00e1til\u00a0<strong>rango de tensi\u00f3n nominal de 380V-480V<\/strong>Esta PDU est\u00e1 dise\u00f1ada para alimentar los equipos m\u00e1s exigentes. Tanto si utiliza bastidores repletos de servidores blade, conmutadores de red, matrices de almacenamiento o controladores de automatizaci\u00f3n industrial, esta unidad suministra la potencia necesaria para mantener el m\u00e1ximo rendimiento sin concesiones.<\/p>\n<p>La potencia de salida es tan impresionante como su capacidad de entrada. Cada uno de los\u00a0<strong>20 tomas de 4 polos de alta densidad<\/strong>\u00a0es capaz de suministrar una potencia considerable, garantizando que incluso los dispositivos m\u00e1s exigentes reciban una alimentaci\u00f3n estable y constante:<\/p>\n<ul>\n<li><strong>Potencia m\u00e1xima de salida por toma (bajo 380 V):<\/strong>\u00a0Hasta 13.163 W<\/li>\n<li><strong>Potencia m\u00e1xima de salida por toma (por debajo de 480 V):<\/strong>\u00a0Hasta 16.627 W<\/li>\n<\/ul>\n<p>Esta inmensa capacidad de salida convierte a la PDU en la opci\u00f3n ideal para entornos de rack de alta densidad en los que el espacio es escaso, pero las necesidades de alimentaci\u00f3n crecen constantemente. Al consolidar la distribuci\u00f3n de energ\u00eda en una sola unidad robusta, puede simplificar el cableado, reducir el desorden y mejorar el flujo de aire dentro del rack, al tiempo que garantiza que sus sistemas cr\u00edticos tengan la energ\u00eda que necesitan para funcionar sin problemas.<\/p>\n<h2 id=\"intelligent-ip-based-monitoring-and-management\">Supervisi\u00f3n y gesti\u00f3n inteligentes basadas en IP<\/h2>\n<p>M\u00e1s all\u00e1 de su potencia bruta, este dispositivo se gana realmente su t\u00edtulo de\u00a0<strong>Unidad inteligente de distribuci\u00f3n de energ\u00eda<\/strong>\u00a0a trav\u00e9s de sus avanzadas funciones de medici\u00f3n digital IP y gesti\u00f3n remota. En el mundo actual impulsado por los datos, lo que no se puede medir, no se puede gestionar. Esta PDU inteligente proporciona los datos cr\u00edticos necesarios para optimizar su infraestructura el\u00e9ctrica en t\u00e9rminos de eficiencia, ahorro de costes y mantenimiento proactivo.<\/p>\n<p>La supervisi\u00f3n integrada basada en IP permite a los administradores de red y a los gestores de instalaciones realizar un seguimiento remoto de los par\u00e1metros el\u00e9ctricos clave en tiempo real. Desde un panel centralizado, puede supervisar el voltaje, la corriente, el consumo de energ\u00eda (en kWh) y la carga total de la unidad y de las tomas individuales. Este nivel de informaci\u00f3n es muy valioso para:<\/p>\n<ul>\n<li><strong>Planificaci\u00f3n de la capacidad:<\/strong>\u00a0Eval\u00fae con precisi\u00f3n el uso actual de la energ\u00eda y prevea las necesidades futuras, evitando el exceso de aprovisionamiento y garantizando que dispone de la capacidad adecuada para la expansi\u00f3n.<\/li>\n<li><strong>Equilibrio de carga:<\/strong>\u00a0Distribuya uniformemente las cargas el\u00e9ctricas entre los circuitos para evitar sobrecargas y maximizar la eficiencia de su infraestructura el\u00e9ctrica.<\/li>\n<li><strong>Eficiencia energ\u00e9tica:<\/strong>\u00a0Identifique los \"servidores fantasma\" o el hardware ineficiente que consume energ\u00eda sin aportar valor. Utilice datos de consumo precisos para impulsar iniciativas de TI ecol\u00f3gicas y reducir los gastos operativos.<\/li>\n<li><strong>Soluci\u00f3n de problemas a distancia:<\/strong>\u00a0Diagnostique los problemas relacionados con la energ\u00eda desde cualquier lugar del mundo, reduciendo la necesidad de intervenci\u00f3n in situ y minimizando el tiempo de inactividad.<\/li>\n<\/ul>\n<p>Al transformar un componente pasivo en un activo que proporciona datos, esta unidad de distribuci\u00f3n de energ\u00eda inteligente le permite tomar decisiones informadas que mejoran la fiabilidad y reducen el coste total de propiedad (TCO).<\/p>\n<h2 id=\"engineered-for-seamless-integration-and-reliability\">Dise\u00f1ado para una integraci\u00f3n y fiabilidad perfectas<\/h2>\n<p>Dise\u00f1ada pensando en el entorno inform\u00e1tico profesional, esta PDU presenta un factor de forma est\u00e1ndar para montaje en bastidor. Sus dimensiones de\u00a0<strong>483 mm x 44,5 mm x 44,5 mm<\/strong>\u00a0le permiten integrarse perfectamente en cualquier rack de servidores est\u00e1ndar de 19 pulgadas, ocupando un espacio vertical m\u00ednimo. La orientaci\u00f3n horizontal garantiza un f\u00e1cil acceso a las 20 salidas desde la parte delantera o trasera del bastidor, lo que simplifica la instalaci\u00f3n y el mantenimiento de los equipos.<\/p>\n<p>La fiabilidad se ve reforzada por su calidad de construcci\u00f3n superior y sus s\u00f3lidos mecanismos de protecci\u00f3n. La unidad est\u00e1 equipada con un completo sistema de protecci\u00f3n que incluye\u00a0<strong>10 disyuntores en miniatura (MCB) de 40 A de alta calidad<\/strong>Cada MCB protege un par de tomas. Este dise\u00f1o ofrece una seguridad superior al aislar los fallos. Si un dispositivo sufre un cortocircuito o consume una corriente excesiva, el magnetot\u00e9rmico correspondiente se disparar\u00e1, cortando la alimentaci\u00f3n s\u00f3lo a ese par de tomas, mientras que las otras 18 seguir\u00e1n funcionando sin interrupci\u00f3n. Esto evita que el fallo de un solo dispositivo se convierta en cascada y provoque un apag\u00f3n de todo el rack o de todo el sistema, maximizando as\u00ed el tiempo de actividad de todos los dem\u00e1s equipos conectados.<\/p>\n<p>Este compromiso con la calidad y la seguridad queda validado por sus certificaciones, entre las que se incluyen\u00a0<strong>CE, ROHS y SAA<\/strong>. Estas marcas de homologaci\u00f3n demuestran el cumplimiento de estrictas normas internacionales de seguridad, responsabilidad medioambiental y rendimiento, lo que le da la tranquilidad de utilizar un producto fiable y verificado por profesionales.<\/p>\n<h2 id=\"ideal-applications\">Aplicaciones ideales<\/h2>\n<p>La combinaci\u00f3n \u00fanica de alta potencia, conectividad densa y gesti\u00f3n inteligente hace que este\u00a0<strong>Unidad inteligente de distribuci\u00f3n de energ\u00eda<\/strong>\u00a0la soluci\u00f3n perfecta para una amplia gama de aplicaciones exigentes, como:<\/p>\n<ul>\n<li><strong>Centros de datos empresariales:<\/strong>\u00a0Alimente bastidores de servidores de alta densidad y gestione el consumo de energ\u00eda en toda la instalaci\u00f3n.<\/li>\n<li><strong>Instalaciones de coubicaci\u00f3n:<\/strong>\u00a0Proporcione a los inquilinos energ\u00eda fiable y medida que permita una facturaci\u00f3n y una gesti\u00f3n de la capacidad precisas.<\/li>\n<li><strong>Computaci\u00f3n de alto rendimiento (HPC):<\/strong>\u00a0Proporcione la inmensa potencia necesaria para los cl\u00fasteres de supercomputaci\u00f3n utilizados en investigaci\u00f3n cient\u00edfica, modelizaci\u00f3n financiera y desarrollo de IA.<\/li>\n<li><strong>Centros de telecomunicaciones:<\/strong>\u00a0Garantice la alimentaci\u00f3n ininterrumpida de conmutadores de red, enrutadores y equipos de comunicaci\u00f3n cr\u00edticos.<\/li>\n<li><strong>Automatizaci\u00f3n industrial:<\/strong>\u00a0Sistemas de control de potencia, rob\u00f3tica y equipos de fabricaci\u00f3n en la planta de producci\u00f3n, donde la fiabilidad es primordial.<\/li>\n<\/ul>\n<p>Con un\u00a0<strong>12 meses de garant\u00eda<\/strong>\u00a0y una cantidad m\u00ednima de pedido (MOQ) de una sola pieza, es f\u00e1cil adquirir e implantar esta potente soluci\u00f3n para actualizar inmediatamente su infraestructura de alimentaci\u00f3n. Invierta en una soluci\u00f3n de distribuci\u00f3n de energ\u00eda que no solo sea potente y fiable, sino tambi\u00e9n lo suficientemente inteligente como para afrontar los retos del ma\u00f1ana.<\/p>","protected":false},"excerpt":{"rendered":"<div class=\"chat-container\">\n<div class=\"chat-view-container ng-star-inserted\">\n<div>\n<div class=\"chat-turn-container model render cdk-focused cdk-mouse-focused\" tabindex=\"-1\">\n<div class=\"model-prompt-container\" data-turn-role=\"Model\">\n<div class=\"turn-content\">\n<p class=\"ng-star-inserted\"><span class=\"ng-star-inserted\">Alimente su centro de datos con esta unidad de distribuci\u00f3n de alimentaci\u00f3n inteligente de 280 A de alta capacidad. Dise\u00f1ada para instalaci\u00f3n en bastidor, cuenta con 20 tomas y admite un rango de 380-480 V. Ofrece protecci\u00f3n robusta y medici\u00f3n IP para una transmisi\u00f3n y gesti\u00f3n remotas y eficientes de la energ\u00eda el\u00e9ctrica.<\/span><\/p>\n<div class=\"turn-information ng-star-inserted\"><\/div>\n<\/div>\n<\/div>\n<div class=\"turn-footer ng-star-inserted\"><\/div>\n<\/div>\n<\/div>\n<\/div>\n<\/div>\n<footer class=\"not-zero-state ng-star-inserted\">\n<div class=\"mat-mdc-tooltip-trigger prompt-input-wrapper\">\n<div>\n<div class=\"prompt-input-wrapper-container\">\n<div class=\"text-wrapper\">\n<section class=\"text-and-attachments-wrapper\">\n<div class=\"text-input-wrapper\"><\/div>\n<\/section>\n<\/div>\n<\/div>\n<\/div>\n<\/div>\n<\/footer>","protected":false},"featured_media":1399,"template":"","meta":{"_kad_post_transparent":"default","_kad_post_title":"","_kad_post_layout":"default","_kad_post_sidebar_id":"","_kad_post_content_style":"default","_kad_post_vertical_padding":"default","_kad_post_feature":"","_kad_post_feature_position":"","_kad_post_header":false,"_kad_post_footer":false},"product_brand":[],"product_cat":[81],"product_tag":[210,211,193],"class_list":{"0":"post-1397","1":"product","2":"type-product","3":"status-publish","4":"has-post-thumbnail","6":"product_cat-smart-power-distribution-units","7":"product_tag-280a-rack-pdu","8":"product_tag-metered-ip-pdu","9":"product_tag-smart-power-distribution-unit","11":"first","12":"instock","13":"shipping-taxable","14":"product-type-simple","15":"entry","16":"content-bg","17":"loop-entry"},"_links":{"self":[{"href":"https:\/\/24smartcharge.com\/es\/wp-json\/wp\/v2\/product\/1397","targetHints":{"allow":["GET"]}}],"collection":[{"href":"https:\/\/24smartcharge.com\/es\/wp-json\/wp\/v2\/product"}],"about":[{"href":"https:\/\/24smartcharge.com\/es\/wp-json\/wp\/v2\/types\/product"}],"wp:featuredmedia":[{"embeddable":true,"href":"https:\/\/24smartcharge.com\/es\/wp-json\/wp\/v2\/media\/1399"}],"wp:attachment":[{"href":"https:\/\/24smartcharge.com\/es\/wp-json\/wp\/v2\/media?parent=1397"}],"wp:term":[{"taxonomy":"product_brand","embeddable":true,"href":"https:\/\/24smartcharge.com\/es\/wp-json\/wp\/v2\/product_brand?post=1397"},{"taxonomy":"product_cat","embeddable":true,"href":"https:\/\/24smartcharge.com\/es\/wp-json\/wp\/v2\/product_cat?post=1397"},{"taxonomy":"product_tag","embeddable":true,"href":"https:\/\/24smartcharge.com\/es\/wp-json\/wp\/v2\/product_tag?post=1397"}],"curies":[{"name":"wp","href":"https:\/\/api.w.org\/{rel}","templated":true}]}}