{"id":1381,"date":"2025-08-07T02:26:11","date_gmt":"2025-08-07T02:26:11","guid":{"rendered":"https:\/\/24smartcharge.com\/?post_type=product&#038;p=1381"},"modified":"2025-08-07T02:26:11","modified_gmt":"2025-08-07T02:26:11","slug":"24-outlet-rack-mount-smart-power-distribution-unit-150a","status":"publish","type":"product","link":"https:\/\/24smartcharge.com\/es\/24-outlet-rack-mount-smart-power-distribution-unit-150a\/","title":{"rendered":"Unidad de distribuci\u00f3n de energ\u00eda inteligente de montaje en bastidor de 24 tomas y 150 A"},"content":{"rendered":"<h2 id=\"the-ultimate-solution-for-high-density-power-management\">La soluci\u00f3n definitiva para la gesti\u00f3n de energ\u00eda de alta densidad<\/h2>\n<p>En el panorama digital moderno, la fiabilidad y eficiencia de su infraestructura inform\u00e1tica son primordiales. Cada servidor, conmutador y matriz de almacenamiento depende de una fuente de alimentaci\u00f3n estable y gestionada de forma inteligente. Presentamos la unidad de distribuci\u00f3n inteligente de 24 tomas 150A para montaje en bastidor, una soluci\u00f3n de \u00faltima generaci\u00f3n dise\u00f1ada para satisfacer las exigencias extremas de los centros de datos de alta densidad, las salas de servidores empresariales y las aplicaciones industriales. No se trata simplemente de una regleta; es un sofisticado centro de mando para el ecosistema de alimentaci\u00f3n de su rack, que proporciona control granular, supervisi\u00f3n en tiempo real y un s\u00f3lido rendimiento para garantizar el m\u00e1ximo tiempo de actividad y eficiencia operativa.<\/p>\n<h3 id=\"unmatched-power-and-capacity\">Potencia y capacidad inigualables<\/h3>\n<p>Dise\u00f1ada para los entornos m\u00e1s exigentes en cuanto a potencia, esta unidad inteligente de distribuci\u00f3n de energ\u00eda proporciona una enorme\u00a0<strong>Capacidad total de 150 A<\/strong>\u00a0a trav\u00e9s de\u00a0<strong>24 tomas de corriente estrat\u00e9gicamente situadas<\/strong>. Esta capacidad de alta corriente la convierte en la columna vertebral ideal para bastidores cargados con servidores blade, clusters inform\u00e1ticos de alto rendimiento y un amplio equipamiento de red. La unidad est\u00e1 dise\u00f1ada para soportar una amplia gama de sistemas de alto voltaje, incluyendo\u00a0<strong>208 V, 380 V y 415 V<\/strong>\u00a0lo que la convierte en una opci\u00f3n vers\u00e1til para instalaciones de todo el mundo.<\/p>\n<p>El chasis est\u00e1 fabricado con un material duradero y ligero.\u00a0<strong>aleaci\u00f3n de aluminio<\/strong>garantizando la integridad estructural y una disipaci\u00f3n eficaz del calor incluso a plena carga. Su factor de forma vertical cero-U permite una instalaci\u00f3n perfecta en un bastidor de servidor est\u00e1ndar sin consumir valioso espacio de bastidor horizontal. La alimentaci\u00f3n se suministra a trav\u00e9s de un terminal de entrada seguro y cableado, lo que garantiza una conexi\u00f3n estable y fiable capaz de gestionar la importante corriente de 150 A.<\/p>\n<h3 id=\"intelligent-network-based-monitoring\">Supervisi\u00f3n inteligente basada en la red<\/h3>\n<p>Lo que realmente diferencia a este dispositivo es su inteligencia. Como principal unidad inteligente de distribuci\u00f3n de energ\u00eda, se integra perfectamente en su infraestructura de red a trav\u00e9s de un puerto Ethernet (NET) dedicado. Una vez conectado, los administradores obtienen una visi\u00f3n sin precedentes del consumo de energ\u00eda. Las m\u00e9tricas clave est\u00e1n al alcance de su mano:<\/p>\n<ul>\n<li><strong>Pantalla LCD local:<\/strong>\u00a0Una pantalla LCD n\u00edtida y clara en la propia unidad proporciona un informe de estado instant\u00e1neo y de un vistazo. Puede desplazarse por las lecturas en tiempo real de la corriente total (A), la tensi\u00f3n (V), la potencia activa (W) y el consumo de energ\u00eda acumulado (kWh). La pantalla tambi\u00e9n muestra c\u00f3modamente la direcci\u00f3n IPv4 asignada a la unidad para facilitar la identificaci\u00f3n y configuraci\u00f3n de la red.<\/li>\n<li><strong>Monitorizaci\u00f3n remota:<\/strong>\u00a0A trav\u00e9s de una interfaz web segura o de la integraci\u00f3n SNMP, los administradores del sistema pueden acceder de forma remota a todos estos datos cr\u00edticos desde cualquier lugar del mundo. Esta capacidad es crucial para la gesti\u00f3n proactiva, ya que permite equilibrar las cargas entre circuitos, planificar las necesidades futuras de capacidad e identificar posibles problemas de alimentaci\u00f3n antes de que se conviertan en costosos tiempos de inactividad.<\/li>\n<li><strong>Alarmante:<\/strong>\u00a0La unidad dispone de un indicador visual de alarma. Puede configurar umbrales de corriente, tensi\u00f3n y potencia. Si se superan estos umbrales, la PDU puede activar alertas, notificando inmediatamente a su equipo de TI una posible sobrecarga o anomal\u00eda de potencia, lo que permite una respuesta r\u00e1pida y preventiva.<\/li>\n<\/ul>\n<h3 id=\"granular-remote-outlet-control\">Mando a distancia granular<\/h3>\n<p>Adem\u00e1s de la supervisi\u00f3n, esta PDU ofrece un control remoto completo de cada toma. La unidad dispone de distintos bancos de tomas (etiquetados como L2, L3, etc.) con botones f\u00edsicos individuales de encendido\/apagado e indicadores de estado. Este control se extiende a la interfaz de red, ofreciendo potentes capacidades de gesti\u00f3n remota:<\/p>\n<ul>\n<li><strong>Reinicio remoto:<\/strong>\u00a0Reinicie servidores y dispositivos de red colgados, congelados o que no responden sin poner un pie en el centro de datos. Esta funci\u00f3n reduce dr\u00e1sticamente el tiempo de inactividad y elimina la necesidad de costosas visitas de t\u00e9cnicos in situ, especialmente en instalaciones remotas o \"sin luz\".<\/li>\n<li><strong>Secuenciaci\u00f3n de potencia:<\/strong>\u00a0Encienda los equipos en un orden espec\u00edfico y programado para evitar la corriente de irrupci\u00f3n masiva que puede activar los disyuntores cuando se encienden varios dispositivos simult\u00e1neamente. Esto mejora la estabilidad y longevidad tanto de la PDU como de los equipos conectados.<\/li>\n<li><strong>Seguridad de la salida:<\/strong>\u00a0Desactive de forma remota cualquier toma de corriente no utilizada para evitar que equipos no autorizados se conecten a su infraestructura el\u00e9ctrica cr\u00edtica, a\u00f1adiendo una capa vital de seguridad f\u00edsica y el\u00e9ctrica.<\/li>\n<\/ul>\n<h3 id=\"designed-for-seamless-integration-and-reliability\">Dise\u00f1ado para una integraci\u00f3n y fiabilidad perfectas<\/h3>\n<p>Todos los aspectos de esta unidad inteligente de distribuci\u00f3n de energ\u00eda est\u00e1n dise\u00f1ados para entornos profesionales. La clara\u00a0<strong>panel LED de estado del puerto<\/strong>\u00a0proporciona una confirmaci\u00f3n visual inmediata de la alimentaci\u00f3n de cada una de las 24 tomas, as\u00ed como del estado de la conexi\u00f3n de red.<\/p>\n<p>Para mejorar la conectividad y la gesti\u00f3n, la unidad incluye varios puertos:<\/p>\n<ul>\n<li><strong>NET:<\/strong>\u00a0Para el acceso primario a la red TCP\/IP.<\/li>\n<li><strong>Puerto SER:<\/strong>\u00a0Un puerto de consola serie para la gesti\u00f3n directa fuera de banda y la configuraci\u00f3n inicial.<\/li>\n<li><strong>Puertos IN\/OUT:<\/strong>\u00a0Estos puertos permiten conectar en cadena varias PDU, conservando valiosos puertos de conmutaci\u00f3n de red y simplificando la gesti\u00f3n de cables. Tambi\u00e9n pueden utilizarse para conectar sensores ambientales opcionales, como sondas de temperatura y humedad, para recopilar a\u00fan m\u00e1s datos cr\u00edticos sobre el entorno del rack.<\/li>\n<\/ul>\n<p>Con un\u00a0<strong>3 a\u00f1os de garant\u00eda<\/strong>\u00a0y\u00a0<strong>Certificaciones CE, ROHS y SAA<\/strong>Esta PDU es un testimonio de calidad, seguridad y fiabilidad. Es la elecci\u00f3n definitiva para cualquier organizaci\u00f3n que requiera una distribuci\u00f3n de energ\u00eda robusta, inteligente y escalable para respaldar su infraestructura de misi\u00f3n cr\u00edtica.<\/p>","protected":false},"excerpt":{"rendered":"<div class=\"model-prompt-container\" data-turn-role=\"Model\">\n<div class=\"turn-content\">\n<p class=\"ng-star-inserted\"><span class=\"ng-star-inserted\">Esta unidad de distribuci\u00f3n de alimentaci\u00f3n inteligente de 150 A y gran capacidad proporciona 24 tomas para su rack de servidores. Supervise y controle de forma remota las tomas individuales a trav\u00e9s de la red. La clara pantalla LCD muestra el voltaje, la corriente y el consumo de energ\u00eda en tiempo real para una gesti\u00f3n eficiente de la energ\u00eda y la fiabilidad.<\/span><\/p>\n<div class=\"turn-information ng-star-inserted\"><\/div>\n<\/div>\n<\/div>\n<div class=\"turn-footer ng-star-inserted\"><\/div>","protected":false},"featured_media":1383,"template":"","meta":{"_kad_post_transparent":"default","_kad_post_title":"","_kad_post_layout":"default","_kad_post_sidebar_id":"","_kad_post_content_style":"default","_kad_post_vertical_padding":"default","_kad_post_feature":"","_kad_post_feature_position":"","_kad_post_header":false,"_kad_post_footer":false},"product_brand":[],"product_cat":[81],"product_tag":[202,198,193],"class_list":{"0":"post-1381","1":"product","2":"type-product","3":"status-publish","4":"has-post-thumbnail","6":"product_cat-smart-power-distribution-units","7":"product_tag-rack-mount-pdu","8":"product_tag-remote-power-management","9":"product_tag-smart-power-distribution-unit","11":"first","12":"instock","13":"shipping-taxable","14":"product-type-simple","15":"entry","16":"content-bg","17":"loop-entry"},"_links":{"self":[{"href":"https:\/\/24smartcharge.com\/es\/wp-json\/wp\/v2\/product\/1381","targetHints":{"allow":["GET"]}}],"collection":[{"href":"https:\/\/24smartcharge.com\/es\/wp-json\/wp\/v2\/product"}],"about":[{"href":"https:\/\/24smartcharge.com\/es\/wp-json\/wp\/v2\/types\/product"}],"wp:featuredmedia":[{"embeddable":true,"href":"https:\/\/24smartcharge.com\/es\/wp-json\/wp\/v2\/media\/1383"}],"wp:attachment":[{"href":"https:\/\/24smartcharge.com\/es\/wp-json\/wp\/v2\/media?parent=1381"}],"wp:term":[{"taxonomy":"product_brand","embeddable":true,"href":"https:\/\/24smartcharge.com\/es\/wp-json\/wp\/v2\/product_brand?post=1381"},{"taxonomy":"product_cat","embeddable":true,"href":"https:\/\/24smartcharge.com\/es\/wp-json\/wp\/v2\/product_cat?post=1381"},{"taxonomy":"product_tag","embeddable":true,"href":"https:\/\/24smartcharge.com\/es\/wp-json\/wp\/v2\/product_tag?post=1381"}],"curies":[{"name":"wp","href":"https:\/\/api.w.org\/{rel}","templated":true}]}}