{"id":1113,"date":"2025-08-05T06:11:01","date_gmt":"2025-08-05T06:11:01","guid":{"rendered":"https:\/\/24smartcharge.com\/?post_type=product&#038;p=1113"},"modified":"2025-08-15T08:58:03","modified_gmt":"2025-08-15T08:58:03","slug":"portable-laptop-charging-cabinet-with-10-secure-slots","status":"publish","type":"product","link":"https:\/\/24smartcharge.com\/es\/portable-laptop-charging-cabinet-with-10-secure-slots\/","title":{"rendered":"Cargador port\u00e1til para port\u00e1tiles con 10 ranuras de seguridad"},"content":{"rendered":"<h1 id=\"mobile-laptop-charging-cabinet-with-10-secure-bays\">Armario de carga m\u00f3vil para port\u00e1tiles con 10 bah\u00edas seguras<\/h1>\n<p>El armario de carga port\u00e1til con 10 ranuras seguras es una soluci\u00f3n duradera y segura para gestionar varios dispositivos electr\u00f3nicos en entornos que exigen fiabilidad, seguridad y movilidad. Perfecto para colegios, oficinas, instalaciones m\u00e9dicas, centros de formaci\u00f3n, etc., este armario de carga simplifica la gesti\u00f3n de dispositivos y protege sus activos de forma eficaz.<\/p>\n<h2 id=\"smart-storage-meets-efficient-charging\">El almacenamiento inteligente se une a la carga eficiente<\/h2>\n<p>Este armario est\u00e1 dise\u00f1ado para almacenar y cargar simult\u00e1neamente hasta 10 port\u00e1tiles, tabletas u otros aparatos electr\u00f3nicos. Las ranuras de seguridad est\u00e1n espaciadas para acomodar dispositivos de varios tama\u00f1os, manteni\u00e9ndolos ordenados y protegidos de da\u00f1os f\u00edsicos.<\/p>\n<p>Cada una de las 10 bah\u00edas cuenta con\u00a0<strong>Puertos USB-A y USB-C<\/strong>que garantiza una integraci\u00f3n perfecta con los dispositivos modernos y se adapta a diversos protocolos de carga. Esta versatilidad lo hace ideal para entornos educativos en los que los Chromebooks son est\u00e1ndar, as\u00ed como para entornos sanitarios en los que se utilizan varias tabletas y port\u00e1tiles.<\/p>\n<h2 id=\"core-features\">Caracter\u00edsticas principales<\/h2>\n<h3 id=\"durable-design-with-portability-in-mind\">Dise\u00f1o duradero pensando en la portabilidad<\/h3>\n<p>Fabricado en acero de alta calidad, el armario de carga ofrece una excelente durabilidad, por lo que es adecuado para entornos muy transitados. Su elegante acabado en negro le confiere un aspecto profesional y moderno, mientras que la personalizaci\u00f3n opcional del color permite adaptarlo a la est\u00e9tica de su marca o instituci\u00f3n.<\/p>\n<p>La movilidad es una caracter\u00edstica clave de este armario. Est\u00e1 equipado con\u00a0<strong>cuatro ruedas de marcha suave<\/strong>, dos de las cuales disponen de mecanismos de frenado seguros para garantizar un posicionamiento estable. Las asas integradas y los puntos de agarre empotrados facilitan el transporte, incluso en espacios de trabajo din\u00e1micos.<\/p>\n<h3 id=\"advanced-ventilation-system\">Sistema de ventilaci\u00f3n avanzado<\/h3>\n<p>La carcasa incorpora un dise\u00f1o de ventilaci\u00f3n en forma de panal en ambos lados para mantener un flujo de aire \u00f3ptimo, evitando el sobrecalentamiento durante las largas sesiones de carga. Una gesti\u00f3n t\u00e9rmica adecuada es crucial para los sistemas de carga multidispositivo, y este dise\u00f1o garantiza un flujo de refrigeraci\u00f3n constante que mejora la longevidad y la seguridad tanto de la carcasa como de los dispositivos.<\/p>\n<h3 id=\"secure-electronic-lock-system\">Sistema de cierre electr\u00f3nico seguro<\/h3>\n<p>Este armario de carga prioriza la seguridad integrando un avanzado\u00a0<strong>sistema de cierre con teclado electr\u00f3nico<\/strong>. Esta innovadora cerradura est\u00e1 integrada en la puerta frontal de cristal templado, ofreciendo un aspecto moderno y una mayor protecci\u00f3n contra la entrada no autorizada. Los usuarios pueden establecer un c\u00f3digo personalizado para restringir el acceso, garantizando que s\u00f3lo las personas autorizadas puedan abrir el armario. Esta caracter\u00edstica a\u00f1ade una capa de seguridad y responsabilidad en entornos compartidos como aulas y oficinas.<\/p>\n<h2 id=\"versatile-application-scenarios\">Escenarios de aplicaci\u00f3n vers\u00e1tiles<\/h2>\n<p>Este armario de carga es una herramienta incre\u00edblemente flexible, ampliamente aplicable en diversos sectores:<\/p>\n<ul>\n<li><strong>Escuelas:<\/strong>\u00a0Perfecto para aulas y laboratorios inform\u00e1ticos para cargar port\u00e1tiles o tabletas de estudiantes.<\/li>\n<li><strong>Oficinas corporativas:<\/strong>\u00a0\u00datil para salas de reuniones, zonas de soporte t\u00e9cnico o mesas de trabajo.<\/li>\n<li><strong>Centros sanitarios:<\/strong>\u00a0Admite el almacenamiento y la carga seguros de tabletas de datos de pacientes o dispositivos de diagn\u00f3stico port\u00e1tiles.<\/li>\n<li><strong>Comercio minorista e industrias de servicios:<\/strong>\u00a0Un centro de carga para dispositivos de punto de venta, esc\u00e1neres y tabletas.<\/li>\n<li><strong>Laboratorios de formaci\u00f3n e investigaci\u00f3n:<\/strong>\u00a0Mantiene varios dispositivos de prueba cargados y listos para usar.<\/li>\n<\/ul>\n<p>Su versatilidad se ve reforzada por su\u00a0<strong>Compatibilidad OEM\/ODM<\/strong>que permiten una personalizaci\u00f3n adicional en funci\u00f3n de sus requisitos espec\u00edficos.<\/p>\n<h2 id=\"product-specifications\">Especificaciones del producto<\/h2>\n<table>\n<thead>\n<tr>\n<th>Caracter\u00edstica<\/th>\n<th>Especificaci\u00f3n<\/th>\n<\/tr>\n<\/thead>\n<tbody>\n<tr>\n<td><strong>Capacidad<\/strong><\/td>\n<td>10 compartimentos seguros (configuraciones de 15, 30, 45 o 60 ranuras disponibles)<\/td>\n<\/tr>\n<tr>\n<td><strong>Potencia<\/strong><\/td>\n<td>120 V\/240 V, corriente m\u00e1xima de 16 A<\/td>\n<\/tr>\n<tr>\n<td><strong>Puertos de carga<\/strong><\/td>\n<td>USB-A y USB-C en cada bah\u00eda<\/td>\n<\/tr>\n<tr>\n<td><strong>Seguridad<\/strong><\/td>\n<td>Cerradura con teclado electr\u00f3nico<\/td>\n<\/tr>\n<tr>\n<td><strong>Movilidad<\/strong><\/td>\n<td>4 ruedas robustas (2 con frenos de bloqueo)<\/td>\n<\/tr>\n<tr>\n<td><strong>Refrigeraci\u00f3n<\/strong><\/td>\n<td>Paneles laterales ventilados con dise\u00f1o de nido de abeja<\/td>\n<\/tr>\n<tr>\n<td><strong>Materiales<\/strong><\/td>\n<td>Cuerpo de acero con puerta de cristal templado<\/td>\n<\/tr>\n<tr>\n<td><strong>Color<\/strong><\/td>\n<td>Negro (colores personalizados disponibles)<\/td>\n<\/tr>\n<tr>\n<td><strong>Dimensiones<\/strong><\/td>\n<td>80 cm (alto) x 50 cm (ancho) x 50 cm (fondo)<\/td>\n<\/tr>\n<tr>\n<td><strong>Peso<\/strong><\/td>\n<td>Aprox. 30 kg (66 lbs)<\/td>\n<\/tr>\n<tr>\n<td><strong>Garant\u00eda<\/strong><\/td>\n<td>12 meses<\/td>\n<\/tr>\n<\/tbody>\n<\/table>\n<hr \/>\n<h2 id=\"engineered-for-reliability-and-high-performance\">Dise\u00f1ado para ofrecer fiabilidad y alto rendimiento<\/h2>\n<p>Este armario de carga se ha dise\u00f1ado pensando en la seguridad, con funciones avanzadas que evitan las sobrecargas el\u00e9ctricas, minimizan el riesgo de incendio y mantienen un suministro el\u00e9ctrico constante. La interfaz electr\u00f3nica f\u00e1cil de usar y el interruptor de alimentaci\u00f3n seguro garantizan una experiencia de usuario segura y sencilla. Adem\u00e1s, la disposici\u00f3n organizada de los puertos de carga y los mecanismos de gesti\u00f3n de cables garantizan un proceso sin desorden, lo que reduce la tensi\u00f3n en los cables y prolonga la vida \u00fatil del dispositivo.<\/p>\n<h3 id=\"tailoring-solutions-to-meet-growing-needs\">Soluciones a medida de las necesidades crecientes<\/h3>\n<p>Aunque la unidad principal tiene capacidad para 10 dispositivos, existen opciones para ampliar la capacidad a\u00a0<strong>15, 30, 45 o 60 ranuras<\/strong>. Esta adaptabilidad es ideal para organizaciones con necesidades crecientes. Adem\u00e1s, los servicios de fabricantes de equipos originales (OEM) permiten personalizar el dise\u00f1o, las dimensiones, el color y la marca del producto para satisfacer exactamente sus necesidades.<\/p>\n<h3 id=\"environmentally-conscious-and-energy-efficient\">Conciencia ecol\u00f3gica y eficiencia energ\u00e9tica<\/h3>\n<p>Este armario de carga no s\u00f3lo es pr\u00e1ctico y seguro, sino tambi\u00e9n eficiente desde el punto de vista energ\u00e9tico. Gracias a su distribuci\u00f3n inteligente de la energ\u00eda, evita el consumo innecesario y protege la salud de las bater\u00edas, lo que contribuye al ahorro de costes a largo plazo y a la sostenibilidad medioambiental.<\/p>\n<h2 id=\"why-is-this-charging-cabinet-the-optimal-choice-\">\u00bfPor qu\u00e9 este armario de carga es la mejor opci\u00f3n?<\/h2>\n<p>Almacenamiento seguro para hasta 10 port\u00e1tiles o tabletas.<\/p>\n<p>Dos puertos USB-A y USB-C para una carga r\u00e1pida y universal.<\/p>\n<p>Sistema de cierre digital para un acceso controlado y sin llave.<\/p>\n<p>Gran movilidad con ruedas de desplazamiento suave y frenos de bloqueo.<\/p>\n<p>Dise\u00f1o ventilado para evitar el sobrecalentamiento de los dispositivos.<\/p>\n<p>Dise\u00f1o personalizable adecuado para diversos sectores.<\/p>\n<p>Soporte completo OEM\/ODM para soluciones a medida.<\/p>\n<p>Incluye un a\u00f1o de garant\u00eda para mayor tranquilidad.<\/p>","protected":false},"excerpt":{"rendered":"<p>Seguro y eficiente, este armario de carga port\u00e1til admite hasta 10 dispositivos con puertos USB-A y USB-C. La puerta con cerradura, el dise\u00f1o de ventilaci\u00f3n y las ruedas garantizan una carga segura y una movilidad sencilla, lo que resulta ideal para colegios, oficinas y entornos sanitarios.<\/p>","protected":false},"featured_media":2430,"template":"","meta":{"_kad_post_transparent":"default","_kad_post_title":"","_kad_post_layout":"default","_kad_post_sidebar_id":"","_kad_post_content_style":"default","_kad_post_vertical_padding":"default","_kad_post_feature":"","_kad_post_feature_position":"","_kad_post_header":false,"_kad_post_footer":false},"product_brand":[],"product_cat":[91],"product_tag":[122,158,120],"class_list":{"0":"post-1113","1":"product","2":"type-product","3":"status-publish","4":"has-post-thumbnail","6":"product_cat-charging-cabinets","7":"product_tag-charging-cabinet","8":"product_tag-laptop-charging-station","9":"product_tag-secure-device-storage","11":"first","12":"instock","13":"shipping-taxable","14":"product-type-simple","15":"entry","16":"content-bg","17":"loop-entry"},"_links":{"self":[{"href":"https:\/\/24smartcharge.com\/es\/wp-json\/wp\/v2\/product\/1113","targetHints":{"allow":["GET"]}}],"collection":[{"href":"https:\/\/24smartcharge.com\/es\/wp-json\/wp\/v2\/product"}],"about":[{"href":"https:\/\/24smartcharge.com\/es\/wp-json\/wp\/v2\/types\/product"}],"wp:featuredmedia":[{"embeddable":true,"href":"https:\/\/24smartcharge.com\/es\/wp-json\/wp\/v2\/media\/2430"}],"wp:attachment":[{"href":"https:\/\/24smartcharge.com\/es\/wp-json\/wp\/v2\/media?parent=1113"}],"wp:term":[{"taxonomy":"product_brand","embeddable":true,"href":"https:\/\/24smartcharge.com\/es\/wp-json\/wp\/v2\/product_brand?post=1113"},{"taxonomy":"product_cat","embeddable":true,"href":"https:\/\/24smartcharge.com\/es\/wp-json\/wp\/v2\/product_cat?post=1113"},{"taxonomy":"product_tag","embeddable":true,"href":"https:\/\/24smartcharge.com\/es\/wp-json\/wp\/v2\/product_tag?post=1113"}],"curies":[{"name":"wp","href":"https:\/\/api.w.org\/{rel}","templated":true}]}}