{"id":1078,"date":"2025-08-05T02:36:27","date_gmt":"2025-08-05T02:36:27","guid":{"rendered":"https:\/\/24smartcharge.com\/?post_type=product&#038;p=1078"},"modified":"2025-08-15T08:22:31","modified_gmt":"2025-08-15T08:22:31","slug":"uv-c-charging-cabinet-for-laptops-tablets-and-devices","status":"publish","type":"product","link":"https:\/\/24smartcharge.com\/es\/uv-c-charging-cabinet-for-laptops-tablets-and-devices\/","title":{"rendered":"Armario de carga UV-C para port\u00e1tiles, tabletas y dispositivos"},"content":{"rendered":"<h1 id=\"why-choose-a-uv-c-charging-cabinet-\">\u00bfPor qu\u00e9 elegir una cabina de carga UV-C?<\/h1>\n<p>Los m\u00e9todos de carga est\u00e1ndar se centran \u00fanicamente en suministrar energ\u00eda, y a menudo pasan por alto la limpieza y la prevenci\u00f3n de infecciones. En entornos en los que los dispositivos se comparten con frecuencia, este armario de carga va un paso m\u00e1s all\u00e1 al integrar la innovadora tecnolog\u00eda de luz ultravioleta (UV-C) para desinfectar las superficies sin necesidad de productos qu\u00edmicos agresivos. Al ofrecer una soluci\u00f3n integral, este armario garantiza la limpieza, la eficacia y la seguridad, todo en uno.<\/p>\n<h2 id=\"main-product-highlights\">Principales productos<\/h2>\n<h3 id=\"secure-versatile-storage\">Almacenamiento seguro y vers\u00e1til<\/h3>\n<p>El armario de carga est\u00e1 dise\u00f1ado con estantes de acero de calidad m\u00e9dica que sujetan y se adaptan con seguridad a dispositivos de distintos tama\u00f1os. Tanto si almacena port\u00e1tiles, tabletas, Chromebooks u otros dispositivos electr\u00f3nicos, el sistema de estantes interiores garantiza que cada gadget permanezca separado de forma segura y protegido frente a da\u00f1os.<\/p>\n<h3 id=\"rapid-power-recharge-technology\">Tecnolog\u00eda de recarga r\u00e1pida<\/h3>\n<p>Este armario de carga cuenta con 18 puertos de carga individuales, lo que le permite alimentar hasta 18 dispositivos simult\u00e1neamente. Al proporcionar una carga fiable y eficiente, optimiza la gesti\u00f3n de la energ\u00eda, mantiene los dispositivos listos para su uso y reduce tanto el desorden como el tiempo de inactividad.<\/p>\n<h3 id=\"powerful-uv-c-light-sanitizing-solution\">Potente soluci\u00f3n desinfectante con luz UV-C<\/h3>\n<p>Una de las caracter\u00edsticas m\u00e1s impresionantes de este armario es su sistema de luz germicida UV-C. Al emitir una longitud de onda espec\u00edfica de luz ultravioleta, la cabina neutraliza bacterias, virus y otros pat\u00f3genos en las superficies de los dispositivos. Esto reduce significativamente el riesgo de contaminaci\u00f3n cruzada, especialmente en entornos de mucho contacto.<\/p>\n<ul>\n<li><strong>Protecci\u00f3n total:<\/strong>\u00a0Las superficies reflectantes internas y la colocaci\u00f3n estrat\u00e9gica de los estantes garantizan que la luz UV-C llegue eficazmente a todas las superficies de los dispositivos.<\/li>\n<li><strong>Sin productos qu\u00edmicos:<\/strong>\u00a0Elimina la necesidad de aerosoles, toallitas o productos qu\u00edmicos que podr\u00edan da\u00f1ar los componentes electr\u00f3nicos sensibles.<\/li>\n<li><strong>Ajustes flexibles:<\/strong>\u00a0Personalice los ciclos de desinfecci\u00f3n para adaptarlos a sus necesidades espec\u00edficas, lo que le permitir\u00e1 establecer la duraci\u00f3n de la desinfecci\u00f3n en funci\u00f3n de los requisitos de su flujo de trabajo.<\/li>\n<\/ul>\n<h3 id=\"safe-to-operate\">Seguridad de funcionamiento<\/h3>\n<p>La seguridad es una prioridad absoluta. El armario de carga est\u00e1 dise\u00f1ado con m\u00faltiples protecciones integradas:<\/p>\n<ul>\n<li>Apagado autom\u00e1tico al abrir la puerta para evitar la exposici\u00f3n a los rayos UV-C.<\/li>\n<li>Un panel de control digital f\u00e1cil de usar con ajustes de temporizador e indicadores visuales.<\/li>\n<li>Una c\u00e1mara de desinfecci\u00f3n totalmente cerrada, certificada para cumplir la normativa de seguridad.<\/li>\n<\/ul>\n<h2 id=\"benefits-at-a-glance\">Resumen de prestaciones<\/h2>\n<ul>\n<li><strong>Duradero y vers\u00e1til:<\/strong>\u00a0Construcci\u00f3n robusta y f\u00e1cil de limpiar adecuada para distintos tama\u00f1os de dispositivos.<\/li>\n<li><strong>Eficiente:<\/strong>\u00a0Carga y desinfecta hasta 18 dispositivos a la vez.<\/li>\n<li><strong>Seguro:<\/strong>\u00a0Protege a los usuarios de la exposici\u00f3n a los rayos UV-C y a los dispositivos de las sobretensiones el\u00e9ctricas.<\/li>\n<li><strong>Higi\u00e9nico:<\/strong>\u00a0Reduce la propagaci\u00f3n de g\u00e9rmenes en entornos con dispositivos compartidos.<\/li>\n<\/ul>\n<h2 id=\"applications-a-versatile-solution-for-various-industries\">Aplicaciones: Una soluci\u00f3n vers\u00e1til para diversas industrias<\/h2>\n<h3 id=\"education\">Educaci\u00f3n<\/h3>\n<p>Perfecto para aulas, bibliotecas y laboratorios inform\u00e1ticos. Mantiene desinfectados los port\u00e1tiles y tabletas compartidos entre usos de los estudiantes y ayuda a cumplir las normas de salud y seguridad p\u00fablicas.<\/p>\n<h3 id=\"healthcare\">Sanidad<\/h3>\n<p>Esencial para hospitales, cl\u00ednicas y centros de formaci\u00f3n m\u00e9dica. Desinfecta los dispositivos utilizados por el personal sanitario y los pacientes, evitando la contaminaci\u00f3n cruzada entre dispositivos.<\/p>\n<h3 id=\"corporate-business\">Empresas y negocios<\/h3>\n<p>Unos dispositivos limpios y en buen estado son beneficiosos para los equipos de oficina y los espacios de trabajo compartidos. Este armario garantiza la seguridad de los empleados cuando es habitual compartir dispositivos y admite modelos de trabajo h\u00edbridos y de hot-desking.<\/p>\n<h3 id=\"government-public-services\">Gobierno y servicios p\u00fablicos<\/h3>\n<p>\u00datil en departamentos de polic\u00eda, agencias de seguridad p\u00fablica y centros municipales. Garantiza que las herramientas de recogida de datos y elaboraci\u00f3n de informes permanezcan cargadas y limpias.<\/p>\n<h2 id=\"ease-of-use\">Facilidad de uso<\/h2>\n<p>El manejo del armario de carga se ha dise\u00f1ado para que sea lo m\u00e1s intuitivo posible:<\/p>\n<ol>\n<li><strong>Dispositivos de inserci\u00f3n:<\/strong>\u00a0Coloca hasta 18 dispositivos en sus racks individuales.<\/li>\n<li><strong>Conecta los cables de carga:<\/strong>\u00a0Cada dispositivo se conecta a su puerto espec\u00edfico.<\/li>\n<li><strong>Ajuste el tiempo de desinfecci\u00f3n:<\/strong>\u00a0Utilice el panel t\u00e1ctil para seleccionar el ciclo UV-C que prefiera.<\/li>\n<li><strong>Cierra la puerta:<\/strong>\u00a0La luz UV-C se activa autom\u00e1ticamente para desinfectar todos los dispositivos almacenados.<\/li>\n<li><strong>Recuperar cuando est\u00e9 listo:<\/strong>\u00a0Los dispositivos est\u00e1n desinfectados, cargados y son seguros para su uso inmediato.<\/li>\n<\/ol>\n<p>Los indicadores LED y las ventanas de observaci\u00f3n transparentes (que bloquean los rayos UV) permiten supervisar el proceso sin necesidad de abrir la cabina, lo que garantiza tanto la comodidad como la seguridad.<\/p>\n<h2 id=\"build-specifications\">Construcci\u00f3n y especificaciones<\/h2>\n<ul>\n<li><strong>Capacidad:<\/strong>\u00a0Sujeta y carga hasta 18 dispositivos.<\/li>\n<li><strong>Dimensiones exteriores:<\/strong>\u00a027,5\u2033 Alto x 29,6\u2033 Ancho x 17\u2033 Fondo.<\/li>\n<li><strong>Puertos de carga:<\/strong>\u00a018 puertos compatibles con USB.<\/li>\n<li><strong>Requisitos el\u00e9ctricos:<\/strong>\u00a045 W (modelos estadounidenses e internacionales).<\/li>\n<li><strong>Peso:<\/strong>\u00a089 lbs (Peso de env\u00edo: 109 lbs).<\/li>\n<li><strong>Material:<\/strong>\u00a0Construcci\u00f3n de acero con recubrimiento en polvo para mayor durabilidad y f\u00e1cil limpieza.<\/li>\n<li><strong>Ventilaci\u00f3n:<\/strong>\u00a0Un sistema de flujo de aire interno garantiza el control de la temperatura durante la carga.<\/li>\n<\/ul>\n<h2 id=\"designed-for-safety-and-compliance\">Dise\u00f1ado para la seguridad y la conformidad<\/h2>\n<p>La cabina de carga UV-C incluye protecciones para proteger a los usuarios, los dispositivos y el medio ambiente:<\/p>\n<ul>\n<li>Ventanas delanteras que bloquean los rayos UV.<\/li>\n<li>Mecanismos de bloqueo temporizado para impedir el acceso prematuro.<\/li>\n<li>Protecci\u00f3n contra sobretensiones.<\/li>\n<li>Puerta de cierre seguro con llave opcional o cerradura digital.<\/li>\n<\/ul>\n<p>Cumple las normas internacionales tanto de seguridad el\u00e9ctrica como de eficacia higienizadora, lo que la hace id\u00f3nea para organizaciones que exigen un estricto cumplimiento de los protocolos de prevenci\u00f3n de infecciones.<\/p>\n<h2 id=\"environmentally-friendly-technology\">Tecnolog\u00eda respetuosa con el medio ambiente<\/h2>\n<p>En una \u00e9poca en la que la sostenibilidad es m\u00e1s importante que nunca, este armario de carga elimina la necesidad de toallitas desechables y desinfectantes qu\u00edmicos. La desinfecci\u00f3n por luz UV-C es:<\/p>\n<ul>\n<li>Seguro<\/li>\n<li>Eficiencia energ\u00e9tica<\/li>\n<li>Sin residuos<\/li>\n<li>Seguro para la electr\u00f3nica<\/li>\n<\/ul>\n<p>Esto no s\u00f3lo reduce su huella de carbono, sino que tambi\u00e9n contribuye al ahorro de costes a largo plazo al disminuir los gastos en suministros qu\u00edmicos y sustituci\u00f3n de dispositivos.<\/p>","protected":false},"excerpt":{"rendered":"<p>Este armario de carga UV-C desinfecta y carga de forma segura hasta 18 port\u00e1tiles, tabletas y dispositivos electr\u00f3nicos. Con desinfecci\u00f3n germicida UV-C de 360\u00b0 y bastidores de acero de calidad m\u00e9dica, elimina los pat\u00f3genos nocivos sin productos qu\u00edmicos agresivos, al tiempo que garantiza una carga b\u00e1sica y fiable.<\/p>","protected":false},"featured_media":2405,"template":"","meta":{"_kad_post_transparent":"default","_kad_post_title":"","_kad_post_layout":"default","_kad_post_sidebar_id":"","_kad_post_content_style":"default","_kad_post_vertical_padding":"default","_kad_post_feature":"","_kad_post_feature_position":"","_kad_post_header":false,"_kad_post_footer":false},"product_brand":[],"product_cat":[91],"product_tag":[122,155,154],"class_list":{"0":"post-1078","1":"product","2":"type-product","3":"status-publish","4":"has-post-thumbnail","6":"product_cat-charging-cabinets","7":"product_tag-charging-cabinet","8":"product_tag-electronic-device-charging","9":"product_tag-uv-c-disinfection","11":"first","12":"instock","13":"shipping-taxable","14":"product-type-simple","15":"entry","16":"content-bg","17":"loop-entry"},"_links":{"self":[{"href":"https:\/\/24smartcharge.com\/es\/wp-json\/wp\/v2\/product\/1078","targetHints":{"allow":["GET"]}}],"collection":[{"href":"https:\/\/24smartcharge.com\/es\/wp-json\/wp\/v2\/product"}],"about":[{"href":"https:\/\/24smartcharge.com\/es\/wp-json\/wp\/v2\/types\/product"}],"wp:featuredmedia":[{"embeddable":true,"href":"https:\/\/24smartcharge.com\/es\/wp-json\/wp\/v2\/media\/2405"}],"wp:attachment":[{"href":"https:\/\/24smartcharge.com\/es\/wp-json\/wp\/v2\/media?parent=1078"}],"wp:term":[{"taxonomy":"product_brand","embeddable":true,"href":"https:\/\/24smartcharge.com\/es\/wp-json\/wp\/v2\/product_brand?post=1078"},{"taxonomy":"product_cat","embeddable":true,"href":"https:\/\/24smartcharge.com\/es\/wp-json\/wp\/v2\/product_cat?post=1078"},{"taxonomy":"product_tag","embeddable":true,"href":"https:\/\/24smartcharge.com\/es\/wp-json\/wp\/v2\/product_tag?post=1078"}],"curies":[{"name":"wp","href":"https:\/\/api.w.org\/{rel}","templated":true}]}}