{"id":1060,"date":"2025-08-05T01:31:19","date_gmt":"2025-08-05T01:31:19","guid":{"rendered":"https:\/\/24smartcharge.com\/?post_type=product&#038;p=1060"},"modified":"2025-08-15T08:10:32","modified_gmt":"2025-08-15T08:10:32","slug":"uv-c-sanitizing-charging-cabinet-for-10-devices","status":"publish","type":"product","link":"https:\/\/24smartcharge.com\/es\/uv-c-sanitizing-charging-cabinet-for-10-devices\/","title":{"rendered":"Armario de carga desinfectante UV-C para 10 dispositivos"},"content":{"rendered":"<h3 id=\"-user-friendly-touch-control-user-interface-\"><strong>Interfaz de usuario de control t\u00e1ctil f\u00e1cil de usar<\/strong><\/h3>\n<p>La cabina de carga de facturaci\u00f3n cuenta con un panel de control t\u00e1ctil electr\u00f3nico f\u00e1cil de usar, que ofrece un control total sobre los ciclos de higienizaci\u00f3n. Con una pantalla limpia y moderna, las personas pueden iniciar r\u00e1pidamente un proceso de higienizaci\u00f3n, adaptar los periodos de los ciclos y supervisar el progreso de un vistazo.<\/p>\n<p>Puede adaptar el ciclo de desinfecci\u00f3n a sus necesidades, tanto si desea una limpieza r\u00e1pida como una desinfecci\u00f3n completa. S\u00f3lo tiene que reajustar la duraci\u00f3n del ciclo en funci\u00f3n de la frecuencia con que utilice la herramienta y del grado de limpieza que necesite. Una vez ajustado, puede dejar que haga su trabajo, garantizando que sus dispositivos est\u00e9n siempre esterilizados y disponibles para su uso.<\/p>\n<h3 id=\"-integrated-usb-c-charging-for-10-devices-\"><strong>Carga USB-C integrada para 10 dispositivos<\/strong><\/h3>\n<p>Este armario de carga no solo desinfecta, tambi\u00e9n carga hasta 10 dispositivos simult\u00e1neamente mediante puertos de carga USB-C integrados. Cada puerto proporciona una salida fiable de 45 W, lo que garantiza que los dispositivos est\u00e9n listos para su uso en cuanto finalice la desinfecci\u00f3n.<\/p>\n<p>La carga USB-C ofrece una alimentaci\u00f3n r\u00e1pida y fiable compatible con varios dispositivos actuales, incluidos smartphones y Chromebooks. Esta caracter\u00edstica garantiza que el armario sea una inversi\u00f3n inteligente para su oficina o instalaci\u00f3n, ya que sin duda seguir\u00e1 siendo valioso durante mucho tiempo.<\/p>\n<h3 id=\"-built-for-durability-and-everyday-use-\"><strong>Dise\u00f1ado para durar y utilizarse a diario<\/strong><\/h3>\n<p>El armario est\u00e1 fabricado con materiales de primera calidad para resistir el uso diario en entornos exigentes. Su duradero interior de acero inoxidable garantiza la longevidad, mientras que el resistente revestimiento exterior ofrece protecci\u00f3n contra golpes, ara\u00f1azos y un uso constante.<\/p>\n<p>Con unas dimensiones externas de 19,8\u2033 de alto x 19\u2033 de ancho x 13,75\u2033 de fondo, este armario es lo suficientemente compacto como para caber en mostradores o escritorios, pero lo suficientemente espacioso como para albergar hasta 10 dispositivos sin aglomeraciones.<\/p>\n<h3 id=\"-environmentally-friendly-and-hazard-free-performance-\"><strong>Rendimiento respetuoso con el medio ambiente y sin riesgos<\/strong><\/h3>\n<p>Este armario de carga ofrece una ventaja significativa en su tratamiento higi\u00e9nico sin productos qu\u00edmicos. A diferencia de los m\u00e9todos de limpieza tradicionales con aerosoles o toallitas, la luz UV-C no deja residuos y no supone ning\u00fan riesgo para los componentes electr\u00f3nicos sensibles. Adem\u00e1s, elimina el potencial de error humano asociado a la limpieza manual.<\/p>\n<p>Para mayor seguridad, la cabina de carga est\u00e1 equipada con una puerta segura que incluye un panel de visualizaci\u00f3n, lo que permite a los usuarios observar el proceso mientras permanecen protegidos de la luz UV-C. Las funciones de seguridad integradas garantizan que las luces UV-C solo funcionen cuando la puerta est\u00e9 completamente cerrada y asegurada, protegiendo a los usuarios de una exposici\u00f3n accidental.<\/p>\n<h3 id=\"-ideal-for-multiple-environments-\"><strong>Ideal para m\u00faltiples entornos<\/strong><\/h3>\n<p>El armario de carga desinfectante UV-C es vers\u00e1til y puede utilizarse eficazmente en diversos entornos profesionales, como escuelas, hospitales, centros gubernamentales, bibliotecas y oficinas corporativas. Gracias a su tama\u00f1o compacto y a su capacidad para desinfectar y cargar dispositivos, es adecuado para espacios de trabajo p\u00fablicos o zonas muy concurridas que requieren una desinfecci\u00f3n y carga rutinarias.<\/p>\n<ul>\n<li><strong>Aulas:<\/strong>\u00a0Esterilice y encienda rutinariamente los aparatos de los alumnos para asegurarse de que est\u00e1n listos para la siguiente lecci\u00f3n.<\/li>\n<li><strong>Instalaciones m\u00e9dicas:<\/strong>\u00a0Limpiar y desinfectar a fondo el equipo utilizado por el paciente despu\u00e9s de cada interacci\u00f3n.<\/li>\n<li><strong>Lugares de trabajo:<\/strong>\u00a0Mantenga los equipos compartidos en las zonas de conferencias y los espacios de trabajo colaborativo ordenados y en pleno funcionamiento.<\/li>\n<li><strong>Ubicaciones comunitarias:<\/strong>\u00a0Ofrezca herramientas limpias y completamente cargadas para uso p\u00fablico en bibliotecas, quioscos de autoservicio y centros de atenci\u00f3n al cliente.<\/li>\n<\/ul>\n<h3 id=\"-smart-power-consumption-solutions-\"><strong>Soluciones inteligentes para el consumo de energ\u00eda<\/strong><\/h3>\n<p>A pesar de sus robustas prestaciones, el armario de carga presume de una excelente eficiencia energ\u00e9tica. Con un consumo de solo 45 W por toma de carga, se adapta a los requisitos de voltaje nacionales e internacionales, lo que minimiza el riesgo de sobrecarga del circuito y mantiene bajo control el gasto energ\u00e9tico.<\/p>\n<h3 id=\"-convenience-and-mobility-\"><strong>Comodidad y movilidad<\/strong><\/h3>\n<p>Este duradero armario de carga pesa 52 libras en su forma est\u00e1ndar y 57 libras cuando est\u00e1 embalado para el env\u00edo, logrando un equilibrio entre estabilidad y portabilidad. Su c\u00f3modo peso permite trasladarlo sin complicaciones a diferentes ubicaciones seg\u00fan sea necesario. Adem\u00e1s, el armario se suministra totalmente montado, lo que permite a los usuarios instalarlo y empezar a utilizarlo r\u00e1pidamente sin ning\u00fan proceso de instalaci\u00f3n complicado.<\/p>\n<h3 id=\"-at-a-glance-essential-information-\"><strong>De un vistazo: Informaci\u00f3n esencial<\/strong><\/h3>\n<ul>\n<li><strong>Capacidad del dispositivo:<\/strong>\u00a0Hasta 10 dispositivos<\/li>\n<li><strong>Puertos de carga:<\/strong>\u00a010 x USB-C<\/li>\n<li><strong>Compatibilidad de dispositivos:<\/strong>\u00a0Se adapta a dispositivos de hasta 10\u2033 x 12,5\u2033.<\/li>\n<li><strong>Dimensiones generales:<\/strong>\u00a019,8\u2033 Alto x 19\u2033 Ancho x 13,75\u2033 Fondo<\/li>\n<li><strong>Dimensiones de la estanter\u00eda:<\/strong>\u00a014\u2033 ancho x 10\u2033 alto x 12,5\u2033 fondo<\/li>\n<li><strong>Peso:<\/strong>\u00a052 lbs (57 lbs de peso de env\u00edo)<\/li>\n<li><strong>Potencia de salida:<\/strong>\u00a045 W por puerto (apto para uso estadounidense e internacional)<\/li>\n<li><strong>Materiales:<\/strong>\u00a0Interior de acero inoxidable, revestimiento exterior duradero<\/li>\n<li><strong>Desinfecci\u00f3n:<\/strong>\u00a0Desinfecci\u00f3n por luz UV-C de 360 grados<\/li>\n<\/ul>","protected":false},"excerpt":{"rendered":"<div class=\"model-prompt-container\" data-turn-role=\"Model\">\n<div class=\"turn-content\">\n<p class=\"ng-star-inserted\"><span class=\"ng-star-inserted\">Este vers\u00e1til armario de carga utiliza luz germicida UV-C de 360\u00b0 para desinfectar de forma segura hasta 10 dispositivos electr\u00f3nicos, como port\u00e1tiles y tabletas, mientras se cargan a trav\u00e9s de un concentrador USB-C integrado. Sus rejillas de acero de grado m\u00e9dico adaptables lo convierten en una soluci\u00f3n sencilla y sin productos qu\u00edmicos para cualquier lugar de trabajo.<\/span><\/p>\n<div class=\"turn-information ng-star-inserted\"><\/div>\n<\/div>\n<\/div>\n<div class=\"turn-footer ng-star-inserted\"><\/div>","protected":false},"featured_media":2400,"template":"","meta":{"_kad_post_transparent":"default","_kad_post_title":"","_kad_post_layout":"default","_kad_post_sidebar_id":"","_kad_post_content_style":"default","_kad_post_vertical_padding":"default","_kad_post_feature":"","_kad_post_feature_position":"","_kad_post_header":false,"_kad_post_footer":false},"product_brand":[],"product_cat":[91],"product_tag":[122,153,152],"class_list":{"0":"post-1060","1":"product","2":"type-product","3":"status-publish","4":"has-post-thumbnail","6":"product_cat-charging-cabinets","7":"product_tag-charging-cabinet","8":"product_tag-device-disinfection","9":"product_tag-uv-c-sanitization","11":"first","12":"instock","13":"shipping-taxable","14":"product-type-simple","15":"entry","16":"content-bg","17":"loop-entry"},"_links":{"self":[{"href":"https:\/\/24smartcharge.com\/es\/wp-json\/wp\/v2\/product\/1060","targetHints":{"allow":["GET"]}}],"collection":[{"href":"https:\/\/24smartcharge.com\/es\/wp-json\/wp\/v2\/product"}],"about":[{"href":"https:\/\/24smartcharge.com\/es\/wp-json\/wp\/v2\/types\/product"}],"wp:featuredmedia":[{"embeddable":true,"href":"https:\/\/24smartcharge.com\/es\/wp-json\/wp\/v2\/media\/2400"}],"wp:attachment":[{"href":"https:\/\/24smartcharge.com\/es\/wp-json\/wp\/v2\/media?parent=1060"}],"wp:term":[{"taxonomy":"product_brand","embeddable":true,"href":"https:\/\/24smartcharge.com\/es\/wp-json\/wp\/v2\/product_brand?post=1060"},{"taxonomy":"product_cat","embeddable":true,"href":"https:\/\/24smartcharge.com\/es\/wp-json\/wp\/v2\/product_cat?post=1060"},{"taxonomy":"product_tag","embeddable":true,"href":"https:\/\/24smartcharge.com\/es\/wp-json\/wp\/v2\/product_tag?post=1060"}],"curies":[{"name":"wp","href":"https:\/\/api.w.org\/{rel}","templated":true}]}}