{"id":1059,"date":"2025-08-05T01:30:07","date_gmt":"2025-08-05T01:30:07","guid":{"rendered":"https:\/\/24smartcharge.com\/?post_type=product&#038;p=1059"},"modified":"2025-08-15T07:56:02","modified_gmt":"2025-08-15T07:56:02","slug":"uvc-sanitizing-charging-cabinet-for-laptops-tablets","status":"publish","type":"product","link":"https:\/\/24smartcharge.com\/es\/uvc-sanitizing-charging-cabinet-for-laptops-tablets\/","title":{"rendered":"Armario de carga y desinfecci\u00f3n UVC para port\u00e1tiles y tabletas"},"content":{"rendered":"<h3 id=\"-the-importance-of-disinfection-and-charging-in-one-gadget-\"><strong>La importancia de la desinfecci\u00f3n y la carga en un solo aparato<\/strong><\/h3>\n<p>El uso de la tecnolog\u00eda m\u00f3vil se ha vuelto esencial en casi todos los lugares de trabajo, con dispositivos como tabletas, tel\u00e9fonos inteligentes, ordenadores port\u00e1tiles y herramientas de comunicaci\u00f3n cl\u00ednica que se utilizan con regularidad y en diversas condiciones. Debido a esta manipulaci\u00f3n y exposici\u00f3n constantes, hay muchas posibilidades de que estos aparatos se contaminen con bacterias, lo que aumenta el riesgo de infecciones, sobre todo en entornos sanitarios.<\/p>\n<p>En\u00a0<strong>Cabina de carga y desinfecci\u00f3n UVC<\/strong>\u00a0ofrece una soluci\u00f3n eficaz a este reto. Al integrar la esterilizaci\u00f3n germicida UVC y una capacidad de carga eficiente, este armario garantiza que sus herramientas esenciales permanezcan esterilizadas y totalmente cargadas, listas para su uso en cualquier momento.<\/p>\n<p><img fetchpriority=\"high\" decoding=\"async\" class=\"size-full wp-image-2382\" src=\"https:\/\/24smartcharge.com\/wp-content\/uploads\/2025\/08\/UVC-Sanitizing-Charging-Cabinet-for-Laptops-Tablets03.jpg\" alt=\"Armario de carga y desinfecci\u00f3n UVC para port\u00e1tiles y tabletas\" width=\"1000\" height=\"1000\" srcset=\"https:\/\/24smartcharge.com\/wp-content\/uploads\/2025\/08\/UVC-Sanitizing-Charging-Cabinet-for-Laptops-Tablets03.jpg 1000w, https:\/\/24smartcharge.com\/wp-content\/uploads\/2025\/08\/UVC-Sanitizing-Charging-Cabinet-for-Laptops-Tablets03-300x300.jpg 300w, https:\/\/24smartcharge.com\/wp-content\/uploads\/2025\/08\/UVC-Sanitizing-Charging-Cabinet-for-Laptops-Tablets03-150x150.jpg 150w, https:\/\/24smartcharge.com\/wp-content\/uploads\/2025\/08\/UVC-Sanitizing-Charging-Cabinet-for-Laptops-Tablets03-768x768.jpg 768w, https:\/\/24smartcharge.com\/wp-content\/uploads\/2025\/08\/UVC-Sanitizing-Charging-Cabinet-for-Laptops-Tablets03-12x12.jpg 12w, https:\/\/24smartcharge.com\/wp-content\/uploads\/2025\/08\/UVC-Sanitizing-Charging-Cabinet-for-Laptops-Tablets03-600x600.jpg 600w, https:\/\/24smartcharge.com\/wp-content\/uploads\/2025\/08\/UVC-Sanitizing-Charging-Cabinet-for-Laptops-Tablets03-100x100.jpg 100w\" sizes=\"(max-width: 1000px) 100vw, 1000px\" \/><\/p>\n<h4 id=\"-uvc-germicidal-technology-for-safe-and-effective-sanitization-\"><strong>Tecnolog\u00eda germicida UVC para una higienizaci\u00f3n segura y eficaz<\/strong><\/h4>\n<p>El n\u00facleo del proceso de desinfecci\u00f3n del Armario de Carga es la luz ultravioleta C (UVC), un m\u00e9todo cient\u00edficamente validado para eliminar un amplio espectro de microbios peligrosos. Los rayos UVC penetran en las paredes celulares de los microbios, alterando su ADN y dej\u00e1ndolos inactivos.<\/p>\n<p><strong>Caracter\u00edsticas principales:<\/strong><\/p>\n<ul>\n<li>8 l\u00e1mparas UVC de alta intensidad<\/li>\n<li>Desinfecci\u00f3n a 360<\/li>\n<li>Limpieza sin productos qu\u00edmicos<\/li>\n<li>Eficacia antimicrobiana probada de forma independiente<\/li>\n<\/ul>\n<p>Esto garantiza un procedimiento de desinfecci\u00f3n autom\u00e1tico y seguro que supera a los m\u00e9todos manuales en cuanto a rapidez y fiabilidad.<\/p>\n<h4 id=\"-360-degree-sanitization-clean-at-every-angle-\"><strong>Desinfecci\u00f3n de 360 grados: limpie desde todos los \u00e1ngulos<\/strong><\/h4>\n<p>Este armario de carga destaca por sus amplias capacidades de desinfecci\u00f3n, que se consiguen mediante la colocaci\u00f3n estrat\u00e9gica de ocho l\u00e1mparas UVC y un interior de acero inoxidable reflectante que garantiza una iluminaci\u00f3n completa y uniforme de toda la superficie del dispositivo.<\/p>\n<p><strong>Ventajas:<\/strong><\/p>\n<ul>\n<li>Esta innovaci\u00f3n garantiza\u00a0<strong>cobertura total<\/strong>sin dejar zonas descuidadas o en la sombra.<\/li>\n<li>El interior reflectante\u00a0<strong>maximiza la eficacia<\/strong>\u00a0de luz UVC, lo que permite un saneamiento \u00f3ptimo.<\/li>\n<li>Su flexibilidad la hace adecuada para esterilizar art\u00edculos complejos, como pastillas texturizadas o instrumental m\u00e9dico,\u00a0<strong>reducir la posibilidad de contaminaci\u00f3n microbiana<\/strong>.<\/li>\n<\/ul>\n<h4 id=\"-versatile-design-to-fit-a-variety-of-instruments-\"><strong>Dise\u00f1o vers\u00e1til para adaptarse a una gran variedad de instrumentos<\/strong><\/h4>\n<p>El armario se ha dise\u00f1ado pensando en la adaptabilidad, con capacidad para:<\/p>\n<ul>\n<li>Port\u00e1tiles<\/li>\n<li>Tabletas<\/li>\n<li>Tel\u00e9fonos inteligentes<\/li>\n<li>Fonendoscopios<\/li>\n<li>Herramientas de llamada m\u00e9dica<\/li>\n<li>Otros dispositivos electr\u00f3nicos m\u00f3viles<\/li>\n<\/ul>\n<p>Con estantes intercambiables, puede dar servicio a docenas de dispositivos a la vez, lo que la convierte en una soluci\u00f3n pr\u00e1ctica para entornos de trabajo colaborativos. Gracias a la funci\u00f3n de carga integrada, los dispositivos salen esterilizados y listos para usar.<\/p>\n<h4 id=\"-user-friendly-and-simple-to-understand-interface-\"><strong>Interfaz f\u00e1cil de usar y entender<\/strong><\/h4>\n<p>El armario est\u00e1 dise\u00f1ado para ser f\u00e1cil de usar e intuitivo.<\/p>\n<p><strong>Las funciones incluyen:<\/strong><\/p>\n<ul>\n<li>Un panel de control t\u00e1ctil para un manejo sencillo.<\/li>\n<li>Ciclos de limpieza personalizados.<\/li>\n<li>Actualizaciones en directo sobre el progreso actual.<\/li>\n<li>Indicadores visuales e iluminaci\u00f3n interior.<\/li>\n<\/ul>\n<p>Con una formaci\u00f3n m\u00ednima, los usuarios pueden establecer y controlar f\u00e1cilmente los programas de desinfecci\u00f3n, agilizando el proceso.<\/p>\n<h4 id=\"-reliable-charging-cabinet-for-infection-control-in-various-settings-\"><strong>Armario de carga fiable para el control de infecciones en diversos entornos<\/strong><\/h4>\n<p>Este armario ayuda a promover iniciativas de control de infecciones en numerosos campos:<\/p>\n<ul>\n<li><strong>Sanidad:<\/strong>\u00a0Garantiza que los dispositivos de atenci\u00f3n al paciente y las tabletas est\u00e9n libres de bacterias.<\/li>\n<li><strong>Educaci\u00f3n:<\/strong>\u00a0Esteriliza los dispositivos que comparten los alumnos.<\/li>\n<li><strong>Empresarial:<\/strong>\u00a0Mantiene la limpieza de los dispositivos p\u00fablicos manteni\u00e9ndolos libres de g\u00e9rmenes.<\/li>\n<li><strong>Comercio minorista\/hosteler\u00eda:<\/strong>\u00a0Limpia peri\u00f3dicamente los TPV m\u00f3viles y los dispositivos de comunicaci\u00f3n.<\/li>\n<\/ul>\n<p>Aumenta la salud, apoya los protocolos de seguridad y mejora la eficacia operativa.<\/p>\n<h4 id=\"-durable-construction-meets-sleek-design-\"><strong>Construcci\u00f3n duradera y dise\u00f1o elegante<\/strong><\/h4>\n<p>El armario combina una gran durabilidad con un aspecto profesional. Sus dimensiones compactas facilitan su instalaci\u00f3n en escritorios, encimeras o carros, mientras que sus caracter\u00edsticas ergon\u00f3micas, como las asas laterales y las puertas abatibles, mejoran su funcionalidad.<\/p>\n<p><strong>Edificio destacado:<\/strong><\/p>\n<ul>\n<li>Carcasa resistente para un uso duradero<\/li>\n<li>Interior de acero inoxidable reflectante<\/li>\n<li>Exterior elegante y contempor\u00e1neo<\/li>\n<\/ul>\n<h4 id=\"-enhance-your-operations-with-a-forward-thinking-solution-for-a-safer-more-effective-workplace-\"><strong>Mejore sus operaciones con una soluci\u00f3n vanguardista para un lugar de trabajo m\u00e1s seguro y eficaz<\/strong><\/h4>\n<p>El armario de carga y desinfecci\u00f3n UVC para port\u00e1tiles y tabletas es m\u00e1s que un simple equipo: es una respuesta estrat\u00e9gica para mantener la limpieza y la disponibilidad en diversos entornos profesionales.<\/p>\n<p>Tanto si trabaja en sanidad, educaci\u00f3n, oficinas corporativas o espacios p\u00fablicos muy concurridos, este armario de carga garantiza que su equipo disponga de dispositivos preparados para el trabajo que tienen por delante, limpios y encendidos.<\/p>","protected":false},"excerpt":{"rendered":"<div class=\"model-prompt-container\" data-turn-role=\"Model\">\n<div class=\"turn-content\">\n<p class=\"ng-star-inserted\"><span class=\"ng-star-inserted\">Este vers\u00e1til armario de carga ofrece una r\u00e1pida desinfecci\u00f3n germicida UVC de 360 grados para hasta 12 dispositivos. Desinfecta de forma segura ordenadores port\u00e1tiles, tabletas y art\u00edculos cl\u00ednicos no invasivos sin productos qu\u00edmicos corrosivos, apoyando sus iniciativas de control de infecciones al mantener los dispositivos electr\u00f3nicos cargados y desinfectados.<\/span><\/p>\n<div class=\"turn-information ng-star-inserted\"><\/div>\n<\/div>\n<\/div>\n<div class=\"turn-footer ng-star-inserted\"><\/div>","protected":false},"featured_media":2381,"template":"","meta":{"_kad_post_transparent":"default","_kad_post_title":"","_kad_post_layout":"default","_kad_post_sidebar_id":"","_kad_post_content_style":"default","_kad_post_vertical_padding":"default","_kad_post_feature":"","_kad_post_feature_position":"","_kad_post_header":false,"_kad_post_footer":false},"product_brand":[],"product_cat":[91],"product_tag":[122,151,150],"class_list":{"0":"post-1059","1":"product","2":"type-product","3":"status-publish","4":"has-post-thumbnail","6":"product_cat-charging-cabinets","7":"product_tag-charging-cabinet","8":"product_tag-disinfection-cabinet","9":"product_tag-uv-sanitizing-cabinet","11":"first","12":"instock","13":"shipping-taxable","14":"product-type-simple","15":"entry","16":"content-bg","17":"loop-entry"},"_links":{"self":[{"href":"https:\/\/24smartcharge.com\/es\/wp-json\/wp\/v2\/product\/1059","targetHints":{"allow":["GET"]}}],"collection":[{"href":"https:\/\/24smartcharge.com\/es\/wp-json\/wp\/v2\/product"}],"about":[{"href":"https:\/\/24smartcharge.com\/es\/wp-json\/wp\/v2\/types\/product"}],"wp:featuredmedia":[{"embeddable":true,"href":"https:\/\/24smartcharge.com\/es\/wp-json\/wp\/v2\/media\/2381"}],"wp:attachment":[{"href":"https:\/\/24smartcharge.com\/es\/wp-json\/wp\/v2\/media?parent=1059"}],"wp:term":[{"taxonomy":"product_brand","embeddable":true,"href":"https:\/\/24smartcharge.com\/es\/wp-json\/wp\/v2\/product_brand?post=1059"},{"taxonomy":"product_cat","embeddable":true,"href":"https:\/\/24smartcharge.com\/es\/wp-json\/wp\/v2\/product_cat?post=1059"},{"taxonomy":"product_tag","embeddable":true,"href":"https:\/\/24smartcharge.com\/es\/wp-json\/wp\/v2\/product_tag?post=1059"}],"curies":[{"name":"wp","href":"https:\/\/api.w.org\/{rel}","templated":true}]}}