{"id":901,"date":"2025-08-04T02:51:16","date_gmt":"2025-08-04T02:51:16","guid":{"rendered":"https:\/\/24smartcharge.com\/?post_type=product&#038;p=901"},"modified":"2025-08-15T06:04:37","modified_gmt":"2025-08-15T06:04:37","slug":"10-device-anti-theft-charging-cabinet","status":"publish","type":"product","link":"https:\/\/24smartcharge.com\/de\/10-device-anti-theft-charging-cabinet\/","title":{"rendered":"Anti-Diebstahl-Ladeschrank f\u00fcr 10 Ger\u00e4te"},"content":{"rendered":"<h3 id=\"powervault-transforming-portable-power-administration-and-security\">Ladeschrank: Verwaltung und Sicherheit von tragbarem Strom neu gestalten<\/h3>\n<p>In den hypervernetzten Lehr- und Fachumgebungen von heute sind Mobiltelefone wie Tablet-Computer, Chromebooks und Smartphones keine Luxusg\u00fcter mehr, sondern unverzichtbare Ger\u00e4te f\u00fcr Wissen, Partnerschaft und Leistung. Dennoch bringt ihre Verbreitung eine betr\u00e4chtliche logistische Herausforderung mit sich: Wie kann man einen ganzen Kurs oder eine Gruppe mit Strom versorgen, mobil halten und sch\u00fctzen? Die st\u00e4ndige Suche nach leicht zug\u00e4nglichen Steckdosen, das Durcheinander von verdrehten Ladekabeln und die st\u00e4ndige Gefahr von verlorenen oder mitgenommenen Stromversorgungen k\u00f6nnen den Arbeitsablauf st\u00f6ren und erhebliche administrative Probleme verursachen. Power Technologies bietet mit dem 10-Ger\u00e4te-Anti-Diebstahl-Ladeterminal einen \u00fcbersichtlichen Service - ein integriertes \u00d6kosystem, das daf\u00fcr geschaffen wurde, Strom zu liefern, wo und wann Sie ihn ben\u00f6tigen, und zwar auf intelligente und sichere Weise.<\/p>\n<h3 id=\"a-centralized-hub-for-power-and-protection\">Ein zentraler Hub f\u00fcr Strom und Schutz<\/h3>\n<p>Das Herzst\u00fcck des Systems ist das Ladeschrank-Terminal selbst, ein robuster und sicherer Schrank, der auf Komfort und Zufriedenheit ausgelegt ist. Mit der M\u00f6glichkeit, zehn spezifische PowerBank+-Akkus unterzubringen und gleichzeitig aufzuladen, fungiert dieses Terminal als Kommandozentrale f\u00fcr den Energiebedarf Ihrer Gadgets. Das System verf\u00fcgt \u00fcber eine robuste, abschlie\u00dfbare T\u00fcr, die sicherstellt, dass die wichtigen PowerBanks nur f\u00fcr zugelassenes Personal zug\u00e4nglich sind. Dieser physische Schutz ist die erste Verteidigungslinie zum Schutz Ihrer Investition.<\/p>\n<p>Eine entscheidende Designfunktion ist das transparente Fenster an der T\u00fcr, das eine schnelle \u00dcberpr\u00fcfung des Bestands auf einen Blick erm\u00f6glicht. P\u00e4dagogen oder Manager k\u00f6nnen sich sofort vergewissern, dass alle zehn Powerbanks vorhanden sind, und ihren Ladezustand auf den jeweiligen digitalen Anzeigen ablesen, ohne das System vorher aufschlie\u00dfen zu m\u00fcssen. Das spart wertvolle Zeit und vereinfacht die t\u00e4glichen Verwaltungsroutinen. Mit den Ma\u00dfen 14,5\u2033 H x 17,2\u2033 B x 11,5\u2033 T ist die Station tragbar genug, um auf eine Theke oder in einen Schrank zu passen oder sicher montiert zu werden, was sie zu einer funktionalen Erg\u00e4nzung f\u00fcr jede Klasse, Bibliothek oder jedes B\u00fcro macht. Im Inneren befindet sich ein leistungsstarker 65-W-USB-Ladehub, der alle 10 Akkus effektiv aufl\u00e4dt, damit sie f\u00fcr den kommenden Tag ger\u00fcstet sind.<\/p>\n<h3 id=\"unleash-movement-with-high-capacity-powerbank-batteries\">Entfesseln Sie Bewegung mit den leistungsstarken PowerBank+-Batterien<\/h3>\n<p>Die wahre Freiheit des PowerVault+-Systems h\u00e4ngt von seinen zehn mobilen PowerBank+-Batterien ab. Dabei handelt es sich nicht um die typischen Kundenstromspeicher, sondern um Hochleistungssysteme, die f\u00fcr die Anforderungen einer Multi-User-Umgebung entwickelt wurden. Jeder Akku verf\u00fcgt \u00fcber eine enorme Kapazit\u00e4t von 20.000 mAh (75,6 Wh bis 90Wh), die ausreicht, um Ger\u00e4te einen ganzen Tag lang mit Strom zu versorgen. Mit dieser beachtlichen Kapazit\u00e4t kann ein typischer Tablet-Computer mehrfach oder ein Mobiltelefon vier- bis f\u00fcnfmal vollst\u00e4ndig aufgeladen werden, so dass Sch\u00fcler und Experten unterwegs keinen Stress mehr mit dem Akku haben.<\/p>\n<p>Bequemlichkeit ist entscheidend, und jede PowerBank+ verf\u00fcgt \u00fcber eine beeindruckende Vielfalt von vier Ladeanschl\u00fcssen:<\/p>\n<ul>\n<li><strong>2 USB-C-Anschl\u00fcsse:\u00a0<\/strong>Einer dieser Anschl\u00fcsse ist ein leistungsstarker 60W Power Distribution (PD)-Eingang\/Ausgang, mit dem sich nicht nur Tablet-Computer und Telefone, sondern auch anspruchsvollere Ger\u00e4te wie Chromebooks und MacBooks schnell aufladen lassen. Der zweite USB-C-Anschluss bietet zus\u00e4tzliche Anpassungsm\u00f6glichkeiten f\u00fcr moderne Ger\u00e4te.<\/li>\n<li><strong>Zwei USB-A-Anschl\u00fcsse:\u00a0<\/strong>Diese Anschl\u00fcsse unterst\u00fctzen mehrere Schnellladestandards, darunter QC3.0, FCP und SCP, und gew\u00e4hrleisten Abw\u00e4rtskompatibilit\u00e4t und Schnellladung f\u00fcr eine gro\u00dfe Anzahl von Ger\u00e4ten und Zubeh\u00f6r.<\/li>\n<\/ul>\n<p>Diese Mischung von Anschl\u00fcssen bedeutet, dass eine einzelne PowerBank+ gleichzeitig mehrere Ger\u00e4te laden kann, was sie zu einem geeigneten Werkzeug f\u00fcr Gruppenprojekte oder f\u00fcr Personen mit einem Telefon, einem Tablet und kabellosen Ohrh\u00f6rern macht. Dar\u00fcber hinaus ist jedes System mit einem kristallklaren LC\/LED-Digitalbildschirm ausgestattet, der die verbleibende Akkuleistung in Prozent anzeigt und damit die Unsicherheiten der einfachen Vier-Punkte-Anzeigen beseitigt.<\/p>\n<h3 id=\"groundbreaking-anti-theft-deterrent-technology\">Bahnbrechende Anti-Diebstahl-Technologie zur Abschreckung<\/h3>\n<p>Eine der vielleicht genialsten Funktionen des PowerVault+-Systems ist seine exklusive moderne Anti-Diebstahl-Technologie. Ein h\u00e4ufiges Problem bei der Verwendung einzelner PowerBanks ist, dass sie oft dazu neigen, \"wegzugehen\" oder verloren zu gehen, da sie \u00fcberall leicht wieder aufgeladen werden k\u00f6nnen. Power Technologies behebt dieses Problem mit einer gro\u00dfartigen und unkomplizierten L\u00f6sung: Die PowerBank+-Batterien k\u00f6nnen\u00a0<em>nur\u00a0<\/em>im PowerVault+-Terminal mit Hilfe der einzigartigen, integrierten diebstahlsicheren Abrechnungskabel wieder mit Strom versorgt werden.<\/p>\n<p>Diese Besonderheit macht die einzelnen PowerBanks f\u00fcr Einbrecher wesentlich unauff\u00e4lliger und sorgt f\u00fcr Sicherheit bei den Nutzern. Wenn eine PowerBank+ nicht zur Station zur\u00fcckgebracht wird, kann sie nicht wieder aufgeladen werden, so dass sie unbrauchbar wird, sobald ihre aktuelle Ladung aufgebraucht ist. Dies ist ein starker Anreiz f\u00fcr die Benutzer, die Batterien am Ende des Tages zur\u00fcckzugeben, und garantiert, dass jeden Morgen eine vollst\u00e4ndige Sammlung von vollst\u00e4ndig abgerechneten PowerBanks zur Verf\u00fcgung steht. Dieses System sch\u00fctzt Ihre Investition und stellt die Zuverl\u00e4ssigkeit und den kontinuierlichen Betrieb Ihres Smartphone-Programms sicher.<\/p>\n<h3 id=\"engineered-for-security-constructed-to-last\">Entwickelt f\u00fcr Sicherheit, konstruiert f\u00fcr Langlebigkeit<\/h3>\n<p>Power Technologies legt gro\u00dfen Wert auf Sicherheit und Verl\u00e4sslichkeit. Das gesamte PowerVault+-System besteht aus hochwertigen Teilen, die f\u00fcr den rauen Alltagseinsatz entwickelt wurden. Jede PowerBank+ wird von einer umfangreichen Reihe von Sicherheitsfunktionen unterst\u00fctzt, die aus \u00dcberstrom-, \u00dcberentladungs-, Kurzschluss- und \u00dcberladesicherheit bestehen. Diese Funktionen sch\u00fctzen sowohl die PowerBank+ als auch die an sie angeschlossenen Ger\u00e4te. Das System ist f\u00fcr den Betrieb bei normalen Innenraumtemperaturen (0 \u00b0C bis 40 \u00b0C) ausgelegt und verf\u00fcgt \u00fcber eine 12-monatige Servicegarantie, die f\u00fcr Selbstvertrauen und Komfort sorgt.<\/p>\n<p>Die PowerVault+ Anti-Diebstahl-Ladestation f\u00fcr 10 Ger\u00e4te ist mehr als nur ein Produkt; sie ist eine umfassende Methode f\u00fcr das mobile Energiemanagement. Sie h\u00e4lt Studenten und Teams in Bewegung, f\u00f6rdert anpassungsf\u00e4higes und lebendiges Lernen und Arbeiten und macht Schluss mit den t\u00e4glichen Problemen beim Aufladen von Ger\u00e4ten. Durch die Integration von tragbarer Stromversorgung mit hoher Kapazit\u00e4t, der M\u00f6glichkeit, mehrere Ger\u00e4te aufzuladen, und einem einzigartigen Diebstahlschutz bietet der PowerVault+ eine intelligentere, sicherere und viel zuverl\u00e4ssigere Stromversorgungsl\u00f6sung f\u00fcr jede Art von Unternehmen.<\/p>","protected":false},"excerpt":{"rendered":"<div class=\"chat-container\">\n<div class=\"chat-view-container ng-star-inserted\">\n<div>\n<div class=\"chat-turn-container model render cdk-focused cdk-mouse-focused\" tabindex=\"-1\">\n<div class=\"model-prompt-container\" data-turn-role=\"Model\">\n<div class=\"turn-content\">\n<p class=\"ng-star-inserted\"><span class=\"ng-star-inserted\">\u00a0Der Anti-Diebstahl-Ladeschrank f\u00fcr 10 Ger\u00e4te mit 20.000-mAh-PowerBank+-Akkus. Das diebstahlsichere Design und der 65-W-USB-Lade-Hub machen ihn ideal f\u00fcr Klassenzimmer. Jeder Akku verf\u00fcgt \u00fcber eine digitale Statusanzeige, 2 USB-C- und 2 USB-A-Anschl\u00fcsse f\u00fcr vielseitige, sichere Stromversorgung, wo immer Sie sie brauchen.<\/span><\/p>\n<div class=\"turn-information ng-star-inserted\"><\/div>\n<\/div>\n<\/div>\n<div class=\"turn-footer ng-star-inserted\"><\/div>\n<\/div>\n<\/div>\n<\/div>\n<\/div>\n<footer class=\"not-zero-state ng-star-inserted\">\n<div class=\"mat-mdc-tooltip-trigger prompt-input-wrapper\">\n<div>\n<div class=\"prompt-input-wrapper-container\">\n<div class=\"text-wrapper\">\n<section class=\"text-and-attachments-wrapper\">\n<div class=\"text-input-wrapper\"><\/div>\n<\/section>\n<\/div>\n<\/div>\n<\/div>\n<\/div>\n<\/footer>","protected":false},"featured_media":2328,"template":"","meta":{"_kad_post_transparent":"default","_kad_post_title":"","_kad_post_layout":"default","_kad_post_sidebar_id":"","_kad_post_content_style":"default","_kad_post_vertical_padding":"default","_kad_post_feature":"","_kad_post_feature_position":"","_kad_post_header":false,"_kad_post_footer":false},"product_brand":[],"product_cat":[91],"product_tag":[127,122,126],"class_list":{"0":"post-901","1":"product","2":"type-product","3":"status-publish","4":"has-post-thumbnail","6":"product_cat-charging-cabinets","7":"product_tag-anti-theft","8":"product_tag-charging-cabinet","9":"product_tag-power-banks","11":"first","12":"instock","13":"shipping-taxable","14":"product-type-simple","15":"entry","16":"content-bg","17":"loop-entry"},"_links":{"self":[{"href":"https:\/\/24smartcharge.com\/de\/wp-json\/wp\/v2\/product\/901","targetHints":{"allow":["GET"]}}],"collection":[{"href":"https:\/\/24smartcharge.com\/de\/wp-json\/wp\/v2\/product"}],"about":[{"href":"https:\/\/24smartcharge.com\/de\/wp-json\/wp\/v2\/types\/product"}],"wp:featuredmedia":[{"embeddable":true,"href":"https:\/\/24smartcharge.com\/de\/wp-json\/wp\/v2\/media\/2328"}],"wp:attachment":[{"href":"https:\/\/24smartcharge.com\/de\/wp-json\/wp\/v2\/media?parent=901"}],"wp:term":[{"taxonomy":"product_brand","embeddable":true,"href":"https:\/\/24smartcharge.com\/de\/wp-json\/wp\/v2\/product_brand?post=901"},{"taxonomy":"product_cat","embeddable":true,"href":"https:\/\/24smartcharge.com\/de\/wp-json\/wp\/v2\/product_cat?post=901"},{"taxonomy":"product_tag","embeddable":true,"href":"https:\/\/24smartcharge.com\/de\/wp-json\/wp\/v2\/product_tag?post=901"}],"curies":[{"name":"wp","href":"https:\/\/api.w.org\/{rel}","templated":true}]}}