{"id":1857,"date":"2025-08-08T10:05:06","date_gmt":"2025-08-08T10:05:06","guid":{"rendered":"https:\/\/24smartcharge.com\/?post_type=product&#038;p=1857"},"modified":"2025-08-18T02:19:11","modified_gmt":"2025-08-18T02:19:11","slug":"ergotron-mobile-laptop-tablet-charging-cabinet","status":"publish","type":"product","link":"https:\/\/24smartcharge.com\/de\/ergotron-mobile-laptop-tablet-charging-cabinet\/","title":{"rendered":"Ergotron Mobile Laptop- und Tablet-Ladestation"},"content":{"rendered":"<h3 id=\"-ergotron-mobile-laptop-tablet-charging-cabinet-the-ultimate-solution-for-device-management-\"><strong>Ergotron Mobile Laptop- und Tablet-Ladestation: Die ultimative L\u00f6sung f\u00fcr das Ger\u00e4temanagement<\/strong><\/h3>\n<p>In jeder modernen Bildungs- oder Unternehmensumgebung stellt die Verwaltung einer Flotte von Ger\u00e4ten wie Laptops, Tablets und Chromebooks eine gro\u00dfe Herausforderung dar. Es ist von gr\u00f6\u00dfter Bedeutung, dass diese wertvollen Ger\u00e4te sicher, vollst\u00e4ndig aufgeladen und f\u00fcr den t\u00e4glichen Gebrauch bereit sind. Der mobile Laptop- und Tablet-Ladeschrank von Ergotron bietet eine umfassende und optimierte L\u00f6sung, die die Ger\u00e4teverwaltung vereinfacht und gleichzeitig Sicherheit, Effizienz und Langlebigkeit in den Vordergrund stellt. Diese robuste und intelligent gestaltete Ladestation ist mehr als nur eine Aufbewahrungseinheit; sie ist ein unverzichtbares Werkzeug f\u00fcr jedes Unternehmen, das seinen technologischen Arbeitsablauf optimieren m\u00f6chte.<\/p>\n<h3 id=\"-high-capacity-and-versatile-storage-\"><strong>Kapazit\u00e4tsstarker und vielseitiger Speicher<\/strong><\/h3>\n<p>Eines der herausragenden Merkmale dieses\u00a0<strong>Ladeschrank<\/strong>\u00a0ist seine au\u00dfergew\u00f6hnliche Flexibilit\u00e4t. Der Innenraum ist mit verstellbaren Trennw\u00e4nden ausgestattet, so dass Sie die Gr\u00f6\u00dfe des Fachs anpassen k\u00f6nnen, um eine Vielzahl von Ger\u00e4ten unterzubringen. Diese Anpassungsf\u00e4higkeit macht ihn zu einer zukunftssicheren Investition, die Ihre aktuelle Technologie und alles, was danach kommt, aufnehmen kann.<\/p>\n<ul>\n<li><strong>Tablet- und Chromebook-Modus:<\/strong>\u00a0Konfigurieren Sie den Schrank f\u00fcr die sichere Aufbewahrung und Aufladung von bis zu 40 Tablets oder Chromebooks.<\/li>\n<li><strong>Laptop-Modus:<\/strong>\u00a0F\u00fcr gr\u00f6\u00dfere Ger\u00e4te kann der Schrank so eingestellt werden, dass er bis zu 30 Laptops in voller Gr\u00f6\u00dfe aufnehmen kann.<\/li>\n<\/ul>\n<p>Dieses universelle Design bedeutet, dass Sie eine gemischte Flotte von Ger\u00e4ten verschiedener Hersteller - einschlie\u00dflich Microsoft, Apple, Dell, HP und mehr - in einer einzigen, organisierten Einheit verwalten k\u00f6nnen. Das saubere und \u00fcbersichtliche Kabelverwaltungssystem sorgt daf\u00fcr, dass jedes Ger\u00e4t seinen Platz findet. So wird der Kabelsalat beseitigt und das Anschlie\u00dfen und Abrufen von Ger\u00e4ten f\u00fcr die Benutzer erleichtert.<\/p>\n<h3 id=\"-intelligent-and-efficient-charging-with-powershuttle-technology-\"><strong>Intelligentes und effizientes Aufladen mit PowerShuttle\u00ae-Technologie<\/strong><\/h3>\n<p>Das Herzst\u00fcck dieses Ladeschranks ist die patentierte PowerShuttle\u00ae-Technologie von Ergotron, ein hochentwickeltes System, das den Ladevorgang revolutioniert. Anstelle eines einfachen Round-Robin-Timers, der die Ger\u00e4te stapelweise aufl\u00e4dt, \u00fcberwacht die PowerShuttle\u00ae-Technologie auf intelligente Weise den Stromverbrauch und optimiert den Ladevorgang f\u00fcr alle angeschlossenen Ger\u00e4te gleichzeitig.<\/p>\n<p>Hier erfahren Sie, wie sie die Effizienz und Sicherheit erh\u00f6ht:<\/p>\n<ul>\n<li><strong>Schnelleres Aufladen:<\/strong>\u00a0Dieses System kann Ger\u00e4te bis zu 40% schneller aufladen als konkurrierende Round-Robin-Systeme. Das bedeutet weniger Ausfallzeiten und mehr Zeit f\u00fcr Lernen und Produktivit\u00e4t.<\/li>\n<li><strong>Stromkreisschutz:<\/strong>\u00a0Durch das Management der Stromlast verhindert PowerShuttle\u00ae die \u00dcberlastung von Stromkreisen und das l\u00e4stige Ausl\u00f6sen von Unterbrechern, selbst wenn der Schrank voll ausgelastet ist. Dies wird dadurch erreicht, dass es die Gesamtstromaufnahme erfasst und die Leistung in sichere Gruppen aufteilt, wenn der Grenzwert \u00fcberschritten zu werden droht.<\/li>\n<li><strong>Keine manuellen Timer:<\/strong>\u00a0Der gesamte Prozess ist automatisiert, so dass das manuelle Schalten von Steckdosen oder das Einstellen von Zeitschaltuhren \u00fcberfl\u00fcssig ist. Schlie\u00dfen Sie den Schrank einfach an eine einzelne Standardsteckdose an, und er erledigt den Rest.<\/li>\n<\/ul>\n<h3 id=\"-protecting-your-investment-enhanced-device-longevity-\"><strong>Sch\u00fctzen Sie Ihre Investition: Verbesserte Langlebigkeit der Ger\u00e4te<\/strong><\/h3>\n<p>Elektronische Ger\u00e4te erzeugen w\u00e4hrend des Ladevorgangs betr\u00e4chtliche W\u00e4rme, und \u00fcberm\u00e4\u00dfige Temperaturen k\u00f6nnen die Gesundheit der Batterie drastisch beeintr\u00e4chtigen und die Gesamtlebensdauer des Ger\u00e4ts verk\u00fcrzen. Aus diesem Grund hat die Ergotron\u00a0<strong>Ladeschrank<\/strong>\u00a0ist mit integrierten L\u00fcftern und einem bel\u00fcfteten Design ausgestattet, um eine optimale K\u00fchlung zu gew\u00e4hrleisten.<\/p>\n<p>Die Stahlt\u00fcren sind perforiert, um einen kontinuierlichen Luftstrom zu erm\u00f6glichen, der einen Hitzestau in dem geschlossenen Raum verhindert. Dieses aktive K\u00fchlsystem h\u00e4lt die Batterien und internen Komponenten in ihrem idealen Temperaturbereich und sch\u00fctzt sie vor hitzebedingten Sch\u00e4den und Beeintr\u00e4chtigungen. Durch die Verl\u00e4ngerung der Lebensdauer Ihrer Ger\u00e4te bietet der Schrank eine au\u00dfergew\u00f6hnliche Investitionsrendite.<\/p>\n<h3 id=\"-robust-security-for-peace-of-mind-\"><strong>Robuste Sicherheit f\u00fcr den Seelenfrieden<\/strong><\/h3>\n<p>Der Schutz von Dutzenden wertvoller Ger\u00e4te hat oberste Priorit\u00e4t, und dieser Ladewagen ist so gebaut, dass er maximalen Schutz bietet. Der Schrank verf\u00fcgt \u00fcber einen robusten Stahlrahmen und langlebige, doppelt angeschlagene Stahlt\u00fcren, die sich f\u00fcr einen einfachen Zugriff um 180 Grad \u00f6ffnen lassen.<\/p>\n<p>Die Sicherheit wird durch ein robustes Schl\u00fcssel-Schloss-System weiter erh\u00f6ht, das sicherstellt, dass nur autorisiertes Personal auf die Ger\u00e4te zugreifen kann. F\u00fcr noch mehr Sicherheit kann der Wagen mit einer optionalen Halterung an der Wand oder auf dem Boden befestigt werden und bietet so einen hervorragenden Schutz vor Diebstahl in jeder Umgebung. Der gesamte Wagen ist nach UL-Standards getestet und zertifiziert, so dass er die strengen Sicherheitsanforderungen in Bezug auf elektrische, feuertechnische und physikalische Gefahren erf\u00fcllt.<\/p>\n<h3 id=\"-effortless-mobility-and-user-friendly-design-\"><strong>M\u00fchelose Mobilit\u00e4t und benutzerfreundliches Design<\/strong><\/h3>\n<p>Entwickelt f\u00fcr dynamische Umgebungen wie Schulen und B\u00fcros, ist dieses\u00a0<strong>Ladeschrank<\/strong>\u00a0ist auf Mobilit\u00e4t ausgelegt. Er steht auf vier langlebigen, medizinisch zugelassenen, feststellbaren Doppelr\u00e4dern, die sanft und leise \u00fcber verschiedene Bodenoberfl\u00e4chen gleiten. Der integrierte Griff bietet einen bequemen Halt und erleichtert die Navigation durch T\u00fcren und Flure. Durch sein kompaktes und leichtes Design ist er deutlich kleiner als viele Konkurrenzprodukte, so dass er problemlos in enge R\u00e4ume passt, ohne den Arbeitsablauf zu st\u00f6ren.<\/p>\n<p>Und das Beste ist, dass das Ger\u00e4t komplett montiert geliefert wird. Es ist keine komplexe Einrichtung erforderlich. Packen Sie es einfach aus, schlie\u00dfen Sie es an, und es ist bereit, Ihre Ger\u00e4te aufzuladen, was Ihnen wertvolle Zeit und \u00c4rger erspart.<\/p>\n<h3 id=\"-streamlined-it-management-\"><strong>Rationalisiertes IT-Management<\/strong><\/h3>\n<p>Dieser Ladeschrank ist auch ein leistungsstarkes Werkzeug f\u00fcr IT-Experten. Er ist mit vorinstallierten CAT6-Ethernet-Kabeln und Montagehalterungen ausgestattet, die umfassende Ger\u00e4teverwaltungsfunktionen erm\u00f6glichen. Mit diesen Hochgeschwindigkeitskabeln kann das IT-Personal Software-Updates einspielen, Diagnosen durchf\u00fchren und ein Re-Image der Ger\u00e4te erstellen, w\u00e4hrend diese sicher gelagert sind und \u00fcber Nacht aufgeladen werden. Diese zentralisierte Verwaltungsfunktion spart unz\u00e4hlige Stunden manueller Arbeit und gibt dem IT-Personal die M\u00f6glichkeit, sich auf andere wichtige Aufgaben zu konzentrieren. CAT6-Kabel bieten eine zuverl\u00e4ssige Hochgeschwindigkeits-Daten\u00fcbertragung, die sicherstellt, dass Aktualisierungen schnell und effizient ohne St\u00f6rungen durchgef\u00fchrt werden.<\/p>\n<p>Das Ergotron Mobile Laptop &amp; Tablet Charging Cabinet ist das Komplettpaket f\u00fcr jede Organisation, die eine effiziente, sichere und zuverl\u00e4ssige L\u00f6sung f\u00fcr die Verwaltung ihrer mobilen Ger\u00e4te sucht.<\/p>","protected":false},"excerpt":{"rendered":"<div class=\"chat-container\">\n<div class=\"chat-view-container ng-star-inserted\">\n<div>\n<div class=\"chat-turn-container model render cdk-focused cdk-mouse-focused\" tabindex=\"-1\">\n<div class=\"model-prompt-container\" data-turn-role=\"Model\">\n<div class=\"turn-content\">\n<p class=\"ng-star-inserted\"><span class=\"ng-star-inserted\">Dieser mobile Ergotron-Ladeschrank dient der sicheren Aufbewahrung, dem Transport und dem Aufladen von bis zu 30 Laptops oder 40 Tablets. Er verf\u00fcgt \u00fcber verstellbare Trennw\u00e4nde, K\u00fchlventilatoren zur Verl\u00e4ngerung der Akkulaufzeit und vorinstallierte CAT6-Ethernet-Kabel f\u00fcr eine einfache Ger\u00e4teverwaltung. Abschlie\u00dfbare T\u00fcren sorgen f\u00fcr mehr Sicherheit.<\/span><\/p>\n<div class=\"turn-information ng-star-inserted\"><\/div>\n<\/div>\n<\/div>\n<div class=\"turn-footer ng-star-inserted\"><\/div>\n<\/div>\n<\/div>\n<\/div>\n<\/div>\n<footer class=\"not-zero-state ng-star-inserted\">\n<div class=\"mat-mdc-tooltip-trigger prompt-input-wrapper\">\n<div>\n<div class=\"prompt-input-wrapper-container\">\n<div class=\"text-wrapper\">\n<section class=\"text-and-attachments-wrapper\">\n<div class=\"text-input-wrapper\"><\/div>\n<\/section>\n<\/div>\n<\/div>\n<\/div>\n<\/div>\n<\/footer>","protected":false},"featured_media":2757,"template":"","meta":{"_kad_post_transparent":"default","_kad_post_title":"","_kad_post_layout":"default","_kad_post_sidebar_id":"","_kad_post_content_style":"default","_kad_post_vertical_padding":"default","_kad_post_feature":"","_kad_post_feature_position":"","_kad_post_header":false,"_kad_post_footer":false},"product_brand":[],"product_cat":[91,96,92,93,97,94,98,99,100],"product_tag":[122,277,120],"class_list":{"0":"post-1857","1":"product","2":"type-product","3":"status-publish","4":"has-post-thumbnail","6":"product_cat-charging-cabinets","7":"product_cat-12-watts-output","8":"product_cat-15-outputs","9":"product_cat-30-outputs","10":"product_cat-30-watts-output","11":"product_cat-45-outputs","12":"product_cat-65-watts-output","13":"product_cat-output-quantity","14":"product_cat-power-per-output","15":"product_tag-charging-cabinet","16":"product_tag-laptop-cart","17":"product_tag-secure-device-storage","19":"first","20":"instock","21":"shipping-taxable","22":"product-type-simple","23":"entry","24":"content-bg","25":"loop-entry"},"_links":{"self":[{"href":"https:\/\/24smartcharge.com\/de\/wp-json\/wp\/v2\/product\/1857","targetHints":{"allow":["GET"]}}],"collection":[{"href":"https:\/\/24smartcharge.com\/de\/wp-json\/wp\/v2\/product"}],"about":[{"href":"https:\/\/24smartcharge.com\/de\/wp-json\/wp\/v2\/types\/product"}],"wp:featuredmedia":[{"embeddable":true,"href":"https:\/\/24smartcharge.com\/de\/wp-json\/wp\/v2\/media\/2757"}],"wp:attachment":[{"href":"https:\/\/24smartcharge.com\/de\/wp-json\/wp\/v2\/media?parent=1857"}],"wp:term":[{"taxonomy":"product_brand","embeddable":true,"href":"https:\/\/24smartcharge.com\/de\/wp-json\/wp\/v2\/product_brand?post=1857"},{"taxonomy":"product_cat","embeddable":true,"href":"https:\/\/24smartcharge.com\/de\/wp-json\/wp\/v2\/product_cat?post=1857"},{"taxonomy":"product_tag","embeddable":true,"href":"https:\/\/24smartcharge.com\/de\/wp-json\/wp\/v2\/product_tag?post=1857"}],"curies":[{"name":"wp","href":"https:\/\/api.w.org\/{rel}","templated":true}]}}