{"id":1830,"date":"2025-08-08T09:19:02","date_gmt":"2025-08-08T09:19:02","guid":{"rendered":"https:\/\/24smartcharge.com\/?post_type=product&#038;p=1830"},"modified":"2025-08-18T02:11:59","modified_gmt":"2025-08-18T02:11:59","slug":"secure-uv-disinfecting-charging-cabinet-for-10-devices","status":"publish","type":"product","link":"https:\/\/24smartcharge.com\/de\/secure-uv-disinfecting-charging-cabinet-for-10-devices\/","title":{"rendered":"Sichere UV-desinfizierende Ladeschr\u00e4nke f\u00fcr 10 Ger\u00e4te"},"content":{"rendered":"<h2 id=\"intelligent-charging-for-peak-efficiency\">Intelligente Ladung f\u00fcr h\u00f6chste Effizienz<\/h2>\n<p>Diese\u00a0<strong>Ladeschrank<\/strong>\u00a0wurde nicht nur entwickelt, um Ihre Ger\u00e4te mit Strom zu versorgen, sondern auch, um dies auf die intelligenteste Weise zu tun. Das System basiert auf einer Philosophie der Einfachheit und Effizienz, beginnend mit dem intuitiven One-Touch-Bedienfeld.<\/p>\n<h3 id=\"simple-one-touch-operation\">Einfache One-Touch-Bedienung<\/h3>\n<p>Vergessen Sie komplizierte Programmierung oder verwirrende Schnittstellen. Ein einziger Knopf gen\u00fcgt, um sowohl den Lade- als auch den Desinfektionszyklus zu aktivieren. Diese Benutzerfreundlichkeit gew\u00e4hrleistet, dass jeder das Ger\u00e4t mit minimalem Schulungsaufwand bedienen kann, was wertvolle Zeit und M\u00fche spart. F\u00fcr spezielle Anforderungen kann der Benutzer die Zykluszeiten \u00fcber das \u00fcbersichtliche Digitaldisplay ganz einfach anpassen, so dass Sie sie einfach einstellen und vergessen k\u00f6nnen.<\/p>\n<h3 id=\"smart-prioritized-charging\">Intelligentes, priorisiertes Aufladen<\/h3>\n<p>Der Schrank verf\u00fcgt \u00fcber einen kontinuierlichen, intelligenten Lademodus, der auf intelligente Weise die Ger\u00e4te mit dem niedrigsten Batteriestand erkennt und ihnen Priorit\u00e4t einr\u00e4umt. Das bedeutet, dass die Ger\u00e4te, die am dringendsten Strom ben\u00f6tigen, zuerst aufgeladen werden, so dass kritische Ger\u00e4te schneller einsatzbereit sind. Diese zyklische Ladetechnologie sorgt nicht nur daf\u00fcr, dass Ihre Ger\u00e4te schneller wieder einsatzbereit sind, sondern f\u00f6rdert auch eine effizientere Ladung, die dazu beitragen kann, die langfristige Gesundheit Ihrer Ger\u00e4tebatterien zu erhalten und zu verl\u00e4ngern.<\/p>\n<h2 id=\"advanced-uv-c-disinfection-for-a-safer-environment\">Fortschrittliche UV-C-Desinfektion f\u00fcr eine sicherere Umwelt<\/h2>\n<p>In jedem gemeinsam genutzten Raum werden elektronische Ger\u00e4te zu wichtigen Kontaktpunkten f\u00fcr Keime, Bakterien und Viren. Diese\u00a0<strong>Ladeschrank<\/strong>\u00a0setzt mit seinem integrierten UV-C-Desinfektionssystem direkt an diesem kritischen Punkt an.<\/p>\n<p>Wenn die T\u00fcren geschlossen sind und ein Zyklus eingeleitet wird, taucht ein leistungsstarkes UV-C-Licht die Ger\u00e4te ein und neutralisiert bis zu 99,9% der Krankheitserreger auf der Oberfl\u00e4che, ohne dass scharfe Chemikalien, Fl\u00fcssigkeiten oder Hitze zum Einsatz kommen. Diese Methode ist f\u00fcr alle elektronischen Ger\u00e4te sicher und hinterl\u00e4sst keine R\u00fcckst\u00e4nde. So wird sichergestellt, dass jedes Ger\u00e4t nicht nur vollst\u00e4ndig aufgeladen, sondern auch hygienisch sauber und sicher f\u00fcr den n\u00e4chsten Benutzer ist. Diese Funktion ist von unsch\u00e4tzbarem Wert in Einrichtungen wie Schulen, Krankenh\u00e4usern und Unternehmen mit Kundenkontakt, wo Gesundheit und Sicherheit an erster Stelle stehen.<\/p>\n<h2 id=\"uncompromised-security-and-durability\">Kompromisslose Sicherheit und Langlebigkeit<\/h2>\n<p>Der Schutz Ihrer wertvollen elektronischen G\u00fcter vor Diebstahl und Besch\u00e4digung hat oberste Priorit\u00e4t. Diese\u00a0<strong>Ladeschrank<\/strong>\u00a0ist mit robusten Sicherheitsmerkmalen ausgestattet, die f\u00fcr absolute Sicherheit sorgen.<\/p>\n<h3 id=\"secured-and-organized-storage\">Sichere und organisierte Lagerung<\/h3>\n<p>Der Schrank ist aus langlebigen Materialien gefertigt und verf\u00fcgt \u00fcber eine robuste, schl\u00fcssellose Griffgarnitur. Dieses Schloss bietet sicheren Zugang zum Hauptladefach und verhindert die unbefugte Entnahme von Laptops, Tablets oder anderen Ger\u00e4ten. Die Steckdosen auf der R\u00fcckseite des Schranks sind ebenfalls gesichert, um Manipulationen an den elektrischen Komponenten zu verhindern. Die durchsichtigen Fenster in den T\u00fcren erm\u00f6glichen eine schnelle visuelle \u00dcberpr\u00fcfung des Inventars, ohne dass das Ger\u00e4t entriegelt und ge\u00f6ffnet werden muss.<\/p>\n<h3 id=\"customizable-for-maximum-versatility\">Anpassbar f\u00fcr maximale Vielseitigkeit<\/h3>\n<p>Technologie ist nie eine Einheitsgr\u00f6\u00dfe, und diese\u00a0<strong>Ladeschrank<\/strong>\u00a0ist so konzipiert, dass er sich an Ihre speziellen Bed\u00fcrfnisse anpasst. Die internen Trennw\u00e4nde k\u00f6nnen leicht neu angeordnet oder ganz entfernt werden, um eine Vielzahl von Ger\u00e4ten unterzubringen, einschlie\u00dflich:<\/p>\n<ul>\n<li>Laptops<\/li>\n<li>Tablets und iPads<\/li>\n<li>VR-Headsets<\/li>\n<li>Barcode-Scanner<\/li>\n<li>Smartphones<\/li>\n<li>Und mehr<\/li>\n<\/ul>\n<p>Diese unglaubliche Flexibilit\u00e4t stellt sicher, dass Ihre Investition auch dann relevant bleibt, wenn sich die Technologie Ihres Unternehmens weiterentwickelt. Es beseitigt Unordnung, indem es jedem Ger\u00e4t ein ordentliches, organisiertes Zuhause bietet, ohne unordentliche Kabel und verlegte Ladeger\u00e4te.<\/p>\n<h2 id=\"superior-safety-features\">\u00dcberlegene Sicherheitsmerkmale<\/h2>\n<p>Das gleichzeitige Aufladen mehrerer Hochleistungsger\u00e4te erzeugt erhebliche W\u00e4rme und erfordert ein stabiles Strommanagement. Dieser Schrank ist mit mehreren Sicherheitsfunktionen ausgestattet, um sowohl die Ger\u00e4te als auch das Ger\u00e4t selbst zu sch\u00fctzen.<\/p>\n<ul>\n<li><strong>Intuitives K\u00fchlsystem:<\/strong>\u00a0Ein integriertes K\u00fchlsystem mit seitlicher Bel\u00fcftung verhindert aktiv eine \u00dcberhitzung und sorgt daf\u00fcr, dass alle Ger\u00e4te innerhalb eines sicheren Temperaturbereichs arbeiten.<\/li>\n<li><strong>Spannungsschutz:<\/strong>\u00a0Das System bietet einen integrierten Spannungsschutz, der Ihre empfindliche Elektronik vor potenziell sch\u00e4dlichen Stromst\u00f6\u00dfen und -schwankungen sch\u00fctzt.<\/li>\n<li><strong>Langlebige Konstruktion:<\/strong>\u00a0Der robuste Rahmen des Schranks wurde f\u00fcr die Anforderungen von stark frequentierten Umgebungen entwickelt und ist auf dauerhafte Zuverl\u00e4ssigkeit und Leistung ausgelegt.<\/li>\n<\/ul>\n<p>Durch die Integration dieser kritischen Funktionen in eine zentrale Einheit verwandelt dieses Secure UV Disinfecting Charging Cabinet das Ger\u00e4temanagement von einer t\u00e4glichen Aufgabe in einen nahtlosen, automatisierten Prozess. Es ist die perfekte L\u00f6sung, um Ordnung, Sicherheit und Sauberkeit in Ihr technisches \u00d6kosystem zu bringen.<\/p>","protected":false},"excerpt":{"rendered":"<div class=\"chat-turn-container model render cdk-focused cdk-mouse-focused\" tabindex=\"-1\">\n<div class=\"model-prompt-container\" data-turn-role=\"Model\">\n<div class=\"turn-content\">\n<p class=\"ng-star-inserted\"><span class=\"ng-star-inserted\">Dieser sichere Ladeschrank l\u00e4dt, lagert und desinfiziert mit UV-Licht bis zu 10 Ger\u00e4te. Es verf\u00fcgt \u00fcber eine One-Touch-Steuerung, ein Sicherheitsschloss mit Schl\u00fcssel und anpassbare Unterteilungen f\u00fcr Laptops, Tablets und mehr. Ein eingebautes K\u00fchlsystem verhindert \u00dcberhitzung.<\/span><\/p>\n<div class=\"turn-information ng-star-inserted\"><\/div>\n<\/div>\n<\/div>\n<\/div>\n<div class=\"chat-turn-container render user\" tabindex=\"-1\">\n<div class=\"actions-container\">\n<div class=\"actions hover-or-edit\">\n<div><\/div>\n<\/div>\n<\/div>\n<div class=\"user-prompt-container\" data-turn-role=\"User\">\n<div class=\"turn-content\"><\/div>\n<\/div>\n<\/div>","protected":false},"featured_media":2754,"template":"","meta":{"_kad_post_transparent":"default","_kad_post_title":"","_kad_post_layout":"default","_kad_post_sidebar_id":"","_kad_post_content_style":"default","_kad_post_vertical_padding":"default","_kad_post_feature":"","_kad_post_feature_position":"","_kad_post_header":false,"_kad_post_footer":false},"product_brand":[],"product_cat":[91],"product_tag":[122,144,276],"class_list":{"0":"post-1830","1":"product","2":"type-product","3":"status-publish","4":"has-post-thumbnail","6":"product_cat-charging-cabinets","7":"product_tag-charging-cabinet","8":"product_tag-secure-charging-station","9":"product_tag-uv-sanitizer","11":"first","12":"instock","13":"shipping-taxable","14":"product-type-simple","15":"entry","16":"content-bg","17":"loop-entry"},"_links":{"self":[{"href":"https:\/\/24smartcharge.com\/de\/wp-json\/wp\/v2\/product\/1830","targetHints":{"allow":["GET"]}}],"collection":[{"href":"https:\/\/24smartcharge.com\/de\/wp-json\/wp\/v2\/product"}],"about":[{"href":"https:\/\/24smartcharge.com\/de\/wp-json\/wp\/v2\/types\/product"}],"wp:featuredmedia":[{"embeddable":true,"href":"https:\/\/24smartcharge.com\/de\/wp-json\/wp\/v2\/media\/2754"}],"wp:attachment":[{"href":"https:\/\/24smartcharge.com\/de\/wp-json\/wp\/v2\/media?parent=1830"}],"wp:term":[{"taxonomy":"product_brand","embeddable":true,"href":"https:\/\/24smartcharge.com\/de\/wp-json\/wp\/v2\/product_brand?post=1830"},{"taxonomy":"product_cat","embeddable":true,"href":"https:\/\/24smartcharge.com\/de\/wp-json\/wp\/v2\/product_cat?post=1830"},{"taxonomy":"product_tag","embeddable":true,"href":"https:\/\/24smartcharge.com\/de\/wp-json\/wp\/v2\/product_tag?post=1830"}],"curies":[{"name":"wp","href":"https:\/\/api.w.org\/{rel}","templated":true}]}}