{"id":1794,"date":"2025-08-08T09:09:40","date_gmt":"2025-08-08T09:09:40","guid":{"rendered":"https:\/\/24smartcharge.com\/?post_type=product&#038;p=1794"},"modified":"2025-08-18T02:08:12","modified_gmt":"2025-08-18T02:08:12","slug":"locking-12-device-ac-charging-cabinet-with-uv-light","status":"publish","type":"product","link":"https:\/\/24smartcharge.com\/de\/locking-12-device-ac-charging-cabinet-with-uv-light\/","title":{"rendered":"Abschlie\u00dfbarer 12-Ger\u00e4te-AC-Ladeschrank mit UV-Licht"},"content":{"rendered":"<h1 id=\"secure-sanitize-and-supercharge-your-devices-with-the-ultimate-12-bay-charging-cabinet\">Sichern, desinfizieren und laden Sie Ihre Ger\u00e4te mit dem ultimativen 12-Fach-Ladeschrank<\/h1>\n<p>In jeder belebten Umgebung, von Klassenzimmern und B\u00fcros bis hin zu Kliniken und Einzelhandelsgesch\u00e4ften, kann die Verwaltung mehrerer elektronischer Ger\u00e4te schnell zu einer Herausforderung werden. Sie stehen vor einem Kabelsalat, der st\u00e4ndigen Suche nach verf\u00fcgbaren Steckdosen, dem Risiko von Besch\u00e4digung oder Diebstahl und wachsenden Bedenken hinsichtlich der Ger\u00e4tehygiene. Es ist an der Zeit, Ihre Arbeitsabl\u00e4ufe zu vereinfachen und Ordnung in das Chaos zu bringen.<\/p>\n<p>Einf\u00fchrung in die\u00a0<strong>Abschlie\u00dfbarer 12-Ger\u00e4te-AC-Ladeschrank mit UV-Licht<\/strong>die All-in-One-L\u00f6sung zum sicheren Aufladen, Aufbewahren und Reinigen von Tablets, Laptops und anderen elektronischen Ger\u00e4ten. Dieser benutzerfreundliche Schrank optimiert das Ger\u00e4temanagement und stellt sicher, dass Ihre wertvollen technischen Ger\u00e4te immer eingeschaltet, gesch\u00fctzt und einsatzbereit sind.<\/p>\n<h3 id=\"-key-features-and-benefits-\"><strong>Hauptmerkmale und Vorteile<\/strong><\/h3>\n<h4 id=\"-simultaneous-and-smart-charging-for-12-devices-\"><strong>Gleichzeitiges und intelligentes Aufladen f\u00fcr 12 Ger\u00e4te<\/strong><\/h4>\n<p>Vergessen Sie den Frust \u00fcber die Suche nach Mehrfachsteckdosen. Diese leistungsstarke\u00a0<strong>Ladeschrank<\/strong>\u00a0ist mit einer vorinstallierten Steckdosenleiste mit 12 Anschl\u00fcssen ausgestattet, an der Sie bis zu einem Dutzend Ger\u00e4te gleichzeitig aufladen k\u00f6nnen. Das universelle Design nimmt die Original-Netzteile f\u00fcr eine Vielzahl von Ger\u00e4ten auf, darunter iPads, Chromebooks, Laptops und mehr.<\/p>\n<p>Das Besondere daran ist die\u00a0<strong>Smart Charging Cycle<\/strong>. Sobald der Schrank an eine Steckdose angeschlossen ist, sorgt das intelligente Ladesystem f\u00fcr eine effiziente Stromverteilung. Dadurch wird eine \u00dcberlastung des Stromkreises verhindert, selbst wenn alle F\u00e4cher voll sind, und eine sichere und zuverl\u00e4ssige Ladung ist jederzeit gew\u00e4hrleistet. Mit der One-Touch-Aktivierung schlie\u00dfen Sie Ihre Ger\u00e4te einfach an und lassen den Schrank den Rest erledigen.<\/p>\n<h4 id=\"-charge-and-clean-integrated-uv-sanitization-\"><strong>Aufladen und Reinigen: Integrierte UV-Sanitisierung<\/strong><\/h4>\n<p>In der heutigen Welt ist Hygiene das A und O. Gemeinsam genutzte Ger\u00e4te k\u00f6nnen ein Hotspot f\u00fcr Keime und Bakterien sein. Unser innovatives\u00a0<strong>Ladeschrank<\/strong>\u00a0geht dieses Problem mit seiner \"Charge and Clean\"-Funktion direkt an. Ausgestattet mit einer leistungsstarken UV-C-Beleuchtung f\u00fchrt der Schrank einen Desinfektionszyklus durch, der dazu beitr\u00e4gt, Keime auf den Ger\u00e4teoberfl\u00e4chen zu beseitigen, w\u00e4hrend diese geladen werden. Dieser automatische Prozess ist in nur 5 Minuten abgeschlossen und f\u00f6rdert eine ges\u00fcndere Umgebung f\u00fcr Sch\u00fcler, Mitarbeiter und Kunden.<\/p>\n<h4 id=\"-uncompromising-security-and-durability-\"><strong>Kompromisslose Sicherheit und Langlebigkeit<\/strong><\/h4>\n<p>Sch\u00fctzen Sie Ihre Investition mit einem Schrank, der auf Sicherheit ausgelegt ist. Diese Ladestation aus robustem Edelstahl ist f\u00fcr den t\u00e4glichen Einsatz in stark frequentierten Bereichen ausgelegt. Die verst\u00e4rkte T\u00fcr verf\u00fcgt \u00fcber einen sicheren Schl\u00fcsselmechanismus, der sicherstellt, dass nur autorisiertes Personal auf die Ger\u00e4te im Inneren zugreifen kann. Das transparente Fenster an der T\u00fcr erm\u00f6glicht eine schnelle visuelle Bestandsaufnahme, ohne das Ger\u00e4t aufschlie\u00dfen zu m\u00fcssen, was nicht nur bequem ist, sondern auch Sicherheit bietet.<\/p>\n<h4 id=\"-organized-space-saving-design-\"><strong>Organisiertes, Platz sparendes Design<\/strong><\/h4>\n<p>Unordnung geh\u00f6rt der Vergangenheit an. Das Innere des Schranks ist mit gepolsterten Trennw\u00e4nden ausgestattet, die 12 einzelne F\u00e4cher schaffen, von denen jedes ger\u00e4umig genug ist, um ein Standard-Tablet oder einen Laptop aufzunehmen. Diese Trennw\u00e4nde sorgen nicht nur f\u00fcr Ordnung auf Ihren Ger\u00e4ten, sondern sch\u00fctzen sie auch vor Kratzern und Dellen.<\/p>\n<p>Mit Au\u00dfenma\u00dfen von 19,0 Zoll Breite, 14,0 Zoll H\u00f6he und 13,0 Zoll Tiefe ist dieses\u00a0<strong>Ladeschrank<\/strong>\u00a0zeichnet sich durch eine kompakte Stellfl\u00e4che aus. Dank ihres vielseitigen Designs kann sie auf einer Arbeitsplatte platziert oder sicher an der Wand befestigt werden, wodurch wertvoller Platz auf dem Boden oder Schreibtisch frei wird. Bel\u00fcftungs\u00f6ffnungen an den Seiten sorgen f\u00fcr einen kontinuierlichen Luftstrom und verhindern, dass die Ger\u00e4te w\u00e4hrend des Ladevorgangs \u00fcberhitzen.<\/p>\n<h3 id=\"-ideal-for-any-environment-\"><strong>Ideal f\u00fcr jede Umgebung<\/strong><\/h3>\n<ul>\n<li><strong>Bildungsinstitutionen:<\/strong>\u00a0Halten Sie Tablets und Laptops im Klassenzimmer aufgeladen, organisiert und bereit f\u00fcr jede Unterrichtsstunde. Die Verriegelungsfunktion verhindert Manipulationen und Diebstahl durch Sch\u00fcler.<\/li>\n<li><strong>B\u00fcror\u00e4ume und Unternehmen:<\/strong>\u00a0Schaffen Sie eine zentrale Ladestation f\u00fcr Firmenger\u00e4te. Stellen Sie sicher, dass die Mitarbeiter die f\u00fcr ihre Produktivit\u00e4t erforderlichen Ger\u00e4te zur Verf\u00fcgung haben, w\u00e4hrend das UV-Licht einen ges\u00fcnderen Arbeitsplatz f\u00f6rdert.<\/li>\n<li><strong>Einrichtungen des Gesundheitswesens:<\/strong>\u00a0Sicheres Laden und Desinfizieren von Tablets, die f\u00fcr die Patientenregistrierung, medizinische Aufzeichnungen und Kommunikation verwendet werden, um das Risiko einer Kreuzkontamination zu minimieren.<\/li>\n<li><strong>Einzelhandel und Gastgewerbe:<\/strong>\u00a0Bieten Sie eine sichere Ladel\u00f6sung f\u00fcr Mitarbeiter oder G\u00e4ste und verbessern Sie so den Service und die betriebliche Effizienz.<\/li>\n<\/ul>\n<h3 id=\"-product-specifications-at-a-glance-\"><strong>Produktspezifikationen auf einen Blick<\/strong><\/h3>\n<ul>\n<li><strong>Kapazit\u00e4t:<\/strong>\u00a0L\u00e4dt bis zu 12 Ger\u00e4te gleichzeitig auf.<\/li>\n<li><strong>Macht:<\/strong>\u00a0Integrierte AC-Steckdosenleiste mit 12 Anschl\u00fcssen.<\/li>\n<li><strong>Desinfektion:<\/strong>\u00a0Eingebautes UV-C-Licht zur Reinigung.<\/li>\n<li><strong>Sicherheit:<\/strong>\u00a0Stahlkonstruktion mit abschlie\u00dfbarer T\u00fcr.<\/li>\n<li><strong>Organisation:<\/strong>\u00a012 gepolsterte Innenteiler.<\/li>\n<li><strong>\u00c4u\u00dfere Abmessungen:<\/strong>\u00a019,0\u2033 B x 13,0\u2033 T x 14,0\u2033 H<\/li>\n<li><strong>Abmessungen der Innenfelder:<\/strong>\u00a018,7\u2033 W x 10,2\u2033 H<\/li>\n<li><strong>Montage:<\/strong>\u00a0Tisch- oder wandmontierbar.<\/li>\n<\/ul>","protected":false},"excerpt":{"rendered":"<div class=\"model-prompt-container\" data-turn-role=\"Model\">\n<div class=\"turn-content\">\n<p class=\"ng-star-inserted\"><span class=\"ng-star-inserted\">In diesem abschlie\u00dfbaren Ladeschrank k\u00f6nnen bis zu 12 Ger\u00e4te wie Tablets und Laptops sicher aufbewahrt und aufgeladen werden. Er verf\u00fcgt \u00fcber eine AC-Steckdosenleiste f\u00fcr universelles Aufladen und ein eingebautes UV-Licht, das die Ger\u00e4te w\u00e4hrend des Aufladens desinfiziert. Sein kompaktes, wandmontierbares Design spart Platz.<\/span><\/p>\n<div class=\"turn-information ng-star-inserted\"><\/div>\n<\/div>\n<\/div>\n<div class=\"turn-footer ng-star-inserted\"><\/div>","protected":false},"featured_media":2748,"template":"","meta":{"_kad_post_transparent":"default","_kad_post_title":"","_kad_post_layout":"default","_kad_post_sidebar_id":"","_kad_post_content_style":"default","_kad_post_vertical_padding":"default","_kad_post_feature":"","_kad_post_feature_position":"","_kad_post_header":false,"_kad_post_footer":false},"product_brand":[],"product_cat":[91],"product_tag":[122,144,276],"class_list":{"0":"post-1794","1":"product","2":"type-product","3":"status-publish","4":"has-post-thumbnail","6":"product_cat-charging-cabinets","7":"product_tag-charging-cabinet","8":"product_tag-secure-charging-station","9":"product_tag-uv-sanitizer","11":"first","12":"instock","13":"shipping-taxable","14":"product-type-simple","15":"entry","16":"content-bg","17":"loop-entry"},"_links":{"self":[{"href":"https:\/\/24smartcharge.com\/de\/wp-json\/wp\/v2\/product\/1794","targetHints":{"allow":["GET"]}}],"collection":[{"href":"https:\/\/24smartcharge.com\/de\/wp-json\/wp\/v2\/product"}],"about":[{"href":"https:\/\/24smartcharge.com\/de\/wp-json\/wp\/v2\/types\/product"}],"wp:featuredmedia":[{"embeddable":true,"href":"https:\/\/24smartcharge.com\/de\/wp-json\/wp\/v2\/media\/2748"}],"wp:attachment":[{"href":"https:\/\/24smartcharge.com\/de\/wp-json\/wp\/v2\/media?parent=1794"}],"wp:term":[{"taxonomy":"product_brand","embeddable":true,"href":"https:\/\/24smartcharge.com\/de\/wp-json\/wp\/v2\/product_brand?post=1794"},{"taxonomy":"product_cat","embeddable":true,"href":"https:\/\/24smartcharge.com\/de\/wp-json\/wp\/v2\/product_cat?post=1794"},{"taxonomy":"product_tag","embeddable":true,"href":"https:\/\/24smartcharge.com\/de\/wp-json\/wp\/v2\/product_tag?post=1794"}],"curies":[{"name":"wp","href":"https:\/\/api.w.org\/{rel}","templated":true}]}}