{"id":1792,"date":"2025-08-08T08:58:16","date_gmt":"2025-08-08T08:58:16","guid":{"rendered":"https:\/\/24smartcharge.com\/?post_type=product&#038;p=1792"},"modified":"2025-08-18T01:57:39","modified_gmt":"2025-08-18T01:57:39","slug":"16-device-fast-charging-pd-charging-cabinet","status":"publish","type":"product","link":"https:\/\/24smartcharge.com\/de\/16-device-fast-charging-pd-charging-cabinet\/","title":{"rendered":"PD-Ladeschrank f\u00fcr 16 Ger\u00e4te mit Schnellladefunktion"},"content":{"rendered":"<h2 id=\"the-ultimate-solution-for-device-management-the-16-device-fast-charging-pd-charging-cabinet\">Die ultimative L\u00f6sung f\u00fcr das Ger\u00e4temanagement: Der Schnelllade-PD-Ladeschrank f\u00fcr 16 Ger\u00e4te<\/h2>\n<p>In der heutigen schnelllebigen digitalen Welt, sei es in einem Klassenzimmer, im B\u00fcro oder im Einzelhandel, kann die Verwaltung mehrerer elektronischer Ger\u00e4te eine gro\u00dfe Herausforderung darstellen. Den \u00dcberblick \u00fcber Tablets, Laptops und Telefone zu behalten, daf\u00fcr zu sorgen, dass sie immer aufgeladen sind, und ihre Sicherheit und Sauberkeit aufrechtzuerhalten, ist ein Vollzeitjob. Hier kommt die\u00a0<strong>PD-Ladeschrank f\u00fcr 16 Ger\u00e4te mit Schnellladefunktion<\/strong>\u00a0ver\u00e4ndert Ihre Arbeitsabl\u00e4ufe und bietet eine zentralisierte, sichere und hocheffiziente L\u00f6sung zur Versorgung und zum Schutz Ihrer wertvollen technischen Anlagen. Diese robuste und intelligent konzipierte\u00a0<strong>Ladeschrank<\/strong>\u00a0ist mehr als nur eine Stromquelle; es ist ein umfassendes System, das f\u00fcr Komfort, Sicherheit und moderne Bed\u00fcrfnisse entwickelt wurde.<\/p>\n<h3 id=\"centralized-power-and-organization\">Zentralisierte Macht und Organisation<\/h3>\n<p>Verabschieden Sie sich von un\u00fcbersichtlichen Schreibtischen, verhedderten Kabeln und der st\u00e4ndigen Suche nach freien Steckdosen. Dieses\u00a0<strong>Ladeschrank<\/strong>\u00a0bietet Platz f\u00fcr bis zu 16 Ger\u00e4te, die in einzelnen, nummerierten F\u00e4chern untergebracht werden k\u00f6nnen. Sein durchdachtes Design mit einer Breite von 28,0 Zoll, einer H\u00f6he von 15,7 Zoll und einer Tiefe von 17,3 Zoll bietet eine L\u00f6sung mit hoher Kapazit\u00e4t und einer \u00fcberraschend kompakten Grundfl\u00e4che, so dass es leicht auf einer Arbeitsplatte platziert oder an einem bestimmten Ort gesichert werden kann. Die robusten, abschlie\u00dfbaren Frontt\u00fcren bieten eine wichtige Sicherheitsschicht, die Ihnen die Gewissheit gibt, dass Ihre Ger\u00e4te vor Diebstahl oder unbefugter Nutzung gesch\u00fctzt sind. Die eindeutige Nummerierung \u00fcber jedem Steckplatz macht die Ger\u00e4teverwaltung m\u00fchelos, so dass die Benutzer das ihnen zugewiesene Ger\u00e4t schnell identifizieren und ohne Verwirrung abrufen k\u00f6nnen.<\/p>\n<h3 id=\"advanced-fast-charging-with-smart-technology\">Fortschrittliches Schnellladen mit intelligenter Technologie<\/h3>\n<p>Das Herzst\u00fcck dieser\u00a0<strong>Ladeschrank<\/strong>\u00a0ist ein leistungsstarker und intelligenter PD-Hub f\u00fcr Schnellladungen. \"PD, oder Power Delivery, ist ein hochmoderner Ladestandard, der mit jedem angeschlossenen Ger\u00e4t kommuniziert, um genau die Energiemenge zu liefern, die es braucht, um so schnell und sicher wie m\u00f6glich zu laden. Das bedeutet, dass Ihre Ger\u00e4te - von Smartphones bis hin zu Tablets - im Vergleich zu Standard-Ladeger\u00e4ten in einem Bruchteil der Zeit aufgeladen werden, wodurch Ausfallzeiten minimiert und die Produktivit\u00e4t maximiert werden.<\/p>\n<p>Au\u00dferdem verf\u00fcgt der Schrank \u00fcber eine\u00a0<strong>Smart Charging Cycle<\/strong>. Wenn es an eine einzige Steckdose angeschlossen wird, verwaltet es auf intelligente Weise die Stromverteilung an alle 16 Anschl\u00fcsse. Dieses ausgekl\u00fcgelte System verhindert das Risiko einer \u00dcberlastung des Stromkreises, ein h\u00e4ufiges Problem beim Versuch, viele Ger\u00e4te gleichzeitig zu laden. Es gew\u00e4hrleistet eine stabile und effiziente Ladung f\u00fcr jedes Ger\u00e4t, ohne dass komplexe elektrische Einrichtungen erforderlich sind oder man sich Sorgen machen muss, eine Sicherung auszul\u00f6sen.<\/p>\n<h3 id=\"uncompromising-safety-and-durability\">Kompromisslose Sicherheit und Langlebigkeit<\/h3>\n<p>Das gleichzeitige Aufladen zahlreicher hochwertiger elektronischer Ger\u00e4te erfordert ein besonderes Augenmerk auf die Sicherheit. Diese\u00a0<strong>Ladeschrank<\/strong>\u00a0ist mit mehreren Schutzschichten ausgestattet, um sowohl die Benutzer als auch die Ger\u00e4te im Inneren zu sch\u00fctzen.<\/p>\n<ul>\n<li><strong>Intuitives K\u00fchlsystem:<\/strong>\u00a0Hitze ist der Feind der Elektronik. Der Schrank ist mit einem fortschrittlichen K\u00fchlsystem ausgestattet, das \u00fcber gro\u00dfz\u00fcgige L\u00fcftungsschlitze an der Oberseite, den T\u00fcren und den Seiten verf\u00fcgt, um einen konstanten Luftstrom zu gew\u00e4hrleisten. Dadurch wird verhindert, dass die Ger\u00e4te w\u00e4hrend des Ladezyklus \u00fcberhitzen, was ihre internen Komponenten sch\u00fctzt und ihre Lebensdauer verl\u00e4ngert.<\/li>\n<li><strong>Spannungsschutz:<\/strong>\u00a0Der interne Schaltkreis bietet einen robusten Schutz gegen \u00dcberspannungen, Spannungsschwankungen und Kurzschl\u00fcsse. Diese Funktion wirkt wie ein Schutzschild f\u00fcr Ihre empfindliche Elektronik und sorgt daf\u00fcr, dass sie jederzeit sauber und stabil mit Strom versorgt wird.<\/li>\n<li><strong>Langlebige Konstruktion:<\/strong>\u00a0Diese aus Edelstahl gefertigte Ladestation ist f\u00fcr den t\u00e4glichen Einsatz in stark frequentierten Umgebungen konzipiert. Ihre solide Konstruktion, der sichere Verriegelungsmechanismus und die stabilen F\u00fc\u00dfe sorgen daf\u00fcr, dass sie \u00fcber Jahre hinweg ein zuverl\u00e4ssiger Teil Ihrer technischen Infrastruktur bleibt.<\/li>\n<\/ul>\n<h3 id=\"innovative-charge-and-clean-technology\">Innovative \"Charge and Clean\"-Technologie<\/h3>\n<p>In einer Zeit, in der Hygiene wichtiger ist als je zuvor, ist diese\u00a0<strong>Ladeschrank<\/strong>\u00a0stellt eine bahnbrechende\u00a0<strong>Aufladen und Reinigen<\/strong>\u00a0Funktion. Gemeinsam genutzte Ger\u00e4te k\u00f6nnen eine Brutst\u00e4tte f\u00fcr Keime und Bakterien sein. Um dem entgegenzuwirken, ist der Schrank mit einer leistungsstarken UV-Beleuchtung ausgestattet. W\u00e4hrend Ihre Ger\u00e4te aufgeladen werden, macht sich das UV-Reinigungssystem an die Arbeit und reinigt die Oberfl\u00e4chen Ihrer Ger\u00e4te in nur f\u00fcnf Minuten. Dieser Prozess tr\u00e4gt dazu bei, sch\u00e4dliche Krankheitserreger ohne den Einsatz von scharfen Chemikalien zu beseitigen, und sorgt so f\u00fcr eine ges\u00fcndere Umgebung f\u00fcr Sch\u00fcler, Mitarbeiter und Kunden. Es handelt sich um eine nahtlose Zwei-in-Eins-L\u00f6sung, die Ihre Technik ohne zus\u00e4tzlichen Aufwand desinfiziert.<\/p>\n<h3 id=\"designed-for-simplicity-and-ease-of-use\">Entwickelt f\u00fcr Einfachheit und Benutzerfreundlichkeit<\/h3>\n<p>Trotz seiner fortschrittlichen Funktionen ist dieses\u00a0<strong>Ladeschrank<\/strong>\u00a0ist unglaublich einfach zu bedienen. Das gesamte System ist auf \"Plug-and-Play\"-Funktionalit\u00e4t ausgelegt. Es gibt keine komplizierten Programme einzurichten oder Einstellungen zu konfigurieren. Stellen Sie Ihre Ger\u00e4te einfach in die Sch\u00e4chte, schlie\u00dfen Sie sie an die entsprechenden Anschl\u00fcsse an, schlie\u00dfen Sie die T\u00fcren und schalten Sie den Hauptschalter ein, der sich bequem auf der R\u00fcckseite befindet. Der Schrank k\u00fcmmert sich um den Rest, von der Initiierung des intelligenten Ladezyklus bis hin zur sicheren und effizienten Stromversorgung aller Ger\u00e4te. Seitliche Griffe erleichtern die Positionierung und das Verschieben des Schranks, was ihn insgesamt noch komfortabler macht.<\/p>\n<p>Diese\u00a0<strong>PD-Ladeschrank f\u00fcr 16 Ger\u00e4te mit Schnellladefunktion<\/strong>\u00a0ist die endg\u00fcltige All-in-One-L\u00f6sung f\u00fcr jedes Unternehmen, das sein Ger\u00e4temanagement rationalisieren m\u00f6chte. Sie bietet eine \u00fcberragende Ladegeschwindigkeit, intelligentes Energiemanagement, erstklassige Sicherheit und den zus\u00e4tzlichen Vorteil der UV-Sanitisierung - und das alles in einem langlebigen und benutzerfreundlichen Design. Investieren Sie in Effizienz, Sicherheit und Seelenfrieden.<\/p>","protected":false},"excerpt":{"rendered":"<div class=\"chat-container\">\n<div class=\"chat-view-container ng-star-inserted\">\n<div>\n<div class=\"chat-turn-container model render cdk-focused cdk-mouse-focused\" tabindex=\"-1\">\n<div class=\"model-prompt-container\" data-turn-role=\"Model\">\n<div class=\"turn-content\">\n<p class=\"ng-star-inserted\"><span class=\"ng-star-inserted\">In dieser benutzerfreundlichen Ladestation k\u00f6nnen bis zu 16 Ger\u00e4te gleichzeitig sicher aufbewahrt und schnell aufgeladen werden. Sein intelligenter Ladezyklus, die Sicherheitsfunktionen und die UV-Reinigung machen ihn zu einer effizienten und einfachen L\u00f6sung. Schlie\u00dfen Sie Ihre Ger\u00e4te einfach an, um sie schnell aufzuladen und zu desinfizieren.<\/span><\/p>\n<\/div>\n<\/div>\n<\/div>\n<\/div>\n<\/div>\n<\/div>","protected":false},"featured_media":2743,"template":"","meta":{"_kad_post_transparent":"default","_kad_post_title":"","_kad_post_layout":"default","_kad_post_sidebar_id":"","_kad_post_content_style":"default","_kad_post_vertical_padding":"default","_kad_post_feature":"","_kad_post_feature_position":"","_kad_post_header":false,"_kad_post_footer":false},"product_brand":[],"product_cat":[91],"product_tag":[275,122,274],"class_list":{"0":"post-1792","1":"product","2":"type-product","3":"status-publish","4":"has-post-thumbnail","6":"product_cat-charging-cabinets","7":"product_tag-16-device-capacity","8":"product_tag-charging-cabinet","9":"product_tag-uv-cleaning","11":"first","12":"instock","13":"shipping-taxable","14":"product-type-simple","15":"entry","16":"content-bg","17":"loop-entry"},"_links":{"self":[{"href":"https:\/\/24smartcharge.com\/de\/wp-json\/wp\/v2\/product\/1792","targetHints":{"allow":["GET"]}}],"collection":[{"href":"https:\/\/24smartcharge.com\/de\/wp-json\/wp\/v2\/product"}],"about":[{"href":"https:\/\/24smartcharge.com\/de\/wp-json\/wp\/v2\/types\/product"}],"wp:featuredmedia":[{"embeddable":true,"href":"https:\/\/24smartcharge.com\/de\/wp-json\/wp\/v2\/media\/2743"}],"wp:attachment":[{"href":"https:\/\/24smartcharge.com\/de\/wp-json\/wp\/v2\/media?parent=1792"}],"wp:term":[{"taxonomy":"product_brand","embeddable":true,"href":"https:\/\/24smartcharge.com\/de\/wp-json\/wp\/v2\/product_brand?post=1792"},{"taxonomy":"product_cat","embeddable":true,"href":"https:\/\/24smartcharge.com\/de\/wp-json\/wp\/v2\/product_cat?post=1792"},{"taxonomy":"product_tag","embeddable":true,"href":"https:\/\/24smartcharge.com\/de\/wp-json\/wp\/v2\/product_tag?post=1792"}],"curies":[{"name":"wp","href":"https:\/\/api.w.org\/{rel}","templated":true}]}}