{"id":1786,"date":"2025-08-08T08:28:55","date_gmt":"2025-08-08T08:28:55","guid":{"rendered":"https:\/\/24smartcharge.com\/?post_type=product&#038;p=1786"},"modified":"2025-08-18T01:50:10","modified_gmt":"2025-08-18T01:50:10","slug":"30-device-uv-sanitizing-ac-charging-cabinet","status":"publish","type":"product","link":"https:\/\/24smartcharge.com\/de\/30-device-uv-sanitizing-ac-charging-cabinet\/","title":{"rendered":"30-Ger\u00e4te UV-Sanitizing AC-Ladekabine"},"content":{"rendered":"<h1 id=\"the-ultimate-solution-for-device-management-the-30-device-uv-sanitizing-ac-charging-cabinet\">Die ultimative L\u00f6sung f\u00fcr das Ger\u00e4temanagement: Der UV-Ladeschrank mit 30 Ger\u00e4ten zur Reinigung von AC-Ladeger\u00e4ten<\/h1>\n<p>In der heutigen schnelllebigen, technologiegetriebenen Welt ist die Verwaltung einer Flotte von Tablets, Laptops und anderen elektronischen Ger\u00e4ten eine gro\u00dfe Herausforderung f\u00fcr Schulen, B\u00fcros, Gesundheitseinrichtungen und alle Organisationen, die auf gemeinsam genutzte Technologie angewiesen sind. Es kann ein logistischer Albtraum sein, die Ger\u00e4te aufgeladen, organisiert, sicher und hygienisch zu halten. Diese\u00a0<strong>Ladeschrank<\/strong>\u00a0wurde entwickelt, um all diese Probleme in einer eleganten, mobilen und hocheffizienten L\u00f6sung zu l\u00f6sen. Er wurde entwickelt, um bis zu 30 Ger\u00e4te gleichzeitig sicher aufzubewahren, aufzuladen und zu desinfizieren. Er ist das unverzichtbare Werkzeug, um Ihren technischen Arbeitsablauf zu rationalisieren und sicherzustellen, dass Ihre Ger\u00e4te immer einsatzbereit und sicher sind.<\/p>\n<h2 id=\"effortless-charging-for-maximum-productivity\">M\u00fchelose Aufladung f\u00fcr maximale Produktivit\u00e4t<\/h2>\n<p>Verabschieden Sie sich von verhedderten Kabeln, belegten Steckdosen und dem Chaos beim Aufladen mehrerer Ger\u00e4te. Dieses\u00a0<strong>Ladeschrank<\/strong>\u00a0ist ein zentraler und organisierter Knotenpunkt f\u00fcr all Ihre Ladeanforderungen.<\/p>\n<ul>\n<li><strong>Aufladen mit hoher Kapazit\u00e4t:<\/strong>\u00a0Ausgestattet mit 30 Steckdosen kann der Schrank bis zu 30 Ger\u00e4te gleichzeitig mit Strom versorgen, von Tablets und Chromebooks bis hin zu kleinen Laptops. Das Innere des Schranks ist mit 30 einzelnen F\u00e4chern durchdacht gestaltet, die jeweils \u00fcber eine eigene Stromquelle verf\u00fcgen, sodass jedes Ger\u00e4t seinen eigenen Platz hat.<\/li>\n<li><strong>Smart Charging Cycle:<\/strong>\u00a0Das wichtigste Merkmal des Stromsystems ist die intelligente Ladetechnologie. Wenn Sie den Wagen an eine einzige Steckdose anschlie\u00dfen, verwaltet er automatisch die Stromverteilung an alle angeschlossenen Ger\u00e4te. Dadurch wird eine \u00dcberlastung des Stromkreises verhindert, was ein h\u00e4ufiges Risiko beim gleichzeitigen Laden vieler Ger\u00e4te mit hohem Stromverbrauch ist. Dieses intelligente System bietet auch einen Spannungsschutz und f\u00f6rdert einen Ladezyklus, der die Lebensdauer der Batterie verl\u00e4ngert und einen effizienteren und sichereren Ladevorgang f\u00fcr alle Ihre wertvollen Ger\u00e4te gew\u00e4hrleistet.<\/li>\n<li><strong>Einfachheit mit einem Tastendruck:<\/strong>\u00a0Die Bedienung dieser\u00a0<strong>Ladeschrank<\/strong>\u00a0ist denkbar einfach. Mit einem Tastendruck wird der Ladevorgang f\u00fcr alle angeschlossenen Ger\u00e4te gestartet. Es sind keine komplizierten Einstellungen oder Programmierungen erforderlich. Schlie\u00dfen Sie Ihre Ger\u00e4te einfach an, dr\u00fccken Sie eine Taste und gehen Sie weg - in der Gewissheit, dass alles aufgeladen und f\u00fcr den n\u00e4chsten Tag bereit ist.<\/li>\n<\/ul>\n<h2 id=\"advanced-uv-sanitization-for-a-healthier-environment\">Fortschrittliche UV-Desinfektion f\u00fcr eine ges\u00fcndere Umwelt<\/h2>\n<p>In einer Zeit, in der Hygiene wichtiger ist als je zuvor, ist diese\u00a0<strong>Ladeschrank<\/strong>\u00a0geht \u00fcber einfaches Aufladen hinaus. Es verf\u00fcgt \u00fcber eine leistungsstarke UV-C-Sanitizing-Technologie, die daf\u00fcr sorgt, dass Ihre Ger\u00e4te nicht nur mit Strom versorgt werden, sondern auch sauber sind.<\/p>\n<ul>\n<li><strong>Gleichzeitiges Aufladen und Reinigen:<\/strong>\u00a0Ber\u00fchrungsintensive Oberfl\u00e4chen wie Tastaturen, Bildschirme und Ger\u00e4tegeh\u00e4use sind Brutst\u00e4tten f\u00fcr Keime. Dieser Schrank verf\u00fcgt \u00fcber eine integrierte UV-Beleuchtung, die ihre Arbeit aufnimmt, sobald Ihre Ger\u00e4te eingelagert werden.<\/li>\n<li><strong>Schnell und wirkungsvoll:<\/strong>\u00a0Der UV-Desinfektionszyklus ist bemerkenswert schnell und reinigt die Oberfl\u00e4chen Ihrer Gegenst\u00e4nde in nur f\u00fcnf Minuten. Dieser Prozess tr\u00e4gt dazu bei, das Vorhandensein von Keimen und Bakterien zu reduzieren und so eine ges\u00fcndere Umgebung f\u00fcr Sch\u00fcler, Angestellte und Kunden zu schaffen. Es bietet ein beruhigendes Gef\u00fchl und eine zus\u00e4tzliche Schutzschicht in jedem gemeinsam genutzten Raum.<\/li>\n<\/ul>\n<h2 id=\"robust-security-and-durable-design\">Robuste Sicherheit und langlebiges Design<\/h2>\n<p>Der Schutz Ihrer Investition ist von gr\u00f6\u00dfter Bedeutung. Diese\u00a0<strong>Ladeschrank<\/strong>\u00a0ist auf Sicherheit und Langlebigkeit ausgelegt, damit Ihre Ger\u00e4te vor Diebstahl und Besch\u00e4digung gesch\u00fctzt sind.<\/p>\n<ul>\n<li><strong>Solide Konstruktion:<\/strong>\u00a0Das Geh\u00e4use ist aus hochwertigem Stahl gefertigt und bietet ein robustes und langlebiges Geh\u00e4use, das den Anforderungen des t\u00e4glichen Gebrauchs in stark frequentierten Umgebungen standh\u00e4lt. Sein stabiler Rahmen sorgt f\u00fcr dauerhafte Zuverl\u00e4ssigkeit.<\/li>\n<li><strong>Sicheres Verschlusssystem:<\/strong>\u00a0Die T\u00fcr ist mit einem sicheren Verriegelungsmechanismus ausgestattet, um unbefugten Zugriff zu verhindern. So k\u00f6nnen Sie wertvolle Ger\u00e4te \u00fcber Nacht oder in ungesicherten Bereichen sicher aufbewahren. (Bitte beachten Sie, dass die Schl\u00f6sser nicht im Lieferumfang enthalten sind, so dass Sie eine Schlie\u00dfl\u00f6sung w\u00e4hlen k\u00f6nnen, die Ihren Sicherheitsanforderungen am besten entspricht).<\/li>\n<li><strong>Bel\u00fcftet f\u00fcr Sicherheit:<\/strong>\u00a0Hitze ist der Feind der Elektronik. Um eine optimale Leistung und Langlebigkeit zu gew\u00e4hrleisten, verf\u00fcgt der Schrank \u00fcber strategisch platzierte Bel\u00fcftungsl\u00f6cher in den T\u00fcren und Paneelen. Dieses passive K\u00fchlsystem arbeitet mit der intuitiven internen K\u00fchlung des Wagens zusammen, um die w\u00e4hrend des Ladevorgangs entstehende W\u00e4rme abzuleiten und eine \u00dcberhitzung der Ger\u00e4te zu verhindern.<\/li>\n<\/ul>\n<h2 id=\"designed-for-mobility-and-convenience\">Entwickelt f\u00fcr Mobilit\u00e4t und Bequemlichkeit<\/h2>\n<p>Diese\u00a0<strong>Ladeschrank<\/strong>\u00a0ist nicht nur eine station\u00e4re Box, sondern eine vollst\u00e4ndig mobile Workstation, die so konzipiert ist, dass sie \u00fcberall dort eingesetzt werden kann, wo Sie sie am meisten brauchen.<\/p>\n<ul>\n<li><strong>M\u00fchelose Bef\u00f6rderung:<\/strong>\u00a0Mit seinen vier hochbelastbaren Rollen gleitet der Schrank problemlos \u00fcber verschiedene Bodenbel\u00e4ge. Ein komfortabler, ergonomischer Griff sorgt f\u00fcr ausgezeichnete Griffigkeit und Kontrolle und erleichtert das Navigieren in Fluren, T\u00fcr\u00f6ffnungen und Klassenzimmern. Noch nie war es so einfach, einen kompletten Satz von 30 Ger\u00e4ten von einem Lagerraum in mehrere Klassenzimmer zu transportieren.<\/li>\n<li><strong>Sauber und organisiert:<\/strong>\u00a0Die Inneneinteilung trennt und sch\u00fctzt nicht nur jedes Ger\u00e4t, sondern sorgt mit dem integrierten Kabelmanagementsystem auch daf\u00fcr, dass die Kabel ordentlich und entwirrt bleiben. Diese sorgf\u00e4ltige Organisation macht es einfach, Ger\u00e4te schnell und problemlos anzuschlie\u00dfen und zu entfernen.<\/li>\n<\/ul>\n<h3 id=\"-product-summary-\"><strong>Produkt-Zusammenfassung<\/strong><\/h3>\n<ul>\n<li><strong>Kapazit\u00e4t:<\/strong>\u00a0Speichert und l\u00e4dt bis zu 30 Ger\u00e4te.<\/li>\n<li><strong>Macht:<\/strong>\u00a0Verf\u00fcgt \u00fcber 30 AC-Steckdosen mit Smart-Cycle-Ladefunktion, die eine \u00dcberlastung verhindert.<\/li>\n<li><strong>Desinfektion:<\/strong>\u00a0Ausgestattet mit UV-Beleuchtung zur Desinfektion der Ger\u00e4te w\u00e4hrend des Ladevorgangs.<\/li>\n<li><strong>Sicherheit:<\/strong>\u00a0Langlebige Stahlkonstruktion mit einer sicheren, abschlie\u00dfbaren T\u00fcr.<\/li>\n<li><strong>Mobilit\u00e4t:<\/strong>\u00a0Mit Schiebegriff und vier Lenkrollen f\u00fcr den einfachen Transport.<\/li>\n<li><strong>Abmessungen:<\/strong>\u00a023,1 Zoll (B) x 25,9 Zoll (T) x 37 Zoll (H)<\/li>\n<li><strong>Gewicht:<\/strong>\u00a097 lb<\/li>\n<li><strong>Eingang\/Ausgang:<\/strong>\u00a0100-120V AC, 50\/60Hz, 12A<\/li>\n<\/ul>\n<h3 id=\"-what-s-in-the-box-\"><strong>Was ist in der Box?<\/strong><\/h3>\n<ul>\n<li>1x Ladewagen<\/li>\n<li>1x Handgriff<\/li>\n<li>4x R\u00e4der<\/li>\n<li>1x AC-Netzkabel<\/li>\n<li>30x Buchten<\/li>\n<\/ul>","protected":false},"excerpt":{"rendered":"<div class=\"chat-container\">\n<div class=\"chat-view-container ng-star-inserted\">\n<div>\n<div class=\"chat-turn-container model render cdk-focused cdk-mouse-focused\" tabindex=\"-1\">\n<div class=\"model-prompt-container\" data-turn-role=\"Model\">\n<div class=\"turn-content\">\n<p class=\"ng-star-inserted\"><span class=\"ng-star-inserted\">Dieser sichere und mobile Ladeschrank speichert und l\u00e4dt bis zu 30 Ger\u00e4te gleichzeitig. Er verf\u00fcgt \u00fcber AC-Steckdosen, einen intelligenten Ladezyklus zur Vermeidung von \u00dcberlastungen und eine integrierte UV-Beleuchtung zur Desinfektion der Ger\u00e4te w\u00e4hrend des Ladevorgangs, was ihn zu einer effizienten L\u00f6sung f\u00fcr die Verwaltung von Elektronik macht.<\/span><\/p>\n<div class=\"turn-information ng-star-inserted\"><\/div>\n<\/div>\n<\/div>\n<div class=\"turn-footer ng-star-inserted\"><\/div>\n<\/div>\n<\/div>\n<\/div>\n<\/div>\n<footer class=\"not-zero-state ng-star-inserted\">\n<div class=\"mat-mdc-tooltip-trigger prompt-input-wrapper\">\n<div>\n<div class=\"prompt-input-wrapper-container\">\n<div class=\"text-wrapper\">\n<section class=\"text-and-attachments-wrapper\">\n<div class=\"text-input-wrapper\"><\/div>\n<\/section>\n<\/div>\n<\/div>\n<\/div>\n<\/div>\n<\/footer>","protected":false},"featured_media":2742,"template":"","meta":{"_kad_post_transparent":"default","_kad_post_title":"","_kad_post_layout":"default","_kad_post_sidebar_id":"","_kad_post_content_style":"default","_kad_post_vertical_padding":"default","_kad_post_feature":"","_kad_post_feature_position":"","_kad_post_header":false,"_kad_post_footer":false},"product_brand":[],"product_cat":[91],"product_tag":[273,122,272],"class_list":{"0":"post-1786","1":"product","2":"type-product","3":"status-publish","4":"has-post-thumbnail","6":"product_cat-charging-cabinets","7":"product_tag-30-device-storage","8":"product_tag-charging-cabinet","9":"product_tag-uv-sanitizing-cart","11":"first","12":"instock","13":"shipping-taxable","14":"product-type-simple","15":"entry","16":"content-bg","17":"loop-entry"},"_links":{"self":[{"href":"https:\/\/24smartcharge.com\/de\/wp-json\/wp\/v2\/product\/1786","targetHints":{"allow":["GET"]}}],"collection":[{"href":"https:\/\/24smartcharge.com\/de\/wp-json\/wp\/v2\/product"}],"about":[{"href":"https:\/\/24smartcharge.com\/de\/wp-json\/wp\/v2\/types\/product"}],"wp:featuredmedia":[{"embeddable":true,"href":"https:\/\/24smartcharge.com\/de\/wp-json\/wp\/v2\/media\/2742"}],"wp:attachment":[{"href":"https:\/\/24smartcharge.com\/de\/wp-json\/wp\/v2\/media?parent=1786"}],"wp:term":[{"taxonomy":"product_brand","embeddable":true,"href":"https:\/\/24smartcharge.com\/de\/wp-json\/wp\/v2\/product_brand?post=1786"},{"taxonomy":"product_cat","embeddable":true,"href":"https:\/\/24smartcharge.com\/de\/wp-json\/wp\/v2\/product_cat?post=1786"},{"taxonomy":"product_tag","embeddable":true,"href":"https:\/\/24smartcharge.com\/de\/wp-json\/wp\/v2\/product_tag?post=1786"}],"curies":[{"name":"wp","href":"https:\/\/api.w.org\/{rel}","templated":true}]}}