{"id":1777,"date":"2025-08-08T08:22:56","date_gmt":"2025-08-08T08:22:56","guid":{"rendered":"https:\/\/24smartcharge.com\/?post_type=product&#038;p=1777"},"modified":"2025-08-18T01:44:55","modified_gmt":"2025-08-18T01:44:55","slug":"uv-disinfecting-charging-cabinet-for-30-devices","status":"publish","type":"product","link":"https:\/\/24smartcharge.com\/de\/uv-disinfecting-charging-cabinet-for-30-devices\/","title":{"rendered":"UV-Desinfektions-Ladeschrank f\u00fcr 30 Ger\u00e4te"},"content":{"rendered":"<h3 id=\"-streamline-your-device-management-with-the-advanced-uv-disinfecting-charging-cabinet-\"><strong>Optimieren Sie Ihr Ger\u00e4temanagement mit dem fortschrittlichen UV-Desinfektions-Ladeschrank<\/strong><\/h3>\n<p>In der heutigen schnelllebigen, technologiegesteuerten Welt kann die Verwaltung mehrerer Ger\u00e4te in einem schulischen oder beruflichen Umfeld eine gro\u00dfe Herausforderung darstellen. Es muss sichergestellt werden, dass Laptops, Tablets und Telefone nicht nur vollst\u00e4ndig aufgeladen und sicher aufbewahrt werden, sondern auch hygienisch sauber sind. Dieser UV-Desinfektions-Ladeschrank ist eine All-in-One-L\u00f6sung, die diesen modernen Anforderungen gerecht wird. Er kann bis zu 30 Ger\u00e4te gleichzeitig aufladen, aufbewahren und desinfizieren. Seine robuste Konstruktion und intelligenten Funktionen machen ihn zu einem unverzichtbaren Werkzeug f\u00fcr Schulen, B\u00fcros, Gesundheitseinrichtungen und jede Umgebung, in der mehrere Ger\u00e4te st\u00e4ndig in Gebrauch sind.<\/p>\n<h3 id=\"-effortless-operation-and-intelligent-charging-\"><strong>M\u00fchelose Bedienung und intelligentes Aufladen<\/strong><\/h3>\n<p>Einfachheit und Effizienz stehen im Mittelpunkt des Designs dieses Ladeschranks. Ein einziger Tastendruck gen\u00fcgt, um sowohl den Lade- als auch den Desinfektionszyklus zu starten, was ihn unglaublich benutzerfreundlich macht. Sie haben die M\u00f6glichkeit, diese Zyklen an Ihre speziellen Bed\u00fcrfnisse anzupassen oder den \"kontinuierlichen, intelligenten Lademodus\" zu aktivieren. Diese intelligente Funktion priorisiert die Ger\u00e4te mit dem niedrigsten Batteriestand und sorgt daf\u00fcr, dass sie so schnell wie m\u00f6glich wieder einsatzbereit sind.<\/p>\n<p>Der Ladevorgang selbst ist sehr anpassungsf\u00e4hig. Sie k\u00f6nnen Ladeintervalle in Schritten von einer Stunde bis zu 24 Stunden einstellen. F\u00fcr einen direkteren Ansatz halten Sie die Einschalttaste drei Sekunden lang gedr\u00fcckt, um den kontinuierlichen Lademodus zu aktivieren, der ununterbrochen Strom liefert, bis jedes Ger\u00e4t 100% aufgeladen ist. Diese Vielseitigkeit stellt sicher, dass Ihre Ger\u00e4te immer eingeschaltet und f\u00fcr die Anforderungen des Tages ger\u00fcstet sind.<\/p>\n<h3 id=\"-advanced-uv-c-disinfection-for-a-healthier-environment-\"><strong>Fortschrittliche UV-C-Desinfektion f\u00fcr eine ges\u00fcndere Umwelt<\/strong><\/h3>\n<p>In einer Zeit, in der Hygiene wichtiger denn je ist, bietet dieser Ladeschrank eine leistungsstarke L\u00f6sung zur Bek\u00e4mpfung der Verbreitung von Keimen. Er enth\u00e4lt eine UV-C-Lichttechnologie zur Desinfektion der Oberfl\u00e4chen der darin aufbewahrten Ger\u00e4te. UV-C-Licht ist eine bew\u00e4hrte Methode zur Beseitigung einer Vielzahl von Bakterien und Viren, indem es deren DNA aufbricht und sie unsch\u00e4dlich macht. Dieser nicht-chemische Reinigungsprozess gibt die Gewissheit, dass die Ger\u00e4te, die gemeinsam genutzt und gehandhabt werden, regelm\u00e4\u00dfig desinfiziert werden, was zu einer ges\u00fcnderen Umgebung f\u00fcr Studenten, Mitarbeiter und Kunden beitr\u00e4gt.<\/p>\n<h3 id=\"-safety-as-a-top-priority-\"><strong>Sicherheit als oberste Priorit\u00e4t<\/strong><\/h3>\n<p>Das Design dieses Ladeschranks umfasst mehrere wichtige Sicherheitsfunktionen, um sowohl den Benutzer als auch die darin befindlichen Ger\u00e4te zu sch\u00fctzen. Ein intuitives K\u00fchlsystem ist eingebaut, um eine \u00dcberhitzung zu verhindern, selbst wenn der Schrank voll beladen ist und alle Ger\u00e4te gleichzeitig geladen werden. Au\u00dferdem bietet es einen Spannungsschutz, um Ihre wertvolle Elektronik vor \u00dcberspannungen zu sch\u00fctzen.<\/p>\n<p>Eine wichtige Sicherheitsma\u00dfnahme ist die automatische Abschaltung der UV-C-Beleuchtung. Die UV-C-Lampen schalten sich sofort aus, wenn die Schrankt\u00fcren ge\u00f6ffnet werden, um eine versehentliche Exposition gegen\u00fcber den UV-Strahlen zu verhindern. Diese durchdachte Funktion stellt sicher, dass die starken desinfizierenden Eigenschaften des UV-C-Lichts nur aktiv sind, wenn der Schrank sicher geschlossen ist.<\/p>\n<h3 id=\"-durable-and-convenient-design-\"><strong>Langlebiges und praktisches Design<\/strong><\/h3>\n<p>Dieser mobile Ladeschrank wurde f\u00fcr Langlebigkeit und Benutzerfreundlichkeit konstruiert und ist f\u00fcr den t\u00e4glichen Einsatz in gesch\u00e4ftigen Umgebungen ausgelegt. Der Schrank verf\u00fcgt \u00fcber robuste Rollen, die einen reibungslosen und einfachen Transport von einem Raum zum anderen erm\u00f6glichen und ihn zu einer wirklich mobilen L\u00f6sung machen. Die Frontt\u00fcr gibt den Blick frei auf die darin befindlichen Ger\u00e4te und erm\u00f6glicht so eine schnelle visuelle Bestandsaufnahme und \u00dcberwachung des Ladestatus. F\u00fcr die Sicherheit sorgt ein Schlie\u00dfmechanismus, der die gelagerten Ger\u00e4te vor unbefugtem Zugriff sch\u00fctzt.<\/p>\n<p>Mit einer H\u00f6he von 11 Zoll und einer Breite von 22,50 Zoll kann der Schrank eine Vielzahl von Ger\u00e4ten aufnehmen, von Handys und Powerbanks bis hin zu gr\u00f6\u00dferen Laptops. Der 2,25-Zoll-Abstand zwischen den Trennw\u00e4nden und eine eigene Netzsteckdose f\u00fcr jeden Steckplatz sorgen daf\u00fcr, dass f\u00fcr jedes Ger\u00e4t und sein Ladekabel ausreichend Platz vorhanden ist. Das Modell mit 30 Einsch\u00fcben bietet eine betr\u00e4chtliche Kapazit\u00e4t bei einer \u00fcberschaubaren Stellfl\u00e4che mit Abmessungen von 26,18 Zoll in der Breite, 21,65 Zoll in der Tiefe und 43,7 Zoll in der H\u00f6he.<\/p>\n<p>Dieser UV-Desinfektions-Ladeschrank ist mehr als nur eine Aufbewahrungseinheit; er ist ein umfassendes System f\u00fcr modernes Ger\u00e4temanagement. Durch die Kombination von effizientem Laden, sicherer Aufbewahrung und leistungsstarker Desinfektion bietet er eine praktische und unverzichtbare L\u00f6sung f\u00fcr die Aufrechterhaltung einer produktiven und hygienischen Umgebung.<\/p>","protected":false},"excerpt":{"rendered":"<div class=\"model-prompt-container\" data-turn-role=\"Model\">\n<div class=\"turn-content\">\n<p class=\"ng-star-inserted\"><span class=\"ng-star-inserted\">Zum Aufladen, Aufbewahren und Desinfizieren von bis zu 30 Ger\u00e4ten. Diese mobile Ladestation nutzt UV-C-Licht zur Desinfektion und verf\u00fcgt \u00fcber eine Smart-Charging-Funktion, mit der Ger\u00e4te mit dem niedrigsten Akkustand priorisiert werden. Ein intuitives K\u00fchlsystem und die automatische Abschaltung der UV-Beleuchtung sorgen f\u00fcr Sicherheit.<\/span><\/p>\n<\/div>\n<\/div>","protected":false},"featured_media":2734,"template":"","meta":{"_kad_post_transparent":"default","_kad_post_title":"","_kad_post_layout":"default","_kad_post_sidebar_id":"","_kad_post_content_style":"default","_kad_post_vertical_padding":"default","_kad_post_feature":"","_kad_post_feature_position":"","_kad_post_header":false,"_kad_post_footer":false},"product_brand":[],"product_cat":[91],"product_tag":[271,122,270],"class_list":{"0":"post-1777","1":"product","2":"type-product","3":"status-publish","4":"has-post-thumbnail","6":"product_cat-charging-cabinets","7":"product_tag-30-device-cart","8":"product_tag-charging-cabinet","9":"product_tag-uv-disinfection","11":"first","12":"instock","13":"shipping-taxable","14":"product-type-simple","15":"entry","16":"content-bg","17":"loop-entry"},"_links":{"self":[{"href":"https:\/\/24smartcharge.com\/de\/wp-json\/wp\/v2\/product\/1777","targetHints":{"allow":["GET"]}}],"collection":[{"href":"https:\/\/24smartcharge.com\/de\/wp-json\/wp\/v2\/product"}],"about":[{"href":"https:\/\/24smartcharge.com\/de\/wp-json\/wp\/v2\/types\/product"}],"wp:featuredmedia":[{"embeddable":true,"href":"https:\/\/24smartcharge.com\/de\/wp-json\/wp\/v2\/media\/2734"}],"wp:attachment":[{"href":"https:\/\/24smartcharge.com\/de\/wp-json\/wp\/v2\/media?parent=1777"}],"wp:term":[{"taxonomy":"product_brand","embeddable":true,"href":"https:\/\/24smartcharge.com\/de\/wp-json\/wp\/v2\/product_brand?post=1777"},{"taxonomy":"product_cat","embeddable":true,"href":"https:\/\/24smartcharge.com\/de\/wp-json\/wp\/v2\/product_cat?post=1777"},{"taxonomy":"product_tag","embeddable":true,"href":"https:\/\/24smartcharge.com\/de\/wp-json\/wp\/v2\/product_tag?post=1777"}],"curies":[{"name":"wp","href":"https:\/\/api.w.org\/{rel}","templated":true}]}}