{"id":1727,"date":"2025-08-08T07:00:58","date_gmt":"2025-08-08T07:00:58","guid":{"rendered":"https:\/\/24smartcharge.com\/?post_type=product&#038;p=1727"},"modified":"2025-08-18T01:31:59","modified_gmt":"2025-08-18T01:31:59","slug":"secure-multi-device-tablet-chromebook-charging-cabinet","status":"publish","type":"product","link":"https:\/\/24smartcharge.com\/de\/secure-multi-device-tablet-chromebook-charging-cabinet\/","title":{"rendered":"Sichere Ladeschr\u00e4nke f\u00fcr mehrere Laptops und Tablets"},"content":{"rendered":"<h2 id=\"key-features\">Wesentliche Merkmale<\/h2>\n<ul>\n<li><strong>Breite Kompatibilit\u00e4t<\/strong>\u00a0Funktioniert mit den meisten Tablets, Chromebooks und Ger\u00e4ten bis zu 12 Zoll, einschlie\u00dflich Microsoft Surface, iPad, Android-Tablets und mehr von Marken wie Apple, Samsung, Lenovo, HP, Dell und Asus.<\/li>\n<li><strong>Effizientes, platzsparendes Design<\/strong>\u00a0Schlanker Schrank mit einer glatten Schiebet\u00fcr, die die Ger\u00e4te zug\u00e4nglich und sicher h\u00e4lt, ohne Bodenfl\u00e4che zu beanspruchen.<\/li>\n<li><strong>Einfaches Laden von Ger\u00e4ten<\/strong>\u00a0Mit den ausklappbaren Show &amp; Stow\u2122-Ablagen k\u00f6nnen Sie Ger\u00e4te schnell ein- und ausladen. Die F\u00e4cher ziehen sich automatisch zur\u00fcck und sorgen f\u00fcr ein sauberes, geordnetes Erscheinungsbild.<\/li>\n<li><strong>Sichere Lagerung<\/strong>\u00a0Die Sechs-Punkt-Verriegelung sorgt daf\u00fcr, dass die Ger\u00e4te sicher sind, wenn sie nicht benutzt werden.<\/li>\n<li><strong>Kabelmanagement<\/strong>\u00a0Die einrastenden Kabelclips halten die Kabel ordentlich an ihrem Platz, verhindern Kabelsalat und erleichtern das Anschlie\u00dfen.<\/li>\n<li><strong>Dedizierter AC-Adapter-Speicher<\/strong>\u00a0Ein separates Fach f\u00fcr Netzadapter und \u00fcbergro\u00dfe Stecker sorgt f\u00fcr Ordnung und \u00dcbersichtlichkeit bei den Kabeln.<\/li>\n<li><strong>Einfache Installation<\/strong>\u00a0Inklusive Montageschablone, Halterung und Befestigungsmaterial f\u00fcr eine schnelle Wandmontage.<\/li>\n<li><strong>Sicherheit zertifiziert<\/strong>\u00a0Gebaut nach UL-Standards und CE-gekennzeichnet f\u00fcr die Einhaltung der Sicherheits-, EMV- und RoHS-Richtlinien.<\/li>\n<\/ul>\n<h2 id=\"benefits\">Vorteile<\/h2>\n<p>Dieser Ladeschrank bietet eine saubere, organisierte M\u00f6glichkeit, Ger\u00e4te aufzuladen und einsatzbereit zu halten. Seine moderne, robuste Bauweise f\u00fcgt sich nahtlos in jede Umgebung ein und bietet gleichzeitig schnellen Zugriff f\u00fcr die Benutzer. Perfekt f\u00fcr Bildungseinrichtungen, Gesch\u00e4ftsumgebungen oder \u00fcberall dort, wo mehrere Ger\u00e4te sicher und effizient aufgeladen werden m\u00fcssen.<\/p>","protected":false},"excerpt":{"rendered":"<p>Der Secure Multi-Device Tablet &amp; Chromebook Charging Cabinet bietet sicheres, organisiertes Aufladen f\u00fcr bis zu 12\u2033 Ger\u00e4te verschiedener Marken. Sein schlankes, flaches Design verf\u00fcgt \u00fcber eine glatte Schiebet\u00fcr, ausklappbare F\u00e4cher f\u00fcr einfachen Zugriff und eine sichere Verriegelung, wodurch er sich ideal f\u00fcr Klassenzimmer und Arbeitspl\u00e4tze eignet.<\/p>","protected":false},"featured_media":2729,"template":"","meta":{"_kad_post_transparent":"default","_kad_post_title":"","_kad_post_layout":"default","_kad_post_sidebar_id":"","_kad_post_content_style":"default","_kad_post_vertical_padding":"default","_kad_post_feature":"","_kad_post_feature_position":"","_kad_post_header":false,"_kad_post_footer":false},"product_brand":[],"product_cat":[91],"product_tag":[122,261,260],"class_list":{"0":"post-1727","1":"product","2":"type-product","3":"status-publish","4":"has-post-thumbnail","6":"product_cat-charging-cabinets","7":"product_tag-charging-cabinet","8":"product_tag-chromebook-charging-cabinet","9":"product_tag-tablet-charging-cabinet","11":"first","12":"instock","13":"shipping-taxable","14":"product-type-simple","15":"entry","16":"content-bg","17":"loop-entry"},"_links":{"self":[{"href":"https:\/\/24smartcharge.com\/de\/wp-json\/wp\/v2\/product\/1727","targetHints":{"allow":["GET"]}}],"collection":[{"href":"https:\/\/24smartcharge.com\/de\/wp-json\/wp\/v2\/product"}],"about":[{"href":"https:\/\/24smartcharge.com\/de\/wp-json\/wp\/v2\/types\/product"}],"wp:featuredmedia":[{"embeddable":true,"href":"https:\/\/24smartcharge.com\/de\/wp-json\/wp\/v2\/media\/2729"}],"wp:attachment":[{"href":"https:\/\/24smartcharge.com\/de\/wp-json\/wp\/v2\/media?parent=1727"}],"wp:term":[{"taxonomy":"product_brand","embeddable":true,"href":"https:\/\/24smartcharge.com\/de\/wp-json\/wp\/v2\/product_brand?post=1727"},{"taxonomy":"product_cat","embeddable":true,"href":"https:\/\/24smartcharge.com\/de\/wp-json\/wp\/v2\/product_cat?post=1727"},{"taxonomy":"product_tag","embeddable":true,"href":"https:\/\/24smartcharge.com\/de\/wp-json\/wp\/v2\/product_tag?post=1727"}],"curies":[{"name":"wp","href":"https:\/\/api.w.org\/{rel}","templated":true}]}}