{"id":1713,"date":"2025-08-08T06:48:32","date_gmt":"2025-08-08T06:48:32","guid":{"rendered":"https:\/\/24smartcharge.com\/?post_type=product&#038;p=1713"},"modified":"2025-08-18T01:27:44","modified_gmt":"2025-08-18T01:27:44","slug":"secure-multi-device-charging-cabinet-for-laptops-tablets","status":"publish","type":"product","link":"https:\/\/24smartcharge.com\/de\/secure-multi-device-charging-cabinet-for-laptops-tablets\/","title":{"rendered":"Sicherer Multi-Device-Ladeschrank f\u00fcr Laptops und Tablets"},"content":{"rendered":"<h1 id=\"secure-multi-device-charging-cabinet-for-laptops-tablets\">Sicherer Multi-Device-Ladeschrank f\u00fcr Laptops und Tablets<\/h1>\n<p>Die\u00a0<strong>Sicherer Multi-Device-Ladeschrank f\u00fcr Laptops und Tablets<\/strong>\u00a0ist so konzipiert, dass mehrere Ger\u00e4te in einer kompakten L\u00f6sung aufgeladen, sicher und organisiert aufbewahrt werden k\u00f6nnen. Sie ist ideal f\u00fcr Klassenzimmer, B\u00fcros, Bibliotheken oder andere gemeinsam genutzte R\u00e4ume und kombiniert sichere Aufbewahrung mit effizientem Aufladen, um die Ger\u00e4teverwaltung zu vereinfachen.<\/p>\n<h2 id=\"key-features\">Wesentliche Merkmale<\/h2>\n<h3 id=\"-efficient-charging-\"><strong>Effizientes Aufladen<\/strong><\/h3>\n<ul>\n<li>Ladungen bis zu\u00a0<strong>12 Tabletten\/Chromb\u00fccher<\/strong>\u00a0oder\u00a0<strong>8 Laptops<\/strong>\u00a0gleichzeitig.<\/li>\n<li>Patentiert\u00a0<strong>PowerShuttle\u00ae-Technologie<\/strong>\u00a0gew\u00e4hrleistet ein sicheres, schnelles und optimiertes Aufladen aller angeschlossenen Ger\u00e4te.<\/li>\n<\/ul>\n<h3 id=\"-adjustable-storage-\"><strong>Einstellbare Lagerung<\/strong><\/h3>\n<ul>\n<li><strong>Einstellbare Trennw\u00e4nde<\/strong>\u00a0erm\u00f6glichen flexible Abst\u00e4nde zur Anpassung an verschiedene Ger\u00e4tegr\u00f6\u00dfen.<\/li>\n<li>Nummerierte F\u00e4cher erleichtern das Organisieren und Auffinden von Ger\u00e4ten.<\/li>\n<\/ul>\n<h3 id=\"-secure-design-\"><strong>Sicheres Design<\/strong><\/h3>\n<ul>\n<li>Stabile Stahlt\u00fcren mit einer\u00a0<strong>Dreipunkt-Schl\u00fcsselschloss<\/strong>\u00a0Ger\u00e4te sicher aufbewahren.<\/li>\n<li>Option zum Hinzuf\u00fcgen einer\u00a0<strong>Vorh\u00e4ngeschloss<\/strong>\u00a0f\u00fcr zus\u00e4tzlichen Schutz.<\/li>\n<\/ul>\n<h3 id=\"-cooling-system-\"><strong>K\u00fchlsystem<\/strong><\/h3>\n<ul>\n<li>Eingebaut\u00a0<strong>K\u00fchll\u00fcfter<\/strong>\u00a0verhindern \u00dcberhitzung und verl\u00e4ngern so die Lebensdauer der Batterie.<\/li>\n<\/ul>\n<h3 id=\"-ready-to-use-\"><strong>Sofort einsatzbereit<\/strong><\/h3>\n<ul>\n<li>Schiffe\u00a0<strong>vollst\u00e4ndig montiert<\/strong>-einfach einstecken und mit dem Aufladen beginnen.<\/li>\n<\/ul>\n<h3 id=\"-safety-certified-\"><strong>Sicherheit zertifiziert<\/strong><\/h3>\n<ul>\n<li>Erf\u00fcllt\u00a0<strong>UL\/IEC-Sicherheitsnormen<\/strong>\u00a0zum Schutz von Benutzern und Ger\u00e4ten.<\/li>\n<\/ul>\n<h2 id=\"benefits\">Vorteile<\/h2>\n<ul>\n<li><strong>Platzsparend<\/strong>: Das kompakte, stapelbare Design passt gut auf Tische oder in Regale.<\/li>\n<li><strong>Zeitsparend<\/strong>: Keine komplexe Einrichtung erforderlich - sofort einsatzbereit.<\/li>\n<li><strong>Multi-Device-Unterst\u00fctzung<\/strong>: Kann verschiedene Ger\u00e4tetypen und -gr\u00f6\u00dfen in einem Ger\u00e4t verarbeiten.<\/li>\n<li><strong>Seelenfrieden<\/strong>: Starke Schl\u00f6sser und eine Stahlkonstruktion sch\u00fctzen die wertvolle Ausr\u00fcstung.<\/li>\n<\/ul>\n<h2 id=\"ideal-for\">Ideal f\u00fcr<\/h2>\n<ul>\n<li><strong>Schulen<\/strong>: Bewahren Sie die Ger\u00e4te der Sch\u00fcler zwischen den Unterrichtsstunden aufgeladen und sicher auf.<\/li>\n<li><strong>\u00c4mter<\/strong>: Verwalten Sie Laptops und Tablets f\u00fcr Mitarbeiter und Besucher.<\/li>\n<li><strong>Bibliotheken &amp; Labore<\/strong>: Sicheres und organisiertes Aufladen f\u00fcr gemeinsam genutzte Ger\u00e4te.<\/li>\n<\/ul>\n<p>Die\u00a0<strong>Sicherer Multi-Ger\u00e4te-Ladeschrank<\/strong>\u00a0ist eine zuverl\u00e4ssige, langlebige und benutzerfreundliche L\u00f6sung f\u00fcr alle, die mehrere Laptops oder Tablets gleichzeitig aufbewahren und aufladen m\u00fcssen - f\u00fcr eine einfache, sichere und effiziente Ger\u00e4teverwaltung.<\/p>","protected":false},"excerpt":{"rendered":"<p>Der Secure Multi-Device Charging Cabinet f\u00fcr Laptops und Tablets bietet sichere und effiziente Ladem\u00f6glichkeiten f\u00fcr bis zu 12 Tablets oder 8 Laptops. Mit verstellbaren Trennw\u00e4nden, Schnellladefunktion, eingebauten L\u00fcftern und einem robusten Verschlusssystem gew\u00e4hrleistet dieser Ladeschrank eine sichere, organisierte und zuverl\u00e4ssige Aufbewahrung von Ger\u00e4ten.<\/p>","protected":false},"featured_media":2724,"template":"","meta":{"_kad_post_transparent":"default","_kad_post_title":"","_kad_post_layout":"default","_kad_post_sidebar_id":"","_kad_post_content_style":"default","_kad_post_vertical_padding":"default","_kad_post_feature":"","_kad_post_feature_position":"","_kad_post_header":false,"_kad_post_footer":false},"product_brand":[],"product_cat":[91],"product_tag":[122,147,120],"class_list":{"0":"post-1713","1":"product","2":"type-product","3":"status-publish","4":"has-post-thumbnail","6":"product_cat-charging-cabinets","7":"product_tag-charging-cabinet","8":"product_tag-multi-device-charging","9":"product_tag-secure-device-storage","11":"first","12":"instock","13":"shipping-taxable","14":"product-type-simple","15":"entry","16":"content-bg","17":"loop-entry"},"_links":{"self":[{"href":"https:\/\/24smartcharge.com\/de\/wp-json\/wp\/v2\/product\/1713","targetHints":{"allow":["GET"]}}],"collection":[{"href":"https:\/\/24smartcharge.com\/de\/wp-json\/wp\/v2\/product"}],"about":[{"href":"https:\/\/24smartcharge.com\/de\/wp-json\/wp\/v2\/types\/product"}],"wp:featuredmedia":[{"embeddable":true,"href":"https:\/\/24smartcharge.com\/de\/wp-json\/wp\/v2\/media\/2724"}],"wp:attachment":[{"href":"https:\/\/24smartcharge.com\/de\/wp-json\/wp\/v2\/media?parent=1713"}],"wp:term":[{"taxonomy":"product_brand","embeddable":true,"href":"https:\/\/24smartcharge.com\/de\/wp-json\/wp\/v2\/product_brand?post=1713"},{"taxonomy":"product_cat","embeddable":true,"href":"https:\/\/24smartcharge.com\/de\/wp-json\/wp\/v2\/product_cat?post=1713"},{"taxonomy":"product_tag","embeddable":true,"href":"https:\/\/24smartcharge.com\/de\/wp-json\/wp\/v2\/product_tag?post=1713"}],"curies":[{"name":"wp","href":"https:\/\/api.w.org\/{rel}","templated":true}]}}