{"id":1712,"date":"2025-08-08T06:40:17","date_gmt":"2025-08-08T06:40:17","guid":{"rendered":"https:\/\/24smartcharge.com\/?post_type=product&#038;p=1712"},"modified":"2025-08-18T01:22:47","modified_gmt":"2025-08-18T01:22:47","slug":"secure-multi-device-laptop-tablet-charging-cabinet-5","status":"publish","type":"product","link":"https:\/\/24smartcharge.com\/de\/secure-multi-device-laptop-tablet-charging-cabinet-5\/","title":{"rendered":"Multi-Device Laptop- und Tablet-Ladeschrank"},"content":{"rendered":"<h2 id=\"key-features\">Wesentliche Merkmale<\/h2>\n<h3 id=\"1-adjustable-rows-dividers\">1. Einstellbare Reihen und Trennw\u00e4nde<\/h3>\n<p>Geeignet bis zu\u00a0<strong>20 Tablets, Laptops, Smartphones oder E-Reader<\/strong>\u00a0mit oder ohne Koffer. Die verstellbaren Trennw\u00e4nde erm\u00f6glichen Flexibilit\u00e4t f\u00fcr unterschiedliche Ger\u00e4tegr\u00f6\u00dfen.<\/p>\n<h3 id=\"2-space-saving-design\">2. Platzsparendes Design<\/h3>\n<p>Befestigen Sie ihn sicher an der Wand oder stellen Sie ihn auf einen Schreibtisch, um den Arbeitsbereich zu optimieren. Die kompakte Grundfl\u00e4che macht ihn ideal f\u00fcr Bereiche mit begrenztem Platzangebot.<\/p>\n<h3 id=\"3-enhanced-security\">3. Erh\u00f6hte Sicherheit<\/h3>\n<p>Schrauben Sie den Schrank \u00fcber die Befestigungsl\u00f6cher im Sockel fest. Die\u00a0<strong>Verschlie\u00dfbarer IT-Bereich<\/strong>\u00a0sch\u00fctzt Stromadapter vor unbefugtem Zugriff.<\/p>\n<h3 id=\"4-cable-management\">4. Kabelmanagement<\/h3>\n<p>Ein integrierter Kabelkamm f\u00fchrt die Kabel ordentlich in den IT-Bereich, sorgt f\u00fcr Ordnung und reduziert das Kabelgewirr.<\/p>\n<h3 id=\"5-strong-roi\">5. Starker ROI<\/h3>\n<p>Der Ladeschrank wurde f\u00fcr die Unterst\u00fctzung der sich entwickelnden Technologie entwickelt und umfasst ein\u00a0<strong>lebenslange mechanische Garantie<\/strong>und sichert so den langfristigen Wert.<\/p>\n<h2 id=\"benefits\">Vorteile<\/h2>\n<ul>\n<li><strong>Sichere Lagerung<\/strong>\u00a0- Sch\u00fctzt die Ger\u00e4te durch ein robustes Schlie\u00dfsystem und einen separaten IT-Bereich.<\/li>\n<li><strong>Effizientes Aufladen<\/strong>\u00a0- Laden Sie bis zu 20 Ger\u00e4te gleichzeitig auf.<\/li>\n<li><strong>Organisierte Einrichtung<\/strong>\u00a0- Verstellbare Trennw\u00e4nde und Kabelmanagement sorgen f\u00fcr Ordnung.<\/li>\n<li><strong>Flexible Nutzung<\/strong>\u00a0- Geeignet f\u00fcr verschiedene Umgebungen wie Bildung, Unternehmen und Gesundheitswesen.<\/li>\n<\/ul>\n<h2 id=\"applications\">Anwendungen<\/h2>\n<ul>\n<li><strong>Bildung<\/strong>\u00a0- Ideal f\u00fcr Klassenzimmer, Computerr\u00e4ume und Bibliotheken zum Aufbewahren und Aufladen von Sch\u00fclerger\u00e4ten.<\/li>\n<li><strong>Unternehmen<\/strong>\u00a0- H\u00e4lt die Arbeitsger\u00e4te der Mitarbeiter geladen und sicher.<\/li>\n<li><strong>Gesundheitswesen<\/strong>\u00a0- Verwaltet Tablets und Laptops f\u00fcr die Patientenversorgung und die Verwaltung.<\/li>\n<li><strong>\u00d6ffentliche R\u00e4ume<\/strong>\u00a0- Ideal f\u00fcr gemeinsam genutzte Ladestationen in Coworking Spaces und Schulungszentren.<\/li>\n<\/ul>\n<p>Der Secure Multi-Device Laptop &amp; Tablet Charging Cabinet bietet eine <strong>sichere, organisierte und effiziente L\u00f6sung<\/strong>\u00a0f\u00fcr die Verwaltung mehrerer Ger\u00e4te in einer kompakten, robusten Einheit, die sich an Ihre Bed\u00fcrfnisse anpasst.<\/p>","protected":false},"excerpt":{"rendered":"<p>Der Secure Multi-Device Laptop &amp; Tablet Charging Cabinet bietet sichere, organisierte Aufbewahrung und Aufladung f\u00fcr bis zu 20 Ger\u00e4te, einschlie\u00dflich Tablets, Laptops und Smartphones. Mit verstellbaren Trennw\u00e4nden, Kabelmanagement und einem abschlie\u00dfbaren IT-Bereich ist dieser Ladeschrank perfekt f\u00fcr Schulen, B\u00fcros und Gemeinschaftsr\u00e4ume geeignet.<\/p>","protected":false},"featured_media":2719,"template":"","meta":{"_kad_post_transparent":"default","_kad_post_title":"","_kad_post_layout":"default","_kad_post_sidebar_id":"","_kad_post_content_style":"default","_kad_post_vertical_padding":"default","_kad_post_feature":"","_kad_post_feature_position":"","_kad_post_header":false,"_kad_post_footer":false},"product_brand":[],"product_cat":[91,92],"product_tag":[122,140,120],"class_list":{"0":"post-1712","1":"product","2":"type-product","3":"status-publish","4":"has-post-thumbnail","6":"product_cat-charging-cabinets","7":"product_cat-15-outputs","8":"product_tag-charging-cabinet","9":"product_tag-multi-device-charger","10":"product_tag-secure-device-storage","12":"first","13":"instock","14":"shipping-taxable","15":"product-type-simple","16":"entry","17":"content-bg","18":"loop-entry"},"_links":{"self":[{"href":"https:\/\/24smartcharge.com\/de\/wp-json\/wp\/v2\/product\/1712","targetHints":{"allow":["GET"]}}],"collection":[{"href":"https:\/\/24smartcharge.com\/de\/wp-json\/wp\/v2\/product"}],"about":[{"href":"https:\/\/24smartcharge.com\/de\/wp-json\/wp\/v2\/types\/product"}],"wp:featuredmedia":[{"embeddable":true,"href":"https:\/\/24smartcharge.com\/de\/wp-json\/wp\/v2\/media\/2719"}],"wp:attachment":[{"href":"https:\/\/24smartcharge.com\/de\/wp-json\/wp\/v2\/media?parent=1712"}],"wp:term":[{"taxonomy":"product_brand","embeddable":true,"href":"https:\/\/24smartcharge.com\/de\/wp-json\/wp\/v2\/product_brand?post=1712"},{"taxonomy":"product_cat","embeddable":true,"href":"https:\/\/24smartcharge.com\/de\/wp-json\/wp\/v2\/product_cat?post=1712"},{"taxonomy":"product_tag","embeddable":true,"href":"https:\/\/24smartcharge.com\/de\/wp-json\/wp\/v2\/product_tag?post=1712"}],"curies":[{"name":"wp","href":"https:\/\/api.w.org\/{rel}","templated":true}]}}