{"id":1694,"date":"2025-08-08T06:13:59","date_gmt":"2025-08-08T06:13:59","guid":{"rendered":"https:\/\/24smartcharge.com\/?post_type=product&#038;p=1694"},"modified":"2025-08-18T01:32:18","modified_gmt":"2025-08-18T01:32:18","slug":"secure-multi-device-laptop-tablet-charging-cabinet-3","status":"publish","type":"product","link":"https:\/\/24smartcharge.com\/de\/secure-multi-device-laptop-tablet-charging-cabinet-3\/","title":{"rendered":"Sichere Tablet-Ladestation f\u00fcr mehrere Ger\u00e4te"},"content":{"rendered":"<h2 id=\"key-features\">Wesentliche Merkmale<\/h2>\n<h3 id=\"universal-compatibility\">Universelle Kompatibilit\u00e4t<\/h3>\n<p>Unterst\u00fctzt Laptops, Tablets und Chromebooks bis zu einer Gr\u00f6\u00dfe von 14\u2033, mit oder ohne Schutzh\u00fclle.<\/p>\n<h3 id=\"eco-smart-power-management\">ECO Smart Power Management<\/h3>\n<p>Intelligentes Laden gleicht die Leistung aller angeschlossenen Ger\u00e4te aus und sorgt so f\u00fcr eine sichere und effiziente Energienutzung.<\/p>\n<h3 id=\"ultra-secure\">Ultra sicher<\/h3>\n<p>Ger\u00e4te und Netzteile werden in separaten, abschlie\u00dfbaren F\u00e4chern mit Vorh\u00e4ngeschl\u00f6ssern und Schl\u00fcsseln aufbewahrt, um maximalen Schutz zu gew\u00e4hrleisten.<\/p>\n<h3 id=\"removable-dividers\">Herausnehmbare Trennw\u00e4nde<\/h3>\n<p>Die Trennw\u00e4nde lassen sich leicht anpassen oder herausnehmen, um verschiedene Ger\u00e4te oder Ausr\u00fcstungen zu verstauen, z. B. MINT-Baus\u00e4tze, Drohnen oder Roboter.<\/p>\n<h3 id=\"top-storage\">Lagerung oben<\/h3>\n<p>Die flache, strapazierf\u00e4hige Oberseite kann in Bereichen mit wenig Platz f\u00fcr zus\u00e4tzliche Gegenst\u00e4nde genutzt werden.<\/p>\n<h3 id=\"robust-warranty\">Robuste Garantie<\/h3>\n<p>Eine umfassende Garantie und ein engagierter Kundensupport sorgen f\u00fcr Sicherheit.<\/p>\n<h2 id=\"benefits\">Vorteile<\/h2>\n<ul>\n<li><strong>Zeitersparnis:<\/strong>\u00a0Laden Sie mehrere Ger\u00e4te gleichzeitig auf, ohne Kabelgewirr.<\/li>\n<li><strong>Platzsparend:<\/strong>\u00a0Konsolidiert Lagerung und Aufladen in einem kompakten Schrank.<\/li>\n<li><strong>Vielseitig:<\/strong>\u00a0Passt zu einer Vielzahl von Ger\u00e4ten und passt sich an wechselnde Aufbewahrungsanforderungen an.<\/li>\n<li><strong>Zuverl\u00e4ssig:<\/strong>\u00a0Gebaut, um dem t\u00e4glichen Gebrauch in gesch\u00e4ftigen Umgebungen standzuhalten.<\/li>\n<\/ul>\n<p>Die\u00a0<strong>Ladeschrank<\/strong>\u00a0kombiniert Langlebigkeit, Flexibilit\u00e4t und intelligentes Laden, um Ger\u00e4te einsatzbereit zu halten und gleichzeitig Ihre Technologieinvestitionen zu sch\u00fctzen. Ideal f\u00fcr Umgebungen, in denen sicheres, organisiertes und gleichzeitiges Aufladen wichtig ist.<\/p>","protected":false},"excerpt":{"rendered":"<p>Der Secure Multi-Device Laptop &amp; Tablet Charging Cabinet bietet sichere, effiziente Lade- und Aufbewahrungsm\u00f6glichkeiten f\u00fcr bis zu 36 Ger\u00e4te, einschlie\u00dflich Laptops, Tablets und Chromebooks. Mit universeller Kompatibilit\u00e4t, ECO Smart Power Management, herausnehmbaren Trennw\u00e4nden und robuster Sicherheit ist er ideal f\u00fcr Schulen und B\u00fcros.<\/p>","protected":false},"featured_media":2714,"template":"","meta":{"_kad_post_transparent":"default","_kad_post_title":"","_kad_post_layout":"default","_kad_post_sidebar_id":"","_kad_post_content_style":"default","_kad_post_vertical_padding":"default","_kad_post_feature":"","_kad_post_feature_position":"","_kad_post_header":false,"_kad_post_footer":false},"product_brand":[],"product_cat":[91],"product_tag":[122,259,260],"class_list":{"0":"post-1694","1":"product","2":"type-product","3":"status-publish","4":"has-post-thumbnail","6":"product_cat-charging-cabinets","7":"product_tag-charging-cabinet","8":"product_tag-laptop-charging-cabinet","9":"product_tag-tablet-charging-cabinet","11":"first","12":"instock","13":"shipping-taxable","14":"product-type-simple","15":"entry","16":"content-bg","17":"loop-entry"},"_links":{"self":[{"href":"https:\/\/24smartcharge.com\/de\/wp-json\/wp\/v2\/product\/1694","targetHints":{"allow":["GET"]}}],"collection":[{"href":"https:\/\/24smartcharge.com\/de\/wp-json\/wp\/v2\/product"}],"about":[{"href":"https:\/\/24smartcharge.com\/de\/wp-json\/wp\/v2\/types\/product"}],"wp:featuredmedia":[{"embeddable":true,"href":"https:\/\/24smartcharge.com\/de\/wp-json\/wp\/v2\/media\/2714"}],"wp:attachment":[{"href":"https:\/\/24smartcharge.com\/de\/wp-json\/wp\/v2\/media?parent=1694"}],"wp:term":[{"taxonomy":"product_brand","embeddable":true,"href":"https:\/\/24smartcharge.com\/de\/wp-json\/wp\/v2\/product_brand?post=1694"},{"taxonomy":"product_cat","embeddable":true,"href":"https:\/\/24smartcharge.com\/de\/wp-json\/wp\/v2\/product_cat?post=1694"},{"taxonomy":"product_tag","embeddable":true,"href":"https:\/\/24smartcharge.com\/de\/wp-json\/wp\/v2\/product_tag?post=1694"}],"curies":[{"name":"wp","href":"https:\/\/api.w.org\/{rel}","templated":true}]}}