{"id":1686,"date":"2025-08-08T03:59:18","date_gmt":"2025-08-08T03:59:18","guid":{"rendered":"https:\/\/24smartcharge.com\/?post_type=product&#038;p=1686"},"modified":"2025-08-18T01:07:03","modified_gmt":"2025-08-18T01:07:03","slug":"secure-multi-device-laptop-tablet-charging-cabinet-2","status":"publish","type":"product","link":"https:\/\/24smartcharge.com\/de\/secure-multi-device-laptop-tablet-charging-cabinet-2\/","title":{"rendered":"Sicherer Multi-Ger\u00e4te-Ladeschrank"},"content":{"rendered":"<h2 id=\"key-features\">Wesentliche Merkmale<\/h2>\n<h3 id=\"universal-compatibility\">Universelle Kompatibilit\u00e4t<\/h3>\n<p>Laden Sie bis zu 30 oder 40 Laptops, Tablets, Chromebooks oder \u00e4hnliche Ger\u00e4te auf - unabh\u00e4ngig davon, ob sie sich in Schutzh\u00fcllen befinden oder nicht. Flexible Gestelle und K\u00f6rbe erm\u00f6glichen die einfache Unterbringung verschiedener Gr\u00f6\u00dfen.<\/p>\n<h3 id=\"smart-power-management\">Intelligentes Energiemanagement<\/h3>\n<p>Ausgestattet mit\u00a0<strong>ECO Smart Charge\u2122<\/strong>\u00a0Technologie verteilt die Ladestation den Strom effizient, verhindert ein \u00dcberladen und verl\u00e4ngert die Lebensdauer des Ger\u00e4teakkus.<\/p>\n<h3 id=\"secure-storage\">Sichere Lagerung<\/h3>\n<p>Ein robustes Verschlusssystem mit einem Vorh\u00e4ngeschloss aus Edelstahl sorgt f\u00fcr die Sicherheit der Ger\u00e4te. Mit optionalen Verankerungss\u00e4tzen kann der Schrank f\u00fcr zus\u00e4tzlichen Schutz am Boden befestigt werden.<\/p>\n<h3 id=\"space-saving-design\">Platzsparendes Design<\/h3>\n<p>Hohe Kapazit\u00e4t bei geringem Platzbedarf - alle Ger\u00e4te und Netzteile lassen sich in einer einzigen Einheit aufbewahren und aufladen, wodurch das Durcheinander minimiert wird.<\/p>\n<h3 id=\"easy-mobility\">Leichte Mobilit\u00e4t<\/h3>\n<p>Die leichte Konstruktion, die um 360\u00b0 drehbaren Rollen und die ergonomischen Griffe erleichtern den Transport des Ladeschranks durch Flure und um enge Ecken.<\/p>\n<h3 id=\"affordable-and-durable\">Erschwinglich und langlebig<\/h3>\n<p>Sie sind aus hochwertigen Materialien gefertigt und bieten ein hervorragendes Preis-Leistungs-Verh\u00e4ltnis ohne Leistungseinbu\u00dfen.<\/p>\n<h3 id=\"included-baskets-and-racks\">Enthaltene K\u00f6rbe und Gestelle<\/h3>\n<p>Mit herausnehmbaren Ger\u00e4tek\u00f6rben f\u00fcr die schnelle Verteilung und Kunststoffgestellen f\u00fcr gr\u00f6\u00dfere Ger\u00e4te, die flexible Aufbewahrungsm\u00f6glichkeiten bieten.<\/p>\n<h3 id=\"warranty-and-support\">Garantie und Support<\/h3>\n<p>Eine umfassende Garantie und ein engagierter Kundendienst sorgen daf\u00fcr, dass Sie sich keine Sorgen machen m\u00fcssen.<\/p>\n<h2 id=\"benefits\">Vorteile<\/h2>\n<ul>\n<li><strong>Spart Zeit<\/strong>\u00a0- Schnelles Sammeln, Aufladen und Verteilen von Ger\u00e4ten.<\/li>\n<li><strong>Erh\u00f6ht die Sicherheit<\/strong>\u00a0- Bewahren Sie wertvolle Ger\u00e4te unter Verschluss auf, wenn sie nicht benutzt werden.<\/li>\n<li><strong>Maximiert den Raum<\/strong>\u00a0- Lagern Sie viele Ger\u00e4te auf kleinem Raum.<\/li>\n<li><strong>Verbessert die Lebensdauer des Ger\u00e4ts<\/strong>\u00a0- Intelligentes Laden verhindert Akkusch\u00e4den.<\/li>\n<\/ul>\n<p>Die\u00a0<strong>Sicherer Laptop- und Tablet-Ladeschrank f\u00fcr mehrere Ger\u00e4te<\/strong>\u00a0ist die perfekte Mischung aus Komfort, Sicherheit und Effizienz - ideal f\u00fcr jede Umgebung, in der mehrere Ger\u00e4te einfach verwaltet werden m\u00fcssen.<\/p>","protected":false},"excerpt":{"rendered":"<p>Der Secure Multi-Device Laptop &amp; Tablet Charging Cabinet bietet sicheres, effizientes Laden f\u00fcr bis zu 30 oder 40 Ger\u00e4te. Mit universeller Kompatibilit\u00e4t, abschlie\u00dfbarer Sicherheit, intelligentem Energiemanagement und einfacher Mobilit\u00e4t ist diese robuste Ladestation ideal f\u00fcr Schulen, B\u00fcros und gemeinsam genutzte Arbeitsbereiche.<\/p>","protected":false},"featured_media":2707,"template":"","meta":{"_kad_post_transparent":"default","_kad_post_title":"","_kad_post_layout":"default","_kad_post_sidebar_id":"","_kad_post_content_style":"default","_kad_post_vertical_padding":"default","_kad_post_feature":"","_kad_post_feature_position":"","_kad_post_header":false,"_kad_post_footer":false},"product_brand":[],"product_cat":[91],"product_tag":[122,258,142],"class_list":{"0":"post-1686","1":"product","2":"type-product","3":"status-publish","4":"has-post-thumbnail","6":"product_cat-charging-cabinets","7":"product_tag-charging-cabinet","8":"product_tag-multi-device-charging-cabinet","9":"product_tag-secure-charging-cabinet","11":"first","12":"instock","13":"shipping-taxable","14":"product-type-simple","15":"entry","16":"content-bg","17":"loop-entry"},"_links":{"self":[{"href":"https:\/\/24smartcharge.com\/de\/wp-json\/wp\/v2\/product\/1686","targetHints":{"allow":["GET"]}}],"collection":[{"href":"https:\/\/24smartcharge.com\/de\/wp-json\/wp\/v2\/product"}],"about":[{"href":"https:\/\/24smartcharge.com\/de\/wp-json\/wp\/v2\/types\/product"}],"wp:featuredmedia":[{"embeddable":true,"href":"https:\/\/24smartcharge.com\/de\/wp-json\/wp\/v2\/media\/2707"}],"wp:attachment":[{"href":"https:\/\/24smartcharge.com\/de\/wp-json\/wp\/v2\/media?parent=1686"}],"wp:term":[{"taxonomy":"product_brand","embeddable":true,"href":"https:\/\/24smartcharge.com\/de\/wp-json\/wp\/v2\/product_brand?post=1686"},{"taxonomy":"product_cat","embeddable":true,"href":"https:\/\/24smartcharge.com\/de\/wp-json\/wp\/v2\/product_cat?post=1686"},{"taxonomy":"product_tag","embeddable":true,"href":"https:\/\/24smartcharge.com\/de\/wp-json\/wp\/v2\/product_tag?post=1686"}],"curies":[{"name":"wp","href":"https:\/\/api.w.org\/{rel}","templated":true}]}}