{"id":1669,"date":"2025-08-08T03:47:09","date_gmt":"2025-08-08T03:47:09","guid":{"rendered":"https:\/\/24smartcharge.com\/?post_type=product&#038;p=1669"},"modified":"2025-08-18T00:53:08","modified_gmt":"2025-08-18T00:53:08","slug":"secure-multi-device-laptop-tablet-charging-cabinet","status":"publish","type":"product","link":"https:\/\/24smartcharge.com\/de\/secure-multi-device-laptop-tablet-charging-cabinet\/","title":{"rendered":"Sicherer Laptop- und Tablet-Ladeschrank f\u00fcr mehrere Ger\u00e4te"},"content":{"rendered":"<h2 id=\"key-features\">Wesentliche Merkmale<\/h2>\n<h3 id=\"-universal-compatibility-\"><strong>Universelle Kompatibilit\u00e4t<\/strong><\/h3>\n<p>Geeignet zum Aufladen von Laptops, Tablets, Chromebooks und anderen Ger\u00e4ten mit oder ohne Schutzh\u00fclle. Herausnehmbare Trennw\u00e4nde aus Stahl bieten Platz f\u00fcr gr\u00f6\u00dfere oder unregelm\u00e4\u00dfig geformte Ger\u00e4te wie MINT-Baus\u00e4tze, Drohnen oder Roboter.<\/p>\n<h3 id=\"-safe-power-management-\"><strong>Sicheres Energiemanagement<\/strong><\/h3>\n<p>Ausgestattet mit\u00a0<strong>ECO Safe Charge\u2122<\/strong>\u00a0Technologie steuert das Charging Cabinet den Stromfluss, um ein \u00dcberladen zu verhindern und die Energieverschwendung zu reduzieren, wodurch die Lebensdauer Ihrer Ger\u00e4te verl\u00e4ngert wird.<\/p>\n<h3 id=\"-secure-storage-\"><strong>Sichere Lagerung<\/strong><\/h3>\n<p>Ein robustes Verschlusssystem, das mit Vorh\u00e4ngeschl\u00f6ssern kompatibel ist, sch\u00fctzt Ger\u00e4te und Netzteile vor Diebstahl oder unbefugter Benutzung und sorgt so f\u00fcr Sicherheit in gemeinsam genutzten oder \u00f6ffentlichen Umgebungen.<\/p>\n<h3 id=\"-flexible-power-system-\"><strong>Flexibles Energiesystem<\/strong><\/h3>\n<p>Die Steckdosenleiste l\u00e4sst sich an verschiedene Kabeltypen und Adaptergr\u00f6\u00dfen anpassen, was die Kabelverwaltung vereinfacht und ein geordnetes Laden erm\u00f6glicht.<\/p>\n<h3 id=\"-durable-construction-\"><strong>Langlebige Konstruktion<\/strong><\/h3>\n<p>Der aus hochwertigem Stahl und verst\u00e4rkten Scharnieren gefertigte Ladeschrank ist f\u00fcr den t\u00e4glichen Einsatz in anspruchsvollen Umgebungen konzipiert und bietet dauerhafte Zuverl\u00e4ssigkeit.<\/p>\n<h3 id=\"-space-efficient-design-\"><strong>Platzsparendes Design<\/strong><\/h3>\n<p>Der kompakte und dennoch ger\u00e4umige Schrank maximiert das Fassungsverm\u00f6gen bei minimalem Platzbedarf und l\u00e4sst sich so leicht in jedes Raumlayout integrieren.<\/p>\n<h3 id=\"-long-term-value-\"><strong>Langfristiger Wert<\/strong><\/h3>\n<p>Mit seiner robusten Bauweise und seinem intelligenten Design bietet der Ladeschrank eine kosteneffiziente, langfristige L\u00f6sung, die den Bedarf an h\u00e4ufigen Ersetzungen oder Aufr\u00fcstungen reduziert.<\/p>\n<h2 id=\"benefits-at-a-glance\">Vorteile auf einen Blick<\/h2>\n<ul>\n<li><strong>Laden Sie bis zu 32 Ger\u00e4te auf<\/strong>\u00a0gleichzeitig<\/li>\n<li><strong>Unterst\u00fctzt verschiedene Gr\u00f6\u00dfen und Marken<\/strong>\u00a0von Laptops, Tablets und Chromebooks<\/li>\n<li><strong>Herausnehmbare Trennw\u00e4nde<\/strong>\u00a0f\u00fcr individuellen Lagerbedarf<\/li>\n<li><strong>Intelligente Energieverwaltung<\/strong>\u00a0um die Lebensdauer des Ger\u00e4ts zu verl\u00e4ngern<\/li>\n<li><strong>Abschlie\u00dfbare Stahlt\u00fcren<\/strong>\u00a0f\u00fcr maximale Sicherheit<\/li>\n<li><strong>Organisiertes Kabelsystem<\/strong>\u00a0f\u00fcr einfachen Zugang und Wartung<\/li>\n<li><strong>Langlebiges, professionelles Design<\/strong>\u00a0geeignet f\u00fcr mehrere Branchen<\/li>\n<\/ul>\n<h2 id=\"ideal-applications\">Ideale Anwendungen<\/h2>\n<ul>\n<li><strong>Bildung<\/strong>: Halten Sie Ihre Ger\u00e4te im Klassenzimmer aufgeladen, organisiert und sicher<\/li>\n<li><strong>Firmenb\u00fcros<\/strong>: Verwalten Sie Laptops und Tablets f\u00fcr gemeinsame oder mobile Teams<\/li>\n<li><strong>Bibliotheken und \u00f6ffentliche R\u00e4ume<\/strong>: Sicheres Aufladen von Ger\u00e4ten f\u00fcr die Gemeinschaft<\/li>\n<li><strong>Ausbildungseinrichtungen<\/strong>: Sicherstellen, dass alle Ger\u00e4te mit Strom versorgt werden und f\u00fcr die Sitzungen bereit sind<\/li>\n<li><strong>Labore und Werkst\u00e4tten<\/strong>: Aufbewahren und Aufladen von Spezialwerkzeugen und Technik<\/li>\n<\/ul>\n<p>Die\u00a0<strong>Sicherer Laptop- und Tablet-Ladeschrank f\u00fcr mehrere Ger\u00e4te<\/strong>\u00a0vereint Praktikabilit\u00e4t, Sicherheit und Effizienz und ist damit eine unverzichtbare Investition f\u00fcr alle Umgebungen, in denen mehrere Ger\u00e4te zuverl\u00e4ssig gespeichert und aufgeladen werden m\u00fcssen.<\/p>","protected":false},"excerpt":{"rendered":"<p>Der Secure Multi-Device Laptop &amp; Tablet Charging Cabinet bietet sicheres und effizientes Laden f\u00fcr bis zu 32 Ger\u00e4te, einschlie\u00dflich Laptops, Tablets und Chromebooks. Mit herausnehmbaren Trennw\u00e4nden aus Stahl, sicherer Verriegelung und intelligentem Energiemanagement gew\u00e4hrleistet dieser Ladeschrank Schutz, Flexibilit\u00e4t und lange Haltbarkeit.<\/p>","protected":false},"featured_media":2701,"template":"","meta":{"_kad_post_transparent":"default","_kad_post_title":"","_kad_post_layout":"default","_kad_post_sidebar_id":"","_kad_post_content_style":"default","_kad_post_vertical_padding":"default","_kad_post_feature":"","_kad_post_feature_position":"","_kad_post_header":false,"_kad_post_footer":false},"product_brand":[],"product_cat":[91,93],"product_tag":[122,258,142],"class_list":{"0":"post-1669","1":"product","2":"type-product","3":"status-publish","4":"has-post-thumbnail","6":"product_cat-charging-cabinets","7":"product_cat-30-outputs","8":"product_tag-charging-cabinet","9":"product_tag-multi-device-charging-cabinet","10":"product_tag-secure-charging-cabinet","12":"first","13":"instock","14":"shipping-taxable","15":"product-type-simple","16":"entry","17":"content-bg","18":"loop-entry"},"_links":{"self":[{"href":"https:\/\/24smartcharge.com\/de\/wp-json\/wp\/v2\/product\/1669","targetHints":{"allow":["GET"]}}],"collection":[{"href":"https:\/\/24smartcharge.com\/de\/wp-json\/wp\/v2\/product"}],"about":[{"href":"https:\/\/24smartcharge.com\/de\/wp-json\/wp\/v2\/types\/product"}],"wp:featuredmedia":[{"embeddable":true,"href":"https:\/\/24smartcharge.com\/de\/wp-json\/wp\/v2\/media\/2701"}],"wp:attachment":[{"href":"https:\/\/24smartcharge.com\/de\/wp-json\/wp\/v2\/media?parent=1669"}],"wp:term":[{"taxonomy":"product_brand","embeddable":true,"href":"https:\/\/24smartcharge.com\/de\/wp-json\/wp\/v2\/product_brand?post=1669"},{"taxonomy":"product_cat","embeddable":true,"href":"https:\/\/24smartcharge.com\/de\/wp-json\/wp\/v2\/product_cat?post=1669"},{"taxonomy":"product_tag","embeddable":true,"href":"https:\/\/24smartcharge.com\/de\/wp-json\/wp\/v2\/product_tag?post=1669"}],"curies":[{"name":"wp","href":"https:\/\/api.w.org\/{rel}","templated":true}]}}