{"id":1662,"date":"2025-08-08T03:30:54","date_gmt":"2025-08-08T03:30:54","guid":{"rendered":"https:\/\/24smartcharge.com\/?post_type=product&#038;p=1662"},"modified":"2025-08-15T10:27:34","modified_gmt":"2025-08-15T10:27:34","slug":"secure-multi-device-usb-c-charging-cabinet-for-tablets","status":"publish","type":"product","link":"https:\/\/24smartcharge.com\/de\/secure-multi-device-usb-c-charging-cabinet-for-tablets\/","title":{"rendered":"Sichere USB-C-Ladestation f\u00fcr Tablets mit mehreren Ger\u00e4ten"},"content":{"rendered":"<h2 id=\"-optimized-for-tablet-and-ipad-charging-\"><strong>Optimiert f\u00fcr das Aufladen von Tablet und iPad<\/strong><\/h2>\n<p>Diese Ladestation ist so konzipiert, dass sie bis zu\u00a0<strong>10 USB-C-betriebene Tablets oder iPads<\/strong>, mit oder ohne Schutzh\u00fclle. Ganz gleich, ob Sie Ger\u00e4te in Klassenzimmern, Tablets von Mitarbeitern oder Krankenhausger\u00e4te verwalten, es stellt sicher, dass jedes Ger\u00e4t gleichm\u00e4\u00dfig mit Strom versorgt wird und gleichzeitig organisiert und leicht zug\u00e4nglich bleibt.<\/p>\n<p>Das USB-C-Ladesystem bietet im Vergleich zu \u00e4lteren Ladetechnologien eine schnellere und effizientere Stromversorgung und sorgt daf\u00fcr, dass Ger\u00e4te bei Bedarf sofort einsatzbereit sind. Das intelligente Kabelmanagement des Geh\u00e4uses sorgt daf\u00fcr, dass sich die Kabel nicht verheddern und ordentlich an ihrem Platz bleiben.<\/p>\n<h2 id=\"-compact-and-space-saving-design-\"><strong>Kompaktes und platzsparendes Design<\/strong><\/h2>\n<p>Einer der herausragenden Vorteile dieses Ladeschranks ist seine\u00a0<strong>kleine Grundfl\u00e4che<\/strong>. Sie kann an der Wand montiert oder auf einer Arbeitsplatte platziert werden und verwandelt selbst die kleinsten R\u00e4ume in sichere Ladestationen. Diese Anpassungsf\u00e4higkeit macht sie perfekt f\u00fcr Umgebungen, in denen der Platz auf dem Boden sehr knapp ist.<\/p>\n<p>Dank des leichten und dennoch robusten Designs f\u00fcgt sich der Schrank nahtlos in Klassenzimmer, B\u00fcros oder Arbeitspl\u00e4tze ein, ohne den Raum zu \u00fcberladen. Trotz seiner kompakten Gr\u00f6\u00dfe bietet er volle Ladekapazit\u00e4t f\u00fcr 10 Ger\u00e4te und ist damit die ideale Wahl f\u00fcr Standorte mit begrenztem Platzangebot.<\/p>\n<h2 id=\"-security-you-can-trust-\"><strong>Sicherheit, der Sie vertrauen k\u00f6nnen<\/strong><\/h2>\n<p>Wenn es um die Verwaltung von Ger\u00e4ten geht, hat Sicherheit oberste Priorit\u00e4t. Das Charging Cabinet ist ausgestattet mit\u00a0<strong>abschlie\u00dfbare Stahlt\u00fcren<\/strong>\u00a0und eine\u00a0<strong>Vorh\u00e4ngeschloss aus rostfreiem Stahl<\/strong>\u00a0um wertvolle Ger\u00e4te vor Diebstahl oder unbefugtem Zugriff zu sch\u00fctzen. Die langlebigen perforierten Stahlplatten bieten sowohl Bel\u00fcftung als auch Sichtbarkeit bei gleichzeitiger Stabilit\u00e4t und Sicherheit.<\/p>\n<p>Ganz gleich, ob er in einem belebten Schulflur oder in einem IT-Raum in einem Unternehmen aufgestellt wird, dieser Schrank stellt sicher, dass Ihre Investition stets gesch\u00fctzt ist. Das Schloss- und Schl\u00fcsselsystem sorgt f\u00fcr Sicherheit, w\u00e4hrend die robuste Konstruktion vor Manipulationen sch\u00fctzt.<\/p>\n<h2 id=\"-versatile-storage-with-baskets-and-racks-\"><strong>Vielseitige Aufbewahrung mit K\u00f6rben und Regalen<\/strong><\/h2>\n<p>Die Ladeschr\u00e4nke sind standardm\u00e4\u00dfig ausgestattet mit\u00a0<strong>zwei robuste Ger\u00e4tek\u00f6rbe<\/strong>So k\u00f6nnen Sie Gruppen von Tablets schnell an verschiedene Orte transportieren. Jeder Korb fasst mehrere Ger\u00e4te, was die Bereitstellung und Abholung schnell und einfach macht.<\/p>\n<p>F\u00fcr gr\u00f6\u00dfere Tablets oder dickere Schutzh\u00fcllen k\u00f6nnen die K\u00f6rbe entfernt werden, und die mitgelieferten\u00a0<strong>Kunststoffgestelle<\/strong>\u00a0kann stattdessen verwendet werden. Dank dieser einstellbaren Aufbewahrungsm\u00f6glichkeiten eignet sich der Schrank f\u00fcr eine Vielzahl von Ger\u00e4ten und Zubeh\u00f6r und bietet so Flexibilit\u00e4t f\u00fcr unterschiedliche Benutzeranforderungen.<\/p>\n<h2 id=\"-cable-management-made-simple-\"><strong>Kabelmanagement leicht gemacht<\/strong><\/h2>\n<p>Die Verwaltung mehrerer Ladekabel kann oft un\u00fcbersichtlich und zeitaufw\u00e4ndig werden. Dieser Ladeschrank l\u00f6st dieses Problem mit\u00a0<strong>integrierte Kabelmanagementfunktionen<\/strong>. Die Kabel werden sicher durch den Schrank gef\u00fchrt, so dass sie sich nicht verheddern und ordentlich an ihrem Platz bleiben.<\/p>\n<p>Das Design stellt au\u00dferdem sicher, dass jedes Ger\u00e4t \u00fcber ein eigenes Ladekabel verf\u00fcgt, wodurch die Abnutzung von Anschl\u00fcssen und Steckern verringert und die Langlebigkeit Ihrer Ger\u00e4te erh\u00f6ht wird.<\/p>\n<h2 id=\"-durable-and-long-lasting-construction-\"><strong>Robuste und langlebige Konstruktion<\/strong><\/h2>\n<p>Der aus hochwertigem Stahl gefertigte und mit robusten Komponenten verst\u00e4rkte Ladeschrank ist f\u00fcr eine lange Lebensdauer ausgelegt. Er ist so konzipiert, dass er der t\u00e4glichen Beanspruchung in stark frequentierten Umgebungen standh\u00e4lt und langfristig erschwinglich ist, da er den Bedarf an Reparaturen oder Ersatzteilbeschaffung minimiert.<\/p>\n<p>Der robuste Rahmen h\u00e4lt Biegungen und Besch\u00e4digungen stand, w\u00e4hrend die Pulverbeschichtung vor Kratzern sch\u00fctzt und daf\u00fcr sorgt, dass der Schrank sein professionelles Aussehen \u00fcber lange Zeit beibeh\u00e4lt.<\/p>\n<h2 id=\"-improved-workflow-and-efficiency-\"><strong>Verbesserter Workflow und Effizienz<\/strong><\/h2>\n<p>Durch das Organisieren, Sichern und Aufladen mehrerer Ger\u00e4te an einem zentralen Ort rationalisiert das Charging Cabinet die Ger\u00e4teverwaltung. Lehrer, IT-Mitarbeiter und Administratoren sparen Zeit, die sie sonst f\u00fcr die Suche nach Ladeger\u00e4ten, das Entwirren von Kabeln oder das Ersetzen verlorener Ger\u00e4te aufwenden m\u00fcssten.<\/p>\n<p>Die K\u00f6rbe erleichtern das Verteilen und Einsammeln der Ger\u00e4te, w\u00e4hrend das kompakte Design den Ladevorgang zentralisiert und zug\u00e4nglich h\u00e4lt.<\/p>\n<h2 id=\"-ventilation-for-device-safety-\"><strong>Bel\u00fcftung f\u00fcr die Ger\u00e4tesicherheit<\/strong><\/h2>\n<p>\u00dcberhitzung kann ein gro\u00dfes Problem sein, wenn mehrere Ger\u00e4te auf engem Raum geladen werden. Der Ladeschrank\u00a0<strong>bel\u00fcftete Platten<\/strong>\u00a0erm\u00f6glichen einen optimalen Luftstrom und tragen dazu bei, dass die Ger\u00e4te beim Laden k\u00fchl bleiben. Dieses Design reduziert das Risiko von Hitzesch\u00e4den und stellt sicher, dass die Ladeleistung nicht beeintr\u00e4chtigt wird.<\/p>\n<h2 id=\"-ideal-for-multiple-environments-\"><strong>Ideal f\u00fcr verschiedene Umgebungen<\/strong><\/h2>\n<p>Die Vielseitigkeit des Secure Multi-Device USB-C Charging Cabinet f\u00fcr Tablets macht es f\u00fcr eine Vielzahl von Umgebungen geeignet:<\/p>\n<ul>\n<li><strong>Bildung:<\/strong>\u00a0Perfekt f\u00fcr Schulen und Universit\u00e4ten, die Tablets in Klassenzimmern verwalten und eine schnelle Verteilung der Ger\u00e4te und eine sichere Aufbewahrung zwischen den Klassen erm\u00f6glichen.<\/li>\n<li><strong>Firmensitze:<\/strong>\u00a0Stellt sicher, dass die Arbeitsger\u00e4te f\u00fcr Besprechungen, Pr\u00e4sentationen oder die Nutzung durch Mitarbeiter organisiert und aufgeladen sind.<\/li>\n<li><strong>Gesundheitswesen:<\/strong>\u00a0Speichert und l\u00e4dt Tablets auf, die f\u00fcr die Anmeldung von Patienten, medizinische Aufzeichnungen oder die Pflege am Krankenbett verwendet werden.<\/li>\n<li><strong>Gastfreundschaft:<\/strong>\u00a0Ideal f\u00fcr Konferenzzentren, Hotels oder Veranstaltungsorte, die G\u00e4ste-Tablets oder digitale Speisekarten anbieten.<\/li>\n<li><strong>Einzelhandel:<\/strong>\u00a0H\u00e4lt Kassentabletts aufgeladen und einsatzbereit f\u00fcr die Gesch\u00e4ftszeiten.<\/li>\n<\/ul>\n<h2 id=\"-long-term-affordability-\"><strong>Langfristige Erschwinglichkeit<\/strong><\/h2>\n<p>Dieser Ladeschrank bietet ein hervorragendes Preis-Leistungs-Verh\u00e4ltnis, da er eine hochwertige Konstruktion mit langfristiger Nutzbarkeit verbindet. Seine robuste Bauweise minimiert die Reparaturkosten, w\u00e4hrend die mitgelieferten K\u00f6rbe und Ablagen f\u00fcr Anpassungsf\u00e4higkeit sorgen, ohne dass zus\u00e4tzliche Anschaffungen erforderlich sind. Durch die Zentralisierung von Lade- und Aufbewahrungsvorg\u00e4ngen wird das Risiko des Verlusts oder der Besch\u00e4digung von Ger\u00e4ten verringert, was auf lange Sicht Geld spart.<\/p>\n<h2 id=\"-easy-installation-and-setup-\"><strong>Einfache Installation und Einrichtung<\/strong><\/h2>\n<p>Das Charging Cabinet ist f\u00fcr eine problemlose Installation konzipiert. Ob an der Wand montiert oder auf einer Theke aufgestellt, die Einrichtung ist unkompliziert und der Schrank ist sofort einsatzbereit. Vorgebohrte Montagel\u00f6cher und sichere Halterungen sorgen f\u00fcr Stabilit\u00e4t, und das Kabelmanagementsystem ist einfach zu konfigurieren.<\/p>\n<h2 id=\"-warranty-and-support-\"><strong>Garantie und Support<\/strong><\/h2>\n<p>Unterst\u00fctzt von einer\u00a0<strong>solide Garantie<\/strong>\u00a0und von einem engagierten Kundendienstteam unterst\u00fctzt wird, stellt der Ladeschrank sicher, dass Ihre Investition gesch\u00fctzt ist. Sollten irgendwelche Probleme auftreten, sind professionelle Hilfe und Ersatzteile jederzeit verf\u00fcgbar.<\/p>\n<h2 id=\"-key-features-at-a-glance-\"><strong>Die wichtigsten Merkmale auf einen Blick<\/strong><\/h2>\n<ul>\n<li><strong>Kapazit\u00e4t:<\/strong>\u00a0L\u00e4dt bis zu 10 USB-C Tablets oder iPads, mit oder ohne Geh\u00e4use<\/li>\n<li><strong>Sicherheit:<\/strong>\u00a0Abschlie\u00dfbare Stahlt\u00fcren mit Vorh\u00e4ngeschloss aus Edelstahl<\/li>\n<li><strong>Speicheroptionen:<\/strong>\u00a0Inklusive 2 herausnehmbaren K\u00f6rben und Kunststoffgestellen<\/li>\n<li><strong>Kabelmanagement:<\/strong>\u00a0Integriertes System h\u00e4lt Kabel organisiert und sicher<\/li>\n<li><strong>Entwurf:<\/strong>\u00a0Kompakt, an der Wand oder auf der Arbeitsplatte zu montieren<\/li>\n<li><strong>Bel\u00fcftung:<\/strong>\u00a0Perforierte Platten f\u00fcr Luftstrom und K\u00fchlung<\/li>\n<li><strong>Langlebigkeit:<\/strong>\u00a0Stahlkonstruktion mit kratzfester Oberfl\u00e4che<\/li>\n<li><strong>Unterst\u00fctzung:<\/strong>\u00a0Zuverl\u00e4ssige Garantie und Kundendienst<\/li>\n<\/ul>\n<h2 id=\"-why-choose-the-secure-multi-device-usb-c-charging-cabinet-for-tablets-\"><strong>Warum die sichere USB-C-Ladestation f\u00fcr Tablets mit mehreren Ger\u00e4ten w\u00e4hlen?<\/strong><\/h2>\n<p>In einer Welt, in der Tablets unverzichtbare Werkzeuge zum Lernen, Arbeiten und f\u00fcr den Kundenservice sind, ist es wichtig, dass sie aufgeladen, organisiert und gesch\u00fctzt sind. Dieser Ladeschrank bietet alles in einem - Sicherheit, effizientes Aufladen und flexible Aufbewahrung - und ben\u00f6tigt dabei nur wenig Platz.<\/p>\n<p>Sein durchdachtes Design und seine robuste Bauweise machen ihn zu einer intelligenten Wahl f\u00fcr jede Umgebung, in der Technologie Teil des t\u00e4glichen Arbeitsablaufs ist. Mit seiner Kombination aus robuster Sicherheit, einfachem Ger\u00e4tezugriff und zuverl\u00e4ssiger Ladeleistung sorgt er daf\u00fcr, dass Ihre Ger\u00e4te immer bereit sind, wenn Sie sie brauchen.<\/p>","protected":false},"excerpt":{"rendered":"<p>Das Secure Multi-Device USB-C Charging Cabinet f\u00fcr Tablets bietet sicheres, effizientes Laden f\u00fcr bis zu 10 USB-C-Tablets oder iPads, mit oder ohne H\u00fclle. Mit abschlie\u00dfbaren Stahlt\u00fcren, herausnehmbaren K\u00f6rben und einem kompakten Design ist dieser Ladeschrank perfekt f\u00fcr eine organisierte, sichere und platzsparende Ger\u00e4teverwaltung.<\/p>","protected":false},"featured_media":2524,"template":"","meta":{"_kad_post_transparent":"default","_kad_post_title":"","_kad_post_layout":"default","_kad_post_sidebar_id":"","_kad_post_content_style":"default","_kad_post_vertical_padding":"default","_kad_post_feature":"","_kad_post_feature_position":"","_kad_post_header":false,"_kad_post_footer":false},"product_brand":[],"product_cat":[91],"product_tag":[122,257,256],"class_list":{"0":"post-1662","1":"product","2":"type-product","3":"status-publish","4":"has-post-thumbnail","6":"product_cat-charging-cabinets","7":"product_tag-charging-cabinet","8":"product_tag-secure-device-charging","9":"product_tag-usb-c-tablet-storage","11":"first","12":"instock","13":"shipping-taxable","14":"product-type-simple","15":"entry","16":"content-bg","17":"loop-entry"},"_links":{"self":[{"href":"https:\/\/24smartcharge.com\/de\/wp-json\/wp\/v2\/product\/1662","targetHints":{"allow":["GET"]}}],"collection":[{"href":"https:\/\/24smartcharge.com\/de\/wp-json\/wp\/v2\/product"}],"about":[{"href":"https:\/\/24smartcharge.com\/de\/wp-json\/wp\/v2\/types\/product"}],"wp:featuredmedia":[{"embeddable":true,"href":"https:\/\/24smartcharge.com\/de\/wp-json\/wp\/v2\/media\/2524"}],"wp:attachment":[{"href":"https:\/\/24smartcharge.com\/de\/wp-json\/wp\/v2\/media?parent=1662"}],"wp:term":[{"taxonomy":"product_brand","embeddable":true,"href":"https:\/\/24smartcharge.com\/de\/wp-json\/wp\/v2\/product_brand?post=1662"},{"taxonomy":"product_cat","embeddable":true,"href":"https:\/\/24smartcharge.com\/de\/wp-json\/wp\/v2\/product_cat?post=1662"},{"taxonomy":"product_tag","embeddable":true,"href":"https:\/\/24smartcharge.com\/de\/wp-json\/wp\/v2\/product_tag?post=1662"}],"curies":[{"name":"wp","href":"https:\/\/api.w.org\/{rel}","templated":true}]}}